{"id":106,"date":"2012-06-25T10:39:13","date_gmt":"2012-06-25T10:39:13","guid":{"rendered":"https:\/\/www.terravision.eu\/travel-london"},"modified":"2018-11-08T09:32:23","modified_gmt":"2018-11-08T09:32:23","slug":"voyage_londres","status":"publish","type":"page","link":"https:\/\/www.terravision.eu\/francese\/voyage_londres.html","title":{"rendered":"Guide de Londres"},"content":{"rendered":"<div id=\"article-single\">\nId\u00e9ale tant pour des vacances que pour un voyage d\u2019affaires, Londres est l\u2019une des destinations les plus visit\u00e9es au monde :<br \/>\n&#8211; Centre mondial des affaires, second apr\u00e8s New York City<br \/>\n&#8211; Capitale culturelle, r\u00e9put\u00e9e pour son art, son syst\u00e8me \u00e9ducatif, ses divertissements, la mode\u2026<br \/>\n&#8211; Parmi les villes les plus multiculturelles au monde, avec plus de 300 langues parl\u00e9es dans la ville<br \/>\n&#8211; D\u00e9clar\u00e9 Patrimoine Mondial de l\u2019UNESCO pour ses sites historiques y inclus la Tour de Londres, les Keys Gardens, le Palais de Westminster et Greenwich<\/p>\n<p><strong>Les attractions principales de Londres<\/strong><br \/>\n&#8211; Le palais de Westiminster<br \/>\n&#8211; Big Ben<br \/>\n&#8211; Le Parlement<br \/>\n&#8211; Buckingham palace<br \/>\n&#8211; Le London Eye (Grande Roue)<br \/>\n&#8211; Trafalgar Square<br \/>\n&#8211; Picadilly Circus<br \/>\n&#8211; Oxford Circus<br \/>\n&#8211; Soho District<br \/>\n&#8211; Les c\u00e9l\u00e8bres march\u00e9s de Camden Town and Camdem Market<br \/>\n&#8211; Carnarby et Regent Street pour les accros de shopping<\/p>\n<p><strong>Les Mus\u00e9es les plus connus de Londres<\/strong><br \/>\n&#8211; British Museum<br \/>\n&#8211; National Gallery<br \/>\n&#8211; Tate Modern<br \/>\n&#8211; ritish Library<\/p>\n<p><strong>Info insolite<\/strong><br \/>\nLe Metro de Londres est en fait le plus vieux metro souterrain du monde!<\/p>\n<\/div>\n","protected":false},"excerpt":{"rendered":"<p>Id\u00e9ale tant pour des vacances que pour un voyage d\u2019affaires, Londres est l\u2019une des destinations les plus visit\u00e9es au monde : &#8211; Centre mondial des affaires, second apr\u00e8s New York City &#8211; Capitale culturelle, r\u00e9put\u00e9e pour son art, son syst\u00e8me \u00e9ducatif, ses divertissements, la mode\u2026 &#8211; Parmi les villes les plus multiculturelles au monde, avec [&hellip;]<\/p>\n","protected":false},"author":1,"featured_media":0,"parent":0,"menu_order":0,"comment_status":"open","ping_status":"open","template":"","meta":{"footnotes":""},"class_list":["post-106","page","type-page","status-publish","hentry"],"yoast_head":"<!-- This site is optimized with the Yoast SEO Premium plugin v24.4 (Yoast SEO v24.4) - https:\/\/yoast.com\/wordpress\/plugins\/seo\/ -->\n<title>Guide de Londres | Terravision<\/title>\n<meta name=\"description\" content=\"Guide de Londres. Guide touristique de Londres avec liste de mus\u00e9es, conseils de voyage et principales attractions de Londres.\" \/>\n<meta name=\"robots\" content=\"index, follow, max-snippet:-1, max-image-preview:large, max-video-preview:-1\" \/>\n<link rel=\"canonical\" href=\"https:\/\/www.terravision.eu\/francese\/voyage_londres.html\" \/>\n<meta property=\"og:locale\" content=\"fr_FR\" \/>\n<meta property=\"og:type\" content=\"article\" \/>\n<meta property=\"og:title\" content=\"Guide de Londres\" \/>\n<meta property=\"og:description\" content=\"Guide de Londres. Guide touristique de Londres avec liste de mus\u00e9es, conseils de voyage et principales attractions de Londres.\" \/>\n<meta property=\"og:url\" content=\"https:\/\/www.terravision.eu\/francese\/voyage_londres.html\" \/>\n<meta property=\"og:site_name\" content=\"Terravision France\" \/>\n<meta property=\"article:modified_time\" content=\"2018-11-08T09:32:23+00:00\" \/>\n<meta name=\"twitter:label1\" content=\"Dur\u00e9e de lecture estim\u00e9e\" \/>\n\t<meta name=\"twitter:data1\" content=\"1 minute\" \/>\n<script type=\"application\/ld+json\" class=\"yoast-schema-graph\">{\"@context\":\"https:\/\/schema.org\",\"@graph\":[{\"@type\":\"WebPage\",\"@id\":\"https:\/\/www.terravision.eu\/francese\/voyage_londres.html\",\"url\":\"https:\/\/www.terravision.eu\/francese\/voyage_londres.html\",\"name\":\"Guide de Londres | Terravision\",\"isPartOf\":{\"@id\":\"https:\/\/www.terravision.eu\/francese\/#website\"},\"datePublished\":\"2012-06-25T10:39:13+00:00\",\"dateModified\":\"2018-11-08T09:32:23+00:00\",\"description\":\"Guide de Londres. Guide touristique de Londres avec liste de mus\u00e9es, conseils de voyage et principales attractions de Londres.\",\"breadcrumb\":{\"@id\":\"https:\/\/www.terravision.eu\/francese\/voyage_londres.html#breadcrumb\"},\"inLanguage\":\"fr-FR\",\"potentialAction\":[{\"@type\":\"ReadAction\",\"target\":[\"https:\/\/www.terravision.eu\/francese\/voyage_londres.html\"]}]},{\"@type\":\"BreadcrumbList\",\"@id\":\"https:\/\/www.terravision.eu\/francese\/voyage_londres.html#breadcrumb\",\"itemListElement\":[{\"@type\":\"ListItem\",\"position\":1,\"name\":\"Home\",\"item\":\"https:\/\/www.terravision.eu\/francese\/\"},{\"@type\":\"ListItem\",\"position\":2,\"name\":\"Guide de Londres\"}]},{\"@type\":\"WebSite\",\"@id\":\"https:\/\/www.terravision.eu\/francese\/#website\",\"url\":\"https:\/\/www.terravision.eu\/francese\/\",\"name\":\"Terravision France\",\"description\":\"Liaisons low-cost vers\/depuis les grands a\u00e9roports europ\u00e9ens\",\"potentialAction\":[{\"@type\":\"SearchAction\",\"target\":{\"@type\":\"EntryPoint\",\"urlTemplate\":\"https:\/\/www.terravision.eu\/francese\/?s={search_term_string}\"},\"query-input\":{\"@type\":\"PropertyValueSpecification\",\"valueRequired\":true,\"valueName\":\"search_term_string\"}}],\"inLanguage\":\"fr-FR\"}]}<\/script>\n<!-- \/ Yoast SEO Premium plugin. -->","yoast_head_json":{"title":"Guide de Londres | Terravision","description":"Guide de Londres. Guide touristique de Londres avec liste de mus\u00e9es, conseils de voyage et principales attractions de Londres.","robots":{"index":"index","follow":"follow","max-snippet":"max-snippet:-1","max-image-preview":"max-image-preview:large","max-video-preview":"max-video-preview:-1"},"canonical":"https:\/\/www.terravision.eu\/francese\/voyage_londres.html","og_locale":"fr_FR","og_type":"article","og_title":"Guide de Londres","og_description":"Guide de Londres. Guide touristique de Londres avec liste de mus\u00e9es, conseils de voyage et principales attractions de Londres.","og_url":"https:\/\/www.terravision.eu\/francese\/voyage_londres.html","og_site_name":"Terravision France","article_modified_time":"2018-11-08T09:32:23+00:00","twitter_misc":{"Dur\u00e9e de lecture estim\u00e9e":"1 minute"},"schema":{"@context":"https:\/\/schema.org","@graph":[{"@type":"WebPage","@id":"https:\/\/www.terravision.eu\/francese\/voyage_londres.html","url":"https:\/\/www.terravision.eu\/francese\/voyage_londres.html","name":"Guide de Londres | Terravision","isPartOf":{"@id":"https:\/\/www.terravision.eu\/francese\/#website"},"datePublished":"2012-06-25T10:39:13+00:00","dateModified":"2018-11-08T09:32:23+00:00","description":"Guide de Londres. Guide touristique de Londres avec liste de mus\u00e9es, conseils de voyage et principales attractions de Londres.","breadcrumb":{"@id":"https:\/\/www.terravision.eu\/francese\/voyage_londres.html#breadcrumb"},"inLanguage":"fr-FR","potentialAction":[{"@type":"ReadAction","target":["https:\/\/www.terravision.eu\/francese\/voyage_londres.html"]}]},{"@type":"BreadcrumbList","@id":"https:\/\/www.terravision.eu\/francese\/voyage_londres.html#breadcrumb","itemListElement":[{"@type":"ListItem","position":1,"name":"Home","item":"https:\/\/www.terravision.eu\/francese\/"},{"@type":"ListItem","position":2,"name":"Guide de Londres"}]},{"@type":"WebSite","@id":"https:\/\/www.terravision.eu\/francese\/#website","url":"https:\/\/www.terravision.eu\/francese\/","name":"Terravision France","description":"Liaisons low-cost vers\/depuis les grands a\u00e9roports europ\u00e9ens","potentialAction":[{"@type":"SearchAction","target":{"@type":"EntryPoint","urlTemplate":"https:\/\/www.terravision.eu\/francese\/?s={search_term_string}"},"query-input":{"@type":"PropertyValueSpecification","valueRequired":true,"valueName":"search_term_string"}}],"inLanguage":"fr-FR"}]}},"_links":{"self":[{"href":"https:\/\/www.terravision.eu\/francese\/wp-json\/wp\/v2\/pages\/106","targetHints":{"allow":["GET"]}}],"collection":[{"href":"https:\/\/www.terravision.eu\/francese\/wp-json\/wp\/v2\/pages"}],"about":[{"href":"https:\/\/www.terravision.eu\/francese\/wp-json\/wp\/v2\/types\/page"}],"author":[{"embeddable":true,"href":"https:\/\/www.terravision.eu\/francese\/wp-json\/wp\/v2\/users\/1"}],"replies":[{"embeddable":true,"href":"https:\/\/www.terravision.eu\/francese\/wp-json\/wp\/v2\/comments?post=106"}],"version-history":[{"count":1,"href":"https:\/\/www.terravision.eu\/francese\/wp-json\/wp\/v2\/pages\/106\/revisions"}],"predecessor-version":[{"id":12686,"href":"https:\/\/www.terravision.eu\/francese\/wp-json\/wp\/v2\/pages\/106\/revisions\/12686"}],"wp:attachment":[{"href":"https:\/\/www.terravision.eu\/francese\/wp-json\/wp\/v2\/media?parent=106"}],"curies":[{"name":"wp","href":"https:\/\/api.w.org\/{rel}","templated":true}]}}