{"id":12430,"date":"2017-11-17T09:21:06","date_gmt":"2017-11-17T09:21:06","guid":{"rendered":"https:\/\/www.terravision.eu\/francese\/?page_id=12430"},"modified":"2025-04-24T12:51:29","modified_gmt":"2025-04-24T12:51:29","slug":"about-2","status":"publish","type":"page","link":"https:\/\/www.terravision.eu\/francese\/about-2.html","title":{"rendered":"\u00c0 propos de nous &#8211; Transfert Terravision"},"content":{"rendered":"<div class=\"bg-tertiary p-trv-1\">\n<div class=\"container\">\n<div class=\"row pb-60\" style=\"height: 100%;\">\n<div class=\"col align-self-center pr-0 pl-m-0\">\n<div class=\"overflow-hidden\">\n<div class=\"separator-trv-n z-index-1 p-relative mb-10\"><\/div>\n<div class=\"d-flex\" style=\"gap: 23px; margin-bottom: 30px;\">\n<h3 class=\"h3-Barlow-36pt-3\" style=\"margin-bottom: 0;\">\u00c0 propos de nous &#8211; Transfert Terravision<\/h3>\n<\/div>\n<p class=\"text-standard\">Depuis 2002, <strong>Terravision Transfer<\/strong> est un leader de l&#8217;industrie du voyage en Europe. Avec <strong>plus de 70 millions de passagers<\/strong> transport\u00e9s, plus de <strong>50 services<\/strong> couvrant <strong>15 pays europ\u00e9ens<\/strong> et un site web disponible dans plus de 5 langues, Terravision est depuis des ann\u00e9es un point de r\u00e9f\u00e9rence fiable pour les voyageurs des principales compagnies a\u00e9riennes europ\u00e9ennes.<\/p>\n<p class=\"text-standard\">Outre les transferts a\u00e9roportuaires, nous sommes \u00e9galement actifs dans le secteur du tourisme en proposant des solutions de stationnement a\u00e9roportuaire <strong>\u00e0 des prix comp\u00e9titifs<\/strong>.<\/p>\n<p class=\"text-standard\">Notre objectif est d&#8217;offrir des services de transfert <strong>confortables et pratiques au juste prix<\/strong>, avec une pr\u00e9sence \u00e9tendue dans toute l&#8217;Europe.<\/p>\n<\/div>\n<\/div>\n<p>&nbsp;<\/p>\n<\/div>\n<div class=\"row gap-30 grid-3-1\">\n<div class=\"p-0 border-radius double-card p-relative\">\n<div class=\"row\" style=\"height: 100%;\">\n<div class=\"col align-self-end pl-30 pr-0 pl-m-0\">\n<div class=\"overflow-hidden\">\n<div class=\"d-flex justify-content-center align-items-center\" style=\"gap: 23px; margin-bottom: 30px; text-align: center;\">\n<h3 class=\"h3-Barlow-36pt-3 card-trv-3\" style=\"margin-bottom: 0;\">15<\/h3>\n<\/div>\n<h4 class=\"h5-Barlow-22pt-5\" style=\"text-align: center;\">Pays europ\u00e9ens desservis<\/h4>\n<\/div>\n<\/div>\n<\/div>\n<\/div>\n<div class=\"p-0 border-radius double-card p-relative\">\n<div class=\"row\" style=\"height: 100%;\">\n<div class=\"col align-self-center pl-30 pr-0 pl-m-0\">\n<div class=\"overflow-hidden\">\n<div class=\"d-flex justify-content-center align-items-center\" style=\"gap: 23px; margin-bottom: 30px; text-align: center;\">\n<h3 class=\"h3-Barlow-36pt-3 card-trv-3\" style=\"margin-bottom: 0;\">50+<\/h3>\n<\/div>\n<h4 class=\"h5-Barlow-22pt-5\" style=\"text-align: center;\">Services fournis<\/h4>\n<\/div>\n<\/div>\n<\/div>\n<\/div>\n<div class=\"p-0 border-radius double-card p-relative\">\n<div class=\"row\" style=\"height: 100%;\">\n<div class=\"col align-self-center pl-30 pr-0 pl-m-0\">\n<div class=\"overflow-hidden\">\n<div class=\"d-flex justify-content-center align-items-center\" style=\"gap: 23px; margin-bottom: 30px; text-align: center;\">\n<h3 class=\"h3-Barlow-36pt-3 card-trv-3\" style=\"margin-bottom: 0;\">70 Millions<\/h3>\n<\/div>\n<h4 class=\"h5-Barlow-22pt-5\" style=\"text-align: center;\">Passagers transport\u00e9s<\/h4>\n<\/div>\n<\/div>\n<\/div>\n<\/div>\n<\/div>\n<\/div>\n<\/div>\n","protected":false},"excerpt":{"rendered":"<p>\u00c0 propos de nous &#8211; Transfert Terravision Depuis 2002, Terravision Transfer est un leader de l&#8217;industrie du voyage en Europe. Avec plus de 70 millions de passagers transport\u00e9s, plus de 50 services couvrant 15 pays europ\u00e9ens et un site web disponible dans plus de 5 langues, Terravision est depuis des ann\u00e9es un point de r\u00e9f\u00e9rence [&hellip;]<\/p>\n","protected":false},"author":135,"featured_media":0,"parent":0,"menu_order":0,"comment_status":"open","ping_status":"closed","template":"page-about.php","meta":{"footnotes":""},"class_list":["post-12430","page","type-page","status-publish","hentry"],"yoast_head":"<!-- This site is optimized with the Yoast SEO Premium plugin v24.4 (Yoast SEO v24.4) - https:\/\/yoast.com\/wordpress\/plugins\/seo\/ -->\n<title>\u00c0 propos de nous - Transfert Terravision | Terravision France<\/title>\n<meta name=\"robots\" content=\"index, follow, max-snippet:-1, max-image-preview:large, max-video-preview:-1\" \/>\n<link rel=\"canonical\" href=\"https:\/\/www.terravision.eu\/francese\/about-2.html\" \/>\n<meta property=\"og:locale\" content=\"fr_FR\" \/>\n<meta property=\"og:type\" content=\"article\" \/>\n<meta property=\"og:title\" content=\"\u00c0 propos de nous - Transfert Terravision\" \/>\n<meta property=\"og:description\" content=\"\u00c0 propos de nous &#8211; Transfert Terravision Depuis 2002, Terravision Transfer est un leader de l&#8217;industrie du voyage en Europe. Avec plus de 70 millions de passagers transport\u00e9s, plus de 50 services couvrant 15 pays europ\u00e9ens et un site web disponible dans plus de 5 langues, Terravision est depuis des ann\u00e9es un point de r\u00e9f\u00e9rence [&hellip;]\" \/>\n<meta property=\"og:url\" content=\"https:\/\/www.terravision.eu\/francese\/about-2.html\" \/>\n<meta property=\"og:site_name\" content=\"Terravision France\" \/>\n<meta property=\"article:modified_time\" content=\"2025-04-24T12:51:29+00:00\" \/>\n<meta name=\"twitter:label1\" content=\"Dur\u00e9e de lecture estim\u00e9e\" \/>\n\t<meta name=\"twitter:data1\" content=\"1 minute\" \/>\n<script type=\"application\/ld+json\" class=\"yoast-schema-graph\">{\"@context\":\"https:\/\/schema.org\",\"@graph\":[{\"@type\":\"WebPage\",\"@id\":\"https:\/\/www.terravision.eu\/francese\/about-2.html\",\"url\":\"https:\/\/www.terravision.eu\/francese\/about-2.html\",\"name\":\"\u00c0 propos de nous - Transfert Terravision | Terravision France\",\"isPartOf\":{\"@id\":\"https:\/\/www.terravision.eu\/francese\/#website\"},\"datePublished\":\"2017-11-17T09:21:06+00:00\",\"dateModified\":\"2025-04-24T12:51:29+00:00\",\"breadcrumb\":{\"@id\":\"https:\/\/www.terravision.eu\/francese\/about-2.html#breadcrumb\"},\"inLanguage\":\"fr-FR\",\"potentialAction\":[{\"@type\":\"ReadAction\",\"target\":[\"https:\/\/www.terravision.eu\/francese\/about-2.html\"]}]},{\"@type\":\"BreadcrumbList\",\"@id\":\"https:\/\/www.terravision.eu\/francese\/about-2.html#breadcrumb\",\"itemListElement\":[{\"@type\":\"ListItem\",\"position\":1,\"name\":\"Home\",\"item\":\"https:\/\/www.terravision.eu\/francese\/\"},{\"@type\":\"ListItem\",\"position\":2,\"name\":\"\u00c0 propos de nous &#8211; Transfert Terravision\"}]},{\"@type\":\"WebSite\",\"@id\":\"https:\/\/www.terravision.eu\/francese\/#website\",\"url\":\"https:\/\/www.terravision.eu\/francese\/\",\"name\":\"Terravision France\",\"description\":\"Liaisons low-cost vers\/depuis les grands a\u00e9roports europ\u00e9ens\",\"potentialAction\":[{\"@type\":\"SearchAction\",\"target\":{\"@type\":\"EntryPoint\",\"urlTemplate\":\"https:\/\/www.terravision.eu\/francese\/?s={search_term_string}\"},\"query-input\":{\"@type\":\"PropertyValueSpecification\",\"valueRequired\":true,\"valueName\":\"search_term_string\"}}],\"inLanguage\":\"fr-FR\"}]}<\/script>\n<!-- \/ Yoast SEO Premium plugin. -->","yoast_head_json":{"title":"\u00c0 propos de nous - Transfert Terravision | Terravision France","robots":{"index":"index","follow":"follow","max-snippet":"max-snippet:-1","max-image-preview":"max-image-preview:large","max-video-preview":"max-video-preview:-1"},"canonical":"https:\/\/www.terravision.eu\/francese\/about-2.html","og_locale":"fr_FR","og_type":"article","og_title":"\u00c0 propos de nous - Transfert Terravision","og_description":"\u00c0 propos de nous &#8211; Transfert Terravision Depuis 2002, Terravision Transfer est un leader de l&#8217;industrie du voyage en Europe. Avec plus de 70 millions de passagers transport\u00e9s, plus de 50 services couvrant 15 pays europ\u00e9ens et un site web disponible dans plus de 5 langues, Terravision est depuis des ann\u00e9es un point de r\u00e9f\u00e9rence [&hellip;]","og_url":"https:\/\/www.terravision.eu\/francese\/about-2.html","og_site_name":"Terravision France","article_modified_time":"2025-04-24T12:51:29+00:00","twitter_misc":{"Dur\u00e9e de lecture estim\u00e9e":"1 minute"},"schema":{"@context":"https:\/\/schema.org","@graph":[{"@type":"WebPage","@id":"https:\/\/www.terravision.eu\/francese\/about-2.html","url":"https:\/\/www.terravision.eu\/francese\/about-2.html","name":"\u00c0 propos de nous - Transfert Terravision | Terravision France","isPartOf":{"@id":"https:\/\/www.terravision.eu\/francese\/#website"},"datePublished":"2017-11-17T09:21:06+00:00","dateModified":"2025-04-24T12:51:29+00:00","breadcrumb":{"@id":"https:\/\/www.terravision.eu\/francese\/about-2.html#breadcrumb"},"inLanguage":"fr-FR","potentialAction":[{"@type":"ReadAction","target":["https:\/\/www.terravision.eu\/francese\/about-2.html"]}]},{"@type":"BreadcrumbList","@id":"https:\/\/www.terravision.eu\/francese\/about-2.html#breadcrumb","itemListElement":[{"@type":"ListItem","position":1,"name":"Home","item":"https:\/\/www.terravision.eu\/francese\/"},{"@type":"ListItem","position":2,"name":"\u00c0 propos de nous &#8211; Transfert Terravision"}]},{"@type":"WebSite","@id":"https:\/\/www.terravision.eu\/francese\/#website","url":"https:\/\/www.terravision.eu\/francese\/","name":"Terravision France","description":"Liaisons low-cost vers\/depuis les grands a\u00e9roports europ\u00e9ens","potentialAction":[{"@type":"SearchAction","target":{"@type":"EntryPoint","urlTemplate":"https:\/\/www.terravision.eu\/francese\/?s={search_term_string}"},"query-input":{"@type":"PropertyValueSpecification","valueRequired":true,"valueName":"search_term_string"}}],"inLanguage":"fr-FR"}]}},"_links":{"self":[{"href":"https:\/\/www.terravision.eu\/francese\/wp-json\/wp\/v2\/pages\/12430","targetHints":{"allow":["GET"]}}],"collection":[{"href":"https:\/\/www.terravision.eu\/francese\/wp-json\/wp\/v2\/pages"}],"about":[{"href":"https:\/\/www.terravision.eu\/francese\/wp-json\/wp\/v2\/types\/page"}],"author":[{"embeddable":true,"href":"https:\/\/www.terravision.eu\/francese\/wp-json\/wp\/v2\/users\/135"}],"replies":[{"embeddable":true,"href":"https:\/\/www.terravision.eu\/francese\/wp-json\/wp\/v2\/comments?post=12430"}],"version-history":[{"count":14,"href":"https:\/\/www.terravision.eu\/francese\/wp-json\/wp\/v2\/pages\/12430\/revisions"}],"predecessor-version":[{"id":20436,"href":"https:\/\/www.terravision.eu\/francese\/wp-json\/wp\/v2\/pages\/12430\/revisions\/20436"}],"wp:attachment":[{"href":"https:\/\/www.terravision.eu\/francese\/wp-json\/wp\/v2\/media?parent=12430"}],"curies":[{"name":"wp","href":"https:\/\/api.w.org\/{rel}","templated":true}]}}