{"id":12755,"date":"2018-12-12T09:30:31","date_gmt":"2018-12-12T09:30:31","guid":{"rendered":"https:\/\/www.terravision.eu\/francese\/?page_id=12755"},"modified":"2018-12-12T09:30:31","modified_gmt":"2018-12-12T09:30:31","slug":"votre-transfert-porte-porte","status":"publish","type":"page","link":"https:\/\/www.terravision.eu\/francese\/votre-transfert-porte-porte.html","title":{"rendered":"Votre transfert porte-\u00e0-porte"},"content":{"rendered":"<ol>\n<li><a href=\"#Puis-je acheter les billets \u00e0 l'arr\u00eat de bus?\"><strong>Puis-je acheter les billets \u00e0 l&#8217;arr\u00eat de bus?<\/strong><\/li>\n<li><a href=\"#Combien d'heures avant dois-je acheter le billet en ligne?\"><strong>Combien d&#8217;heures avant dois-je acheter le billet en ligne?<\/strong><\/li>\n<li><a href=\"#O\u00f9 puis-je trouver les horaires du service et l'arr\u00eat de bus?\"><strong>O\u00f9 puis-je trouver les horaires du service et l&#8217;arr\u00eat de bus?<\/strong><\/li>\n<li><a href=\"#Est-il n\u00e9cessaire un co\u00fbt suppl\u00e9mentaire pour les bagages?\"><strong>Est-il n\u00e9cessaire un co\u00fbt suppl\u00e9mentaire pour les bagages?<\/strong><\/li>\n<li><a href=\"#Le bus attend les passagers s'ils arrivent en retard?\"><strong>Le bus attend les passagers s&#8217;ils arrivent en retard?<\/strong><\/li>\n<li><a href=\"#Est-il possible de modifier\/annuler le billet? Comment faire?\"><strong>Est-il possible de modifier\/annuler le billet? Comment faire?<\/strong><\/li>\n<\/ol>\n<p>&ensp;<br \/>\n&ensp;<br \/>\n&ensp;<br \/>\n&ensp;<\/p>\n<ol>\n<li><a id=\"Puis-je acheter les billets \u00e0 l'arr\u00eat de bus?\"><\/a><strong>Puis-je acheter les billets \u00e0 l&#8217;arr\u00eat de bus?<\/strong><\/li>\n<p>Non! Il s\u2019agit d\u2019un service de porte \u00e0 porte et il est n\u00e9cessaire de faire une r\u00e9servation en ligne en entrant tous les d\u00e9tails requis par le syst\u00e8me, afin que le personnel dispose \u00e0 l\u2019avance de tous les d\u00e9tails pour organiser votre transfert.<br \/>\n&ensp;\t<\/p>\n<li><a id=\"Combien d'heures avant dois-je acheter le billet en ligne?\"><\/a><strong>Combien d&#8217;heures avant dois-je acheter le billet en ligne?<\/strong><\/li>\n<p>Il s\u2019agit d\u2019un service de porte \u00e0 porte, donc enti\u00e8rement organis\u00e9 selon vos besoins, donc il est n\u00e9cessaire de r\u00e9server au moins 72 heures avant l&#8217;heure pr\u00e9vue pour le d\u00e9part.<br \/>\n&ensp;\t\t\t\t\t\t<\/p>\n<li><a id=\"O\u00f9 puis-je trouver les horaires du service et l'arr\u00eat de bus?\"><\/a><strong>O\u00f9 puis-je trouver les horaires du service et l&#8217;arr\u00eat de bus?<\/strong><\/li>\n<p>Il s\u2019agit d\u2019un service porte \u00e0 porte et tous les transferts sont organis\u00e9s en fonction des informations saisies au cours du processus d\u2019achat, c\u2019est-\u00e0-dire les heures de vol et les h\u00f4tels \/ lieux.<br \/>\nNous vous rappelons que, pour cette raison, il est n\u00e9cessaire de fixer le transfert de retour 48 heures \u00e0 l\u2019avance en suivant toutes les instructions sur votre billet Terravision.<br \/>\n&ensp;\t\t\t\t\t\t\t\t\t\t<\/p>\n<li><a id=\"Est-il n\u00e9cessaire un co\u00fbt suppl\u00e9mentaire pour les bagages?\"><\/a><strong>Est-il n\u00e9cessaire un co\u00fbt suppl\u00e9mentaire pour les bagages?<\/strong><\/li>\n<p>Non, toutefois, un seul bagage et un seul bagage \u00e0 main par personne sont autoris\u00e9s. D&#8217;autres articles tels que les poussettes, les planches de surf ou les v\u00e9los ne seront pas accept\u00e9s \u00e0 bord.<br \/>\n&ensp;\t\t\t\t\t<\/p>\n<li><a id=\"Le bus attend les passagers s'ils arrivent en retard?\"><\/a><strong>Le bus attend les passagers s&#8217;ils arrivent en retard?<\/strong><\/li>\n<p>\u00c7a d\u00e9pend du cas!<br \/>\nS&#8217;il s&#8217;agit d&#8217;un retard d\u00fb \u00e0 des raisons personnelles, le conducteur ne pourra pas attendre votre arriv\u00e9e car cela pourrait causer des inconv\u00e9nients aux autres passagers voyageant avec vous.<br \/>\nS&#8217;il s&#8217;agit d&#8217;un retard de vol, le personnel se chargera personnellement de r\u00e9server des places dans le prochain bus.<\/p>\n<p>Nous vous rappelons \u00e9galement que d\u00e8s l\u2019atterrissage, vous aurez une heure pour r\u00e9cup\u00e9rer vos bagages et vous rendre au desk mentionn\u00e9 sur le billet Terravision.<br \/>\n&ensp;\t<\/p>\n<li><a id=\"Est-il possible de modifier\/annuler le billet? Comment faire?\"><\/a><strong> Est-il possible de modifier\/annuler le billet? Comment faire?<\/strong><\/li>\n<p>Il s&#8217;agit d&#8217;un service d\u00e9di\u00e9 et tout est organis\u00e9 dans les moindres d\u00e9tails. Par cons\u00e9quent, en cas de modification du plan de voyage, vous devez contacter le Service Client\u00e8le en envoyant un courrier \u00e9lectronique \u00e0 customerservices@terravision.eu et en fournissant les d\u00e9tails \u00e0 modifier .<br \/>\n<strong>IMPORTANT!<\/strong> Tous les d\u00e9tails sur les billets ne peuvent pas \u00eatre modifi\u00e9s, ce sera donc \u00e0 la discr\u00e9tion du Service Client\u00e8le.\n<\/ol>\n","protected":false},"excerpt":{"rendered":"<p>Puis-je acheter les billets \u00e0 l&#8217;arr\u00eat de bus? Combien d&#8217;heures avant dois-je acheter le billet en ligne? O\u00f9 puis-je trouver les horaires du service et l&#8217;arr\u00eat de bus? Est-il n\u00e9cessaire un co\u00fbt suppl\u00e9mentaire pour les bagages? Le bus attend les passagers s&#8217;ils arrivent en retard? Est-il possible de modifier\/annuler le billet? Comment faire? &ensp; &ensp; [&hellip;]<\/p>\n","protected":false},"author":131,"featured_media":0,"parent":0,"menu_order":0,"comment_status":"closed","ping_status":"closed","template":"","meta":{"footnotes":""},"class_list":["post-12755","page","type-page","status-publish","hentry"],"yoast_head":"<!-- This site is optimized with the Yoast SEO Premium plugin v24.4 (Yoast SEO v24.4) - https:\/\/yoast.com\/wordpress\/plugins\/seo\/ -->\n<title>Votre transfert porte-\u00e0-porte | Terravision France<\/title>\n<meta name=\"robots\" content=\"index, follow, max-snippet:-1, max-image-preview:large, max-video-preview:-1\" \/>\n<link rel=\"canonical\" href=\"https:\/\/www.terravision.eu\/francese\/votre-transfert-porte-porte.html\" \/>\n<meta property=\"og:locale\" content=\"fr_FR\" \/>\n<meta property=\"og:type\" content=\"article\" \/>\n<meta property=\"og:title\" content=\"Votre transfert porte-\u00e0-porte\" \/>\n<meta property=\"og:description\" content=\"Puis-je acheter les billets \u00e0 l&#8217;arr\u00eat de bus? Combien d&#8217;heures avant dois-je acheter le billet en ligne? O\u00f9 puis-je trouver les horaires du service et l&#8217;arr\u00eat de bus? Est-il n\u00e9cessaire un co\u00fbt suppl\u00e9mentaire pour les bagages? Le bus attend les passagers s&#8217;ils arrivent en retard? Est-il possible de modifier\/annuler le billet? Comment faire? &ensp; &ensp; [&hellip;]\" \/>\n<meta property=\"og:url\" content=\"https:\/\/www.terravision.eu\/francese\/votre-transfert-porte-porte.html\" \/>\n<meta property=\"og:site_name\" content=\"Terravision France\" \/>\n<meta name=\"twitter:label1\" content=\"Dur\u00e9e de lecture estim\u00e9e\" \/>\n\t<meta name=\"twitter:data1\" content=\"2 minutes\" \/>\n<script type=\"application\/ld+json\" class=\"yoast-schema-graph\">{\"@context\":\"https:\/\/schema.org\",\"@graph\":[{\"@type\":\"WebPage\",\"@id\":\"https:\/\/www.terravision.eu\/francese\/votre-transfert-porte-porte.html\",\"url\":\"https:\/\/www.terravision.eu\/francese\/votre-transfert-porte-porte.html\",\"name\":\"Votre transfert porte-\u00e0-porte | Terravision France\",\"isPartOf\":{\"@id\":\"https:\/\/www.terravision.eu\/francese\/#website\"},\"datePublished\":\"2018-12-12T09:30:31+00:00\",\"breadcrumb\":{\"@id\":\"https:\/\/www.terravision.eu\/francese\/votre-transfert-porte-porte.html#breadcrumb\"},\"inLanguage\":\"fr-FR\",\"potentialAction\":[{\"@type\":\"ReadAction\",\"target\":[\"https:\/\/www.terravision.eu\/francese\/votre-transfert-porte-porte.html\"]}]},{\"@type\":\"BreadcrumbList\",\"@id\":\"https:\/\/www.terravision.eu\/francese\/votre-transfert-porte-porte.html#breadcrumb\",\"itemListElement\":[{\"@type\":\"ListItem\",\"position\":1,\"name\":\"Home\",\"item\":\"https:\/\/www.terravision.eu\/francese\/\"},{\"@type\":\"ListItem\",\"position\":2,\"name\":\"Votre transfert porte-\u00e0-porte\"}]},{\"@type\":\"WebSite\",\"@id\":\"https:\/\/www.terravision.eu\/francese\/#website\",\"url\":\"https:\/\/www.terravision.eu\/francese\/\",\"name\":\"Terravision France\",\"description\":\"Liaisons low-cost vers\/depuis les grands a\u00e9roports europ\u00e9ens\",\"potentialAction\":[{\"@type\":\"SearchAction\",\"target\":{\"@type\":\"EntryPoint\",\"urlTemplate\":\"https:\/\/www.terravision.eu\/francese\/?s={search_term_string}\"},\"query-input\":{\"@type\":\"PropertyValueSpecification\",\"valueRequired\":true,\"valueName\":\"search_term_string\"}}],\"inLanguage\":\"fr-FR\"}]}<\/script>\n<!-- \/ Yoast SEO Premium plugin. -->","yoast_head_json":{"title":"Votre transfert porte-\u00e0-porte | Terravision France","robots":{"index":"index","follow":"follow","max-snippet":"max-snippet:-1","max-image-preview":"max-image-preview:large","max-video-preview":"max-video-preview:-1"},"canonical":"https:\/\/www.terravision.eu\/francese\/votre-transfert-porte-porte.html","og_locale":"fr_FR","og_type":"article","og_title":"Votre transfert porte-\u00e0-porte","og_description":"Puis-je acheter les billets \u00e0 l&#8217;arr\u00eat de bus? Combien d&#8217;heures avant dois-je acheter le billet en ligne? O\u00f9 puis-je trouver les horaires du service et l&#8217;arr\u00eat de bus? Est-il n\u00e9cessaire un co\u00fbt suppl\u00e9mentaire pour les bagages? Le bus attend les passagers s&#8217;ils arrivent en retard? Est-il possible de modifier\/annuler le billet? Comment faire? &ensp; &ensp; [&hellip;]","og_url":"https:\/\/www.terravision.eu\/francese\/votre-transfert-porte-porte.html","og_site_name":"Terravision France","twitter_misc":{"Dur\u00e9e de lecture estim\u00e9e":"2 minutes"},"schema":{"@context":"https:\/\/schema.org","@graph":[{"@type":"WebPage","@id":"https:\/\/www.terravision.eu\/francese\/votre-transfert-porte-porte.html","url":"https:\/\/www.terravision.eu\/francese\/votre-transfert-porte-porte.html","name":"Votre transfert porte-\u00e0-porte | Terravision France","isPartOf":{"@id":"https:\/\/www.terravision.eu\/francese\/#website"},"datePublished":"2018-12-12T09:30:31+00:00","breadcrumb":{"@id":"https:\/\/www.terravision.eu\/francese\/votre-transfert-porte-porte.html#breadcrumb"},"inLanguage":"fr-FR","potentialAction":[{"@type":"ReadAction","target":["https:\/\/www.terravision.eu\/francese\/votre-transfert-porte-porte.html"]}]},{"@type":"BreadcrumbList","@id":"https:\/\/www.terravision.eu\/francese\/votre-transfert-porte-porte.html#breadcrumb","itemListElement":[{"@type":"ListItem","position":1,"name":"Home","item":"https:\/\/www.terravision.eu\/francese\/"},{"@type":"ListItem","position":2,"name":"Votre transfert porte-\u00e0-porte"}]},{"@type":"WebSite","@id":"https:\/\/www.terravision.eu\/francese\/#website","url":"https:\/\/www.terravision.eu\/francese\/","name":"Terravision France","description":"Liaisons low-cost vers\/depuis les grands a\u00e9roports europ\u00e9ens","potentialAction":[{"@type":"SearchAction","target":{"@type":"EntryPoint","urlTemplate":"https:\/\/www.terravision.eu\/francese\/?s={search_term_string}"},"query-input":{"@type":"PropertyValueSpecification","valueRequired":true,"valueName":"search_term_string"}}],"inLanguage":"fr-FR"}]}},"_links":{"self":[{"href":"https:\/\/www.terravision.eu\/francese\/wp-json\/wp\/v2\/pages\/12755","targetHints":{"allow":["GET"]}}],"collection":[{"href":"https:\/\/www.terravision.eu\/francese\/wp-json\/wp\/v2\/pages"}],"about":[{"href":"https:\/\/www.terravision.eu\/francese\/wp-json\/wp\/v2\/types\/page"}],"author":[{"embeddable":true,"href":"https:\/\/www.terravision.eu\/francese\/wp-json\/wp\/v2\/users\/131"}],"replies":[{"embeddable":true,"href":"https:\/\/www.terravision.eu\/francese\/wp-json\/wp\/v2\/comments?post=12755"}],"version-history":[{"count":2,"href":"https:\/\/www.terravision.eu\/francese\/wp-json\/wp\/v2\/pages\/12755\/revisions"}],"predecessor-version":[{"id":12757,"href":"https:\/\/www.terravision.eu\/francese\/wp-json\/wp\/v2\/pages\/12755\/revisions\/12757"}],"wp:attachment":[{"href":"https:\/\/www.terravision.eu\/francese\/wp-json\/wp\/v2\/media?parent=12755"}],"curies":[{"name":"wp","href":"https:\/\/api.w.org\/{rel}","templated":true}]}}