{"id":13166,"date":"2020-03-02T14:48:52","date_gmt":"2020-03-02T14:48:52","guid":{"rendered":"https:\/\/www.terravision.eu\/francese\/?page_id=13166"},"modified":"2020-03-02T14:48:52","modified_gmt":"2020-03-02T14:48:52","slug":"depot-de-bagages","status":"publish","type":"page","link":"https:\/\/www.terravision.eu\/francese\/depot-de-bagages.html","title":{"rendered":"D\u00e9p\u00f4t de bagages"},"content":{"rendered":"<p>Voici un autre conseil pour obtenir la meilleure exp\u00e9rience de voyage et profiter de la journ\u00e9e sans tra\u00eener les bagages avec vous dans la ville!<\/p>\n<p>Notre partenaire Stow your Bags <a href=\"https:\/\/www.terravision.eu\/wp-content\/blogs.dir\/9\/files\/2020\/02\/logo_syb.jpg\"><img decoding=\"async\" src=\"https:\/\/www.terravision.eu\/wp-content\/blogs.dir\/9\/files\/2020\/02\/logo_syb.jpg\"  class=\"alignnone\" \/><\/a> vous propose <strong> des casiers <\/strong> disponibles pour quelques heures ou pour de longues p\u00e9riodes, 365 jours par an.<\/p>\n<p>Le d\u00e9p\u00f4t de bagages sont <strong> s\u00fbres, assur\u00e9es <\/strong> et surveill\u00e9es avec un syst\u00e8me de vid\u00e9osurveillance. Pour tous les besoins, vous pouvez toujours contacter un op\u00e9rateur via interphone!<\/p>\n<p><font color=\"#1e90ff\"><strong> Comment \u00e7a fonctionne?<\/strong><\/font><br \/>\nVous pouvez r\u00e9server votre casier en ligne ou directement sur place!<strong><a href=\"https:\/\/www.stowyourbags.com\/\"> Cliquez ici pour r\u00e9server en ligne <\/a><\/strong><\/p>\n<p>1.\tChoisissez la d\u00e9p\u00f4t de bagages qui vous convient le mieux<br \/>\n2.\tEntrez les informations demand\u00e9es: date et heure d&#8217;arriv\u00e9e, dur\u00e9e, nombre de casiers.<br \/>\n3.\tVous pouvez payer par carte de cr\u00e9dit ou PayPal.<br \/>\nDans quelques secondes, vous recevrez l&#8217;e-mail de confirmation avec votre code de casier. <\/p>\n<p><strong> You can also book directly in the luggage storage<\/strong>!<br \/>\nRendez-vous directement sur place et r\u00e9servez votre casier \u00e0 l&#8217;aide de l&#8217;\u00e9cran tactile: choisissez les d\u00e9tails de votre r\u00e9servation et proc\u00e9dez au paiement par carte bancaire.<br \/>\nVous recevrez un e-mail de confirmation et un SMS avec votre code de casier.<\/p>\n<div style=\"border: 1px solid black; outline: 5px dotted red;\"> Maintenant, vous pouvez obtenir 5% de r\u00e9duction avec ce code de r\u00e9duction sp\u00e9cial: <strong>351166<\/strong><\/div>\n<p>Et voil\u00e0! &#10004; <\/p>\n<p>Vous pouvez maintenant commencer votre visite sans souci! \ud83d\ude0a<\/p>\n<p><a href=\"https:\/\/www.terravision.eu\/wp-content\/blogs.dir\/9\/files\/2020\/02\/yourbags_1.jpg\"><img decoding=\"async\" src=\"https:\/\/www.terravision.eu\/wp-content\/blogs.dir\/9\/files\/2020\/02\/yourbags_1-300x240.jpg\"  class=\"alignnone\" \/> <\/a><a href=\"https:\/\/www.terravision.eu\/wp-content\/blogs.dir\/9\/files\/2020\/02\/yourbags_2.jpg\"><img decoding=\"async\" src=\"https:\/\/www.terravision.eu\/wp-content\/blogs.dir\/9\/files\/2020\/02\/yourbags_2-300x240.jpg\"  class=\"alignnone\" \/><\/a><\/p>\n","protected":false},"excerpt":{"rendered":"<p>Voici un autre conseil pour obtenir la meilleure exp\u00e9rience de voyage et profiter de la journ\u00e9e sans tra\u00eener les bagages avec vous dans la ville! Notre partenaire Stow your Bags vous propose des casiers disponibles pour quelques heures ou pour de longues p\u00e9riodes, 365 jours par an. Le d\u00e9p\u00f4t de bagages sont s\u00fbres, assur\u00e9es et [&hellip;]<\/p>\n","protected":false},"author":131,"featured_media":0,"parent":0,"menu_order":0,"comment_status":"closed","ping_status":"closed","template":"","meta":{"footnotes":""},"class_list":["post-13166","page","type-page","status-publish","hentry"],"yoast_head":"<!-- This site is optimized with the Yoast SEO Premium plugin v24.4 (Yoast SEO v24.4) - https:\/\/yoast.com\/wordpress\/plugins\/seo\/ -->\n<title>D\u00e9p\u00f4t de bagages | Terravision France<\/title>\n<meta name=\"robots\" content=\"index, follow, max-snippet:-1, max-image-preview:large, max-video-preview:-1\" \/>\n<link rel=\"canonical\" href=\"https:\/\/www.terravision.eu\/francese\/depot-de-bagages.html\" \/>\n<meta property=\"og:locale\" content=\"fr_FR\" \/>\n<meta property=\"og:type\" content=\"article\" \/>\n<meta property=\"og:title\" content=\"D\u00e9p\u00f4t de bagages\" \/>\n<meta property=\"og:description\" content=\"Voici un autre conseil pour obtenir la meilleure exp\u00e9rience de voyage et profiter de la journ\u00e9e sans tra\u00eener les bagages avec vous dans la ville! Notre partenaire Stow your Bags vous propose des casiers disponibles pour quelques heures ou pour de longues p\u00e9riodes, 365 jours par an. Le d\u00e9p\u00f4t de bagages sont s\u00fbres, assur\u00e9es et [&hellip;]\" \/>\n<meta property=\"og:url\" content=\"https:\/\/www.terravision.eu\/francese\/depot-de-bagages.html\" \/>\n<meta property=\"og:site_name\" content=\"Terravision France\" \/>\n<meta property=\"og:image\" content=\"https:\/\/www.terravision.eu\/wp-content\/blogs.dir\/9\/files\/2020\/02\/logo_syb.jpg\" \/>\n<meta name=\"twitter:label1\" content=\"Dur\u00e9e de lecture estim\u00e9e\" \/>\n\t<meta name=\"twitter:data1\" content=\"1 minute\" \/>\n<script type=\"application\/ld+json\" class=\"yoast-schema-graph\">{\"@context\":\"https:\/\/schema.org\",\"@graph\":[{\"@type\":\"WebPage\",\"@id\":\"https:\/\/www.terravision.eu\/francese\/depot-de-bagages.html\",\"url\":\"https:\/\/www.terravision.eu\/francese\/depot-de-bagages.html\",\"name\":\"D\u00e9p\u00f4t de bagages | Terravision France\",\"isPartOf\":{\"@id\":\"https:\/\/www.terravision.eu\/francese\/#website\"},\"primaryImageOfPage\":{\"@id\":\"https:\/\/www.terravision.eu\/francese\/depot-de-bagages.html#primaryimage\"},\"image\":{\"@id\":\"https:\/\/www.terravision.eu\/francese\/depot-de-bagages.html#primaryimage\"},\"thumbnailUrl\":\"https:\/\/www.terravision.eu\/wp-content\/blogs.dir\/9\/files\/2020\/02\/logo_syb.jpg\",\"datePublished\":\"2020-03-02T14:48:52+00:00\",\"breadcrumb\":{\"@id\":\"https:\/\/www.terravision.eu\/francese\/depot-de-bagages.html#breadcrumb\"},\"inLanguage\":\"fr-FR\",\"potentialAction\":[{\"@type\":\"ReadAction\",\"target\":[\"https:\/\/www.terravision.eu\/francese\/depot-de-bagages.html\"]}]},{\"@type\":\"ImageObject\",\"inLanguage\":\"fr-FR\",\"@id\":\"https:\/\/www.terravision.eu\/francese\/depot-de-bagages.html#primaryimage\",\"url\":\"https:\/\/www.terravision.eu\/wp-content\/blogs.dir\/9\/files\/2020\/02\/logo_syb.jpg\",\"contentUrl\":\"https:\/\/www.terravision.eu\/wp-content\/blogs.dir\/9\/files\/2020\/02\/logo_syb.jpg\"},{\"@type\":\"BreadcrumbList\",\"@id\":\"https:\/\/www.terravision.eu\/francese\/depot-de-bagages.html#breadcrumb\",\"itemListElement\":[{\"@type\":\"ListItem\",\"position\":1,\"name\":\"Home\",\"item\":\"https:\/\/www.terravision.eu\/francese\/\"},{\"@type\":\"ListItem\",\"position\":2,\"name\":\"D\u00e9p\u00f4t de bagages\"}]},{\"@type\":\"WebSite\",\"@id\":\"https:\/\/www.terravision.eu\/francese\/#website\",\"url\":\"https:\/\/www.terravision.eu\/francese\/\",\"name\":\"Terravision France\",\"description\":\"Liaisons low-cost vers\/depuis les grands a\u00e9roports europ\u00e9ens\",\"potentialAction\":[{\"@type\":\"SearchAction\",\"target\":{\"@type\":\"EntryPoint\",\"urlTemplate\":\"https:\/\/www.terravision.eu\/francese\/?s={search_term_string}\"},\"query-input\":{\"@type\":\"PropertyValueSpecification\",\"valueRequired\":true,\"valueName\":\"search_term_string\"}}],\"inLanguage\":\"fr-FR\"}]}<\/script>\n<!-- \/ Yoast SEO Premium plugin. -->","yoast_head_json":{"title":"D\u00e9p\u00f4t de bagages | Terravision France","robots":{"index":"index","follow":"follow","max-snippet":"max-snippet:-1","max-image-preview":"max-image-preview:large","max-video-preview":"max-video-preview:-1"},"canonical":"https:\/\/www.terravision.eu\/francese\/depot-de-bagages.html","og_locale":"fr_FR","og_type":"article","og_title":"D\u00e9p\u00f4t de bagages","og_description":"Voici un autre conseil pour obtenir la meilleure exp\u00e9rience de voyage et profiter de la journ\u00e9e sans tra\u00eener les bagages avec vous dans la ville! Notre partenaire Stow your Bags vous propose des casiers disponibles pour quelques heures ou pour de longues p\u00e9riodes, 365 jours par an. Le d\u00e9p\u00f4t de bagages sont s\u00fbres, assur\u00e9es et [&hellip;]","og_url":"https:\/\/www.terravision.eu\/francese\/depot-de-bagages.html","og_site_name":"Terravision France","og_image":[{"url":"https:\/\/www.terravision.eu\/wp-content\/blogs.dir\/9\/files\/2020\/02\/logo_syb.jpg","type":"","width":"","height":""}],"twitter_misc":{"Dur\u00e9e de lecture estim\u00e9e":"1 minute"},"schema":{"@context":"https:\/\/schema.org","@graph":[{"@type":"WebPage","@id":"https:\/\/www.terravision.eu\/francese\/depot-de-bagages.html","url":"https:\/\/www.terravision.eu\/francese\/depot-de-bagages.html","name":"D\u00e9p\u00f4t de bagages | Terravision France","isPartOf":{"@id":"https:\/\/www.terravision.eu\/francese\/#website"},"primaryImageOfPage":{"@id":"https:\/\/www.terravision.eu\/francese\/depot-de-bagages.html#primaryimage"},"image":{"@id":"https:\/\/www.terravision.eu\/francese\/depot-de-bagages.html#primaryimage"},"thumbnailUrl":"https:\/\/www.terravision.eu\/wp-content\/blogs.dir\/9\/files\/2020\/02\/logo_syb.jpg","datePublished":"2020-03-02T14:48:52+00:00","breadcrumb":{"@id":"https:\/\/www.terravision.eu\/francese\/depot-de-bagages.html#breadcrumb"},"inLanguage":"fr-FR","potentialAction":[{"@type":"ReadAction","target":["https:\/\/www.terravision.eu\/francese\/depot-de-bagages.html"]}]},{"@type":"ImageObject","inLanguage":"fr-FR","@id":"https:\/\/www.terravision.eu\/francese\/depot-de-bagages.html#primaryimage","url":"https:\/\/www.terravision.eu\/wp-content\/blogs.dir\/9\/files\/2020\/02\/logo_syb.jpg","contentUrl":"https:\/\/www.terravision.eu\/wp-content\/blogs.dir\/9\/files\/2020\/02\/logo_syb.jpg"},{"@type":"BreadcrumbList","@id":"https:\/\/www.terravision.eu\/francese\/depot-de-bagages.html#breadcrumb","itemListElement":[{"@type":"ListItem","position":1,"name":"Home","item":"https:\/\/www.terravision.eu\/francese\/"},{"@type":"ListItem","position":2,"name":"D\u00e9p\u00f4t de bagages"}]},{"@type":"WebSite","@id":"https:\/\/www.terravision.eu\/francese\/#website","url":"https:\/\/www.terravision.eu\/francese\/","name":"Terravision France","description":"Liaisons low-cost vers\/depuis les grands a\u00e9roports europ\u00e9ens","potentialAction":[{"@type":"SearchAction","target":{"@type":"EntryPoint","urlTemplate":"https:\/\/www.terravision.eu\/francese\/?s={search_term_string}"},"query-input":{"@type":"PropertyValueSpecification","valueRequired":true,"valueName":"search_term_string"}}],"inLanguage":"fr-FR"}]}},"_links":{"self":[{"href":"https:\/\/www.terravision.eu\/francese\/wp-json\/wp\/v2\/pages\/13166","targetHints":{"allow":["GET"]}}],"collection":[{"href":"https:\/\/www.terravision.eu\/francese\/wp-json\/wp\/v2\/pages"}],"about":[{"href":"https:\/\/www.terravision.eu\/francese\/wp-json\/wp\/v2\/types\/page"}],"author":[{"embeddable":true,"href":"https:\/\/www.terravision.eu\/francese\/wp-json\/wp\/v2\/users\/131"}],"replies":[{"embeddable":true,"href":"https:\/\/www.terravision.eu\/francese\/wp-json\/wp\/v2\/comments?post=13166"}],"version-history":[{"count":1,"href":"https:\/\/www.terravision.eu\/francese\/wp-json\/wp\/v2\/pages\/13166\/revisions"}],"predecessor-version":[{"id":13167,"href":"https:\/\/www.terravision.eu\/francese\/wp-json\/wp\/v2\/pages\/13166\/revisions\/13167"}],"wp:attachment":[{"href":"https:\/\/www.terravision.eu\/francese\/wp-json\/wp\/v2\/media?parent=13166"}],"curies":[{"name":"wp","href":"https:\/\/api.w.org\/{rel}","templated":true}]}}