{"id":133,"date":"2012-08-07T12:11:21","date_gmt":"2012-08-07T12:11:21","guid":{"rendered":"https:\/\/www.terravision.eu\/verona-airport\/"},"modified":"2014-09-12T15:01:10","modified_gmt":"2014-09-12T15:01:10","slug":"verone_aeroport","status":"publish","type":"page","link":"https:\/\/www.terravision.eu\/francese\/verone_aeroport.html","title":{"rendered":"Verona Aeroport"},"content":{"rendered":"<p><strong><\/strong>L\u2019<b>A\u00e9roport de V\u00e9rone<\/b> \u2013 Villafranca, connu aussi somme Valerio Catullo, est situ\u00e9 \u00e0 12 km du centre de V\u00e9rone. <br \/> L\u2019a\u00e9roport est situ\u00e9 au centre d\u2019une zone qui inclue Brescia, Mantova, Rovigo, Vicenza, Trento, Bolzano et V\u00e9rone. La zone a une population de plus de 4 millions d\u2019habitants. Avec plus de 3.4 millions de passagers en 2008, l\u2019a\u00e9roport est l\u2019un des plus importants en Italie. L\u2019a\u00e9roport applique les r\u00e8glementations pour les passagers handicap\u00e9s et \u00e0 mobilit\u00e9 r\u00e9duite. L\u2019a\u00e9roport est id\u00e9alement situ\u00e9 pour les skieurs avides et les amoureux de la neige car il est facile de rejoindre les pistes \u00e0 partir de l\u2019a\u00e9roport.<\/p>\n<p>L\u2019<strong>A\u00e9roport de V\u00e9rone<\/strong> en chiffres:<\/p>\n<ul>\n<li>Distance entre l\u2019a\u00e9roport et le centre de V\u00e9rone: environ 12 Km.<\/li>\n<li>Nombre de passagers en 2008: environ 3.5 millions.<\/li>\n<\/ul>\n<p>&nbsp;<\/p>\n<p>Pour plus d\u2019informations sur l\u2019a\u00e9roport de V\u00e9rone, visitez le site official de l\u2019a\u00e9roport: www.aeroportoverona.it<\/p>\n<p>Principales<strong> compagnies a\u00e9riennes<\/strong> qui font escale \u00e0 l&#8217;a\u00e9roport de V\u00e9rone:<br \/>\n<a title=\"Ryanair - Verona Airport\" href=\"http:\/\/www.ryanair.com\/\" target=\"_blank\">Ryanair<\/a> | <a title=\"Wizzair - Verona Airport\" href=\"http:\/\/www.wizzair.com\/\" target=\"_blank\">Wizzair<\/a> | <a title=\"Alitalia - Verona Airport\" href=\"http:\/\/www.alitalia.it\/\" target=\"_blank\">Alitalia<\/a> | <a title=\"Eurofly - Verona Ariport\" href=\"http:\/\/www.euroflyusa.com\/\" target=\"_blank\">Eurofly<\/a> | <a title=\"Skyeurope - Verona Airport\" href=\"http:\/\/www.skyeurope.com\/\" target=\"_blank\">SkyEurope<\/a> | <a title=\"Airdolomiti - Verona Airport\" href=\"https:\/\/www.terravision.eu\/www.airdolomiti.it\" target=\"_blank\">Air dolomiti<\/a><br \/>\n<a title=\"Air France - Verona Airport\" href=\"http:\/\/www.airfrance.com\/\" target=\"_blank\">Air France<\/a> | <a title=\"Air Italy - Verona Airport\" href=\"http:\/\/www.airitaly.eu\/\" target=\"_blank\">Air Italy<\/a> | <a title=\"Air Malta - Verona Airport\" href=\"http:\/\/www.airmalta.com\/\" target=\"_blank\">Air Malta<\/a> |<a title=\"British Airways - Verona Ariport\" href=\"http:\/\/www.britishairways.com\/\" target=\"_blank\"> British Airways<\/a><\/p>\n<p><strong>Transfert de l&#8217;a\u00e9roport de Verona<\/strong>&#8211; Terravision offre un service de bus entre l\u2019a\u00e9roport de V\u00e9rone et les Dolomites: <br \/>Bus a\u00e9roport de V\u00e9rone&lt;-&gt; Bolzano Ortisei; Santa Cristina; Selva di Val Gardena.<\/p>\n<p><strong>Transfert de l&#8217;a\u00e9roport de Verona<\/strong>: <a target=\"_blank\" title=\"Transfert de l'a\u00e9roport de Verona\" href=\"dolomites_verona.html\">Reservez maintenant<\/a>!<\/p>\n","protected":false},"excerpt":{"rendered":"<p>L\u2019A\u00e9roport de V\u00e9rone \u2013 Villafranca, connu aussi somme Valerio Catullo, est situ\u00e9 \u00e0 12 km du centre de V\u00e9rone. L\u2019a\u00e9roport est situ\u00e9 au centre d\u2019une zone qui inclue Brescia, Mantova, Rovigo, Vicenza, Trento, Bolzano et V\u00e9rone. La zone a une population de plus de 4 millions d\u2019habitants. Avec plus de 3.4 millions de passagers en [&hellip;]<\/p>\n","protected":false},"author":1,"featured_media":0,"parent":0,"menu_order":0,"comment_status":"open","ping_status":"open","template":"","meta":{"footnotes":""},"class_list":["post-133","page","type-page","status-publish","hentry","cities-dolomites"],"yoast_head":"<!-- This site is optimized with the Yoast SEO Premium plugin v24.4 (Yoast SEO v24.4) - https:\/\/yoast.com\/wordpress\/plugins\/seo\/ -->\n<title>A\u00e9roport de V\u00e9rone - Informations | Terravision<\/title>\n<meta name=\"description\" content=\"A\u00e9roport de V\u00e9rone (V. Catullo): Informations \u00e0 propos de l&#039; A\u00e9roport de V\u00e9rone, les compagnies a\u00e9riennes qui y font escale, connexion avec les Dolomites.\" \/>\n<meta name=\"robots\" content=\"index, follow, max-snippet:-1, max-image-preview:large, max-video-preview:-1\" \/>\n<link rel=\"canonical\" href=\"https:\/\/www.terravision.eu\/francese\/verone_aeroport.html\" \/>\n<meta property=\"og:locale\" content=\"fr_FR\" \/>\n<meta property=\"og:type\" content=\"article\" \/>\n<meta property=\"og:title\" content=\"Verona Aeroport\" \/>\n<meta property=\"og:description\" content=\"A\u00e9roport de V\u00e9rone (V. Catullo): Informations \u00e0 propos de l&#039; A\u00e9roport de V\u00e9rone, les compagnies a\u00e9riennes qui y font escale, connexion avec les Dolomites.\" \/>\n<meta property=\"og:url\" content=\"https:\/\/www.terravision.eu\/francese\/verone_aeroport.html\" \/>\n<meta property=\"og:site_name\" content=\"Terravision France\" \/>\n<meta property=\"article:modified_time\" content=\"2014-09-12T15:01:10+00:00\" \/>\n<meta name=\"twitter:label1\" content=\"Dur\u00e9e de lecture estim\u00e9e\" \/>\n\t<meta name=\"twitter:data1\" content=\"1 minute\" \/>\n<script type=\"application\/ld+json\" class=\"yoast-schema-graph\">{\"@context\":\"https:\/\/schema.org\",\"@graph\":[{\"@type\":\"WebPage\",\"@id\":\"https:\/\/www.terravision.eu\/francese\/verone_aeroport.html\",\"url\":\"https:\/\/www.terravision.eu\/francese\/verone_aeroport.html\",\"name\":\"A\u00e9roport de V\u00e9rone - Informations | Terravision\",\"isPartOf\":{\"@id\":\"https:\/\/www.terravision.eu\/francese\/#website\"},\"datePublished\":\"2012-08-07T12:11:21+00:00\",\"dateModified\":\"2014-09-12T15:01:10+00:00\",\"description\":\"A\u00e9roport de V\u00e9rone (V. Catullo): Informations \u00e0 propos de l' A\u00e9roport de V\u00e9rone, les compagnies a\u00e9riennes qui y font escale, connexion avec les Dolomites.\",\"breadcrumb\":{\"@id\":\"https:\/\/www.terravision.eu\/francese\/verone_aeroport.html#breadcrumb\"},\"inLanguage\":\"fr-FR\",\"potentialAction\":[{\"@type\":\"ReadAction\",\"target\":[\"https:\/\/www.terravision.eu\/francese\/verone_aeroport.html\"]}]},{\"@type\":\"BreadcrumbList\",\"@id\":\"https:\/\/www.terravision.eu\/francese\/verone_aeroport.html#breadcrumb\",\"itemListElement\":[{\"@type\":\"ListItem\",\"position\":1,\"name\":\"Home\",\"item\":\"https:\/\/www.terravision.eu\/francese\/\"},{\"@type\":\"ListItem\",\"position\":2,\"name\":\"Verona Aeroport\"}]},{\"@type\":\"WebSite\",\"@id\":\"https:\/\/www.terravision.eu\/francese\/#website\",\"url\":\"https:\/\/www.terravision.eu\/francese\/\",\"name\":\"Terravision France\",\"description\":\"Liaisons low-cost vers\/depuis les grands a\u00e9roports europ\u00e9ens\",\"potentialAction\":[{\"@type\":\"SearchAction\",\"target\":{\"@type\":\"EntryPoint\",\"urlTemplate\":\"https:\/\/www.terravision.eu\/francese\/?s={search_term_string}\"},\"query-input\":{\"@type\":\"PropertyValueSpecification\",\"valueRequired\":true,\"valueName\":\"search_term_string\"}}],\"inLanguage\":\"fr-FR\"}]}<\/script>\n<!-- \/ Yoast SEO Premium plugin. -->","yoast_head_json":{"title":"A\u00e9roport de V\u00e9rone - Informations | Terravision","description":"A\u00e9roport de V\u00e9rone (V. Catullo): Informations \u00e0 propos de l' A\u00e9roport de V\u00e9rone, les compagnies a\u00e9riennes qui y font escale, connexion avec les Dolomites.","robots":{"index":"index","follow":"follow","max-snippet":"max-snippet:-1","max-image-preview":"max-image-preview:large","max-video-preview":"max-video-preview:-1"},"canonical":"https:\/\/www.terravision.eu\/francese\/verone_aeroport.html","og_locale":"fr_FR","og_type":"article","og_title":"Verona Aeroport","og_description":"A\u00e9roport de V\u00e9rone (V. Catullo): Informations \u00e0 propos de l' A\u00e9roport de V\u00e9rone, les compagnies a\u00e9riennes qui y font escale, connexion avec les Dolomites.","og_url":"https:\/\/www.terravision.eu\/francese\/verone_aeroport.html","og_site_name":"Terravision France","article_modified_time":"2014-09-12T15:01:10+00:00","twitter_misc":{"Dur\u00e9e de lecture estim\u00e9e":"1 minute"},"schema":{"@context":"https:\/\/schema.org","@graph":[{"@type":"WebPage","@id":"https:\/\/www.terravision.eu\/francese\/verone_aeroport.html","url":"https:\/\/www.terravision.eu\/francese\/verone_aeroport.html","name":"A\u00e9roport de V\u00e9rone - Informations | Terravision","isPartOf":{"@id":"https:\/\/www.terravision.eu\/francese\/#website"},"datePublished":"2012-08-07T12:11:21+00:00","dateModified":"2014-09-12T15:01:10+00:00","description":"A\u00e9roport de V\u00e9rone (V. Catullo): Informations \u00e0 propos de l' A\u00e9roport de V\u00e9rone, les compagnies a\u00e9riennes qui y font escale, connexion avec les Dolomites.","breadcrumb":{"@id":"https:\/\/www.terravision.eu\/francese\/verone_aeroport.html#breadcrumb"},"inLanguage":"fr-FR","potentialAction":[{"@type":"ReadAction","target":["https:\/\/www.terravision.eu\/francese\/verone_aeroport.html"]}]},{"@type":"BreadcrumbList","@id":"https:\/\/www.terravision.eu\/francese\/verone_aeroport.html#breadcrumb","itemListElement":[{"@type":"ListItem","position":1,"name":"Home","item":"https:\/\/www.terravision.eu\/francese\/"},{"@type":"ListItem","position":2,"name":"Verona Aeroport"}]},{"@type":"WebSite","@id":"https:\/\/www.terravision.eu\/francese\/#website","url":"https:\/\/www.terravision.eu\/francese\/","name":"Terravision France","description":"Liaisons low-cost vers\/depuis les grands a\u00e9roports europ\u00e9ens","potentialAction":[{"@type":"SearchAction","target":{"@type":"EntryPoint","urlTemplate":"https:\/\/www.terravision.eu\/francese\/?s={search_term_string}"},"query-input":{"@type":"PropertyValueSpecification","valueRequired":true,"valueName":"search_term_string"}}],"inLanguage":"fr-FR"}]}},"_links":{"self":[{"href":"https:\/\/www.terravision.eu\/francese\/wp-json\/wp\/v2\/pages\/133","targetHints":{"allow":["GET"]}}],"collection":[{"href":"https:\/\/www.terravision.eu\/francese\/wp-json\/wp\/v2\/pages"}],"about":[{"href":"https:\/\/www.terravision.eu\/francese\/wp-json\/wp\/v2\/types\/page"}],"author":[{"embeddable":true,"href":"https:\/\/www.terravision.eu\/francese\/wp-json\/wp\/v2\/users\/1"}],"replies":[{"embeddable":true,"href":"https:\/\/www.terravision.eu\/francese\/wp-json\/wp\/v2\/comments?post=133"}],"version-history":[{"count":1,"href":"https:\/\/www.terravision.eu\/francese\/wp-json\/wp\/v2\/pages\/133\/revisions"}],"predecessor-version":[{"id":11186,"href":"https:\/\/www.terravision.eu\/francese\/wp-json\/wp\/v2\/pages\/133\/revisions\/11186"}],"wp:attachment":[{"href":"https:\/\/www.terravision.eu\/francese\/wp-json\/wp\/v2\/media?parent=133"}],"curies":[{"name":"wp","href":"https:\/\/api.w.org\/{rel}","templated":true}]}}