{"id":13542,"date":"2022-12-02T11:10:29","date_gmt":"2022-12-02T11:10:29","guid":{"rendered":"https:\/\/www.terravision.eu\/francese\/?page_id=13542"},"modified":"2022-12-02T15:42:52","modified_gmt":"2022-12-02T15:42:52","slug":"programme-fidelite-terravision","status":"publish","type":"page","link":"https:\/\/www.terravision.eu\/francese\/programme-fidelite-terravision.html","title":{"rendered":"Programme Fid\u00e9lit\u00e9 Terravision"},"content":{"rendered":"<p>Enregistre-toi gratuitement et gagnez des points \u00e0 chaque voyage.<\/p>\n<p><strong>Comment \u00e7a marche ?<\/strong><br \/>\nChaque titulaire d\u2019un compte Terravision sera automatiquement \u00e9crit au programme fid\u00e9lit\u00e9 et il gagnera des points avec son achat.<\/p>\n<p>Rappelez-vous chaque billet d\u2019aller = 1 point<\/p>\n<table>\n<tbody>\n<tr>\n<td><strong>Vos points<\/strong><\/td>\n<td><strong>Vos remises<\/strong><\/td>\n<\/tr>\n<tr>\n<td><strong>25<\/strong> points<\/td>\n<td> <strong>5% <\/strong><\/td>\n<\/tr>\n<tr>\n<td><strong>50<\/strong> points<\/td>\n<td> <strong>10%<\/strong><\/td>\n<\/tr>\n<tr>\n<td><strong>80<\/strong> points<\/td>\n<td><strong>15%<\/strong><\/td>\n<\/tr>\n<tr>\n<td><strong>100<\/strong> points<\/td>\n<td><strong>25%<\/strong><\/td>\n<\/tr>\n<\/tbody>\n<\/table>\n<p><strong>Comment \u00e9changer vos points ?<\/strong><\/p>\n<p>Vous pouvez v\u00e9rifier vos points \u00e0 travers de votre compte Terravision :<br \/>\nAcc\u00e9dez \u00e0 votre espace personnel et \u00e9changer vos points ; une fois que vous avez \u00e9changer vos points on g\u00e9n\u00e9rera un code \u00e0 usage unique, valable pendant 8 mois.<\/p>\n<p>R\u00e8glement du programme fid\u00e9lit\u00e9<a href=\"https:\/\/www.terravision.eu\/italiano\/files\/2022\/11\/TERRAVISION-LOYALTY-PROGRAM_updated-Terms-and-Conditions_nov22.pdf\" target=\"_blank\" rel=\"noopener noreferrer\">pdf<\/a><\/p>\n<p>NB. Le programme ce n\u2019est pas destin\u00e9 aux clients titulaires d\u2019un compte d\u2019agents&#038;affili\u00e9s.<\/p>\n","protected":false},"excerpt":{"rendered":"<p>Enregistre-toi gratuitement et gagnez des points \u00e0 chaque voyage. Comment \u00e7a marche ? Chaque titulaire d\u2019un compte Terravision sera automatiquement \u00e9crit au programme fid\u00e9lit\u00e9 et il gagnera des points avec son achat. Rappelez-vous chaque billet d\u2019aller = 1 point Vos points Vos remises 25 points 5% 50 points 10% 80 points 15% 100 points 25% [&hellip;]<\/p>\n","protected":false},"author":131,"featured_media":0,"parent":0,"menu_order":0,"comment_status":"closed","ping_status":"closed","template":"","meta":{"footnotes":""},"class_list":["post-13542","page","type-page","status-publish","hentry"],"yoast_head":"<!-- This site is optimized with the Yoast SEO Premium plugin v24.4 (Yoast SEO v24.4) - https:\/\/yoast.com\/wordpress\/plugins\/seo\/ -->\n<title>Programme Fid\u00e9lit\u00e9 Terravision | Terravision France<\/title>\n<meta name=\"robots\" content=\"index, follow, max-snippet:-1, max-image-preview:large, max-video-preview:-1\" \/>\n<link rel=\"canonical\" href=\"https:\/\/www.terravision.eu\/francese\/programme-fidelite-terravision.html\" \/>\n<meta property=\"og:locale\" content=\"fr_FR\" \/>\n<meta property=\"og:type\" content=\"article\" \/>\n<meta property=\"og:title\" content=\"Programme Fid\u00e9lit\u00e9 Terravision\" \/>\n<meta property=\"og:description\" content=\"Enregistre-toi gratuitement et gagnez des points \u00e0 chaque voyage. Comment \u00e7a marche ? Chaque titulaire d\u2019un compte Terravision sera automatiquement \u00e9crit au programme fid\u00e9lit\u00e9 et il gagnera des points avec son achat. Rappelez-vous chaque billet d\u2019aller = 1 point Vos points Vos remises 25 points 5% 50 points 10% 80 points 15% 100 points 25% [&hellip;]\" \/>\n<meta property=\"og:url\" content=\"https:\/\/www.terravision.eu\/francese\/programme-fidelite-terravision.html\" \/>\n<meta property=\"og:site_name\" content=\"Terravision France\" \/>\n<meta property=\"article:modified_time\" content=\"2022-12-02T15:42:52+00:00\" \/>\n<meta name=\"twitter:label1\" content=\"Dur\u00e9e de lecture estim\u00e9e\" \/>\n\t<meta name=\"twitter:data1\" content=\"1 minute\" \/>\n<script type=\"application\/ld+json\" class=\"yoast-schema-graph\">{\"@context\":\"https:\/\/schema.org\",\"@graph\":[{\"@type\":\"WebPage\",\"@id\":\"https:\/\/www.terravision.eu\/francese\/programme-fidelite-terravision.html\",\"url\":\"https:\/\/www.terravision.eu\/francese\/programme-fidelite-terravision.html\",\"name\":\"Programme Fid\u00e9lit\u00e9 Terravision | Terravision France\",\"isPartOf\":{\"@id\":\"https:\/\/www.terravision.eu\/francese\/#website\"},\"datePublished\":\"2022-12-02T11:10:29+00:00\",\"dateModified\":\"2022-12-02T15:42:52+00:00\",\"breadcrumb\":{\"@id\":\"https:\/\/www.terravision.eu\/francese\/programme-fidelite-terravision.html#breadcrumb\"},\"inLanguage\":\"fr-FR\",\"potentialAction\":[{\"@type\":\"ReadAction\",\"target\":[\"https:\/\/www.terravision.eu\/francese\/programme-fidelite-terravision.html\"]}]},{\"@type\":\"BreadcrumbList\",\"@id\":\"https:\/\/www.terravision.eu\/francese\/programme-fidelite-terravision.html#breadcrumb\",\"itemListElement\":[{\"@type\":\"ListItem\",\"position\":1,\"name\":\"Home\",\"item\":\"https:\/\/www.terravision.eu\/francese\/\"},{\"@type\":\"ListItem\",\"position\":2,\"name\":\"Programme Fid\u00e9lit\u00e9 Terravision\"}]},{\"@type\":\"WebSite\",\"@id\":\"https:\/\/www.terravision.eu\/francese\/#website\",\"url\":\"https:\/\/www.terravision.eu\/francese\/\",\"name\":\"Terravision France\",\"description\":\"Liaisons low-cost vers\/depuis les grands a\u00e9roports europ\u00e9ens\",\"potentialAction\":[{\"@type\":\"SearchAction\",\"target\":{\"@type\":\"EntryPoint\",\"urlTemplate\":\"https:\/\/www.terravision.eu\/francese\/?s={search_term_string}\"},\"query-input\":{\"@type\":\"PropertyValueSpecification\",\"valueRequired\":true,\"valueName\":\"search_term_string\"}}],\"inLanguage\":\"fr-FR\"}]}<\/script>\n<!-- \/ Yoast SEO Premium plugin. -->","yoast_head_json":{"title":"Programme Fid\u00e9lit\u00e9 Terravision | Terravision France","robots":{"index":"index","follow":"follow","max-snippet":"max-snippet:-1","max-image-preview":"max-image-preview:large","max-video-preview":"max-video-preview:-1"},"canonical":"https:\/\/www.terravision.eu\/francese\/programme-fidelite-terravision.html","og_locale":"fr_FR","og_type":"article","og_title":"Programme Fid\u00e9lit\u00e9 Terravision","og_description":"Enregistre-toi gratuitement et gagnez des points \u00e0 chaque voyage. Comment \u00e7a marche ? Chaque titulaire d\u2019un compte Terravision sera automatiquement \u00e9crit au programme fid\u00e9lit\u00e9 et il gagnera des points avec son achat. Rappelez-vous chaque billet d\u2019aller = 1 point Vos points Vos remises 25 points 5% 50 points 10% 80 points 15% 100 points 25% [&hellip;]","og_url":"https:\/\/www.terravision.eu\/francese\/programme-fidelite-terravision.html","og_site_name":"Terravision France","article_modified_time":"2022-12-02T15:42:52+00:00","twitter_misc":{"Dur\u00e9e de lecture estim\u00e9e":"1 minute"},"schema":{"@context":"https:\/\/schema.org","@graph":[{"@type":"WebPage","@id":"https:\/\/www.terravision.eu\/francese\/programme-fidelite-terravision.html","url":"https:\/\/www.terravision.eu\/francese\/programme-fidelite-terravision.html","name":"Programme Fid\u00e9lit\u00e9 Terravision | Terravision France","isPartOf":{"@id":"https:\/\/www.terravision.eu\/francese\/#website"},"datePublished":"2022-12-02T11:10:29+00:00","dateModified":"2022-12-02T15:42:52+00:00","breadcrumb":{"@id":"https:\/\/www.terravision.eu\/francese\/programme-fidelite-terravision.html#breadcrumb"},"inLanguage":"fr-FR","potentialAction":[{"@type":"ReadAction","target":["https:\/\/www.terravision.eu\/francese\/programme-fidelite-terravision.html"]}]},{"@type":"BreadcrumbList","@id":"https:\/\/www.terravision.eu\/francese\/programme-fidelite-terravision.html#breadcrumb","itemListElement":[{"@type":"ListItem","position":1,"name":"Home","item":"https:\/\/www.terravision.eu\/francese\/"},{"@type":"ListItem","position":2,"name":"Programme Fid\u00e9lit\u00e9 Terravision"}]},{"@type":"WebSite","@id":"https:\/\/www.terravision.eu\/francese\/#website","url":"https:\/\/www.terravision.eu\/francese\/","name":"Terravision France","description":"Liaisons low-cost vers\/depuis les grands a\u00e9roports europ\u00e9ens","potentialAction":[{"@type":"SearchAction","target":{"@type":"EntryPoint","urlTemplate":"https:\/\/www.terravision.eu\/francese\/?s={search_term_string}"},"query-input":{"@type":"PropertyValueSpecification","valueRequired":true,"valueName":"search_term_string"}}],"inLanguage":"fr-FR"}]}},"_links":{"self":[{"href":"https:\/\/www.terravision.eu\/francese\/wp-json\/wp\/v2\/pages\/13542","targetHints":{"allow":["GET"]}}],"collection":[{"href":"https:\/\/www.terravision.eu\/francese\/wp-json\/wp\/v2\/pages"}],"about":[{"href":"https:\/\/www.terravision.eu\/francese\/wp-json\/wp\/v2\/types\/page"}],"author":[{"embeddable":true,"href":"https:\/\/www.terravision.eu\/francese\/wp-json\/wp\/v2\/users\/131"}],"replies":[{"embeddable":true,"href":"https:\/\/www.terravision.eu\/francese\/wp-json\/wp\/v2\/comments?post=13542"}],"version-history":[{"count":4,"href":"https:\/\/www.terravision.eu\/francese\/wp-json\/wp\/v2\/pages\/13542\/revisions"}],"predecessor-version":[{"id":13546,"href":"https:\/\/www.terravision.eu\/francese\/wp-json\/wp\/v2\/pages\/13542\/revisions\/13546"}],"wp:attachment":[{"href":"https:\/\/www.terravision.eu\/francese\/wp-json\/wp\/v2\/media?parent=13542"}],"curies":[{"name":"wp","href":"https:\/\/api.w.org\/{rel}","templated":true}]}}