{"id":163,"date":"2012-08-09T13:08:02","date_gmt":"2012-08-09T13:08:02","guid":{"rendered":"https:\/\/www.terravision.eu\/how-to-get-to-london\/"},"modified":"2020-04-01T05:36:53","modified_gmt":"2020-04-01T05:36:53","slug":"comment_arriver_londres","status":"publish","type":"page","link":"https:\/\/www.terravision.eu\/francese\/comment_arriver_londres.html","title":{"rendered":"Comment aller \u00e0 Londres"},"content":{"rendered":"<div id=\"article-single\"><strong>En avion<\/strong> Londres est reli\u00e9e \u00e0 l\u2019Europe et au reste du monde grace \u00e0 son r\u00e9seau d\u2019a\u00e9roports: &#8211; Les a\u00e9roports internationaux de Heathrow et Gatwick &#8211; Les a\u00e9roports low cost de Stansted et Luton <strong>En voiture<\/strong> Se rendre \u00e0 Londres en voiture est tr\u00e8s simple grace \u00e0 son r\u00e9seau d\u2019autoroutes: M1-M2-: M1- M2 \u2013 M3 \u2013 M4 \u2013 M11 \u2013 M20 \u2013 M23 \u2013 M25 and M40 et autres Chaque autoroute est reli\u00e9e au p\u00e9riph\u00e9rique M25 pour un acc\u00e8s facile au centre ville. <strong>En train<\/strong> Voyager depuis l\u2019Europe: Eurostar et Eurotunnel Voyager depuis l\u2019Angleterre, Pays de Galles et Ecosse : r\u00e9seau ferroviaire national Distance des villes principales : &#8211; Birmingham: 1 h 30 min &#8211; Manchester: 2 h 15 min &#8211; Newcastle: 3 heure &#8211; Edinburgh: 4 h 30 min &#8211; Glasgow: 5 h <strong>En Ferry<\/strong> Londres est aussi accessible par bateau et ferry, avec transfert en train ou bus depuis la c\u00f4te vers le centre. Les principaux ports : Douvre, Folkestone, Harwich, Ramsgate, Newhaven <strong>Conseil de voyage low cost<\/strong> Achetez une Oyster Card une fois arriv\u00e9s \u00e0 Londres et \u00e9conomisez sur les trajets en bus et metros au quotidien<\/div>\n","protected":false},"excerpt":{"rendered":"<p>En avion Londres est reli\u00e9e \u00e0 l\u2019Europe et au reste du monde grace \u00e0 son r\u00e9seau d\u2019a\u00e9roports: &#8211; Les a\u00e9roports internationaux de Heathrow et Gatwick &#8211; Les a\u00e9roports low cost de Stansted et Luton En voiture Se rendre \u00e0 Londres en voiture est tr\u00e8s simple grace \u00e0 son r\u00e9seau d\u2019autoroutes: M1-M2-: M1- M2 \u2013 M3 [&hellip;]<\/p>\n","protected":false},"author":1,"featured_media":0,"parent":0,"menu_order":0,"comment_status":"open","ping_status":"open","template":"","meta":{"footnotes":""},"class_list":["post-163","page","type-page","status-publish","hentry"],"yoast_head":"<!-- This site is optimized with the Yoast SEO Premium plugin v24.4 (Yoast SEO v24.4) - https:\/\/yoast.com\/wordpress\/plugins\/seo\/ -->\n<title>Comment aller \u00e0 Londres | Terravision<\/title>\n<meta name=\"description\" content=\"Comment aller \u00e0 Londres. Informations sur les moyens de transports, avion, train, voiture ou bus: les solutions les plus rapides et les moins ch\u00e8res.\" \/>\n<meta name=\"robots\" content=\"index, follow, max-snippet:-1, max-image-preview:large, max-video-preview:-1\" \/>\n<link rel=\"canonical\" href=\"https:\/\/www.terravision.eu\/francese\/comment_arriver_londres.html\" \/>\n<meta property=\"og:locale\" content=\"fr_FR\" \/>\n<meta property=\"og:type\" content=\"article\" \/>\n<meta property=\"og:title\" content=\"Comment aller \u00e0 Londres\" \/>\n<meta property=\"og:description\" content=\"Comment aller \u00e0 Londres. Informations sur les moyens de transports, avion, train, voiture ou bus: les solutions les plus rapides et les moins ch\u00e8res.\" \/>\n<meta property=\"og:url\" content=\"https:\/\/www.terravision.eu\/francese\/comment_arriver_londres.html\" \/>\n<meta property=\"og:site_name\" content=\"Terravision France\" \/>\n<meta property=\"article:modified_time\" content=\"2020-04-01T05:36:53+00:00\" \/>\n<meta name=\"twitter:label1\" content=\"Dur\u00e9e de lecture estim\u00e9e\" \/>\n\t<meta name=\"twitter:data1\" content=\"1 minute\" \/>\n<script type=\"application\/ld+json\" class=\"yoast-schema-graph\">{\"@context\":\"https:\/\/schema.org\",\"@graph\":[{\"@type\":\"WebPage\",\"@id\":\"https:\/\/www.terravision.eu\/francese\/comment_arriver_londres.html\",\"url\":\"https:\/\/www.terravision.eu\/francese\/comment_arriver_londres.html\",\"name\":\"Comment aller \u00e0 Londres | Terravision\",\"isPartOf\":{\"@id\":\"https:\/\/www.terravision.eu\/francese\/#website\"},\"datePublished\":\"2012-08-09T13:08:02+00:00\",\"dateModified\":\"2020-04-01T05:36:53+00:00\",\"description\":\"Comment aller \u00e0 Londres. Informations sur les moyens de transports, avion, train, voiture ou bus: les solutions les plus rapides et les moins ch\u00e8res.\",\"breadcrumb\":{\"@id\":\"https:\/\/www.terravision.eu\/francese\/comment_arriver_londres.html#breadcrumb\"},\"inLanguage\":\"fr-FR\",\"potentialAction\":[{\"@type\":\"ReadAction\",\"target\":[\"https:\/\/www.terravision.eu\/francese\/comment_arriver_londres.html\"]}]},{\"@type\":\"BreadcrumbList\",\"@id\":\"https:\/\/www.terravision.eu\/francese\/comment_arriver_londres.html#breadcrumb\",\"itemListElement\":[{\"@type\":\"ListItem\",\"position\":1,\"name\":\"Home\",\"item\":\"https:\/\/www.terravision.eu\/francese\/\"},{\"@type\":\"ListItem\",\"position\":2,\"name\":\"Comment aller \u00e0 Londres\"}]},{\"@type\":\"WebSite\",\"@id\":\"https:\/\/www.terravision.eu\/francese\/#website\",\"url\":\"https:\/\/www.terravision.eu\/francese\/\",\"name\":\"Terravision France\",\"description\":\"Liaisons low-cost vers\/depuis les grands a\u00e9roports europ\u00e9ens\",\"potentialAction\":[{\"@type\":\"SearchAction\",\"target\":{\"@type\":\"EntryPoint\",\"urlTemplate\":\"https:\/\/www.terravision.eu\/francese\/?s={search_term_string}\"},\"query-input\":{\"@type\":\"PropertyValueSpecification\",\"valueRequired\":true,\"valueName\":\"search_term_string\"}}],\"inLanguage\":\"fr-FR\"}]}<\/script>\n<!-- \/ Yoast SEO Premium plugin. -->","yoast_head_json":{"title":"Comment aller \u00e0 Londres | Terravision","description":"Comment aller \u00e0 Londres. Informations sur les moyens de transports, avion, train, voiture ou bus: les solutions les plus rapides et les moins ch\u00e8res.","robots":{"index":"index","follow":"follow","max-snippet":"max-snippet:-1","max-image-preview":"max-image-preview:large","max-video-preview":"max-video-preview:-1"},"canonical":"https:\/\/www.terravision.eu\/francese\/comment_arriver_londres.html","og_locale":"fr_FR","og_type":"article","og_title":"Comment aller \u00e0 Londres","og_description":"Comment aller \u00e0 Londres. Informations sur les moyens de transports, avion, train, voiture ou bus: les solutions les plus rapides et les moins ch\u00e8res.","og_url":"https:\/\/www.terravision.eu\/francese\/comment_arriver_londres.html","og_site_name":"Terravision France","article_modified_time":"2020-04-01T05:36:53+00:00","twitter_misc":{"Dur\u00e9e de lecture estim\u00e9e":"1 minute"},"schema":{"@context":"https:\/\/schema.org","@graph":[{"@type":"WebPage","@id":"https:\/\/www.terravision.eu\/francese\/comment_arriver_londres.html","url":"https:\/\/www.terravision.eu\/francese\/comment_arriver_londres.html","name":"Comment aller \u00e0 Londres | Terravision","isPartOf":{"@id":"https:\/\/www.terravision.eu\/francese\/#website"},"datePublished":"2012-08-09T13:08:02+00:00","dateModified":"2020-04-01T05:36:53+00:00","description":"Comment aller \u00e0 Londres. Informations sur les moyens de transports, avion, train, voiture ou bus: les solutions les plus rapides et les moins ch\u00e8res.","breadcrumb":{"@id":"https:\/\/www.terravision.eu\/francese\/comment_arriver_londres.html#breadcrumb"},"inLanguage":"fr-FR","potentialAction":[{"@type":"ReadAction","target":["https:\/\/www.terravision.eu\/francese\/comment_arriver_londres.html"]}]},{"@type":"BreadcrumbList","@id":"https:\/\/www.terravision.eu\/francese\/comment_arriver_londres.html#breadcrumb","itemListElement":[{"@type":"ListItem","position":1,"name":"Home","item":"https:\/\/www.terravision.eu\/francese\/"},{"@type":"ListItem","position":2,"name":"Comment aller \u00e0 Londres"}]},{"@type":"WebSite","@id":"https:\/\/www.terravision.eu\/francese\/#website","url":"https:\/\/www.terravision.eu\/francese\/","name":"Terravision France","description":"Liaisons low-cost vers\/depuis les grands a\u00e9roports europ\u00e9ens","potentialAction":[{"@type":"SearchAction","target":{"@type":"EntryPoint","urlTemplate":"https:\/\/www.terravision.eu\/francese\/?s={search_term_string}"},"query-input":{"@type":"PropertyValueSpecification","valueRequired":true,"valueName":"search_term_string"}}],"inLanguage":"fr-FR"}]}},"_links":{"self":[{"href":"https:\/\/www.terravision.eu\/francese\/wp-json\/wp\/v2\/pages\/163","targetHints":{"allow":["GET"]}}],"collection":[{"href":"https:\/\/www.terravision.eu\/francese\/wp-json\/wp\/v2\/pages"}],"about":[{"href":"https:\/\/www.terravision.eu\/francese\/wp-json\/wp\/v2\/types\/page"}],"author":[{"embeddable":true,"href":"https:\/\/www.terravision.eu\/francese\/wp-json\/wp\/v2\/users\/1"}],"replies":[{"embeddable":true,"href":"https:\/\/www.terravision.eu\/francese\/wp-json\/wp\/v2\/comments?post=163"}],"version-history":[{"count":2,"href":"https:\/\/www.terravision.eu\/francese\/wp-json\/wp\/v2\/pages\/163\/revisions"}],"predecessor-version":[{"id":13185,"href":"https:\/\/www.terravision.eu\/francese\/wp-json\/wp\/v2\/pages\/163\/revisions\/13185"}],"wp:attachment":[{"href":"https:\/\/www.terravision.eu\/francese\/wp-json\/wp\/v2\/media?parent=163"}],"curies":[{"name":"wp","href":"https:\/\/api.w.org\/{rel}","templated":true}]}}