{"id":178,"date":"2012-08-09T16:16:44","date_gmt":"2012-08-09T16:16:44","guid":{"rendered":"https:\/\/www.terravision.eu\/flights-for-florence-pisa\/"},"modified":"2019-01-08T10:20:34","modified_gmt":"2019-01-08T10:20:34","slug":"vols_florence","status":"publish","type":"page","link":"https:\/\/www.terravision.eu\/francese\/vols_florence.html","title":{"rendered":"Vols de\/\u00e0 Pise &#8211; Florence"},"content":{"rendered":"<div id=\"article-single\">\n<div class=\"title\">Comment trouver des vols pas cher pour <span class=\"strong\"><strong>Pise<\/strong><\/span><\/div>\n<p>Etes-vous \u00e0 la recherch\u00e9 de vols de\/vers Pise? Les a\u00e9roports de <strong>Pise Leonard Da Vinci<\/strong> y <strong>Florence Amerigo Vespucci<\/strong> proposent une large s\u00e9lection de vols internationaux et lowcost.<\/p>\n<p>Reservez maintenant votre vol vers\/d\u00e9part de Londres au meilleur prix! Ici vous trouvez les moteurs de r\u00e9servation pour les vols de ligne et low cost.<\/p>\n<p>Le trafic a\u00e9rien pour la capital de la Toscane est divis\u00e9 entre deux a\u00e9roports: l\u2019a\u00e9roport de Florence, desservi par de nombreuses compagnies a\u00e9riennes nationales et l\u2019a\u00e9roport de Pise qui est le hub pour les vols low cost de Ryanair m\u00eame si de nombreuses compagnies a\u00e9riennes nationales y volent.<\/p>\n<p>Terravision, leader europ\u00e9en de navettes a\u00e9roports en Europe, propose toute une gamme de services entre les a\u00e9roports de Pise et Florence \u00e0 petit prix . Ne manquez pas nos offres et promotions en ligne !<\/p>\n<p>&nbsp;<\/p>\n<\/div>\n","protected":false},"excerpt":{"rendered":"<p>Comment trouver des vols pas cher pour Pise Etes-vous \u00e0 la recherch\u00e9 de vols de\/vers Pise? Les a\u00e9roports de Pise Leonard Da Vinci y Florence Amerigo Vespucci proposent une large s\u00e9lection de vols internationaux et lowcost. Reservez maintenant votre vol vers\/d\u00e9part de Londres au meilleur prix! Ici vous trouvez les moteurs de r\u00e9servation pour les [&hellip;]<\/p>\n","protected":false},"author":1,"featured_media":0,"parent":0,"menu_order":0,"comment_status":"open","ping_status":"open","template":"","meta":{"footnotes":""},"class_list":["post-178","page","type-page","status-publish","hentry"],"yoast_head":"<!-- This site is optimized with the Yoast SEO Premium plugin v24.4 (Yoast SEO v24.4) - https:\/\/yoast.com\/wordpress\/plugins\/seo\/ -->\n<title>Vols pour Florence | Terravision<\/title>\n<meta name=\"description\" content=\"Vols pour Florence (Pise). Trouves des vols pas cher pour Pise (80 kilom\u00e8tres de Florence), comparez les prix et r\u00e9servez!\" \/>\n<meta name=\"robots\" content=\"index, follow, max-snippet:-1, max-image-preview:large, max-video-preview:-1\" \/>\n<link rel=\"canonical\" href=\"https:\/\/www.terravision.eu\/francese\/vols_florence.html\" \/>\n<meta property=\"og:locale\" content=\"fr_FR\" \/>\n<meta property=\"og:type\" content=\"article\" \/>\n<meta property=\"og:title\" content=\"Vols de\/\u00e0 Pise - Florence\" \/>\n<meta property=\"og:description\" content=\"Vols pour Florence (Pise). Trouves des vols pas cher pour Pise (80 kilom\u00e8tres de Florence), comparez les prix et r\u00e9servez!\" \/>\n<meta property=\"og:url\" content=\"https:\/\/www.terravision.eu\/francese\/vols_florence.html\" \/>\n<meta property=\"og:site_name\" content=\"Terravision France\" \/>\n<meta property=\"article:modified_time\" content=\"2019-01-08T10:20:34+00:00\" \/>\n<meta name=\"twitter:label1\" content=\"Dur\u00e9e de lecture estim\u00e9e\" \/>\n\t<meta name=\"twitter:data1\" content=\"1 minute\" \/>\n<script type=\"application\/ld+json\" class=\"yoast-schema-graph\">{\"@context\":\"https:\/\/schema.org\",\"@graph\":[{\"@type\":\"WebPage\",\"@id\":\"https:\/\/www.terravision.eu\/francese\/vols_florence.html\",\"url\":\"https:\/\/www.terravision.eu\/francese\/vols_florence.html\",\"name\":\"Vols pour Florence | Terravision\",\"isPartOf\":{\"@id\":\"https:\/\/www.terravision.eu\/francese\/#website\"},\"datePublished\":\"2012-08-09T16:16:44+00:00\",\"dateModified\":\"2019-01-08T10:20:34+00:00\",\"description\":\"Vols pour Florence (Pise). Trouves des vols pas cher pour Pise (80 kilom\u00e8tres de Florence), comparez les prix et r\u00e9servez!\",\"breadcrumb\":{\"@id\":\"https:\/\/www.terravision.eu\/francese\/vols_florence.html#breadcrumb\"},\"inLanguage\":\"fr-FR\",\"potentialAction\":[{\"@type\":\"ReadAction\",\"target\":[\"https:\/\/www.terravision.eu\/francese\/vols_florence.html\"]}]},{\"@type\":\"BreadcrumbList\",\"@id\":\"https:\/\/www.terravision.eu\/francese\/vols_florence.html#breadcrumb\",\"itemListElement\":[{\"@type\":\"ListItem\",\"position\":1,\"name\":\"Home\",\"item\":\"https:\/\/www.terravision.eu\/francese\/\"},{\"@type\":\"ListItem\",\"position\":2,\"name\":\"Vols de\/\u00e0 Pise &#8211; Florence\"}]},{\"@type\":\"WebSite\",\"@id\":\"https:\/\/www.terravision.eu\/francese\/#website\",\"url\":\"https:\/\/www.terravision.eu\/francese\/\",\"name\":\"Terravision France\",\"description\":\"Liaisons low-cost vers\/depuis les grands a\u00e9roports europ\u00e9ens\",\"potentialAction\":[{\"@type\":\"SearchAction\",\"target\":{\"@type\":\"EntryPoint\",\"urlTemplate\":\"https:\/\/www.terravision.eu\/francese\/?s={search_term_string}\"},\"query-input\":{\"@type\":\"PropertyValueSpecification\",\"valueRequired\":true,\"valueName\":\"search_term_string\"}}],\"inLanguage\":\"fr-FR\"}]}<\/script>\n<!-- \/ Yoast SEO Premium plugin. -->","yoast_head_json":{"title":"Vols pour Florence | Terravision","description":"Vols pour Florence (Pise). Trouves des vols pas cher pour Pise (80 kilom\u00e8tres de Florence), comparez les prix et r\u00e9servez!","robots":{"index":"index","follow":"follow","max-snippet":"max-snippet:-1","max-image-preview":"max-image-preview:large","max-video-preview":"max-video-preview:-1"},"canonical":"https:\/\/www.terravision.eu\/francese\/vols_florence.html","og_locale":"fr_FR","og_type":"article","og_title":"Vols de\/\u00e0 Pise - Florence","og_description":"Vols pour Florence (Pise). Trouves des vols pas cher pour Pise (80 kilom\u00e8tres de Florence), comparez les prix et r\u00e9servez!","og_url":"https:\/\/www.terravision.eu\/francese\/vols_florence.html","og_site_name":"Terravision France","article_modified_time":"2019-01-08T10:20:34+00:00","twitter_misc":{"Dur\u00e9e de lecture estim\u00e9e":"1 minute"},"schema":{"@context":"https:\/\/schema.org","@graph":[{"@type":"WebPage","@id":"https:\/\/www.terravision.eu\/francese\/vols_florence.html","url":"https:\/\/www.terravision.eu\/francese\/vols_florence.html","name":"Vols pour Florence | Terravision","isPartOf":{"@id":"https:\/\/www.terravision.eu\/francese\/#website"},"datePublished":"2012-08-09T16:16:44+00:00","dateModified":"2019-01-08T10:20:34+00:00","description":"Vols pour Florence (Pise). Trouves des vols pas cher pour Pise (80 kilom\u00e8tres de Florence), comparez les prix et r\u00e9servez!","breadcrumb":{"@id":"https:\/\/www.terravision.eu\/francese\/vols_florence.html#breadcrumb"},"inLanguage":"fr-FR","potentialAction":[{"@type":"ReadAction","target":["https:\/\/www.terravision.eu\/francese\/vols_florence.html"]}]},{"@type":"BreadcrumbList","@id":"https:\/\/www.terravision.eu\/francese\/vols_florence.html#breadcrumb","itemListElement":[{"@type":"ListItem","position":1,"name":"Home","item":"https:\/\/www.terravision.eu\/francese\/"},{"@type":"ListItem","position":2,"name":"Vols de\/\u00e0 Pise &#8211; Florence"}]},{"@type":"WebSite","@id":"https:\/\/www.terravision.eu\/francese\/#website","url":"https:\/\/www.terravision.eu\/francese\/","name":"Terravision France","description":"Liaisons low-cost vers\/depuis les grands a\u00e9roports europ\u00e9ens","potentialAction":[{"@type":"SearchAction","target":{"@type":"EntryPoint","urlTemplate":"https:\/\/www.terravision.eu\/francese\/?s={search_term_string}"},"query-input":{"@type":"PropertyValueSpecification","valueRequired":true,"valueName":"search_term_string"}}],"inLanguage":"fr-FR"}]}},"_links":{"self":[{"href":"https:\/\/www.terravision.eu\/francese\/wp-json\/wp\/v2\/pages\/178","targetHints":{"allow":["GET"]}}],"collection":[{"href":"https:\/\/www.terravision.eu\/francese\/wp-json\/wp\/v2\/pages"}],"about":[{"href":"https:\/\/www.terravision.eu\/francese\/wp-json\/wp\/v2\/types\/page"}],"author":[{"embeddable":true,"href":"https:\/\/www.terravision.eu\/francese\/wp-json\/wp\/v2\/users\/1"}],"replies":[{"embeddable":true,"href":"https:\/\/www.terravision.eu\/francese\/wp-json\/wp\/v2\/comments?post=178"}],"version-history":[{"count":3,"href":"https:\/\/www.terravision.eu\/francese\/wp-json\/wp\/v2\/pages\/178\/revisions"}],"predecessor-version":[{"id":12784,"href":"https:\/\/www.terravision.eu\/francese\/wp-json\/wp\/v2\/pages\/178\/revisions\/12784"}],"wp:attachment":[{"href":"https:\/\/www.terravision.eu\/francese\/wp-json\/wp\/v2\/media?parent=178"}],"curies":[{"name":"wp","href":"https:\/\/api.w.org\/{rel}","templated":true}]}}