{"id":201,"date":"2012-08-10T15:22:01","date_gmt":"2012-08-10T15:22:01","guid":{"rendered":"https:\/\/www.terravision.eu\/flights-to-trapanipalermo\/"},"modified":"2020-10-05T13:01:41","modified_gmt":"2020-10-05T13:01:41","slug":"vols_palerme","status":"publish","type":"page","link":"https:\/\/www.terravision.eu\/francese\/vols_palerme.html","title":{"rendered":"Vols Palerme"},"content":{"rendered":"<div id=\"article-single\">\n<div class=\"title\">Comment trouver des vols pas cher pour <span class=\"strong\"><strong>Trapani y Palerme<\/strong><\/span><\/div>\n<p>Etes-vous \u00e0 la recherch\u00e9 de vols de\/vers Paris? Les a\u00e9roports de Trapani propose une large s\u00e9lection de vols internationaux et lowcost.<\/p>\n<p>Reservez maintenant votre vol vers\/d\u00e9part de Londres au meilleur prix! Ici vous trouvez les moteurs de r\u00e9servation pour les vols de ligne et low cost.<\/p>\n<p>R\u00e9server votre vol pas cher pour <strong>Palerme<\/strong> non \u00e0 \u00e9t\u00e9 jamais plus facile!<br \/>\nIci trouvez les plus importantes moteurs pour chercher les vols de aller simple et aller-retour pour Palerme sur la m\u00eame page pour vous garantir une recherche rapide et<br \/>\nune comparaison des offres les plus avantag\u00e9s. R\u00e9servez maintenant votre vol pour visiter Palerme pour avoir meilleur prix garantie en ligne!<\/p>\n<p>Terravision, leader europ\u00e9en de navettes a\u00e9roports en Europe, propose toute une gamme de services entre les a\u00e9roports de Trapani et Palerme \u00e0 petit prix . Ne manquez pas nos offres et promotions en ligne !<\/p>\n<p>var uri = &#8216;http:\/\/impfr.tradedoubler.com\/imp?type(iframe)g(20078832)a(1737154)&#8217; + new String (Math.random()).substring (2, 11);<br \/>\ndocument.write(&#8221;);<\/p>\n<\/div>\n","protected":false},"excerpt":{"rendered":"<p>Comment trouver des vols pas cher pour Trapani y Palerme Etes-vous \u00e0 la recherch\u00e9 de vols de\/vers Paris? Les a\u00e9roports de Trapani propose une large s\u00e9lection de vols internationaux et lowcost. Reservez maintenant votre vol vers\/d\u00e9part de Londres au meilleur prix! Ici vous trouvez les moteurs de r\u00e9servation pour les vols de ligne et low [&hellip;]<\/p>\n","protected":false},"author":1,"featured_media":0,"parent":0,"menu_order":0,"comment_status":"open","ping_status":"open","template":"","meta":{"footnotes":""},"class_list":["post-201","page","type-page","status-publish","hentry"],"yoast_head":"<!-- This site is optimized with the Yoast SEO Premium plugin v24.4 (Yoast SEO v24.4) - https:\/\/yoast.com\/wordpress\/plugins\/seo\/ -->\n<title>Vols Palerme | Terravision<\/title>\n<meta name=\"description\" content=\"Vols Palerme - Vols pas cher de\/\u00e0 Palerme (A\u00e9roport de Trapani Birgi), comparez les prix et reservez!\" \/>\n<meta name=\"robots\" content=\"index, follow, max-snippet:-1, max-image-preview:large, max-video-preview:-1\" \/>\n<link rel=\"canonical\" href=\"https:\/\/www.terravision.eu\/francese\/vols_palerme.html\" \/>\n<meta property=\"og:locale\" content=\"fr_FR\" \/>\n<meta property=\"og:type\" content=\"article\" \/>\n<meta property=\"og:title\" content=\"Vols Palerme\" \/>\n<meta property=\"og:description\" content=\"Vols Palerme - Vols pas cher de\/\u00e0 Palerme (A\u00e9roport de Trapani Birgi), comparez les prix et reservez!\" \/>\n<meta property=\"og:url\" content=\"https:\/\/www.terravision.eu\/francese\/vols_palerme.html\" \/>\n<meta property=\"og:site_name\" content=\"Terravision France\" \/>\n<meta property=\"article:modified_time\" content=\"2020-10-05T13:01:41+00:00\" \/>\n<meta name=\"twitter:label1\" content=\"Est. reading time\" \/>\n\t<meta name=\"twitter:data1\" content=\"1 minute\" \/>\n<script type=\"application\/ld+json\" class=\"yoast-schema-graph\">{\"@context\":\"https:\/\/schema.org\",\"@graph\":[{\"@type\":\"WebPage\",\"@id\":\"https:\/\/www.terravision.eu\/francese\/vols_palerme.html\",\"url\":\"https:\/\/www.terravision.eu\/francese\/vols_palerme.html\",\"name\":\"Vols Palerme | Terravision\",\"isPartOf\":{\"@id\":\"https:\/\/www.terravision.eu\/francese\/#website\"},\"datePublished\":\"2012-08-10T15:22:01+00:00\",\"dateModified\":\"2020-10-05T13:01:41+00:00\",\"description\":\"Vols Palerme - Vols pas cher de\/\u00e0 Palerme (A\u00e9roport de Trapani Birgi), comparez les prix et reservez!\",\"breadcrumb\":{\"@id\":\"https:\/\/www.terravision.eu\/francese\/vols_palerme.html#breadcrumb\"},\"inLanguage\":\"fr-FR\",\"potentialAction\":[{\"@type\":\"ReadAction\",\"target\":[\"https:\/\/www.terravision.eu\/francese\/vols_palerme.html\"]}]},{\"@type\":\"BreadcrumbList\",\"@id\":\"https:\/\/www.terravision.eu\/francese\/vols_palerme.html#breadcrumb\",\"itemListElement\":[{\"@type\":\"ListItem\",\"position\":1,\"name\":\"Home\",\"item\":\"https:\/\/www.terravision.eu\/francese\/\"},{\"@type\":\"ListItem\",\"position\":2,\"name\":\"Vols Palerme\"}]},{\"@type\":\"WebSite\",\"@id\":\"https:\/\/www.terravision.eu\/francese\/#website\",\"url\":\"https:\/\/www.terravision.eu\/francese\/\",\"name\":\"Terravision France\",\"description\":\"Liaisons low-cost vers\/depuis les grands a\u00e9roports europ\u00e9ens\",\"potentialAction\":[{\"@type\":\"SearchAction\",\"target\":{\"@type\":\"EntryPoint\",\"urlTemplate\":\"https:\/\/www.terravision.eu\/francese\/?s={search_term_string}\"},\"query-input\":{\"@type\":\"PropertyValueSpecification\",\"valueRequired\":true,\"valueName\":\"search_term_string\"}}],\"inLanguage\":\"fr-FR\"}]}<\/script>\n<!-- \/ Yoast SEO Premium plugin. -->","yoast_head_json":{"title":"Vols Palerme | Terravision","description":"Vols Palerme - Vols pas cher de\/\u00e0 Palerme (A\u00e9roport de Trapani Birgi), comparez les prix et reservez!","robots":{"index":"index","follow":"follow","max-snippet":"max-snippet:-1","max-image-preview":"max-image-preview:large","max-video-preview":"max-video-preview:-1"},"canonical":"https:\/\/www.terravision.eu\/francese\/vols_palerme.html","og_locale":"fr_FR","og_type":"article","og_title":"Vols Palerme","og_description":"Vols Palerme - Vols pas cher de\/\u00e0 Palerme (A\u00e9roport de Trapani Birgi), comparez les prix et reservez!","og_url":"https:\/\/www.terravision.eu\/francese\/vols_palerme.html","og_site_name":"Terravision France","article_modified_time":"2020-10-05T13:01:41+00:00","twitter_misc":{"Est. reading time":"1 minute"},"schema":{"@context":"https:\/\/schema.org","@graph":[{"@type":"WebPage","@id":"https:\/\/www.terravision.eu\/francese\/vols_palerme.html","url":"https:\/\/www.terravision.eu\/francese\/vols_palerme.html","name":"Vols Palerme | Terravision","isPartOf":{"@id":"https:\/\/www.terravision.eu\/francese\/#website"},"datePublished":"2012-08-10T15:22:01+00:00","dateModified":"2020-10-05T13:01:41+00:00","description":"Vols Palerme - Vols pas cher de\/\u00e0 Palerme (A\u00e9roport de Trapani Birgi), comparez les prix et reservez!","breadcrumb":{"@id":"https:\/\/www.terravision.eu\/francese\/vols_palerme.html#breadcrumb"},"inLanguage":"fr-FR","potentialAction":[{"@type":"ReadAction","target":["https:\/\/www.terravision.eu\/francese\/vols_palerme.html"]}]},{"@type":"BreadcrumbList","@id":"https:\/\/www.terravision.eu\/francese\/vols_palerme.html#breadcrumb","itemListElement":[{"@type":"ListItem","position":1,"name":"Home","item":"https:\/\/www.terravision.eu\/francese\/"},{"@type":"ListItem","position":2,"name":"Vols Palerme"}]},{"@type":"WebSite","@id":"https:\/\/www.terravision.eu\/francese\/#website","url":"https:\/\/www.terravision.eu\/francese\/","name":"Terravision France","description":"Liaisons low-cost vers\/depuis les grands a\u00e9roports europ\u00e9ens","potentialAction":[{"@type":"SearchAction","target":{"@type":"EntryPoint","urlTemplate":"https:\/\/www.terravision.eu\/francese\/?s={search_term_string}"},"query-input":{"@type":"PropertyValueSpecification","valueRequired":true,"valueName":"search_term_string"}}],"inLanguage":"fr-FR"}]}},"_links":{"self":[{"href":"https:\/\/www.terravision.eu\/francese\/wp-json\/wp\/v2\/pages\/201","targetHints":{"allow":["GET"]}}],"collection":[{"href":"https:\/\/www.terravision.eu\/francese\/wp-json\/wp\/v2\/pages"}],"about":[{"href":"https:\/\/www.terravision.eu\/francese\/wp-json\/wp\/v2\/types\/page"}],"author":[{"embeddable":true,"href":"https:\/\/www.terravision.eu\/francese\/wp-json\/wp\/v2\/users\/1"}],"replies":[{"embeddable":true,"href":"https:\/\/www.terravision.eu\/francese\/wp-json\/wp\/v2\/comments?post=201"}],"version-history":[{"count":1,"href":"https:\/\/www.terravision.eu\/francese\/wp-json\/wp\/v2\/pages\/201\/revisions"}],"predecessor-version":[{"id":13097,"href":"https:\/\/www.terravision.eu\/francese\/wp-json\/wp\/v2\/pages\/201\/revisions\/13097"}],"wp:attachment":[{"href":"https:\/\/www.terravision.eu\/francese\/wp-json\/wp\/v2\/media?parent=201"}],"curies":[{"name":"wp","href":"https:\/\/api.w.org\/{rel}","templated":true}]}}