{"id":20381,"date":"2025-03-19T08:45:10","date_gmt":"2025-03-19T08:45:10","guid":{"rendered":"https:\/\/www.terravision.eu\/francese\/?page_id=20381"},"modified":"2025-09-24T14:10:17","modified_gmt":"2025-09-24T14:10:17","slug":"programme-de-fidelite","status":"publish","type":"page","link":"https:\/\/www.terravision.eu\/francese\/programme-de-fidelite.html","title":{"rendered":"Programme de fid\u00e9lit\u00e9"},"content":{"rendered":"<p>&nbsp;<\/p>\n<div class=\"d-grid main-point\">\n<div class=\"overflow-hidden elem-left\">\n<div class=\"separator-trv-n z-index-1 p-relative mb-10\"><\/div>\n<div class=\"d-flex\" style=\"gap: 23px; margin-bottom: 30px;\">\n<h3 class=\"h3-Barlow-36pt-3\" style=\"margin-bottom: 0;\"><strong>Comment \u00e7a marche ?<\/strong><\/h3>\n<\/div>\n<p class=\"text-standard\">Enregistre-toi gratuitement et gagnez des points \u00e0 chaque voyage.<br \/>\nChaque titulaire d\u2019un compte Terravision sera automatiquement \u00e9crit au programme fid\u00e9lit\u00e9 et il gagnera des points avec son achat.<\/p>\n<div class=\"row gap-30 grid-max-content mt-30\">\n<div class=\"p-0 border-radius single-card p-relative\">\n<div class=\"row\" style=\"height: 100%;\">\n<div class=\"col align-self-center pr-0 pl-m-0\">\n<div class=\"overflow-hidden\">\n<div class=\"d-flex justify-content-center\" style=\"gap: 23px;\">\n<h3 class=\"h1-Barlow-60pt-3\" style=\"margin-bottom: 0;\">1\u20ac = <span class=\"h1-Barlow-60pt-4\">1 point<\/span><\/h3>\n<\/div>\n<\/div>\n<\/div>\n<\/div>\n<\/div>\n<\/div>\n<p><a class=\"btn btn-primary-trv z-index-1 position-relative mt-25\" href=\"https:\/\/www.terravision.eu\/tedesco\/files\/2025\/03\/TERRAVISION-LOYALTY-PROGRAM_updated-Terms-and-Conditions_nov22.pdf\">R\u00e8glements<\/a><\/p>\n<p>&nbsp;<\/p>\n<div class=\"separator-trv-n z-index-1 p-relative mb-10 mt-60\"><\/div>\n<div class=\"d-flex\" style=\"gap: 23px; margin-bottom: 30px;\">\n<h3 class=\"h3-Barlow-36pt-3\" style=\"margin-bottom: 0;\"><strong>Comment \u00e9changer vos points ?<\/strong><\/h3>\n<\/div>\n<p class=\"text-standard\">Vous pouvez v\u00e9rifier vos points \u00e0 travers de votre compte Terravision :<br \/>\nAcc\u00e9dez \u00e0 votre espace personnel et \u00e9changer vos points ; une fois que vous avez \u00e9changer vos points on g\u00e9n\u00e9rera un code \u00e0 usage unique, valable pendant 8 mois.<\/p>\n<p>Si vous avez des questions, veuillez nous contacter en \u00e9crivant \u00e0 <a href=\"mailto:loyalprogram@terravision.eu\">loyalprogram@terravision.eu<\/a>.<\/p>\n<p><span class=\"small-Barlow-14pt-8\"><br \/>\n*Le programme ce n\u2019est pas destin\u00e9 aux clients titulaires d\u2019un compte d\u2019agents&amp;affili\u00e9s.<br \/>\n<\/span><\/p>\n<\/div>\n<div class=\"overflow-hidden elem-right\">\n<div class=\"d-grid laterl-info\">\n<div class=\"row\">\n<div class=\"col-lg-12\">\n<div class=\"bg-light bradius-25 overflow-hidden cont-table\">\n<table class=\"table-bordered table-trv text-center table-trv-t\">\n<thead>\n<tr>\n<th class=\"pt-15 pb-15\" style=\"width: 50%;\"><span class=\"btn-Barlow-16pt p-l-r-t text-uppercase\"><strong>Vos points<\/strong><\/span><\/th>\n<th class=\"pt-15 pb-15\" style=\"width: 50%;\"><span class=\"btn-Barlow-16pt p-l-r-t text-uppercase\"><strong>Vos remises<\/strong><\/span><\/th>\n<\/tr>\n<\/thead>\n<tbody>\n<tr class=\"border-table\">\n<td class=\"pt-15 pb-15\">\n<div>\n<p><span class=\"h5-Barlow-22pt-4\">25<\/span><\/p>\n<p class=\"small-Barlow-14pt-6\">points<\/p>\n<\/div>\n<\/td>\n<td class=\"pt-15 pb-15\">\n<div>\n<p><span class=\"h5-Barlow-22pt-4\">5%<\/span><\/p>\n<p class=\"small-Barlow-14pt-6\">rabais<\/p>\n<\/div>\n<\/td>\n<\/tr>\n<tr class=\"border-table\">\n<td class=\"pt-15 pb-15\">\n<div>\n<p><span class=\"h5-Barlow-22pt-4\">50<\/span><\/p>\n<p class=\"small-Barlow-14pt-6\">points<\/p>\n<\/div>\n<\/td>\n<td class=\"pt-15 pb-15\">\n<div>\n<p><span class=\"h5-Barlow-22pt-4\">10%<\/span><\/p>\n<p class=\"small-Barlow-14pt-6\">rabais<\/p>\n<\/div>\n<\/td>\n<\/tr>\n<tr class=\"border-table\">\n<td class=\"pt-15 pb-15\">\n<div>\n<p><span class=\"h5-Barlow-22pt-4\">80<\/span><\/p>\n<p class=\"small-Barlow-14pt-6\">points<\/p>\n<\/div>\n<\/td>\n<td class=\"pt-15 pb-15\">\n<div>\n<p><span class=\"h5-Barlow-22pt-4\">15%<\/span><\/p>\n<p class=\"small-Barlow-14pt-6\">rabais<\/p>\n<\/div>\n<\/td>\n<\/tr>\n<tr class=\"border-table\">\n<td class=\"pt-15 pb-15\">\n<div>\n<p><span class=\"h5-Barlow-22pt-4\">100<\/span><\/p>\n<p class=\"small-Barlow-14pt-6\">points<\/p>\n<\/div>\n<\/td>\n<td class=\"pt-15 pb-15\">\n<div>\n<p><span class=\"h5-Barlow-22pt-4\">25%<\/span><\/p>\n<p class=\"small-Barlow-14pt-6\">rabais<\/p>\n<\/div>\n<\/td>\n<\/tr>\n<\/tbody>\n<\/table>\n<\/div>\n<\/div>\n<\/div>\n<\/div>\n<\/div>\n<\/div>\n","protected":false},"excerpt":{"rendered":"<p>&nbsp; Comment \u00e7a marche ? Enregistre-toi gratuitement et gagnez des points \u00e0 chaque voyage. Chaque titulaire d\u2019un compte Terravision sera automatiquement \u00e9crit au programme fid\u00e9lit\u00e9 et il gagnera des points avec son achat. 1\u20ac = 1 point R\u00e8glements &nbsp; Comment \u00e9changer vos points ? Vous pouvez v\u00e9rifier vos points \u00e0 travers de votre compte Terravision [&hellip;]<\/p>\n","protected":false},"author":135,"featured_media":0,"parent":0,"menu_order":0,"comment_status":"closed","ping_status":"closed","template":"page-terravision-loyalty-program.php","meta":{"footnotes":""},"class_list":["post-20381","page","type-page","status-publish","hentry"],"yoast_head":"<!-- This site is optimized with the Yoast SEO Premium plugin v24.4 (Yoast SEO v24.4) - https:\/\/yoast.com\/wordpress\/plugins\/seo\/ -->\n<title>Programme de fid\u00e9lit\u00e9 | Terravision France<\/title>\n<meta name=\"robots\" content=\"index, follow, max-snippet:-1, max-image-preview:large, max-video-preview:-1\" \/>\n<link rel=\"canonical\" href=\"https:\/\/www.terravision.eu\/francese\/programme-de-fidelite.html\" \/>\n<meta property=\"og:locale\" content=\"fr_FR\" \/>\n<meta property=\"og:type\" content=\"article\" \/>\n<meta property=\"og:title\" content=\"Programme de fid\u00e9lit\u00e9\" \/>\n<meta property=\"og:description\" content=\"&nbsp; Comment \u00e7a marche ? Enregistre-toi gratuitement et gagnez des points \u00e0 chaque voyage. Chaque titulaire d\u2019un compte Terravision sera automatiquement \u00e9crit au programme fid\u00e9lit\u00e9 et il gagnera des points avec son achat. 1\u20ac = 1 point R\u00e8glements &nbsp; Comment \u00e9changer vos points ? Vous pouvez v\u00e9rifier vos points \u00e0 travers de votre compte Terravision [&hellip;]\" \/>\n<meta property=\"og:url\" content=\"https:\/\/www.terravision.eu\/francese\/programme-de-fidelite.html\" \/>\n<meta property=\"og:site_name\" content=\"Terravision France\" \/>\n<meta property=\"article:modified_time\" content=\"2025-09-24T14:10:17+00:00\" \/>\n<meta name=\"twitter:label1\" content=\"Dur\u00e9e de lecture estim\u00e9e\" \/>\n\t<meta name=\"twitter:data1\" content=\"1 minute\" \/>\n<script type=\"application\/ld+json\" class=\"yoast-schema-graph\">{\"@context\":\"https:\/\/schema.org\",\"@graph\":[{\"@type\":\"WebPage\",\"@id\":\"https:\/\/www.terravision.eu\/francese\/programme-de-fidelite.html\",\"url\":\"https:\/\/www.terravision.eu\/francese\/programme-de-fidelite.html\",\"name\":\"Programme de fid\u00e9lit\u00e9 | Terravision France\",\"isPartOf\":{\"@id\":\"https:\/\/www.terravision.eu\/francese\/#website\"},\"datePublished\":\"2025-03-19T08:45:10+00:00\",\"dateModified\":\"2025-09-24T14:10:17+00:00\",\"breadcrumb\":{\"@id\":\"https:\/\/www.terravision.eu\/francese\/programme-de-fidelite.html#breadcrumb\"},\"inLanguage\":\"fr-FR\",\"potentialAction\":[{\"@type\":\"ReadAction\",\"target\":[\"https:\/\/www.terravision.eu\/francese\/programme-de-fidelite.html\"]}]},{\"@type\":\"BreadcrumbList\",\"@id\":\"https:\/\/www.terravision.eu\/francese\/programme-de-fidelite.html#breadcrumb\",\"itemListElement\":[{\"@type\":\"ListItem\",\"position\":1,\"name\":\"Home\",\"item\":\"https:\/\/www.terravision.eu\/francese\/\"},{\"@type\":\"ListItem\",\"position\":2,\"name\":\"Programme de fid\u00e9lit\u00e9\"}]},{\"@type\":\"WebSite\",\"@id\":\"https:\/\/www.terravision.eu\/francese\/#website\",\"url\":\"https:\/\/www.terravision.eu\/francese\/\",\"name\":\"Terravision France\",\"description\":\"Liaisons low-cost vers\/depuis les grands a\u00e9roports europ\u00e9ens\",\"potentialAction\":[{\"@type\":\"SearchAction\",\"target\":{\"@type\":\"EntryPoint\",\"urlTemplate\":\"https:\/\/www.terravision.eu\/francese\/?s={search_term_string}\"},\"query-input\":{\"@type\":\"PropertyValueSpecification\",\"valueRequired\":true,\"valueName\":\"search_term_string\"}}],\"inLanguage\":\"fr-FR\"}]}<\/script>\n<!-- \/ Yoast SEO Premium plugin. -->","yoast_head_json":{"title":"Programme de fid\u00e9lit\u00e9 | Terravision France","robots":{"index":"index","follow":"follow","max-snippet":"max-snippet:-1","max-image-preview":"max-image-preview:large","max-video-preview":"max-video-preview:-1"},"canonical":"https:\/\/www.terravision.eu\/francese\/programme-de-fidelite.html","og_locale":"fr_FR","og_type":"article","og_title":"Programme de fid\u00e9lit\u00e9","og_description":"&nbsp; Comment \u00e7a marche ? Enregistre-toi gratuitement et gagnez des points \u00e0 chaque voyage. Chaque titulaire d\u2019un compte Terravision sera automatiquement \u00e9crit au programme fid\u00e9lit\u00e9 et il gagnera des points avec son achat. 1\u20ac = 1 point R\u00e8glements &nbsp; Comment \u00e9changer vos points ? Vous pouvez v\u00e9rifier vos points \u00e0 travers de votre compte Terravision [&hellip;]","og_url":"https:\/\/www.terravision.eu\/francese\/programme-de-fidelite.html","og_site_name":"Terravision France","article_modified_time":"2025-09-24T14:10:17+00:00","twitter_misc":{"Dur\u00e9e de lecture estim\u00e9e":"1 minute"},"schema":{"@context":"https:\/\/schema.org","@graph":[{"@type":"WebPage","@id":"https:\/\/www.terravision.eu\/francese\/programme-de-fidelite.html","url":"https:\/\/www.terravision.eu\/francese\/programme-de-fidelite.html","name":"Programme de fid\u00e9lit\u00e9 | Terravision France","isPartOf":{"@id":"https:\/\/www.terravision.eu\/francese\/#website"},"datePublished":"2025-03-19T08:45:10+00:00","dateModified":"2025-09-24T14:10:17+00:00","breadcrumb":{"@id":"https:\/\/www.terravision.eu\/francese\/programme-de-fidelite.html#breadcrumb"},"inLanguage":"fr-FR","potentialAction":[{"@type":"ReadAction","target":["https:\/\/www.terravision.eu\/francese\/programme-de-fidelite.html"]}]},{"@type":"BreadcrumbList","@id":"https:\/\/www.terravision.eu\/francese\/programme-de-fidelite.html#breadcrumb","itemListElement":[{"@type":"ListItem","position":1,"name":"Home","item":"https:\/\/www.terravision.eu\/francese\/"},{"@type":"ListItem","position":2,"name":"Programme de fid\u00e9lit\u00e9"}]},{"@type":"WebSite","@id":"https:\/\/www.terravision.eu\/francese\/#website","url":"https:\/\/www.terravision.eu\/francese\/","name":"Terravision France","description":"Liaisons low-cost vers\/depuis les grands a\u00e9roports europ\u00e9ens","potentialAction":[{"@type":"SearchAction","target":{"@type":"EntryPoint","urlTemplate":"https:\/\/www.terravision.eu\/francese\/?s={search_term_string}"},"query-input":{"@type":"PropertyValueSpecification","valueRequired":true,"valueName":"search_term_string"}}],"inLanguage":"fr-FR"}]}},"_links":{"self":[{"href":"https:\/\/www.terravision.eu\/francese\/wp-json\/wp\/v2\/pages\/20381","targetHints":{"allow":["GET"]}}],"collection":[{"href":"https:\/\/www.terravision.eu\/francese\/wp-json\/wp\/v2\/pages"}],"about":[{"href":"https:\/\/www.terravision.eu\/francese\/wp-json\/wp\/v2\/types\/page"}],"author":[{"embeddable":true,"href":"https:\/\/www.terravision.eu\/francese\/wp-json\/wp\/v2\/users\/135"}],"replies":[{"embeddable":true,"href":"https:\/\/www.terravision.eu\/francese\/wp-json\/wp\/v2\/comments?post=20381"}],"version-history":[{"count":10,"href":"https:\/\/www.terravision.eu\/francese\/wp-json\/wp\/v2\/pages\/20381\/revisions"}],"predecessor-version":[{"id":20448,"href":"https:\/\/www.terravision.eu\/francese\/wp-json\/wp\/v2\/pages\/20381\/revisions\/20448"}],"wp:attachment":[{"href":"https:\/\/www.terravision.eu\/francese\/wp-json\/wp\/v2\/media?parent=20381"}],"curies":[{"name":"wp","href":"https:\/\/api.w.org\/{rel}","templated":true}]}}