{"id":20410,"date":"2025-03-25T10:32:52","date_gmt":"2025-03-25T10:32:52","guid":{"rendered":"https:\/\/www.terravision.eu\/francese\/?page_id=20410"},"modified":"2025-08-19T12:33:06","modified_gmt":"2025-08-19T12:33:06","slug":"programme-dagents-terravision","status":"publish","type":"page","link":"https:\/\/www.terravision.eu\/francese\/programme-dagents-terravision.html","title":{"rendered":"Programme d&#8217;agents Terravision"},"content":{"rendered":"<div class=\"bg-tertiary-trv p-trv-1\">\n<div class=\"container text-standard\">\n<div class=\"row\" style=\"height: 100%;\">\n<div class=\"col align-self-center pl-30 pr-0 pl-m-0\">\n<div class=\"overflow-hidden\">\n<div class=\"separator-trv-n z-index-1 p-relative mb-10\"><\/div>\n<div class=\"d-flex\" style=\"gap: 23px; margin-bottom: 30px;\">\n<h3 class=\"h3-Barlow-36pt-3\" style=\"margin-bottom: 0;\">Pourquoi devenir un agent Terravision ?<\/h3>\n<\/div>\n<\/div>\n<\/div>\n<\/div>\n<div class=\"row\" style=\"height: 100%;\">\n<div class=\"col align-self-center pl-30 pr-0 pl-m-0\">\n<div class=\"overflow-hidden column-trv-2-1\">\n<div class=\"grid-list-icon\" style=\"gap: 23px; margin-bottom: 30px;\">\n<p><img decoding=\"async\" src=\"https:\/\/www.terravision.eu\/wp-content\/blogs.dir\/9\/files\/2025\/03\/icon-check-list.png\" \/><\/p>\n<p class=\"h5-Barlow-22pt\" style=\"margin-bottom: 0;\">C&#8217;est gratuit!<\/p>\n<\/div>\n<div class=\"grid-list-icon\" style=\"gap: 23px; margin-bottom: 30px;\">\n<p><img decoding=\"async\" src=\"https:\/\/www.terravision.eu\/wp-content\/blogs.dir\/9\/files\/2025\/03\/icon-check-list.png\" \/><\/p>\n<p class=\"h5-Barlow-22pt\" style=\"margin-bottom: 0;\">Nous offrons une commission attrayante : 5%<\/p>\n<\/div>\n<div class=\"grid-list-icon\" style=\"gap: 23px; margin-bottom: 30px;\">\n<p><img decoding=\"async\" src=\"https:\/\/www.terravision.eu\/wp-content\/blogs.dir\/9\/files\/2025\/03\/icon-check-list.png\" \/><\/p>\n<p class=\"h5-Barlow-22pt\" style=\"margin-bottom: 0;\">Notre plateforme est facile \u00e0 utiliser<\/p>\n<\/div>\n<div class=\"grid-list-icon\" style=\"gap: 23px; margin-bottom: 30px;\">\n<p><img decoding=\"async\" src=\"https:\/\/www.terravision.eu\/wp-content\/blogs.dir\/9\/files\/2025\/03\/icon-check-list.png\" \/><\/p>\n<p class=\"h5-Barlow-22pt\" style=\"margin-bottom: 0;\">Sur la page affich\u00e9e, vous pouvez consulter l&#8217;historique de vos achats, modifier vos donn\u00e9es et voir l&#8217;\u00e9tat d&#8217;avancement de vos demandes.<\/p>\n<\/div>\n<div class=\"grid-list-icon\" style=\"gap: 23px; margin-bottom: 30px;\">\n<p><img decoding=\"async\" src=\"https:\/\/www.terravision.eu\/wp-content\/blogs.dir\/9\/files\/2025\/03\/icon-check-list.png\" \/><\/p>\n<p class=\"h5-Barlow-22pt\" style=\"margin-bottom: 0;\">Acc\u00e8s aux statistiques en ligne<\/p>\n<\/div>\n<div class=\"grid-list-icon\" style=\"gap: 23px; margin-bottom: 30px;\">\n<p><img decoding=\"async\" src=\"https:\/\/www.terravision.eu\/wp-content\/blogs.dir\/9\/files\/2025\/03\/icon-check-list.png\" \/><\/p>\n<p class=\"h5-Barlow-22pt\" style=\"margin-bottom: 0;\">Assistance quotidienne de notre \u00e9quipe<\/p>\n<\/div>\n<\/div>\n<\/div>\n<\/div>\n<\/div>\n<\/div>\n<div class=\"bg-light p-trv-1\">\n<div class=\"container text-standard\">\n<div class=\"row pb-60\" style=\"height: 100%;\">\n<div class=\"col align-self-center pl-30 pr-0 pl-m-0\">\n<div class=\"overflow-hidden\">\n<div class=\"separator-trv-n z-index-1 p-relative mb-10\"><\/div>\n<div class=\"d-flex\" style=\"gap: 23px; margin-bottom: 30px;\">\n<h3 class=\"h3-Barlow-36pt-3\" style=\"margin-bottom: 0;\">Comment cela fonctionne-t-il?<\/h3>\n<\/div>\n<p class=\"text-standard\">Une fois votre inscription effectu\u00e9e et accept\u00e9e, vous recevrez un e-mail de confirmation de notre syst\u00e8me contenant les donn\u00e9es n\u00e9cessaires pour vous connecter et acc\u00e9der \u00e0 la plateforme d&#8217;affiliation Terravision.<br \/>\nVous pouvez maintenant r\u00e9server des billets avec une r\u00e9duction de 5%! Si vous avez des questions, veuillez nous contacter en \u00e9crivant \u00e0 <a href=\"mailto=affiliation@terravision.eu\">affiliation@terravision.eu<\/a><\/p>\n<p><a class=\"btn btn-primary-trv z-index-1 position-relative mt-25\" href=\"https:\/\/book-api-u48n3w6.terravision.eu\/fr\/partner-registration\/agent\">S&#8217;inscrire comme agent<\/a><\/p>\n<\/div>\n<\/div>\n<\/div>\n<div class=\"row gap-30\">\n<div class=\"col p-0 text-center\">\n<p><img decoding=\"async\" src=\"https:\/\/www.terravision.eu\/wp-content\/blogs.dir\/9\/files\/2025\/03\/icon-bus-plus.png\" \/><\/p>\n<h5 class=\"text-uppercase h5-Barlow-22pt-5\">Offrez \u00e0 vos clients des services de terravision<\/h5>\n<\/div>\n<div class=\"col p-0 text-center\">\n<p><img decoding=\"async\" src=\"https:\/\/www.terravision.eu\/wp-content\/blogs.dir\/9\/files\/2025\/03\/icon-percentage.png\" \/><\/p>\n<h5 class=\"text-uppercase h5-Barlow-22pt-5\">Acheter des services sur www.terravision.eu<\/h5>\n<\/div>\n<div class=\"col p-0 text-center\">\n<p><img decoding=\"async\" src=\"https:\/\/www.terravision.eu\/wp-content\/blogs.dir\/9\/files\/2025\/03\/icon-ticket.png\" \/><\/p>\n<h5 class=\"text-uppercase h5-Barlow-22pt-5\">Recevoir une commission de 5% sur les billets vendus<\/h5>\n<\/div>\n<\/div>\n<\/div>\n<\/div>\n","protected":false},"excerpt":{"rendered":"<p>Pourquoi devenir un agent Terravision ? C&#8217;est gratuit! Nous offrons une commission attrayante : 5% Notre plateforme est facile \u00e0 utiliser Sur la page affich\u00e9e, vous pouvez consulter l&#8217;historique de vos achats, modifier vos donn\u00e9es et voir l&#8217;\u00e9tat d&#8217;avancement de vos demandes. Acc\u00e8s aux statistiques en ligne Assistance quotidienne de notre \u00e9quipe Comment cela fonctionne-t-il? [&hellip;]<\/p>\n","protected":false},"author":131,"featured_media":0,"parent":0,"menu_order":0,"comment_status":"closed","ping_status":"closed","template":"page-terravision-agents-program.php","meta":{"footnotes":""},"class_list":["post-20410","page","type-page","status-publish","hentry"],"yoast_head":"<!-- This site is optimized with the Yoast SEO Premium plugin v24.4 (Yoast SEO v24.4) - https:\/\/yoast.com\/wordpress\/plugins\/seo\/ -->\n<title>Programme d&#039;agents Terravision | Terravision France<\/title>\n<meta name=\"robots\" content=\"index, follow, max-snippet:-1, max-image-preview:large, max-video-preview:-1\" \/>\n<link rel=\"canonical\" href=\"https:\/\/www.terravision.eu\/francese\/programme-dagents-terravision.html\" \/>\n<meta property=\"og:locale\" content=\"fr_FR\" \/>\n<meta property=\"og:type\" content=\"article\" \/>\n<meta property=\"og:title\" content=\"Programme d&#039;agents Terravision\" \/>\n<meta property=\"og:description\" content=\"Pourquoi devenir un agent Terravision ? C&#8217;est gratuit! Nous offrons une commission attrayante : 5% Notre plateforme est facile \u00e0 utiliser Sur la page affich\u00e9e, vous pouvez consulter l&#8217;historique de vos achats, modifier vos donn\u00e9es et voir l&#8217;\u00e9tat d&#8217;avancement de vos demandes. Acc\u00e8s aux statistiques en ligne Assistance quotidienne de notre \u00e9quipe Comment cela fonctionne-t-il? [&hellip;]\" \/>\n<meta property=\"og:url\" content=\"https:\/\/www.terravision.eu\/francese\/programme-dagents-terravision.html\" \/>\n<meta property=\"og:site_name\" content=\"Terravision France\" \/>\n<meta property=\"article:modified_time\" content=\"2025-08-19T12:33:06+00:00\" \/>\n<meta property=\"og:image\" content=\"https:\/\/www.terravision.eu\/wp-content\/blogs.dir\/9\/files\/2025\/03\/icon-check-list.png\" \/>\n<meta name=\"twitter:label1\" content=\"Dur\u00e9e de lecture estim\u00e9e\" \/>\n\t<meta name=\"twitter:data1\" content=\"3 minutes\" \/>\n<script type=\"application\/ld+json\" class=\"yoast-schema-graph\">{\"@context\":\"https:\/\/schema.org\",\"@graph\":[{\"@type\":\"WebPage\",\"@id\":\"https:\/\/www.terravision.eu\/francese\/programme-dagents-terravision.html\",\"url\":\"https:\/\/www.terravision.eu\/francese\/programme-dagents-terravision.html\",\"name\":\"Programme d'agents Terravision | Terravision France\",\"isPartOf\":{\"@id\":\"https:\/\/www.terravision.eu\/francese\/#website\"},\"primaryImageOfPage\":{\"@id\":\"https:\/\/www.terravision.eu\/francese\/programme-dagents-terravision.html#primaryimage\"},\"image\":{\"@id\":\"https:\/\/www.terravision.eu\/francese\/programme-dagents-terravision.html#primaryimage\"},\"thumbnailUrl\":\"https:\/\/www.terravision.eu\/wp-content\/blogs.dir\/9\/files\/2025\/03\/icon-check-list.png\",\"datePublished\":\"2025-03-25T10:32:52+00:00\",\"dateModified\":\"2025-08-19T12:33:06+00:00\",\"breadcrumb\":{\"@id\":\"https:\/\/www.terravision.eu\/francese\/programme-dagents-terravision.html#breadcrumb\"},\"inLanguage\":\"fr-FR\",\"potentialAction\":[{\"@type\":\"ReadAction\",\"target\":[\"https:\/\/www.terravision.eu\/francese\/programme-dagents-terravision.html\"]}]},{\"@type\":\"ImageObject\",\"inLanguage\":\"fr-FR\",\"@id\":\"https:\/\/www.terravision.eu\/francese\/programme-dagents-terravision.html#primaryimage\",\"url\":\"https:\/\/www.terravision.eu\/wp-content\/blogs.dir\/9\/files\/2025\/03\/icon-check-list.png\",\"contentUrl\":\"https:\/\/www.terravision.eu\/wp-content\/blogs.dir\/9\/files\/2025\/03\/icon-check-list.png\"},{\"@type\":\"BreadcrumbList\",\"@id\":\"https:\/\/www.terravision.eu\/francese\/programme-dagents-terravision.html#breadcrumb\",\"itemListElement\":[{\"@type\":\"ListItem\",\"position\":1,\"name\":\"Home\",\"item\":\"https:\/\/www.terravision.eu\/francese\/\"},{\"@type\":\"ListItem\",\"position\":2,\"name\":\"Programme d&#8217;agents Terravision\"}]},{\"@type\":\"WebSite\",\"@id\":\"https:\/\/www.terravision.eu\/francese\/#website\",\"url\":\"https:\/\/www.terravision.eu\/francese\/\",\"name\":\"Terravision France\",\"description\":\"Liaisons low-cost vers\/depuis les grands a\u00e9roports europ\u00e9ens\",\"potentialAction\":[{\"@type\":\"SearchAction\",\"target\":{\"@type\":\"EntryPoint\",\"urlTemplate\":\"https:\/\/www.terravision.eu\/francese\/?s={search_term_string}\"},\"query-input\":{\"@type\":\"PropertyValueSpecification\",\"valueRequired\":true,\"valueName\":\"search_term_string\"}}],\"inLanguage\":\"fr-FR\"}]}<\/script>\n<!-- \/ Yoast SEO Premium plugin. -->","yoast_head_json":{"title":"Programme d'agents Terravision | Terravision France","robots":{"index":"index","follow":"follow","max-snippet":"max-snippet:-1","max-image-preview":"max-image-preview:large","max-video-preview":"max-video-preview:-1"},"canonical":"https:\/\/www.terravision.eu\/francese\/programme-dagents-terravision.html","og_locale":"fr_FR","og_type":"article","og_title":"Programme d'agents Terravision","og_description":"Pourquoi devenir un agent Terravision ? C&#8217;est gratuit! Nous offrons une commission attrayante : 5% Notre plateforme est facile \u00e0 utiliser Sur la page affich\u00e9e, vous pouvez consulter l&#8217;historique de vos achats, modifier vos donn\u00e9es et voir l&#8217;\u00e9tat d&#8217;avancement de vos demandes. Acc\u00e8s aux statistiques en ligne Assistance quotidienne de notre \u00e9quipe Comment cela fonctionne-t-il? [&hellip;]","og_url":"https:\/\/www.terravision.eu\/francese\/programme-dagents-terravision.html","og_site_name":"Terravision France","article_modified_time":"2025-08-19T12:33:06+00:00","og_image":[{"url":"https:\/\/www.terravision.eu\/wp-content\/blogs.dir\/9\/files\/2025\/03\/icon-check-list.png","type":"","width":"","height":""}],"twitter_misc":{"Dur\u00e9e de lecture estim\u00e9e":"3 minutes"},"schema":{"@context":"https:\/\/schema.org","@graph":[{"@type":"WebPage","@id":"https:\/\/www.terravision.eu\/francese\/programme-dagents-terravision.html","url":"https:\/\/www.terravision.eu\/francese\/programme-dagents-terravision.html","name":"Programme d'agents Terravision | Terravision France","isPartOf":{"@id":"https:\/\/www.terravision.eu\/francese\/#website"},"primaryImageOfPage":{"@id":"https:\/\/www.terravision.eu\/francese\/programme-dagents-terravision.html#primaryimage"},"image":{"@id":"https:\/\/www.terravision.eu\/francese\/programme-dagents-terravision.html#primaryimage"},"thumbnailUrl":"https:\/\/www.terravision.eu\/wp-content\/blogs.dir\/9\/files\/2025\/03\/icon-check-list.png","datePublished":"2025-03-25T10:32:52+00:00","dateModified":"2025-08-19T12:33:06+00:00","breadcrumb":{"@id":"https:\/\/www.terravision.eu\/francese\/programme-dagents-terravision.html#breadcrumb"},"inLanguage":"fr-FR","potentialAction":[{"@type":"ReadAction","target":["https:\/\/www.terravision.eu\/francese\/programme-dagents-terravision.html"]}]},{"@type":"ImageObject","inLanguage":"fr-FR","@id":"https:\/\/www.terravision.eu\/francese\/programme-dagents-terravision.html#primaryimage","url":"https:\/\/www.terravision.eu\/wp-content\/blogs.dir\/9\/files\/2025\/03\/icon-check-list.png","contentUrl":"https:\/\/www.terravision.eu\/wp-content\/blogs.dir\/9\/files\/2025\/03\/icon-check-list.png"},{"@type":"BreadcrumbList","@id":"https:\/\/www.terravision.eu\/francese\/programme-dagents-terravision.html#breadcrumb","itemListElement":[{"@type":"ListItem","position":1,"name":"Home","item":"https:\/\/www.terravision.eu\/francese\/"},{"@type":"ListItem","position":2,"name":"Programme d&#8217;agents Terravision"}]},{"@type":"WebSite","@id":"https:\/\/www.terravision.eu\/francese\/#website","url":"https:\/\/www.terravision.eu\/francese\/","name":"Terravision France","description":"Liaisons low-cost vers\/depuis les grands a\u00e9roports europ\u00e9ens","potentialAction":[{"@type":"SearchAction","target":{"@type":"EntryPoint","urlTemplate":"https:\/\/www.terravision.eu\/francese\/?s={search_term_string}"},"query-input":{"@type":"PropertyValueSpecification","valueRequired":true,"valueName":"search_term_string"}}],"inLanguage":"fr-FR"}]}},"_links":{"self":[{"href":"https:\/\/www.terravision.eu\/francese\/wp-json\/wp\/v2\/pages\/20410","targetHints":{"allow":["GET"]}}],"collection":[{"href":"https:\/\/www.terravision.eu\/francese\/wp-json\/wp\/v2\/pages"}],"about":[{"href":"https:\/\/www.terravision.eu\/francese\/wp-json\/wp\/v2\/types\/page"}],"author":[{"embeddable":true,"href":"https:\/\/www.terravision.eu\/francese\/wp-json\/wp\/v2\/users\/131"}],"replies":[{"embeddable":true,"href":"https:\/\/www.terravision.eu\/francese\/wp-json\/wp\/v2\/comments?post=20410"}],"version-history":[{"count":3,"href":"https:\/\/www.terravision.eu\/francese\/wp-json\/wp\/v2\/pages\/20410\/revisions"}],"predecessor-version":[{"id":20789,"href":"https:\/\/www.terravision.eu\/francese\/wp-json\/wp\/v2\/pages\/20410\/revisions\/20789"}],"wp:attachment":[{"href":"https:\/\/www.terravision.eu\/francese\/wp-json\/wp\/v2\/media?parent=20410"}],"curies":[{"name":"wp","href":"https:\/\/api.w.org\/{rel}","templated":true}]}}