{"id":20665,"date":"2025-07-09T07:41:12","date_gmt":"2025-07-09T07:41:12","guid":{"rendered":"https:\/\/www.terravision.eu\/francese\/?page_id=20665"},"modified":"2026-01-27T08:43:38","modified_gmt":"2026-01-27T08:43:38","slug":"terravision-extras","status":"publish","type":"page","link":"https:\/\/www.terravision.eu\/francese\/terravision-extras.html","title":{"rendered":"Terravision Extras"},"content":{"rendered":"<p>Voyagez avec Terravision et profitez de toutes les opportunit\u00e9s que nos conventions vous r\u00e9servent!<\/p>\n<ul>\n<li><a href=\"https:\/\/www.terravision.eu\/italiano\/files\/2025\/06\/wayla.png\"><img loading=\"lazy\" decoding=\"async\" class=\"alignleft wp-image-20842\" src=\"https:\/\/www.terravision.eu\/italiano\/files\/2025\/06\/wayla-300x96.png\" alt=\"\" width=\"150\" height=\"48\" \/><\/a><br \/>\n<h3><strong><strong>\u00a0 \u2013 Service porte-\u00e0-porte pour Milan depuis la gare centrale<\/strong><\/strong><\/h3>\n<\/li>\n<\/ul>\n<p>Terravision et Wayla Italia unissent leurs forces pour vous offrir une mobilit\u00e9 urbaine plus simple, plus s\u00fbre et plus durable. Gr\u00e2ce \u00e0 cette collaboration, vous pouvez rejoindre la gare centrale de Milan depuis votre domicile ou votre h\u00f4tel avec les minibus Wayla, puis continuer sans stress avec un transfert direct vers les a\u00e9roports de Bergame Orio al Serio ou Milan Malpensa.<\/p>\n<p>Description de la Convention:<br \/>\nAchetez votre transfert Terravision depuis\/vers Milan en ligne et b\u00e9n\u00e9ficiez d&#8217;une r\u00e9duction imm\u00e9diate de 10 % sur les services Wayla. Utilisez le code de r\u00e9duction pour r\u00e9server votre transfert via l&#8217;application Wayla.<\/p>\n<ul>\n<li><a href=\"https:\/\/www.terravision.eu\/italiano\/files\/2025\/06\/Moovit_logo.png\"><img loading=\"lazy\" decoding=\"async\" class=\"alignleft wp-image-20848\" src=\"https:\/\/www.terravision.eu\/italiano\/files\/2025\/06\/Moovit_logo-300x86.png\" alt=\"\" width=\"150\" height=\"43\" \/><\/a><br \/>\n<h3><strong><strong>\u00a0 \u2013 L&#8217;application leader pour la mobilit\u00e9 urbaine<\/strong><\/strong><\/h3>\n<\/li>\n<\/ul>\n<p>Se d\u00e9placer en ville de mani\u00e8re intelligente avec Moovit, l&#8217;application qui vous donne des informations en temps r\u00e9el sur les bus, les trains, le m\u00e9tro, les v\u00e9los en libre-service et bien d&#8217;autres choses encore. Disponible dans plus de 3 500 villes dans le monde, Moovit vous aide \u00e0 planifier le meilleur itin\u00e9raire et \u00e0 recevoir des mises \u00e0 jour en direct pour voyager en toute tranquillit\u00e9.<\/p>\n<p><script>\n(function(d, s, id) { var js, fjs = d.getElementsByTagName(s)[0]; js = d.createElement(s); js.id = id; js.src = 'https:\/\/widgets.moovit.com\/wtp\/en'; fjs.parentNode.insertBefore(js, fjs); }(document, 'script', 'moovit-jsw')); <\/script><\/p>\n<div class=\"mv-wtp\" data-metro=\"61\" data-lang=\"\" data-customer=\"hlmgFZCocFaF3UvjvNSfvw\"><\/div>\n<ul>\n<li><a href=\"https:\/\/www.terravision.eu\/italiano\/files\/2025\/06\/wox.jpg\"><img loading=\"lazy\" decoding=\"async\" class=\"alignleft wp-image-20850\" src=\"https:\/\/www.terravision.eu\/italiano\/files\/2025\/06\/wox-300x210.jpg\" alt=\"\" width=\"100\" height=\"70\" \/><\/a><br \/>\n<h3><strong><strong>\u00a0 \u00a0\u2013 Visites guid\u00e9es audio pour d\u00e9couvrir Milan<\/strong><\/strong><\/h3>\n<\/li>\n<\/ul>\n<p>Vox Group est un leader mondial des solutions technologiques pour le tourisme et la culture, avec plus de 25 millions de tours num\u00e9riques distribu\u00e9s chaque ann\u00e9e dans plus de 150 pays. Avec ses appareils num\u00e9riques, ses applications et ses contenus multilingues, Vox offre des exp\u00e9riences touristiques immersives et accessibles \u00e0 tous.<\/p>\n<p>Description de la Convention:<br \/>\nEn r\u00e9servant un transfert de\/vers les a\u00e9roports Orio al Serio ou Malpensa avec Terravision, vous b\u00e9n\u00e9ficierez d&#8217;un acc\u00e8s gratuit \u00e0 une visite guid\u00e9e audio de la ville de Milan.<br \/>\nLes identifiants pour acc\u00e9der \u00e0 la visite seront disponibles directement sur votre billet.<\/p>\n<ul>\n<li><strong><strong><strong><a href=\"https:\/\/www.terravision.eu\/italiano\/files\/2025\/06\/WeRoad.png\"><img loading=\"lazy\" decoding=\"async\" class=\"alignleft wp-image-20864\" src=\"https:\/\/www.terravision.eu\/italiano\/files\/2025\/06\/WeRoad-300x118.png\" alt=\"\" width=\"150\" height=\"59\" \/><\/a><br \/>\n<\/strong><\/strong><\/strong><\/p>\n<h3>\u00a0\u2013<strong> Voyage de groupe avec exp\u00e9rience authentique<br \/>\n<\/strong><\/h3>\n<p>&nbsp;<\/li>\n<\/ul>\n<p>WeRoad vous emm\u00e8ne \u00e0 l&#8217;aventure dans plus de 90 destinations \u00e0 travers le monde, en favorisant les relations humaines et les \u00e9changes culturels authentiques. Que vous souhaitiez explorer des destinations lointaines ou participer \u00e0 des \u00e9v\u00e9nements locaux, WeRoad vous offre une nouvelle fa\u00e7on de voyager.<\/p>\n<p>Description de la Convention:<br \/>\nObtenez 50\u20ac de r\u00e9duction sur votre prochain voyage: visitez weroad.co.uk, choisissez votre destination et entrez le code TERRAWR50* au moment du paiement pour des \u00e9conomies exclusives!<br \/>\n*Valable pour les nouveaux utilisateurs sur tous les voyages, \u00e0 l&#8217;exception de l&#8217;Express et du Week-end. Offre valable jusqu&#8217;au 31 d\u00e9cembre 2025.<\/p>\n<ul>\n<li>\n<h3><strong><strong><a href=\"https:\/\/www.terravision.eu\/italiano\/files\/2025\/06\/1738606344_Logo_compatto_nero.png\"><img loading=\"lazy\" decoding=\"async\" class=\"alignleft wp-image-20871\" src=\"https:\/\/www.terravision.eu\/italiano\/files\/2025\/06\/1738606344_Logo_compatto_nero-300x150.png\" alt=\"\" width=\"120\" height=\"60\" \/><\/a> \u2013 Stockage s\u00fbr et pratique des bagages<br \/>\n<\/strong><\/strong><\/h3>\n<\/li>\n<\/ul>\n<p>Vous ne voulez pas tra\u00eener vos bagages en ville? Stow Your Bags vous propose un service de stockage de bagages avec des casiers en libre-service, disponibles pour quelques heures ou pour une location \u00e0 long terme, 365 jours par an.<br \/>\n&#8211; Casiers s\u00e9curis\u00e9s, vid\u00e9osurveill\u00e9s et assur\u00e9s<br \/>\n&#8211; Assistance toujours disponible par interphone<br \/>\n&#8211; R\u00e9servation en ligne simple et rapide<\/p>\n<p>Description de la Convention:<br \/>\nR\u00e9servez en ligne <a href=\"https:\/\/www.stowyourbags.com\/fr\" target=\"_blank\" rel=\"noopener\"> stowyourbags.com<\/a>en utilisant le code T3RR4V pour obtenir une r\u00e9duction imm\u00e9diate de 10%.<br \/>\nChoisissez le d\u00e9p\u00f4t le plus pratique, entrez vos coordonn\u00e9es et payez en toute s\u00e9curit\u00e9 par carte ou PayPal. Vous recevrez le code du casier par e-mail dans les secondes qui suivent!<\/p>\n<ul>\n<li>\n<h3><strong><strong>\u00a0 <a href=\"https:\/\/www.terravision.eu\/italiano\/files\/2025\/06\/Revolut_logo.svg_.png\"><img loading=\"lazy\" decoding=\"async\" class=\"alignnone wp-image-20867\" src=\"https:\/\/www.terravision.eu\/italiano\/files\/2025\/06\/Revolut_logo.svg_-300x66.png\" alt=\"\" width=\"120\" height=\"26\" \/><\/a> <\/strong><\/strong><strong><strong>\u2013 La super-application pour g\u00e9rer son argent en voyage<\/strong><\/strong><\/h3>\n<\/li>\n<\/ul>\n<p>Revolut r\u00e9volutionne la gestion financi\u00e8re avec des comptes multidevises, des cartes \u00e0 puce, des investissements et des assurances, le tout sur une seule plateforme num\u00e9rique. Avec plus de 52 millions d&#8217;utilisateurs, c&#8217;est la solution id\u00e9ale pour les voyageurs qui recherchent libert\u00e9, s\u00e9curit\u00e9 et contr\u00f4le.<\/p>\n<p>Description de la Convention:<br \/>\n&#8211; Recevez un bonus de bienvenue instantan\u00e9 de 20 \u20ac en ouvrant un compte via ce <a href=\"https:\/\/imp.i251749.net\/c\/2365171\/2160445\/11378 \" target=\"_blank\" rel=\"noopener\">lien special<\/a><br \/>\n&#8211; Gagnez jusqu&#8217;\u00e0 10 RevPoints pour chaque euro d\u00e9pens\u00e9 gr\u00e2ce \u00e0 l&#8217;offre exclusive de Terravision pour les passagers.<\/p>\n<p>Pour plus d&#8217;informations et d&#8217;assistance, veuillez nous contacter \u00e0 l&#8217;adresse suivante: customerservices@terravision.eu.<\/p>\n<p>&nbsp;<\/p>\n<p>&nbsp;<\/p>\n<ul>\n<li>\n<h3><a href=\"https:\/\/affiliates.bigbuspartners.com\/?r=terravision\"><img loading=\"lazy\" decoding=\"async\" class=\"alignnone wp-image-20867\" src=\"https:\/\/www.terravision.eu\/italiano\/files\/2025\/10\/bigbustour.jpg\" alt=\"\" width=\"120\" height=\"26\" \/><img loading=\"lazy\" decoding=\"async\" class=\"alignnone wp-image-20867\" src=\"https:\/\/www.terravision.eu\/italiano\/files\/2026\/01\/LOGO_TOURISTATION-002.jpg\" alt=\"\" width=\"120\" height=\"26\" \/><\/a><strong> Big Bus Rome \u2013 D\u00e9couvrez la Ville \u00e9ternelle \u00e0 votre rythme!<\/strong><\/h3>\n<\/li>\n<\/ul>\n<p>Laissez-vous s\u00e9duire par la magie de la Ville \u00e9ternelle \u00e0 bord d&#8217;un bus panoramique \u00e0 deux \u00e9tages! Admirez des vues imprenables sur les lieux les plus embl\u00e9matiques: le Colis\u00e9e, la Piazza Venezia, la basilique Saint-Pierre et bien d&#8217;autres tr\u00e9sors qui rendent Rome unique au monde. Avec la formule Hop-On Hop-Off, vous pouvez descendre \u00e0 n&#8217;importe quel arr\u00eat pour explorer les attractions de votre choix et remonter quand vous le souhaitez pour poursuivre la visite, tout cela \u00e0 votre rythme et en toute libert\u00e9.<\/p>\n<p>Comment \u00e7a marche:<\/p>\n<p>1 <a href=\"https:\/\/affiliates.bigbuspartners.com\/?r=terravision\" target=\"_blank\" rel=\"noopener\">Cliquez sur le lien<\/a> pour d\u00e9couvrir tous les types de billets disponibles et acheter imm\u00e9diatement votre pass Big Bus<br \/>\n2 Pr\u00e9sentez votre billet \u00e0 n&#8217;importe quel arr\u00eat Big Bus pour le valider et commencez votre aventure!<\/p>\n<p>&nbsp;<\/p>\n<ul>\n<li>\n<h3><a href=\"https:\/\/www.mcarthurglen.com\/en\/outlets\/it\/designer-outlet-castel-romano\/plan-your-visit\/#tab=0\" target=\"_blank\" rel=\"noopener\"><strong><img loading=\"lazy\" decoding=\"async\" class=\"alignnone wp-image-20867\" src=\"https:\/\/www.terravision.eu\/italiano\/files\/2025\/12\/MGDO_logo.jpg\" alt=\"\" width=\"120\" height=\"26\" \/> <\/strong><\/a><strong>\u2013 Castel Romano Outlet<\/strong><\/h3>\n<\/li>\n<\/ul>\n<p>Ne manque pas l\u2019occasion de faire du shopping dans le plus grand outlet du Centre de l\u2019Italie.<\/p>\n<p>Situ\u00e9 \u00e0 seulement 30 minutes du centre de Rome, <strong>Castel Romano Designer Outlet, avec plus de 150 boutiques des plus grandes marques de la mode internationale et des r\u00e9ductions jsqu\u2019\u00e0 70 %, offre pour toi une remise exclusive de 10%.<\/strong><\/p>\n<p><strong>Comment \u00e7a marche :<\/strong> pr\u00e9sente ton titre de voyage Terravision au Guest Services pour obtenir la Privilege Card.<\/p>\n","protected":false},"excerpt":{"rendered":"<p>Voyagez avec Terravision et profitez de toutes les opportunit\u00e9s que nos conventions vous r\u00e9servent! \u00a0 \u2013 Service porte-\u00e0-porte pour Milan depuis la gare centrale Terravision et Wayla Italia unissent leurs forces pour vous offrir une mobilit\u00e9 urbaine plus simple, plus s\u00fbre et plus durable. Gr\u00e2ce \u00e0 cette collaboration, vous pouvez rejoindre la gare centrale de [&hellip;]<\/p>\n","protected":false},"author":131,"featured_media":0,"parent":0,"menu_order":0,"comment_status":"closed","ping_status":"closed","template":"","meta":{"footnotes":""},"class_list":["post-20665","page","type-page","status-publish","hentry"],"yoast_head":"<!-- This site is optimized with the Yoast SEO Premium plugin v24.4 (Yoast SEO v24.4) - https:\/\/yoast.com\/wordpress\/plugins\/seo\/ -->\n<title>Terravision Extras | Terravision France<\/title>\n<meta name=\"robots\" content=\"index, follow, max-snippet:-1, max-image-preview:large, max-video-preview:-1\" \/>\n<link rel=\"canonical\" href=\"https:\/\/www.terravision.eu\/francese\/terravision-extras.html\" \/>\n<meta property=\"og:locale\" content=\"fr_FR\" \/>\n<meta property=\"og:type\" content=\"article\" \/>\n<meta property=\"og:title\" content=\"Terravision Extras\" \/>\n<meta property=\"og:description\" content=\"Voyagez avec Terravision et profitez de toutes les opportunit\u00e9s que nos conventions vous r\u00e9servent! \u00a0 \u2013 Service porte-\u00e0-porte pour Milan depuis la gare centrale Terravision et Wayla Italia unissent leurs forces pour vous offrir une mobilit\u00e9 urbaine plus simple, plus s\u00fbre et plus durable. Gr\u00e2ce \u00e0 cette collaboration, vous pouvez rejoindre la gare centrale de [&hellip;]\" \/>\n<meta property=\"og:url\" content=\"https:\/\/www.terravision.eu\/francese\/terravision-extras.html\" \/>\n<meta property=\"og:site_name\" content=\"Terravision France\" \/>\n<meta property=\"article:modified_time\" content=\"2026-01-27T08:43:38+00:00\" \/>\n<meta property=\"og:image\" content=\"https:\/\/www.terravision.eu\/italiano\/files\/2025\/06\/wayla-300x96.png\" \/>\n<meta name=\"twitter:label1\" content=\"Dur\u00e9e de lecture estim\u00e9e\" \/>\n\t<meta name=\"twitter:data1\" content=\"6 minutes\" \/>\n<script type=\"application\/ld+json\" class=\"yoast-schema-graph\">{\"@context\":\"https:\/\/schema.org\",\"@graph\":[{\"@type\":\"WebPage\",\"@id\":\"https:\/\/www.terravision.eu\/francese\/terravision-extras.html\",\"url\":\"https:\/\/www.terravision.eu\/francese\/terravision-extras.html\",\"name\":\"Terravision Extras | Terravision France\",\"isPartOf\":{\"@id\":\"https:\/\/www.terravision.eu\/francese\/#website\"},\"primaryImageOfPage\":{\"@id\":\"https:\/\/www.terravision.eu\/francese\/terravision-extras.html#primaryimage\"},\"image\":{\"@id\":\"https:\/\/www.terravision.eu\/francese\/terravision-extras.html#primaryimage\"},\"thumbnailUrl\":\"https:\/\/www.terravision.eu\/italiano\/files\/2025\/06\/wayla-300x96.png\",\"datePublished\":\"2025-07-09T07:41:12+00:00\",\"dateModified\":\"2026-01-27T08:43:38+00:00\",\"breadcrumb\":{\"@id\":\"https:\/\/www.terravision.eu\/francese\/terravision-extras.html#breadcrumb\"},\"inLanguage\":\"fr-FR\",\"potentialAction\":[{\"@type\":\"ReadAction\",\"target\":[\"https:\/\/www.terravision.eu\/francese\/terravision-extras.html\"]}]},{\"@type\":\"ImageObject\",\"inLanguage\":\"fr-FR\",\"@id\":\"https:\/\/www.terravision.eu\/francese\/terravision-extras.html#primaryimage\",\"url\":\"https:\/\/www.terravision.eu\/italiano\/files\/2025\/06\/wayla-300x96.png\",\"contentUrl\":\"https:\/\/www.terravision.eu\/italiano\/files\/2025\/06\/wayla-300x96.png\"},{\"@type\":\"BreadcrumbList\",\"@id\":\"https:\/\/www.terravision.eu\/francese\/terravision-extras.html#breadcrumb\",\"itemListElement\":[{\"@type\":\"ListItem\",\"position\":1,\"name\":\"Home\",\"item\":\"https:\/\/www.terravision.eu\/francese\/\"},{\"@type\":\"ListItem\",\"position\":2,\"name\":\"Terravision Extras\"}]},{\"@type\":\"WebSite\",\"@id\":\"https:\/\/www.terravision.eu\/francese\/#website\",\"url\":\"https:\/\/www.terravision.eu\/francese\/\",\"name\":\"Terravision France\",\"description\":\"Liaisons low-cost vers\/depuis les grands a\u00e9roports europ\u00e9ens\",\"potentialAction\":[{\"@type\":\"SearchAction\",\"target\":{\"@type\":\"EntryPoint\",\"urlTemplate\":\"https:\/\/www.terravision.eu\/francese\/?s={search_term_string}\"},\"query-input\":{\"@type\":\"PropertyValueSpecification\",\"valueRequired\":true,\"valueName\":\"search_term_string\"}}],\"inLanguage\":\"fr-FR\"}]}<\/script>\n<!-- \/ Yoast SEO Premium plugin. -->","yoast_head_json":{"title":"Terravision Extras | Terravision France","robots":{"index":"index","follow":"follow","max-snippet":"max-snippet:-1","max-image-preview":"max-image-preview:large","max-video-preview":"max-video-preview:-1"},"canonical":"https:\/\/www.terravision.eu\/francese\/terravision-extras.html","og_locale":"fr_FR","og_type":"article","og_title":"Terravision Extras","og_description":"Voyagez avec Terravision et profitez de toutes les opportunit\u00e9s que nos conventions vous r\u00e9servent! \u00a0 \u2013 Service porte-\u00e0-porte pour Milan depuis la gare centrale Terravision et Wayla Italia unissent leurs forces pour vous offrir une mobilit\u00e9 urbaine plus simple, plus s\u00fbre et plus durable. Gr\u00e2ce \u00e0 cette collaboration, vous pouvez rejoindre la gare centrale de [&hellip;]","og_url":"https:\/\/www.terravision.eu\/francese\/terravision-extras.html","og_site_name":"Terravision France","article_modified_time":"2026-01-27T08:43:38+00:00","og_image":[{"url":"https:\/\/www.terravision.eu\/italiano\/files\/2025\/06\/wayla-300x96.png","type":"","width":"","height":""}],"twitter_misc":{"Dur\u00e9e de lecture estim\u00e9e":"6 minutes"},"schema":{"@context":"https:\/\/schema.org","@graph":[{"@type":"WebPage","@id":"https:\/\/www.terravision.eu\/francese\/terravision-extras.html","url":"https:\/\/www.terravision.eu\/francese\/terravision-extras.html","name":"Terravision Extras | Terravision France","isPartOf":{"@id":"https:\/\/www.terravision.eu\/francese\/#website"},"primaryImageOfPage":{"@id":"https:\/\/www.terravision.eu\/francese\/terravision-extras.html#primaryimage"},"image":{"@id":"https:\/\/www.terravision.eu\/francese\/terravision-extras.html#primaryimage"},"thumbnailUrl":"https:\/\/www.terravision.eu\/italiano\/files\/2025\/06\/wayla-300x96.png","datePublished":"2025-07-09T07:41:12+00:00","dateModified":"2026-01-27T08:43:38+00:00","breadcrumb":{"@id":"https:\/\/www.terravision.eu\/francese\/terravision-extras.html#breadcrumb"},"inLanguage":"fr-FR","potentialAction":[{"@type":"ReadAction","target":["https:\/\/www.terravision.eu\/francese\/terravision-extras.html"]}]},{"@type":"ImageObject","inLanguage":"fr-FR","@id":"https:\/\/www.terravision.eu\/francese\/terravision-extras.html#primaryimage","url":"https:\/\/www.terravision.eu\/italiano\/files\/2025\/06\/wayla-300x96.png","contentUrl":"https:\/\/www.terravision.eu\/italiano\/files\/2025\/06\/wayla-300x96.png"},{"@type":"BreadcrumbList","@id":"https:\/\/www.terravision.eu\/francese\/terravision-extras.html#breadcrumb","itemListElement":[{"@type":"ListItem","position":1,"name":"Home","item":"https:\/\/www.terravision.eu\/francese\/"},{"@type":"ListItem","position":2,"name":"Terravision Extras"}]},{"@type":"WebSite","@id":"https:\/\/www.terravision.eu\/francese\/#website","url":"https:\/\/www.terravision.eu\/francese\/","name":"Terravision France","description":"Liaisons low-cost vers\/depuis les grands a\u00e9roports europ\u00e9ens","potentialAction":[{"@type":"SearchAction","target":{"@type":"EntryPoint","urlTemplate":"https:\/\/www.terravision.eu\/francese\/?s={search_term_string}"},"query-input":{"@type":"PropertyValueSpecification","valueRequired":true,"valueName":"search_term_string"}}],"inLanguage":"fr-FR"}]}},"_links":{"self":[{"href":"https:\/\/www.terravision.eu\/francese\/wp-json\/wp\/v2\/pages\/20665","targetHints":{"allow":["GET"]}}],"collection":[{"href":"https:\/\/www.terravision.eu\/francese\/wp-json\/wp\/v2\/pages"}],"about":[{"href":"https:\/\/www.terravision.eu\/francese\/wp-json\/wp\/v2\/types\/page"}],"author":[{"embeddable":true,"href":"https:\/\/www.terravision.eu\/francese\/wp-json\/wp\/v2\/users\/131"}],"replies":[{"embeddable":true,"href":"https:\/\/www.terravision.eu\/francese\/wp-json\/wp\/v2\/comments?post=20665"}],"version-history":[{"count":21,"href":"https:\/\/www.terravision.eu\/francese\/wp-json\/wp\/v2\/pages\/20665\/revisions"}],"predecessor-version":[{"id":20812,"href":"https:\/\/www.terravision.eu\/francese\/wp-json\/wp\/v2\/pages\/20665\/revisions\/20812"}],"wp:attachment":[{"href":"https:\/\/www.terravision.eu\/francese\/wp-json\/wp\/v2\/media?parent=20665"}],"curies":[{"name":"wp","href":"https:\/\/api.w.org\/{rel}","templated":true}]}}