{"id":220,"date":"2012-08-13T14:41:57","date_gmt":"2012-08-13T14:41:57","guid":{"rendered":"https:\/\/www.terravision.eu\/flights-to-the-dolomites\/"},"modified":"2012-08-13T14:41:57","modified_gmt":"2012-08-13T14:41:57","slug":"vols_dolomites","status":"publish","type":"page","link":"https:\/\/www.terravision.eu\/francese\/vols_dolomites.html","title":{"rendered":"Vols des\/aux Dolomites"},"content":{"rendered":"<div id=\"article-single\">\n<div class=\"title\">Comment trouver des vols pas cher pour <span class=\"strong\"><strong>Dolomites<\/strong><\/div>\n<p>Etes-vous \u00e0 la recherch\u00e9 de vols de\/vers Dolomites? Les a\u00e9roports de Bergame Orio al Serio, Verone et Innsbruck proposent une large s\u00e9lection de vols internationaux et lowcost.<\/p>\n<p>Reservez maintenant votre vol vers\/d\u00e9part de Londres au meilleur prix! Ici vous trouvez les moteurs de r\u00e9servation pour les vols de ligne et low cost.<\/p>\n<p>Si vous cherchez un vol pour l&#8217; <strong>A\u00e9roport de Verone<\/strong>, l&#8217; <strong>A\u00e9roport de Bergame<\/strong> or l&#8217; <strong>A\u00e9roport Innsbruck<\/strong> vous avez une offre toujours plus de choix. En effet l\u2019a\u00e9roport de Verone or Bergame, qui se situe parmi les plus importants a\u00e9roports italien en terme de volume de passagers, a accueilli 7 076 114 passagers en 2007. En plus d\u2019\u00eatre une escale pour Verone, Bergame or Innsbruck, c\u2019est un point de d\u00e9part id\u00e9al pour se rendre aux montagnes des Dolomites!<\/p>\n<p>Terravision, leader europ\u00e9en de navettes a\u00e9roports en Europe, propose toute une gamme de services entre les a\u00e9roports de Bergame, Verone y Innsbruck et les Dolomites \u00e0 petit prix . Ne manquez pas nos offres et promotions en ligne !<\/p>\n<p>var uri = &#8216;http:\/\/impfr.tradedoubler.com\/imp?type(iframe)g(20078832)a(1737154)&#8217; + new String (Math.random()).substring (2, 11);<br \/>\ndocument.write(&#8221;);<\/p>\n<\/div>\n","protected":false},"excerpt":{"rendered":"<p>Comment trouver des vols pas cher pour Dolomites Etes-vous \u00e0 la recherch\u00e9 de vols de\/vers Dolomites? Les a\u00e9roports de Bergame Orio al Serio, Verone et Innsbruck proposent une large s\u00e9lection de vols internationaux et lowcost. Reservez maintenant votre vol vers\/d\u00e9part de Londres au meilleur prix! Ici vous trouvez les moteurs de r\u00e9servation pour les vols [&hellip;]<\/p>\n","protected":false},"author":1,"featured_media":0,"parent":0,"menu_order":0,"comment_status":"open","ping_status":"open","template":"","meta":{"footnotes":""},"class_list":["post-220","page","type-page","status-publish","hentry"],"yoast_head":"<!-- This site is optimized with the Yoast SEO Premium plugin v24.4 (Yoast SEO v24.4) - https:\/\/yoast.com\/wordpress\/plugins\/seo\/ -->\n<title>Vols pour les Dolomites | Terravision<\/title>\n<meta name=\"description\" content=\"Vols pour les Dolomites - Vols pas cher de\/aux Dolomites (A\u00e9roports de Bergame, V\u00e9rone et Innsbruck), comparez les prix et reservez!\" \/>\n<meta name=\"robots\" content=\"index, follow, max-snippet:-1, max-image-preview:large, max-video-preview:-1\" \/>\n<link rel=\"canonical\" href=\"https:\/\/www.terravision.eu\/francese\/vols_dolomites.html\" \/>\n<meta property=\"og:locale\" content=\"fr_FR\" \/>\n<meta property=\"og:type\" content=\"article\" \/>\n<meta property=\"og:title\" content=\"Vols des\/aux Dolomites\" \/>\n<meta property=\"og:description\" content=\"Vols pour les Dolomites - Vols pas cher de\/aux Dolomites (A\u00e9roports de Bergame, V\u00e9rone et Innsbruck), comparez les prix et reservez!\" \/>\n<meta property=\"og:url\" content=\"https:\/\/www.terravision.eu\/francese\/vols_dolomites.html\" \/>\n<meta property=\"og:site_name\" content=\"Terravision France\" \/>\n<meta name=\"twitter:label1\" content=\"Dur\u00e9e de lecture estim\u00e9e\" \/>\n\t<meta name=\"twitter:data1\" content=\"1 minute\" \/>\n<script type=\"application\/ld+json\" class=\"yoast-schema-graph\">{\"@context\":\"https:\/\/schema.org\",\"@graph\":[{\"@type\":\"WebPage\",\"@id\":\"https:\/\/www.terravision.eu\/francese\/vols_dolomites.html\",\"url\":\"https:\/\/www.terravision.eu\/francese\/vols_dolomites.html\",\"name\":\"Vols pour les Dolomites | Terravision\",\"isPartOf\":{\"@id\":\"https:\/\/www.terravision.eu\/francese\/#website\"},\"datePublished\":\"2012-08-13T14:41:57+00:00\",\"description\":\"Vols pour les Dolomites - Vols pas cher de\/aux Dolomites (A\u00e9roports de Bergame, V\u00e9rone et Innsbruck), comparez les prix et reservez!\",\"breadcrumb\":{\"@id\":\"https:\/\/www.terravision.eu\/francese\/vols_dolomites.html#breadcrumb\"},\"inLanguage\":\"fr-FR\",\"potentialAction\":[{\"@type\":\"ReadAction\",\"target\":[\"https:\/\/www.terravision.eu\/francese\/vols_dolomites.html\"]}]},{\"@type\":\"BreadcrumbList\",\"@id\":\"https:\/\/www.terravision.eu\/francese\/vols_dolomites.html#breadcrumb\",\"itemListElement\":[{\"@type\":\"ListItem\",\"position\":1,\"name\":\"Home\",\"item\":\"https:\/\/www.terravision.eu\/francese\/\"},{\"@type\":\"ListItem\",\"position\":2,\"name\":\"Vols des\/aux Dolomites\"}]},{\"@type\":\"WebSite\",\"@id\":\"https:\/\/www.terravision.eu\/francese\/#website\",\"url\":\"https:\/\/www.terravision.eu\/francese\/\",\"name\":\"Terravision France\",\"description\":\"Liaisons low-cost vers\/depuis les grands a\u00e9roports europ\u00e9ens\",\"potentialAction\":[{\"@type\":\"SearchAction\",\"target\":{\"@type\":\"EntryPoint\",\"urlTemplate\":\"https:\/\/www.terravision.eu\/francese\/?s={search_term_string}\"},\"query-input\":{\"@type\":\"PropertyValueSpecification\",\"valueRequired\":true,\"valueName\":\"search_term_string\"}}],\"inLanguage\":\"fr-FR\"}]}<\/script>\n<!-- \/ Yoast SEO Premium plugin. -->","yoast_head_json":{"title":"Vols pour les Dolomites | Terravision","description":"Vols pour les Dolomites - Vols pas cher de\/aux Dolomites (A\u00e9roports de Bergame, V\u00e9rone et Innsbruck), comparez les prix et reservez!","robots":{"index":"index","follow":"follow","max-snippet":"max-snippet:-1","max-image-preview":"max-image-preview:large","max-video-preview":"max-video-preview:-1"},"canonical":"https:\/\/www.terravision.eu\/francese\/vols_dolomites.html","og_locale":"fr_FR","og_type":"article","og_title":"Vols des\/aux Dolomites","og_description":"Vols pour les Dolomites - Vols pas cher de\/aux Dolomites (A\u00e9roports de Bergame, V\u00e9rone et Innsbruck), comparez les prix et reservez!","og_url":"https:\/\/www.terravision.eu\/francese\/vols_dolomites.html","og_site_name":"Terravision France","twitter_misc":{"Dur\u00e9e de lecture estim\u00e9e":"1 minute"},"schema":{"@context":"https:\/\/schema.org","@graph":[{"@type":"WebPage","@id":"https:\/\/www.terravision.eu\/francese\/vols_dolomites.html","url":"https:\/\/www.terravision.eu\/francese\/vols_dolomites.html","name":"Vols pour les Dolomites | Terravision","isPartOf":{"@id":"https:\/\/www.terravision.eu\/francese\/#website"},"datePublished":"2012-08-13T14:41:57+00:00","description":"Vols pour les Dolomites - Vols pas cher de\/aux Dolomites (A\u00e9roports de Bergame, V\u00e9rone et Innsbruck), comparez les prix et reservez!","breadcrumb":{"@id":"https:\/\/www.terravision.eu\/francese\/vols_dolomites.html#breadcrumb"},"inLanguage":"fr-FR","potentialAction":[{"@type":"ReadAction","target":["https:\/\/www.terravision.eu\/francese\/vols_dolomites.html"]}]},{"@type":"BreadcrumbList","@id":"https:\/\/www.terravision.eu\/francese\/vols_dolomites.html#breadcrumb","itemListElement":[{"@type":"ListItem","position":1,"name":"Home","item":"https:\/\/www.terravision.eu\/francese\/"},{"@type":"ListItem","position":2,"name":"Vols des\/aux Dolomites"}]},{"@type":"WebSite","@id":"https:\/\/www.terravision.eu\/francese\/#website","url":"https:\/\/www.terravision.eu\/francese\/","name":"Terravision France","description":"Liaisons low-cost vers\/depuis les grands a\u00e9roports europ\u00e9ens","potentialAction":[{"@type":"SearchAction","target":{"@type":"EntryPoint","urlTemplate":"https:\/\/www.terravision.eu\/francese\/?s={search_term_string}"},"query-input":{"@type":"PropertyValueSpecification","valueRequired":true,"valueName":"search_term_string"}}],"inLanguage":"fr-FR"}]}},"_links":{"self":[{"href":"https:\/\/www.terravision.eu\/francese\/wp-json\/wp\/v2\/pages\/220","targetHints":{"allow":["GET"]}}],"collection":[{"href":"https:\/\/www.terravision.eu\/francese\/wp-json\/wp\/v2\/pages"}],"about":[{"href":"https:\/\/www.terravision.eu\/francese\/wp-json\/wp\/v2\/types\/page"}],"author":[{"embeddable":true,"href":"https:\/\/www.terravision.eu\/francese\/wp-json\/wp\/v2\/users\/1"}],"replies":[{"embeddable":true,"href":"https:\/\/www.terravision.eu\/francese\/wp-json\/wp\/v2\/comments?post=220"}],"version-history":[{"count":0,"href":"https:\/\/www.terravision.eu\/francese\/wp-json\/wp\/v2\/pages\/220\/revisions"}],"wp:attachment":[{"href":"https:\/\/www.terravision.eu\/francese\/wp-json\/wp\/v2\/media?parent=220"}],"curies":[{"name":"wp","href":"https:\/\/api.w.org\/{rel}","templated":true}]}}