{"id":226,"date":"2012-08-13T15:46:01","date_gmt":"2012-08-13T15:46:01","guid":{"rendered":"https:\/\/www.terravision.eu\/flights-malta\/"},"modified":"2020-03-06T14:38:59","modified_gmt":"2020-03-06T14:38:59","slug":"vols_malte","status":"publish","type":"page","link":"https:\/\/www.terravision.eu\/francese\/vols_malte.html","title":{"rendered":"Vols de\/\u00e0 Malte"},"content":{"rendered":"<div id=\"article-single\">\n<div class=\"title\">Comment trouver des vols pas cher pour <span class=\"strong\"><strong>Malte<\/strong><\/span><\/div>\n<p>Etes-vous \u00e0 la recherch\u00e9 de vols de\/vers Malte? L&#8217; <strong>A\u00e9roports de Malte<\/strong> propose une large s\u00e9lection de vols internationaux et lowcost.<\/p>\n<p>Reservez maintenant votre vol vers\/d\u00e9part de Londres au meilleur prix! Ici vous trouvez les moteurs de r\u00e9servation pour les vols de ligne et low cost.<\/p>\n<p>La compagnie a\u00e9rienne Air Malta appartient \u00e0 l\u2019\u00e9tat mailais (<a title=\"Airmalta\" href=\"http:\/\/www.airmalta.com\" target=\"_blank\" rel=\"noopener\">www.airmalta.com<\/a>). La compagnie a\u00e9rienne vole r\u00e9guli\u00e8rement \u00e0 Malte, et dessert des principaux a\u00e9roports en Europe et Afrique du nord. Il y a cependant de nombreuses autres compagnies a\u00e9riennes qui offrent des vols pour Malte au d\u00e9part des principales villes europ\u00e9ennes. Les compagnies a\u00e9riennes low cost Ryanair et easyJet offrent des vols par cher pour Malte<\/p>\n<p>Terravision, leader europ\u00e9en de navettes a\u00e9roports en Europe, propose toute une gamme de services entre l&#8217; a\u00e9roport de Malte et Malte centre ville \u00e0 petit prix . Ne manquez pas nos offres et promotions en ligne !<\/p>\n<p>&nbsp;<\/p>\n<\/div>\n","protected":false},"excerpt":{"rendered":"<p>Comment trouver des vols pas cher pour Malte Etes-vous \u00e0 la recherch\u00e9 de vols de\/vers Malte? L&#8217; A\u00e9roports de Malte propose une large s\u00e9lection de vols internationaux et lowcost. Reservez maintenant votre vol vers\/d\u00e9part de Londres au meilleur prix! Ici vous trouvez les moteurs de r\u00e9servation pour les vols de ligne et low cost. La [&hellip;]<\/p>\n","protected":false},"author":1,"featured_media":0,"parent":0,"menu_order":0,"comment_status":"open","ping_status":"open","template":"","meta":{"footnotes":""},"class_list":["post-226","page","type-page","status-publish","hentry"],"yoast_head":"<!-- This site is optimized with the Yoast SEO Premium plugin v24.4 (Yoast SEO v24.4) - https:\/\/yoast.com\/wordpress\/plugins\/seo\/ -->\n<title>Vols pour Malte | Terravision<\/title>\n<meta name=\"description\" content=\"Vols pour Malte - Vols pas cher de\/\u00e0 Malte. Comparez les prix et r\u00e9servez en ligne votre vol pour Malte!\" \/>\n<meta name=\"robots\" content=\"index, follow, max-snippet:-1, max-image-preview:large, max-video-preview:-1\" \/>\n<link rel=\"canonical\" href=\"https:\/\/www.terravision.eu\/francese\/vols_malte.html\" \/>\n<meta property=\"og:locale\" content=\"fr_FR\" \/>\n<meta property=\"og:type\" content=\"article\" \/>\n<meta property=\"og:title\" content=\"Vols de\/\u00e0 Malte\" \/>\n<meta property=\"og:description\" content=\"Vols pour Malte - Vols pas cher de\/\u00e0 Malte. Comparez les prix et r\u00e9servez en ligne votre vol pour Malte!\" \/>\n<meta property=\"og:url\" content=\"https:\/\/www.terravision.eu\/francese\/vols_malte.html\" \/>\n<meta property=\"og:site_name\" content=\"Terravision France\" \/>\n<meta property=\"article:modified_time\" content=\"2020-03-06T14:38:59+00:00\" \/>\n<meta name=\"twitter:label1\" content=\"Dur\u00e9e de lecture estim\u00e9e\" \/>\n\t<meta name=\"twitter:data1\" content=\"1 minute\" \/>\n<script type=\"application\/ld+json\" class=\"yoast-schema-graph\">{\"@context\":\"https:\/\/schema.org\",\"@graph\":[{\"@type\":\"WebPage\",\"@id\":\"https:\/\/www.terravision.eu\/francese\/vols_malte.html\",\"url\":\"https:\/\/www.terravision.eu\/francese\/vols_malte.html\",\"name\":\"Vols pour Malte | Terravision\",\"isPartOf\":{\"@id\":\"https:\/\/www.terravision.eu\/francese\/#website\"},\"datePublished\":\"2012-08-13T15:46:01+00:00\",\"dateModified\":\"2020-03-06T14:38:59+00:00\",\"description\":\"Vols pour Malte - Vols pas cher de\/\u00e0 Malte. Comparez les prix et r\u00e9servez en ligne votre vol pour Malte!\",\"breadcrumb\":{\"@id\":\"https:\/\/www.terravision.eu\/francese\/vols_malte.html#breadcrumb\"},\"inLanguage\":\"fr-FR\",\"potentialAction\":[{\"@type\":\"ReadAction\",\"target\":[\"https:\/\/www.terravision.eu\/francese\/vols_malte.html\"]}]},{\"@type\":\"BreadcrumbList\",\"@id\":\"https:\/\/www.terravision.eu\/francese\/vols_malte.html#breadcrumb\",\"itemListElement\":[{\"@type\":\"ListItem\",\"position\":1,\"name\":\"Home\",\"item\":\"https:\/\/www.terravision.eu\/francese\/\"},{\"@type\":\"ListItem\",\"position\":2,\"name\":\"Vols de\/\u00e0 Malte\"}]},{\"@type\":\"WebSite\",\"@id\":\"https:\/\/www.terravision.eu\/francese\/#website\",\"url\":\"https:\/\/www.terravision.eu\/francese\/\",\"name\":\"Terravision France\",\"description\":\"Liaisons low-cost vers\/depuis les grands a\u00e9roports europ\u00e9ens\",\"potentialAction\":[{\"@type\":\"SearchAction\",\"target\":{\"@type\":\"EntryPoint\",\"urlTemplate\":\"https:\/\/www.terravision.eu\/francese\/?s={search_term_string}\"},\"query-input\":{\"@type\":\"PropertyValueSpecification\",\"valueRequired\":true,\"valueName\":\"search_term_string\"}}],\"inLanguage\":\"fr-FR\"}]}<\/script>\n<!-- \/ Yoast SEO Premium plugin. -->","yoast_head_json":{"title":"Vols pour Malte | Terravision","description":"Vols pour Malte - Vols pas cher de\/\u00e0 Malte. Comparez les prix et r\u00e9servez en ligne votre vol pour Malte!","robots":{"index":"index","follow":"follow","max-snippet":"max-snippet:-1","max-image-preview":"max-image-preview:large","max-video-preview":"max-video-preview:-1"},"canonical":"https:\/\/www.terravision.eu\/francese\/vols_malte.html","og_locale":"fr_FR","og_type":"article","og_title":"Vols de\/\u00e0 Malte","og_description":"Vols pour Malte - Vols pas cher de\/\u00e0 Malte. Comparez les prix et r\u00e9servez en ligne votre vol pour Malte!","og_url":"https:\/\/www.terravision.eu\/francese\/vols_malte.html","og_site_name":"Terravision France","article_modified_time":"2020-03-06T14:38:59+00:00","twitter_misc":{"Dur\u00e9e de lecture estim\u00e9e":"1 minute"},"schema":{"@context":"https:\/\/schema.org","@graph":[{"@type":"WebPage","@id":"https:\/\/www.terravision.eu\/francese\/vols_malte.html","url":"https:\/\/www.terravision.eu\/francese\/vols_malte.html","name":"Vols pour Malte | Terravision","isPartOf":{"@id":"https:\/\/www.terravision.eu\/francese\/#website"},"datePublished":"2012-08-13T15:46:01+00:00","dateModified":"2020-03-06T14:38:59+00:00","description":"Vols pour Malte - Vols pas cher de\/\u00e0 Malte. Comparez les prix et r\u00e9servez en ligne votre vol pour Malte!","breadcrumb":{"@id":"https:\/\/www.terravision.eu\/francese\/vols_malte.html#breadcrumb"},"inLanguage":"fr-FR","potentialAction":[{"@type":"ReadAction","target":["https:\/\/www.terravision.eu\/francese\/vols_malte.html"]}]},{"@type":"BreadcrumbList","@id":"https:\/\/www.terravision.eu\/francese\/vols_malte.html#breadcrumb","itemListElement":[{"@type":"ListItem","position":1,"name":"Home","item":"https:\/\/www.terravision.eu\/francese\/"},{"@type":"ListItem","position":2,"name":"Vols de\/\u00e0 Malte"}]},{"@type":"WebSite","@id":"https:\/\/www.terravision.eu\/francese\/#website","url":"https:\/\/www.terravision.eu\/francese\/","name":"Terravision France","description":"Liaisons low-cost vers\/depuis les grands a\u00e9roports europ\u00e9ens","potentialAction":[{"@type":"SearchAction","target":{"@type":"EntryPoint","urlTemplate":"https:\/\/www.terravision.eu\/francese\/?s={search_term_string}"},"query-input":{"@type":"PropertyValueSpecification","valueRequired":true,"valueName":"search_term_string"}}],"inLanguage":"fr-FR"}]}},"_links":{"self":[{"href":"https:\/\/www.terravision.eu\/francese\/wp-json\/wp\/v2\/pages\/226","targetHints":{"allow":["GET"]}}],"collection":[{"href":"https:\/\/www.terravision.eu\/francese\/wp-json\/wp\/v2\/pages"}],"about":[{"href":"https:\/\/www.terravision.eu\/francese\/wp-json\/wp\/v2\/types\/page"}],"author":[{"embeddable":true,"href":"https:\/\/www.terravision.eu\/francese\/wp-json\/wp\/v2\/users\/1"}],"replies":[{"embeddable":true,"href":"https:\/\/www.terravision.eu\/francese\/wp-json\/wp\/v2\/comments?post=226"}],"version-history":[{"count":3,"href":"https:\/\/www.terravision.eu\/francese\/wp-json\/wp\/v2\/pages\/226\/revisions"}],"predecessor-version":[{"id":12692,"href":"https:\/\/www.terravision.eu\/francese\/wp-json\/wp\/v2\/pages\/226\/revisions\/12692"}],"wp:attachment":[{"href":"https:\/\/www.terravision.eu\/francese\/wp-json\/wp\/v2\/media?parent=226"}],"curies":[{"name":"wp","href":"https:\/\/api.w.org\/{rel}","templated":true}]}}