{"id":249,"date":"2012-08-14T14:16:14","date_gmt":"2012-08-14T14:16:14","guid":{"rendered":"https:\/\/www.terravision.eu\/manchester-travel-tips\/"},"modified":"2012-08-14T14:16:14","modified_gmt":"2012-08-14T14:16:14","slug":"voyage_manchester","status":"publish","type":"page","link":"https:\/\/www.terravision.eu\/francese\/voyage_manchester.html","title":{"rendered":"Guide de Manchester"},"content":{"rendered":"<div id=\"article-single\">\nManchester est ville tr\u00e8s connue pour son \u00e9quipe de football <strong>Manchester United.<\/strong> Bien que le stade Old Trafford soit une des attractions majeures, la ville regorge de ressources! Le centre ville est un lieu id\u00e9al pour faire les boutiques, mais aussi un lieu de rencontre pour les \u00e9tudiants venant du monde entier. Manchester est une ville dynamique, pleine d&#8217;\u00e9v\u00e9nements, d&#8217;expositions, de restaurants ou de clubs, il y en a pour tous les go\u00fbts!<\/p>\n<p><strong>Attractions Principales de Manchester<\/strong><br \/>\n&#8211; La Tour<br \/>\n&#8211; L&#8217;h\u00f4tel de ville (style victorien)<br \/>\n&#8211; The Cathedral, best medieval woodwork in the north of England<br \/>\n&#8211; La biblioth\u00e8que et \u00e9cole de musique Chetham&#8217;s, Long Millgate, la plus ancienne biblioth\u00e8que de Grande Bretagne (cf. le film &#8220;au nom de la rose&#8221;)<br \/>\n&#8211; La biblioth\u00e8que John Ryland&#8217;s, Deansgate, batiment gothique victorien tr\u00e8s r\u00e9put\u00e9 o\u00f9 vous trouverez les c\u00e9l\u00e8bres manuscrits du Nouveau Testament, la Bible de Guttenberg, la preni\u00e8re \u00e9dition des sonnets de Shakespeare parmi tant d&#8217;autres<br \/>\n&#8211; The Daily Express Building, chef d&#8217;oeuvre d&#8217;Art Deco<br \/>\n&#8211; Le Mus\u00e9e des Sciences et de l&#8217;Industrie<br \/>\n&#8211; Le Mus\u00e9e de la Manchester United, Sir Matt Busby Way, Manchester<\/p>\n<p><strong>Conseil sp\u00e9cial petit budget<\/strong><br \/>\nLe Sinclair&#8217;s Oyster Bar offre les pintes les moins ch\u00e8res de la ville! Datant des ann\u00e9es 1720, le bar a \u00e9t\u00e9 d\u00e9truit \u00e0 deux reprises et toujours reconstruit: il fait maintenant partie du d\u00e9cor de la ville.<\/p>\n<\/div>\n","protected":false},"excerpt":{"rendered":"<p>Manchester est ville tr\u00e8s connue pour son \u00e9quipe de football Manchester United. Bien que le stade Old Trafford soit une des attractions majeures, la ville regorge de ressources! Le centre ville est un lieu id\u00e9al pour faire les boutiques, mais aussi un lieu de rencontre pour les \u00e9tudiants venant du monde entier. Manchester est une [&hellip;]<\/p>\n","protected":false},"author":1,"featured_media":0,"parent":0,"menu_order":0,"comment_status":"open","ping_status":"open","template":"","meta":{"footnotes":""},"class_list":["post-249","page","type-page","status-publish","hentry"],"yoast_head":"<!-- This site is optimized with the Yoast SEO Premium plugin v24.4 (Yoast SEO v24.4) - https:\/\/yoast.com\/wordpress\/plugins\/seo\/ -->\n<title>Guide de Manchester | Terravision<\/title>\n<meta name=\"description\" content=\"Guide de Manchester. Guide touristique de Manchester avec liste de mus\u00e9es, conseils de voyage et principales attractions de Manchester.\" \/>\n<meta name=\"robots\" content=\"index, follow, max-snippet:-1, max-image-preview:large, max-video-preview:-1\" \/>\n<link rel=\"canonical\" href=\"https:\/\/www.terravision.eu\/francese\/voyage_manchester.html\" \/>\n<meta property=\"og:locale\" content=\"fr_FR\" \/>\n<meta property=\"og:type\" content=\"article\" \/>\n<meta property=\"og:title\" content=\"Guide de Manchester\" \/>\n<meta property=\"og:description\" content=\"Guide de Manchester. Guide touristique de Manchester avec liste de mus\u00e9es, conseils de voyage et principales attractions de Manchester.\" \/>\n<meta property=\"og:url\" content=\"https:\/\/www.terravision.eu\/francese\/voyage_manchester.html\" \/>\n<meta property=\"og:site_name\" content=\"Terravision France\" \/>\n<meta name=\"twitter:label1\" content=\"Dur\u00e9e de lecture estim\u00e9e\" \/>\n\t<meta name=\"twitter:data1\" content=\"1 minute\" \/>\n<script type=\"application\/ld+json\" class=\"yoast-schema-graph\">{\"@context\":\"https:\/\/schema.org\",\"@graph\":[{\"@type\":\"WebPage\",\"@id\":\"https:\/\/www.terravision.eu\/francese\/voyage_manchester.html\",\"url\":\"https:\/\/www.terravision.eu\/francese\/voyage_manchester.html\",\"name\":\"Guide de Manchester | Terravision\",\"isPartOf\":{\"@id\":\"https:\/\/www.terravision.eu\/francese\/#website\"},\"datePublished\":\"2012-08-14T14:16:14+00:00\",\"description\":\"Guide de Manchester. Guide touristique de Manchester avec liste de mus\u00e9es, conseils de voyage et principales attractions de Manchester.\",\"breadcrumb\":{\"@id\":\"https:\/\/www.terravision.eu\/francese\/voyage_manchester.html#breadcrumb\"},\"inLanguage\":\"fr-FR\",\"potentialAction\":[{\"@type\":\"ReadAction\",\"target\":[\"https:\/\/www.terravision.eu\/francese\/voyage_manchester.html\"]}]},{\"@type\":\"BreadcrumbList\",\"@id\":\"https:\/\/www.terravision.eu\/francese\/voyage_manchester.html#breadcrumb\",\"itemListElement\":[{\"@type\":\"ListItem\",\"position\":1,\"name\":\"Home\",\"item\":\"https:\/\/www.terravision.eu\/francese\/\"},{\"@type\":\"ListItem\",\"position\":2,\"name\":\"Guide de Manchester\"}]},{\"@type\":\"WebSite\",\"@id\":\"https:\/\/www.terravision.eu\/francese\/#website\",\"url\":\"https:\/\/www.terravision.eu\/francese\/\",\"name\":\"Terravision France\",\"description\":\"Liaisons low-cost vers\/depuis les grands a\u00e9roports europ\u00e9ens\",\"potentialAction\":[{\"@type\":\"SearchAction\",\"target\":{\"@type\":\"EntryPoint\",\"urlTemplate\":\"https:\/\/www.terravision.eu\/francese\/?s={search_term_string}\"},\"query-input\":{\"@type\":\"PropertyValueSpecification\",\"valueRequired\":true,\"valueName\":\"search_term_string\"}}],\"inLanguage\":\"fr-FR\"}]}<\/script>\n<!-- \/ Yoast SEO Premium plugin. -->","yoast_head_json":{"title":"Guide de Manchester | Terravision","description":"Guide de Manchester. Guide touristique de Manchester avec liste de mus\u00e9es, conseils de voyage et principales attractions de Manchester.","robots":{"index":"index","follow":"follow","max-snippet":"max-snippet:-1","max-image-preview":"max-image-preview:large","max-video-preview":"max-video-preview:-1"},"canonical":"https:\/\/www.terravision.eu\/francese\/voyage_manchester.html","og_locale":"fr_FR","og_type":"article","og_title":"Guide de Manchester","og_description":"Guide de Manchester. Guide touristique de Manchester avec liste de mus\u00e9es, conseils de voyage et principales attractions de Manchester.","og_url":"https:\/\/www.terravision.eu\/francese\/voyage_manchester.html","og_site_name":"Terravision France","twitter_misc":{"Dur\u00e9e de lecture estim\u00e9e":"1 minute"},"schema":{"@context":"https:\/\/schema.org","@graph":[{"@type":"WebPage","@id":"https:\/\/www.terravision.eu\/francese\/voyage_manchester.html","url":"https:\/\/www.terravision.eu\/francese\/voyage_manchester.html","name":"Guide de Manchester | Terravision","isPartOf":{"@id":"https:\/\/www.terravision.eu\/francese\/#website"},"datePublished":"2012-08-14T14:16:14+00:00","description":"Guide de Manchester. Guide touristique de Manchester avec liste de mus\u00e9es, conseils de voyage et principales attractions de Manchester.","breadcrumb":{"@id":"https:\/\/www.terravision.eu\/francese\/voyage_manchester.html#breadcrumb"},"inLanguage":"fr-FR","potentialAction":[{"@type":"ReadAction","target":["https:\/\/www.terravision.eu\/francese\/voyage_manchester.html"]}]},{"@type":"BreadcrumbList","@id":"https:\/\/www.terravision.eu\/francese\/voyage_manchester.html#breadcrumb","itemListElement":[{"@type":"ListItem","position":1,"name":"Home","item":"https:\/\/www.terravision.eu\/francese\/"},{"@type":"ListItem","position":2,"name":"Guide de Manchester"}]},{"@type":"WebSite","@id":"https:\/\/www.terravision.eu\/francese\/#website","url":"https:\/\/www.terravision.eu\/francese\/","name":"Terravision France","description":"Liaisons low-cost vers\/depuis les grands a\u00e9roports europ\u00e9ens","potentialAction":[{"@type":"SearchAction","target":{"@type":"EntryPoint","urlTemplate":"https:\/\/www.terravision.eu\/francese\/?s={search_term_string}"},"query-input":{"@type":"PropertyValueSpecification","valueRequired":true,"valueName":"search_term_string"}}],"inLanguage":"fr-FR"}]}},"_links":{"self":[{"href":"https:\/\/www.terravision.eu\/francese\/wp-json\/wp\/v2\/pages\/249","targetHints":{"allow":["GET"]}}],"collection":[{"href":"https:\/\/www.terravision.eu\/francese\/wp-json\/wp\/v2\/pages"}],"about":[{"href":"https:\/\/www.terravision.eu\/francese\/wp-json\/wp\/v2\/types\/page"}],"author":[{"embeddable":true,"href":"https:\/\/www.terravision.eu\/francese\/wp-json\/wp\/v2\/users\/1"}],"replies":[{"embeddable":true,"href":"https:\/\/www.terravision.eu\/francese\/wp-json\/wp\/v2\/comments?post=249"}],"version-history":[{"count":0,"href":"https:\/\/www.terravision.eu\/francese\/wp-json\/wp\/v2\/pages\/249\/revisions"}],"wp:attachment":[{"href":"https:\/\/www.terravision.eu\/francese\/wp-json\/wp\/v2\/media?parent=249"}],"curies":[{"name":"wp","href":"https:\/\/api.w.org\/{rel}","templated":true}]}}