{"id":256,"date":"2012-08-14T15:38:05","date_gmt":"2012-08-14T15:38:05","guid":{"rendered":"https:\/\/www.terravision.eu\/porto-travel-tips\/"},"modified":"2020-03-09T09:16:25","modified_gmt":"2020-03-09T09:16:25","slug":"voyage_porto","status":"publish","type":"page","link":"https:\/\/www.terravision.eu\/francese\/voyage_porto.html","title":{"rendered":"Guide de Porto"},"content":{"rendered":"<div id=\"article-single\">Porto est la deuxi\u00e8me ville la plus importante apr\u00e8s Lisbonne au Portugal et devient de plus en plus une destination \u00e0 la mode. Gr\u00e2ce \u00e0 son charme et ses monuments hors du commun, le centre ville historique de Porto a \u00e9t\u00e9 class\u00e9 Patrimoine Mondial de l\u2019Unesco en 1996 et a beaucoup \u00e0 offrir aux voyageurs, que ce soit le temps d\u2019un weekend, d\u2019une semaine ou meme lors d\u2019un voyage d\u2019affaires. Longtemps sous influence des romains, ensuite des maures et finalement des anglais, il r\u00e8gne au centre de Porto une atmosph\u00e8re unique o\u00f9 se d\u00e9lasser \u2013 sans oublier les caves \u00e0 vin Cais de Gaias de Porto, c\u00e9l\u00e8bres partout dans le monde !<strong>Attractions Principales de Porto<\/strong><br \/>\n&#8211; Caves \u00e0 vin du Port Cais de Gaias<br \/>\n&#8211; L&#8217;\u00e9glise Sao Louren\u00e7o<br \/>\n&#8211; Le quartier Ribeira<br \/>\n&#8211; La tour Clerigos<br \/>\n&#8211; La gare Sao Bento<br \/>\n&#8211; Le Pont Dom Luis (datant d&#8217;il y a plus de 120 ans!),<br \/>\n&#8211; Les mozaiques Azulejos<br \/>\n&#8211; La Biblioth\u00e8que Lello<\/p>\n<p><strong>Ev\u00e9nements<\/strong><br \/>\nPorto est une ville dynamique qui propose de nombreux \u00e9v\u00e9nements internationaux de premi\u00e8re classe (au mus\u00e9e Serralves) et des performances (\u00e0 la Maison de la Musique, Casa Da Musica) entre autres festivals et autres festivit\u00e9s.<\/p>\n<\/div>\n","protected":false},"excerpt":{"rendered":"<p>Porto est la deuxi\u00e8me ville la plus importante apr\u00e8s Lisbonne au Portugal et devient de plus en plus une destination \u00e0 la mode. Gr\u00e2ce \u00e0 son charme et ses monuments hors du commun, le centre ville historique de Porto a \u00e9t\u00e9 class\u00e9 Patrimoine Mondial de l\u2019Unesco en 1996 et a beaucoup \u00e0 offrir aux voyageurs, [&hellip;]<\/p>\n","protected":false},"author":1,"featured_media":0,"parent":0,"menu_order":0,"comment_status":"open","ping_status":"open","template":"","meta":{"footnotes":""},"class_list":["post-256","page","type-page","status-publish","hentry"],"yoast_head":"<!-- This site is optimized with the Yoast SEO Premium plugin v24.4 (Yoast SEO v24.4) - https:\/\/yoast.com\/wordpress\/plugins\/seo\/ -->\n<title>Guide de Porto | Terravision<\/title>\n<meta name=\"description\" content=\"Guide de Porto. Guide touristique de Porto avec liste de mus\u00e9es, conseils de voyage et principales attractions de Porto.\" \/>\n<meta name=\"robots\" content=\"index, follow, max-snippet:-1, max-image-preview:large, max-video-preview:-1\" \/>\n<link rel=\"canonical\" href=\"https:\/\/www.terravision.eu\/francese\/voyage_porto.html\" \/>\n<meta property=\"og:locale\" content=\"fr_FR\" \/>\n<meta property=\"og:type\" content=\"article\" \/>\n<meta property=\"og:title\" content=\"Guide de Porto\" \/>\n<meta property=\"og:description\" content=\"Guide de Porto. Guide touristique de Porto avec liste de mus\u00e9es, conseils de voyage et principales attractions de Porto.\" \/>\n<meta property=\"og:url\" content=\"https:\/\/www.terravision.eu\/francese\/voyage_porto.html\" \/>\n<meta property=\"og:site_name\" content=\"Terravision France\" \/>\n<meta property=\"article:modified_time\" content=\"2020-03-09T09:16:25+00:00\" \/>\n<meta name=\"twitter:label1\" content=\"Dur\u00e9e de lecture estim\u00e9e\" \/>\n\t<meta name=\"twitter:data1\" content=\"1 minute\" \/>\n<script type=\"application\/ld+json\" class=\"yoast-schema-graph\">{\"@context\":\"https:\/\/schema.org\",\"@graph\":[{\"@type\":\"WebPage\",\"@id\":\"https:\/\/www.terravision.eu\/francese\/voyage_porto.html\",\"url\":\"https:\/\/www.terravision.eu\/francese\/voyage_porto.html\",\"name\":\"Guide de Porto | Terravision\",\"isPartOf\":{\"@id\":\"https:\/\/www.terravision.eu\/francese\/#website\"},\"datePublished\":\"2012-08-14T15:38:05+00:00\",\"dateModified\":\"2020-03-09T09:16:25+00:00\",\"description\":\"Guide de Porto. Guide touristique de Porto avec liste de mus\u00e9es, conseils de voyage et principales attractions de Porto.\",\"breadcrumb\":{\"@id\":\"https:\/\/www.terravision.eu\/francese\/voyage_porto.html#breadcrumb\"},\"inLanguage\":\"fr-FR\",\"potentialAction\":[{\"@type\":\"ReadAction\",\"target\":[\"https:\/\/www.terravision.eu\/francese\/voyage_porto.html\"]}]},{\"@type\":\"BreadcrumbList\",\"@id\":\"https:\/\/www.terravision.eu\/francese\/voyage_porto.html#breadcrumb\",\"itemListElement\":[{\"@type\":\"ListItem\",\"position\":1,\"name\":\"Home\",\"item\":\"https:\/\/www.terravision.eu\/francese\/\"},{\"@type\":\"ListItem\",\"position\":2,\"name\":\"Guide de Porto\"}]},{\"@type\":\"WebSite\",\"@id\":\"https:\/\/www.terravision.eu\/francese\/#website\",\"url\":\"https:\/\/www.terravision.eu\/francese\/\",\"name\":\"Terravision France\",\"description\":\"Liaisons low-cost vers\/depuis les grands a\u00e9roports europ\u00e9ens\",\"potentialAction\":[{\"@type\":\"SearchAction\",\"target\":{\"@type\":\"EntryPoint\",\"urlTemplate\":\"https:\/\/www.terravision.eu\/francese\/?s={search_term_string}\"},\"query-input\":{\"@type\":\"PropertyValueSpecification\",\"valueRequired\":true,\"valueName\":\"search_term_string\"}}],\"inLanguage\":\"fr-FR\"}]}<\/script>\n<!-- \/ Yoast SEO Premium plugin. -->","yoast_head_json":{"title":"Guide de Porto | Terravision","description":"Guide de Porto. Guide touristique de Porto avec liste de mus\u00e9es, conseils de voyage et principales attractions de Porto.","robots":{"index":"index","follow":"follow","max-snippet":"max-snippet:-1","max-image-preview":"max-image-preview:large","max-video-preview":"max-video-preview:-1"},"canonical":"https:\/\/www.terravision.eu\/francese\/voyage_porto.html","og_locale":"fr_FR","og_type":"article","og_title":"Guide de Porto","og_description":"Guide de Porto. Guide touristique de Porto avec liste de mus\u00e9es, conseils de voyage et principales attractions de Porto.","og_url":"https:\/\/www.terravision.eu\/francese\/voyage_porto.html","og_site_name":"Terravision France","article_modified_time":"2020-03-09T09:16:25+00:00","twitter_misc":{"Dur\u00e9e de lecture estim\u00e9e":"1 minute"},"schema":{"@context":"https:\/\/schema.org","@graph":[{"@type":"WebPage","@id":"https:\/\/www.terravision.eu\/francese\/voyage_porto.html","url":"https:\/\/www.terravision.eu\/francese\/voyage_porto.html","name":"Guide de Porto | Terravision","isPartOf":{"@id":"https:\/\/www.terravision.eu\/francese\/#website"},"datePublished":"2012-08-14T15:38:05+00:00","dateModified":"2020-03-09T09:16:25+00:00","description":"Guide de Porto. Guide touristique de Porto avec liste de mus\u00e9es, conseils de voyage et principales attractions de Porto.","breadcrumb":{"@id":"https:\/\/www.terravision.eu\/francese\/voyage_porto.html#breadcrumb"},"inLanguage":"fr-FR","potentialAction":[{"@type":"ReadAction","target":["https:\/\/www.terravision.eu\/francese\/voyage_porto.html"]}]},{"@type":"BreadcrumbList","@id":"https:\/\/www.terravision.eu\/francese\/voyage_porto.html#breadcrumb","itemListElement":[{"@type":"ListItem","position":1,"name":"Home","item":"https:\/\/www.terravision.eu\/francese\/"},{"@type":"ListItem","position":2,"name":"Guide de Porto"}]},{"@type":"WebSite","@id":"https:\/\/www.terravision.eu\/francese\/#website","url":"https:\/\/www.terravision.eu\/francese\/","name":"Terravision France","description":"Liaisons low-cost vers\/depuis les grands a\u00e9roports europ\u00e9ens","potentialAction":[{"@type":"SearchAction","target":{"@type":"EntryPoint","urlTemplate":"https:\/\/www.terravision.eu\/francese\/?s={search_term_string}"},"query-input":{"@type":"PropertyValueSpecification","valueRequired":true,"valueName":"search_term_string"}}],"inLanguage":"fr-FR"}]}},"_links":{"self":[{"href":"https:\/\/www.terravision.eu\/francese\/wp-json\/wp\/v2\/pages\/256","targetHints":{"allow":["GET"]}}],"collection":[{"href":"https:\/\/www.terravision.eu\/francese\/wp-json\/wp\/v2\/pages"}],"about":[{"href":"https:\/\/www.terravision.eu\/francese\/wp-json\/wp\/v2\/types\/page"}],"author":[{"embeddable":true,"href":"https:\/\/www.terravision.eu\/francese\/wp-json\/wp\/v2\/users\/1"}],"replies":[{"embeddable":true,"href":"https:\/\/www.terravision.eu\/francese\/wp-json\/wp\/v2\/comments?post=256"}],"version-history":[{"count":1,"href":"https:\/\/www.terravision.eu\/francese\/wp-json\/wp\/v2\/pages\/256\/revisions"}],"predecessor-version":[{"id":12691,"href":"https:\/\/www.terravision.eu\/francese\/wp-json\/wp\/v2\/pages\/256\/revisions\/12691"}],"wp:attachment":[{"href":"https:\/\/www.terravision.eu\/francese\/wp-json\/wp\/v2\/media?parent=256"}],"curies":[{"name":"wp","href":"https:\/\/api.w.org\/{rel}","templated":true}]}}