{"id":261,"date":"2012-08-14T16:12:03","date_gmt":"2012-08-14T16:12:03","guid":{"rendered":"https:\/\/www.terravision.eu\/how-to-get-to-porto\/"},"modified":"2020-03-09T09:07:29","modified_gmt":"2020-03-09T09:07:29","slug":"comment_arriver_porto","status":"publish","type":"page","link":"https:\/\/www.terravision.eu\/francese\/comment_arriver_porto.html","title":{"rendered":"Comment aller \u00e0 Porto"},"content":{"rendered":"<div id=\"article-single\">\n<p><strong>En avion<\/strong>:<br \/>\nPorto est reli\u00e9 au reste de l&#8217;Europe et autres principales m\u00e9tropoles mondiales par l&#8217;a\u00e9roport international Francisco S\u00e1 Carneiro (OPO).<\/p>\n<p><strong>En voiture<\/strong>:<br \/>\nLes principales autoroutes desservant Porto:<br \/>\nA1,vers Lisbon<br \/>\nA3, vers Minho<br \/>\nA4, vers Tr\u00e1s-os-Montes<br \/>\nIC1\/A28 vers Valence (sans p\u00e9age)<\/p>\n<p><strong>En train<\/strong>:<br \/>\nIl existe deux gares \u00e0 Porto:<br \/>\n&#8211; Esta\u00e7\u00e3o de Campanh\u00e3, reliant les destinations internationales ainsi que Lisbonne, Douro ou Minho<br \/>\n&#8211; Esta\u00e7\u00e3o de S. Bento, reliant Galicia, Douro, Minho, Aveiro et Coimbra<\/p>\n<\/div>\n","protected":false},"excerpt":{"rendered":"<p>En avion: Porto est reli\u00e9 au reste de l&#8217;Europe et autres principales m\u00e9tropoles mondiales par l&#8217;a\u00e9roport international Francisco S\u00e1 Carneiro (OPO). En voiture: Les principales autoroutes desservant Porto: A1,vers Lisbon A3, vers Minho A4, vers Tr\u00e1s-os-Montes IC1\/A28 vers Valence (sans p\u00e9age) En train: Il existe deux gares \u00e0 Porto: &#8211; Esta\u00e7\u00e3o de Campanh\u00e3, reliant les [&hellip;]<\/p>\n","protected":false},"author":1,"featured_media":0,"parent":0,"menu_order":0,"comment_status":"open","ping_status":"open","template":"","meta":{"footnotes":""},"class_list":["post-261","page","type-page","status-publish","hentry"],"yoast_head":"<!-- This site is optimized with the Yoast SEO Premium plugin v24.4 (Yoast SEO v24.4) - https:\/\/yoast.com\/wordpress\/plugins\/seo\/ -->\n<title>Comment aller \u00e0 Porto | Terravision<\/title>\n<meta name=\"description\" content=\"Comment aller \u00e0 Porto. Informations sur les moyens de transports, avion, train, voiture ou bus: les solutions les plus rapides et les moins ch\u00e8res.\" \/>\n<meta name=\"robots\" content=\"index, follow, max-snippet:-1, max-image-preview:large, max-video-preview:-1\" \/>\n<link rel=\"canonical\" href=\"https:\/\/www.terravision.eu\/francese\/comment_arriver_porto.html\" \/>\n<meta property=\"og:locale\" content=\"fr_FR\" \/>\n<meta property=\"og:type\" content=\"article\" \/>\n<meta property=\"og:title\" content=\"Comment aller \u00e0 Porto\" \/>\n<meta property=\"og:description\" content=\"Comment aller \u00e0 Porto. Informations sur les moyens de transports, avion, train, voiture ou bus: les solutions les plus rapides et les moins ch\u00e8res.\" \/>\n<meta property=\"og:url\" content=\"https:\/\/www.terravision.eu\/francese\/comment_arriver_porto.html\" \/>\n<meta property=\"og:site_name\" content=\"Terravision France\" \/>\n<meta property=\"article:modified_time\" content=\"2020-03-09T09:07:29+00:00\" \/>\n<script type=\"application\/ld+json\" class=\"yoast-schema-graph\">{\"@context\":\"https:\/\/schema.org\",\"@graph\":[{\"@type\":\"WebPage\",\"@id\":\"https:\/\/www.terravision.eu\/francese\/comment_arriver_porto.html\",\"url\":\"https:\/\/www.terravision.eu\/francese\/comment_arriver_porto.html\",\"name\":\"Comment aller \u00e0 Porto | Terravision\",\"isPartOf\":{\"@id\":\"https:\/\/www.terravision.eu\/francese\/#website\"},\"datePublished\":\"2012-08-14T16:12:03+00:00\",\"dateModified\":\"2020-03-09T09:07:29+00:00\",\"description\":\"Comment aller \u00e0 Porto. Informations sur les moyens de transports, avion, train, voiture ou bus: les solutions les plus rapides et les moins ch\u00e8res.\",\"breadcrumb\":{\"@id\":\"https:\/\/www.terravision.eu\/francese\/comment_arriver_porto.html#breadcrumb\"},\"inLanguage\":\"fr-FR\",\"potentialAction\":[{\"@type\":\"ReadAction\",\"target\":[\"https:\/\/www.terravision.eu\/francese\/comment_arriver_porto.html\"]}]},{\"@type\":\"BreadcrumbList\",\"@id\":\"https:\/\/www.terravision.eu\/francese\/comment_arriver_porto.html#breadcrumb\",\"itemListElement\":[{\"@type\":\"ListItem\",\"position\":1,\"name\":\"Home\",\"item\":\"https:\/\/www.terravision.eu\/francese\/\"},{\"@type\":\"ListItem\",\"position\":2,\"name\":\"Comment aller \u00e0 Porto\"}]},{\"@type\":\"WebSite\",\"@id\":\"https:\/\/www.terravision.eu\/francese\/#website\",\"url\":\"https:\/\/www.terravision.eu\/francese\/\",\"name\":\"Terravision France\",\"description\":\"Liaisons low-cost vers\/depuis les grands a\u00e9roports europ\u00e9ens\",\"potentialAction\":[{\"@type\":\"SearchAction\",\"target\":{\"@type\":\"EntryPoint\",\"urlTemplate\":\"https:\/\/www.terravision.eu\/francese\/?s={search_term_string}\"},\"query-input\":{\"@type\":\"PropertyValueSpecification\",\"valueRequired\":true,\"valueName\":\"search_term_string\"}}],\"inLanguage\":\"fr-FR\"}]}<\/script>\n<!-- \/ Yoast SEO Premium plugin. -->","yoast_head_json":{"title":"Comment aller \u00e0 Porto | Terravision","description":"Comment aller \u00e0 Porto. Informations sur les moyens de transports, avion, train, voiture ou bus: les solutions les plus rapides et les moins ch\u00e8res.","robots":{"index":"index","follow":"follow","max-snippet":"max-snippet:-1","max-image-preview":"max-image-preview:large","max-video-preview":"max-video-preview:-1"},"canonical":"https:\/\/www.terravision.eu\/francese\/comment_arriver_porto.html","og_locale":"fr_FR","og_type":"article","og_title":"Comment aller \u00e0 Porto","og_description":"Comment aller \u00e0 Porto. Informations sur les moyens de transports, avion, train, voiture ou bus: les solutions les plus rapides et les moins ch\u00e8res.","og_url":"https:\/\/www.terravision.eu\/francese\/comment_arriver_porto.html","og_site_name":"Terravision France","article_modified_time":"2020-03-09T09:07:29+00:00","schema":{"@context":"https:\/\/schema.org","@graph":[{"@type":"WebPage","@id":"https:\/\/www.terravision.eu\/francese\/comment_arriver_porto.html","url":"https:\/\/www.terravision.eu\/francese\/comment_arriver_porto.html","name":"Comment aller \u00e0 Porto | Terravision","isPartOf":{"@id":"https:\/\/www.terravision.eu\/francese\/#website"},"datePublished":"2012-08-14T16:12:03+00:00","dateModified":"2020-03-09T09:07:29+00:00","description":"Comment aller \u00e0 Porto. Informations sur les moyens de transports, avion, train, voiture ou bus: les solutions les plus rapides et les moins ch\u00e8res.","breadcrumb":{"@id":"https:\/\/www.terravision.eu\/francese\/comment_arriver_porto.html#breadcrumb"},"inLanguage":"fr-FR","potentialAction":[{"@type":"ReadAction","target":["https:\/\/www.terravision.eu\/francese\/comment_arriver_porto.html"]}]},{"@type":"BreadcrumbList","@id":"https:\/\/www.terravision.eu\/francese\/comment_arriver_porto.html#breadcrumb","itemListElement":[{"@type":"ListItem","position":1,"name":"Home","item":"https:\/\/www.terravision.eu\/francese\/"},{"@type":"ListItem","position":2,"name":"Comment aller \u00e0 Porto"}]},{"@type":"WebSite","@id":"https:\/\/www.terravision.eu\/francese\/#website","url":"https:\/\/www.terravision.eu\/francese\/","name":"Terravision France","description":"Liaisons low-cost vers\/depuis les grands a\u00e9roports europ\u00e9ens","potentialAction":[{"@type":"SearchAction","target":{"@type":"EntryPoint","urlTemplate":"https:\/\/www.terravision.eu\/francese\/?s={search_term_string}"},"query-input":{"@type":"PropertyValueSpecification","valueRequired":true,"valueName":"search_term_string"}}],"inLanguage":"fr-FR"}]}},"_links":{"self":[{"href":"https:\/\/www.terravision.eu\/francese\/wp-json\/wp\/v2\/pages\/261","targetHints":{"allow":["GET"]}}],"collection":[{"href":"https:\/\/www.terravision.eu\/francese\/wp-json\/wp\/v2\/pages"}],"about":[{"href":"https:\/\/www.terravision.eu\/francese\/wp-json\/wp\/v2\/types\/page"}],"author":[{"embeddable":true,"href":"https:\/\/www.terravision.eu\/francese\/wp-json\/wp\/v2\/users\/1"}],"replies":[{"embeddable":true,"href":"https:\/\/www.terravision.eu\/francese\/wp-json\/wp\/v2\/comments?post=261"}],"version-history":[{"count":1,"href":"https:\/\/www.terravision.eu\/francese\/wp-json\/wp\/v2\/pages\/261\/revisions"}],"predecessor-version":[{"id":12690,"href":"https:\/\/www.terravision.eu\/francese\/wp-json\/wp\/v2\/pages\/261\/revisions\/12690"}],"wp:attachment":[{"href":"https:\/\/www.terravision.eu\/francese\/wp-json\/wp\/v2\/media?parent=261"}],"curies":[{"name":"wp","href":"https:\/\/api.w.org\/{rel}","templated":true}]}}