{"id":290,"date":"2012-08-16T15:55:31","date_gmt":"2012-08-16T15:55:31","guid":{"rendered":"https:\/\/www.terravision.eu\/airport-services-terravision\/"},"modified":"2025-08-26T15:17:03","modified_gmt":"2025-08-26T15:17:03","slug":"services_aeroport","status":"publish","type":"page","link":"https:\/\/www.terravision.eu\/francese\/services_aeroport.html","title":{"rendered":"Transferts a\u00e9roport"},"content":{"rendered":"<h2>Transferts d&#8217;a\u00e9roport \u00e0 bas prix et de grande valeur \u00e0 travers l&#8217;Europe.<\/h2>\n<p>\u00c9vitez le stress li\u00e9 \u00e0 la file d&#8217;attente \u00e0 l&#8217;a\u00e9roport en r\u00e9servant \u00e0 l&#8217;avance votre transfert a\u00e9roport lowcost. Nous fournissons des connexions point \u00e0 point et porte-\u00e0-porte vers les principaux hubs europ\u00e9ens. Notre transferts son avantageux, facile \u00e0 r\u00e9server et nous autorisons les changements de date et d&#8217;heure en cas de retard de vol, nous autorisons les clients \u00e0 bord des trajets pr\u00e9c\u00e9dents et suivants et nous offrons un Service Client amical et r\u00e9actif.<\/p>\n","protected":false},"excerpt":{"rendered":"<p>Transferts d&#8217;a\u00e9roport \u00e0 bas prix et de grande valeur \u00e0 travers l&#8217;Europe. \u00c9vitez le stress li\u00e9 \u00e0 la file d&#8217;attente \u00e0 l&#8217;a\u00e9roport en r\u00e9servant \u00e0 l&#8217;avance votre transfert a\u00e9roport lowcost. Nous fournissons des connexions point \u00e0 point et porte-\u00e0-porte vers les principaux hubs europ\u00e9ens. Notre transferts son avantageux, facile \u00e0 r\u00e9server et nous autorisons les [&hellip;]<\/p>\n","protected":false},"author":1,"featured_media":11437,"parent":0,"menu_order":0,"comment_status":"open","ping_status":"open","template":"page-airport_services.php","meta":{"footnotes":""},"class_list":["post-290","page","type-page","status-publish","has-post-thumbnail","hentry"],"yoast_head":"<!-- This site is optimized with the Yoast SEO Premium plugin v24.4 (Yoast SEO v24.4) - https:\/\/yoast.com\/wordpress\/plugins\/seo\/ -->\n<title>Liaisons avec les principaux a\u00e9roports : d\u00e9couvrez nos services<\/title>\n<meta name=\"description\" content=\"Transferts \u00e0 bas prix depuis\/vers les principaux a\u00e9roports europ\u00e9ens \u2708\ufe0f. Plus de 55 destinations, prix low cost \ud83d\udcb0 et services fiables !\" \/>\n<meta name=\"robots\" content=\"index, follow, max-snippet:-1, max-image-preview:large, max-video-preview:-1\" \/>\n<link rel=\"canonical\" href=\"https:\/\/www.terravision.eu\/francese\/services_aeroport.html\" \/>\n<meta property=\"og:locale\" content=\"fr_FR\" \/>\n<meta property=\"og:type\" content=\"article\" \/>\n<meta property=\"og:title\" content=\"Transferts a\u00e9roport\" \/>\n<meta property=\"og:description\" content=\"Transferts \u00e0 bas prix depuis\/vers les principaux a\u00e9roports europ\u00e9ens \u2708\ufe0f. Plus de 55 destinations, prix low cost \ud83d\udcb0 et services fiables !\" \/>\n<meta property=\"og:url\" content=\"https:\/\/www.terravision.eu\/francese\/services_aeroport.html\" \/>\n<meta property=\"og:site_name\" content=\"Terravision France\" \/>\n<meta property=\"article:modified_time\" content=\"2025-08-26T15:17:03+00:00\" \/>\n<meta property=\"og:image\" content=\"https:\/\/www.terravision.eu\/francese\/files\/2012\/08\/transfer.jpg\" \/>\n\t<meta property=\"og:image:width\" content=\"2880\" \/>\n\t<meta property=\"og:image:height\" content=\"1620\" \/>\n\t<meta property=\"og:image:type\" content=\"image\/jpeg\" \/>\n<meta name=\"twitter:label1\" content=\"Dur\u00e9e de lecture estim\u00e9e\" \/>\n\t<meta name=\"twitter:data1\" content=\"1 minute\" \/>\n<script type=\"application\/ld+json\" class=\"yoast-schema-graph\">{\"@context\":\"https:\/\/schema.org\",\"@graph\":[{\"@type\":\"WebPage\",\"@id\":\"https:\/\/www.terravision.eu\/francese\/services_aeroport.html\",\"url\":\"https:\/\/www.terravision.eu\/francese\/services_aeroport.html\",\"name\":\"Liaisons avec les principaux a\u00e9roports : d\u00e9couvrez nos services\",\"isPartOf\":{\"@id\":\"https:\/\/www.terravision.eu\/francese\/#website\"},\"primaryImageOfPage\":{\"@id\":\"https:\/\/www.terravision.eu\/francese\/services_aeroport.html#primaryimage\"},\"image\":{\"@id\":\"https:\/\/www.terravision.eu\/francese\/services_aeroport.html#primaryimage\"},\"thumbnailUrl\":\"https:\/\/www.terravision.eu\/francese\/files\/2012\/08\/transfer.jpg\",\"datePublished\":\"2012-08-16T15:55:31+00:00\",\"dateModified\":\"2025-08-26T15:17:03+00:00\",\"description\":\"Transferts \u00e0 bas prix depuis\/vers les principaux a\u00e9roports europ\u00e9ens \u2708\ufe0f. Plus de 55 destinations, prix low cost \ud83d\udcb0 et services fiables !\",\"breadcrumb\":{\"@id\":\"https:\/\/www.terravision.eu\/francese\/services_aeroport.html#breadcrumb\"},\"inLanguage\":\"fr-FR\",\"potentialAction\":[{\"@type\":\"ReadAction\",\"target\":[\"https:\/\/www.terravision.eu\/francese\/services_aeroport.html\"]}]},{\"@type\":\"ImageObject\",\"inLanguage\":\"fr-FR\",\"@id\":\"https:\/\/www.terravision.eu\/francese\/services_aeroport.html#primaryimage\",\"url\":\"https:\/\/www.terravision.eu\/francese\/files\/2012\/08\/transfer.jpg\",\"contentUrl\":\"https:\/\/www.terravision.eu\/francese\/files\/2012\/08\/transfer.jpg\",\"width\":2880,\"height\":1620},{\"@type\":\"BreadcrumbList\",\"@id\":\"https:\/\/www.terravision.eu\/francese\/services_aeroport.html#breadcrumb\",\"itemListElement\":[{\"@type\":\"ListItem\",\"position\":1,\"name\":\"Home\",\"item\":\"https:\/\/www.terravision.eu\/francese\/\"},{\"@type\":\"ListItem\",\"position\":2,\"name\":\"Transferts a\u00e9roport\"}]},{\"@type\":\"WebSite\",\"@id\":\"https:\/\/www.terravision.eu\/francese\/#website\",\"url\":\"https:\/\/www.terravision.eu\/francese\/\",\"name\":\"Terravision France\",\"description\":\"Liaisons low-cost vers\/depuis les grands a\u00e9roports europ\u00e9ens\",\"potentialAction\":[{\"@type\":\"SearchAction\",\"target\":{\"@type\":\"EntryPoint\",\"urlTemplate\":\"https:\/\/www.terravision.eu\/francese\/?s={search_term_string}\"},\"query-input\":{\"@type\":\"PropertyValueSpecification\",\"valueRequired\":true,\"valueName\":\"search_term_string\"}}],\"inLanguage\":\"fr-FR\"}]}<\/script>\n<!-- \/ Yoast SEO Premium plugin. -->","yoast_head_json":{"title":"Liaisons avec les principaux a\u00e9roports : d\u00e9couvrez nos services","description":"Transferts \u00e0 bas prix depuis\/vers les principaux a\u00e9roports europ\u00e9ens \u2708\ufe0f. Plus de 55 destinations, prix low cost \ud83d\udcb0 et services fiables !","robots":{"index":"index","follow":"follow","max-snippet":"max-snippet:-1","max-image-preview":"max-image-preview:large","max-video-preview":"max-video-preview:-1"},"canonical":"https:\/\/www.terravision.eu\/francese\/services_aeroport.html","og_locale":"fr_FR","og_type":"article","og_title":"Transferts a\u00e9roport","og_description":"Transferts \u00e0 bas prix depuis\/vers les principaux a\u00e9roports europ\u00e9ens \u2708\ufe0f. Plus de 55 destinations, prix low cost \ud83d\udcb0 et services fiables !","og_url":"https:\/\/www.terravision.eu\/francese\/services_aeroport.html","og_site_name":"Terravision France","article_modified_time":"2025-08-26T15:17:03+00:00","og_image":[{"width":2880,"height":1620,"url":"https:\/\/www.terravision.eu\/francese\/files\/2012\/08\/transfer.jpg","type":"image\/jpeg"}],"twitter_misc":{"Dur\u00e9e de lecture estim\u00e9e":"1 minute"},"schema":{"@context":"https:\/\/schema.org","@graph":[{"@type":"WebPage","@id":"https:\/\/www.terravision.eu\/francese\/services_aeroport.html","url":"https:\/\/www.terravision.eu\/francese\/services_aeroport.html","name":"Liaisons avec les principaux a\u00e9roports : d\u00e9couvrez nos services","isPartOf":{"@id":"https:\/\/www.terravision.eu\/francese\/#website"},"primaryImageOfPage":{"@id":"https:\/\/www.terravision.eu\/francese\/services_aeroport.html#primaryimage"},"image":{"@id":"https:\/\/www.terravision.eu\/francese\/services_aeroport.html#primaryimage"},"thumbnailUrl":"https:\/\/www.terravision.eu\/francese\/files\/2012\/08\/transfer.jpg","datePublished":"2012-08-16T15:55:31+00:00","dateModified":"2025-08-26T15:17:03+00:00","description":"Transferts \u00e0 bas prix depuis\/vers les principaux a\u00e9roports europ\u00e9ens \u2708\ufe0f. Plus de 55 destinations, prix low cost \ud83d\udcb0 et services fiables !","breadcrumb":{"@id":"https:\/\/www.terravision.eu\/francese\/services_aeroport.html#breadcrumb"},"inLanguage":"fr-FR","potentialAction":[{"@type":"ReadAction","target":["https:\/\/www.terravision.eu\/francese\/services_aeroport.html"]}]},{"@type":"ImageObject","inLanguage":"fr-FR","@id":"https:\/\/www.terravision.eu\/francese\/services_aeroport.html#primaryimage","url":"https:\/\/www.terravision.eu\/francese\/files\/2012\/08\/transfer.jpg","contentUrl":"https:\/\/www.terravision.eu\/francese\/files\/2012\/08\/transfer.jpg","width":2880,"height":1620},{"@type":"BreadcrumbList","@id":"https:\/\/www.terravision.eu\/francese\/services_aeroport.html#breadcrumb","itemListElement":[{"@type":"ListItem","position":1,"name":"Home","item":"https:\/\/www.terravision.eu\/francese\/"},{"@type":"ListItem","position":2,"name":"Transferts a\u00e9roport"}]},{"@type":"WebSite","@id":"https:\/\/www.terravision.eu\/francese\/#website","url":"https:\/\/www.terravision.eu\/francese\/","name":"Terravision France","description":"Liaisons low-cost vers\/depuis les grands a\u00e9roports europ\u00e9ens","potentialAction":[{"@type":"SearchAction","target":{"@type":"EntryPoint","urlTemplate":"https:\/\/www.terravision.eu\/francese\/?s={search_term_string}"},"query-input":{"@type":"PropertyValueSpecification","valueRequired":true,"valueName":"search_term_string"}}],"inLanguage":"fr-FR"}]}},"_links":{"self":[{"href":"https:\/\/www.terravision.eu\/francese\/wp-json\/wp\/v2\/pages\/290","targetHints":{"allow":["GET"]}}],"collection":[{"href":"https:\/\/www.terravision.eu\/francese\/wp-json\/wp\/v2\/pages"}],"about":[{"href":"https:\/\/www.terravision.eu\/francese\/wp-json\/wp\/v2\/types\/page"}],"author":[{"embeddable":true,"href":"https:\/\/www.terravision.eu\/francese\/wp-json\/wp\/v2\/users\/1"}],"replies":[{"embeddable":true,"href":"https:\/\/www.terravision.eu\/francese\/wp-json\/wp\/v2\/comments?post=290"}],"version-history":[{"count":6,"href":"https:\/\/www.terravision.eu\/francese\/wp-json\/wp\/v2\/pages\/290\/revisions"}],"predecessor-version":[{"id":13188,"href":"https:\/\/www.terravision.eu\/francese\/wp-json\/wp\/v2\/pages\/290\/revisions\/13188"}],"wp:featuredmedia":[{"embeddable":true,"href":"https:\/\/www.terravision.eu\/francese\/wp-json\/wp\/v2\/media\/11437"}],"wp:attachment":[{"href":"https:\/\/www.terravision.eu\/francese\/wp-json\/wp\/v2\/media?parent=290"}],"curies":[{"name":"wp","href":"https:\/\/api.w.org\/{rel}","templated":true}]}}