{"id":293,"date":"2012-08-16T16:32:49","date_gmt":"2012-08-16T16:32:49","guid":{"rendered":"https:\/\/www.terravision.eu\/franchising-terravision\/"},"modified":"2025-06-19T13:24:36","modified_gmt":"2025-06-19T13:24:36","slug":"franchising","status":"publish","type":"page","link":"https:\/\/www.terravision.eu\/francese\/franchising.html","title":{"rendered":"Franchise"},"content":{"rendered":"<p>Faites partie du groupe Terravision, regardez nos opportunit\u00e9s de franchise avec Terravision!<\/p>\n<p><strong>Franchise Terravision<\/strong><\/p>\n<p><strong>Terravision recherche des partenaires europ\u00e9ens pour la franchise de services de transfert entra a\u00e9roport et centre ville en Europe.<\/strong><\/p>\n<p>Travailler avec Terravision signifie:<br \/>\n<strong>1)<\/strong> faire partie de l\u2019\u00e9quipe qui est d\u00e9j\u00e0 le partenaire pr\u00e9f\u00e9r\u00e9 des principales compagnies a\u00e9riennes low cost.<br \/>\n<strong>2)<\/strong> b\u00e9n\u00e9ficier d\u2019une bonne visibilit\u00e9 en ligne via www.terravision.eu, qui a plus de 800.000 visiteurs par moi<br \/>\n<strong>3)<\/strong> utiliser un syst\u00e8me de vente et de r\u00e9servation efficace et int\u00e9grer dans un r\u00e9seau de partenaires partout dans le monde ayant leur propre site et portails.<br \/>\n<strong>4)<\/strong> b\u00e9n\u00e9ficier des avantages d\u2019\u00eatre associ\u00e9 avec la marque Terravision, leader du march\u00e9 pour les transferts a\u00e9roports au niveau europ\u00e9en.<\/p>\n<p>If you are interested, please send us an email at marketing@terravision.eu<\/p>\n","protected":false},"excerpt":{"rendered":"<p>Faites partie du groupe Terravision, regardez nos opportunit\u00e9s de franchise avec Terravision! Franchise Terravision Terravision recherche des partenaires europ\u00e9ens pour la franchise de services de transfert entra a\u00e9roport et centre ville en Europe. Travailler avec Terravision signifie: 1) faire partie de l\u2019\u00e9quipe qui est d\u00e9j\u00e0 le partenaire pr\u00e9f\u00e9r\u00e9 des principales compagnies a\u00e9riennes low cost. 2) [&hellip;]<\/p>\n","protected":false},"author":1,"featured_media":0,"parent":0,"menu_order":0,"comment_status":"open","ping_status":"open","template":"","meta":{"footnotes":""},"class_list":["post-293","page","type-page","status-publish","hentry"],"yoast_head":"<!-- This site is optimized with the Yoast SEO Premium plugin v24.4 (Yoast SEO v24.4) - https:\/\/yoast.com\/wordpress\/plugins\/seo\/ -->\n<title>Franchise | Terravision France<\/title>\n<meta name=\"robots\" content=\"index, follow, max-snippet:-1, max-image-preview:large, max-video-preview:-1\" \/>\n<link rel=\"canonical\" href=\"https:\/\/www.terravision.eu\/francese\/franchising.html\" \/>\n<meta property=\"og:locale\" content=\"fr_FR\" \/>\n<meta property=\"og:type\" content=\"article\" \/>\n<meta property=\"og:title\" content=\"Franchise\" \/>\n<meta property=\"og:description\" content=\"Faites partie du groupe Terravision, regardez nos opportunit\u00e9s de franchise avec Terravision! Franchise Terravision Terravision recherche des partenaires europ\u00e9ens pour la franchise de services de transfert entra a\u00e9roport et centre ville en Europe. Travailler avec Terravision signifie: 1) faire partie de l\u2019\u00e9quipe qui est d\u00e9j\u00e0 le partenaire pr\u00e9f\u00e9r\u00e9 des principales compagnies a\u00e9riennes low cost. 2) [&hellip;]\" \/>\n<meta property=\"og:url\" content=\"https:\/\/www.terravision.eu\/francese\/franchising.html\" \/>\n<meta property=\"og:site_name\" content=\"Terravision France\" \/>\n<meta property=\"article:modified_time\" content=\"2025-06-19T13:24:36+00:00\" \/>\n<meta name=\"twitter:label1\" content=\"Dur\u00e9e de lecture estim\u00e9e\" \/>\n\t<meta name=\"twitter:data1\" content=\"1 minute\" \/>\n<script type=\"application\/ld+json\" class=\"yoast-schema-graph\">{\"@context\":\"https:\/\/schema.org\",\"@graph\":[{\"@type\":\"WebPage\",\"@id\":\"https:\/\/www.terravision.eu\/francese\/franchising.html\",\"url\":\"https:\/\/www.terravision.eu\/francese\/franchising.html\",\"name\":\"Franchise | Terravision France\",\"isPartOf\":{\"@id\":\"https:\/\/www.terravision.eu\/francese\/#website\"},\"datePublished\":\"2012-08-16T16:32:49+00:00\",\"dateModified\":\"2025-06-19T13:24:36+00:00\",\"breadcrumb\":{\"@id\":\"https:\/\/www.terravision.eu\/francese\/franchising.html#breadcrumb\"},\"inLanguage\":\"fr-FR\",\"potentialAction\":[{\"@type\":\"ReadAction\",\"target\":[\"https:\/\/www.terravision.eu\/francese\/franchising.html\"]}]},{\"@type\":\"BreadcrumbList\",\"@id\":\"https:\/\/www.terravision.eu\/francese\/franchising.html#breadcrumb\",\"itemListElement\":[{\"@type\":\"ListItem\",\"position\":1,\"name\":\"Home\",\"item\":\"https:\/\/www.terravision.eu\/francese\/\"},{\"@type\":\"ListItem\",\"position\":2,\"name\":\"Franchise\"}]},{\"@type\":\"WebSite\",\"@id\":\"https:\/\/www.terravision.eu\/francese\/#website\",\"url\":\"https:\/\/www.terravision.eu\/francese\/\",\"name\":\"Terravision France\",\"description\":\"Liaisons low-cost vers\/depuis les grands a\u00e9roports europ\u00e9ens\",\"potentialAction\":[{\"@type\":\"SearchAction\",\"target\":{\"@type\":\"EntryPoint\",\"urlTemplate\":\"https:\/\/www.terravision.eu\/francese\/?s={search_term_string}\"},\"query-input\":{\"@type\":\"PropertyValueSpecification\",\"valueRequired\":true,\"valueName\":\"search_term_string\"}}],\"inLanguage\":\"fr-FR\"}]}<\/script>\n<!-- \/ Yoast SEO Premium plugin. -->","yoast_head_json":{"title":"Franchise | Terravision France","robots":{"index":"index","follow":"follow","max-snippet":"max-snippet:-1","max-image-preview":"max-image-preview:large","max-video-preview":"max-video-preview:-1"},"canonical":"https:\/\/www.terravision.eu\/francese\/franchising.html","og_locale":"fr_FR","og_type":"article","og_title":"Franchise","og_description":"Faites partie du groupe Terravision, regardez nos opportunit\u00e9s de franchise avec Terravision! Franchise Terravision Terravision recherche des partenaires europ\u00e9ens pour la franchise de services de transfert entra a\u00e9roport et centre ville en Europe. Travailler avec Terravision signifie: 1) faire partie de l\u2019\u00e9quipe qui est d\u00e9j\u00e0 le partenaire pr\u00e9f\u00e9r\u00e9 des principales compagnies a\u00e9riennes low cost. 2) [&hellip;]","og_url":"https:\/\/www.terravision.eu\/francese\/franchising.html","og_site_name":"Terravision France","article_modified_time":"2025-06-19T13:24:36+00:00","twitter_misc":{"Dur\u00e9e de lecture estim\u00e9e":"1 minute"},"schema":{"@context":"https:\/\/schema.org","@graph":[{"@type":"WebPage","@id":"https:\/\/www.terravision.eu\/francese\/franchising.html","url":"https:\/\/www.terravision.eu\/francese\/franchising.html","name":"Franchise | Terravision France","isPartOf":{"@id":"https:\/\/www.terravision.eu\/francese\/#website"},"datePublished":"2012-08-16T16:32:49+00:00","dateModified":"2025-06-19T13:24:36+00:00","breadcrumb":{"@id":"https:\/\/www.terravision.eu\/francese\/franchising.html#breadcrumb"},"inLanguage":"fr-FR","potentialAction":[{"@type":"ReadAction","target":["https:\/\/www.terravision.eu\/francese\/franchising.html"]}]},{"@type":"BreadcrumbList","@id":"https:\/\/www.terravision.eu\/francese\/franchising.html#breadcrumb","itemListElement":[{"@type":"ListItem","position":1,"name":"Home","item":"https:\/\/www.terravision.eu\/francese\/"},{"@type":"ListItem","position":2,"name":"Franchise"}]},{"@type":"WebSite","@id":"https:\/\/www.terravision.eu\/francese\/#website","url":"https:\/\/www.terravision.eu\/francese\/","name":"Terravision France","description":"Liaisons low-cost vers\/depuis les grands a\u00e9roports europ\u00e9ens","potentialAction":[{"@type":"SearchAction","target":{"@type":"EntryPoint","urlTemplate":"https:\/\/www.terravision.eu\/francese\/?s={search_term_string}"},"query-input":{"@type":"PropertyValueSpecification","valueRequired":true,"valueName":"search_term_string"}}],"inLanguage":"fr-FR"}]}},"_links":{"self":[{"href":"https:\/\/www.terravision.eu\/francese\/wp-json\/wp\/v2\/pages\/293","targetHints":{"allow":["GET"]}}],"collection":[{"href":"https:\/\/www.terravision.eu\/francese\/wp-json\/wp\/v2\/pages"}],"about":[{"href":"https:\/\/www.terravision.eu\/francese\/wp-json\/wp\/v2\/types\/page"}],"author":[{"embeddable":true,"href":"https:\/\/www.terravision.eu\/francese\/wp-json\/wp\/v2\/users\/1"}],"replies":[{"embeddable":true,"href":"https:\/\/www.terravision.eu\/francese\/wp-json\/wp\/v2\/comments?post=293"}],"version-history":[{"count":4,"href":"https:\/\/www.terravision.eu\/francese\/wp-json\/wp\/v2\/pages\/293\/revisions"}],"predecessor-version":[{"id":20412,"href":"https:\/\/www.terravision.eu\/francese\/wp-json\/wp\/v2\/pages\/293\/revisions\/20412"}],"wp:attachment":[{"href":"https:\/\/www.terravision.eu\/francese\/wp-json\/wp\/v2\/media?parent=293"}],"curies":[{"name":"wp","href":"https:\/\/api.w.org\/{rel}","templated":true}]}}