{"id":295,"date":"2017-08-16T16:38:48","date_gmt":"2017-08-16T16:38:48","guid":{"rendered":"https:\/\/www.terravision.eu\/group-transfers-terravision\/"},"modified":"2025-11-18T09:50:24","modified_gmt":"2025-11-18T09:50:24","slug":"group_transfer","status":"publish","type":"page","link":"https:\/\/www.terravision.eu\/francese\/group_transfer.html","title":{"rendered":"Transfert pour groupes"},"content":{"rendered":"<p>&nbsp;<\/p>\n<div class=\"row\">\n<div class=\"col mb-30\">\n<div class=\"overflow-hidden\">\n<div class=\"separator-trv-n z-index-1 p-relative mb-10\"><\/div>\n<h3 class=\"h3-Barlow-36pt-3\" style=\"margin-bottom: 15px;\">Vous voyagez en groupe? Nous vous proposons un transfert sur mesure!<\/h3>\n<p class=\"text-standard\">Nous vous offrons la possibilit\u00e9 de r\u00e9server un transfert priv\u00e9, confortable et rapide qui vous conduira directement \u00e0 la destination choisie. Nous disposons d&#8217;une large gamme de v\u00e9hicules neufs et confortables pour vous garantir un voyage avec un maximum de confort et de s\u00e9curit\u00e9.<\/p>\n<\/div>\n<\/div>\n<\/div>\n<div class=\"row gap-30 grid-2-1\">\n<div class=\"p-0 border-radius double-card p-relative\">\n<div class=\"row\" style=\"height: 100%;\">\n<div class=\"col align-self-center pl-30 pr-0 pl-m-0\">\n<div class=\"overflow-hidden\">\n<div class=\"separator-trv-n z-index-1 p-relative mb-10\"><\/div>\n<div class=\"d-flex\" style=\"gap: 23px; margin-bottom: 30px;\">\n<h3 class=\"h3-Barlow-36pt-3\" style=\"margin-bottom: 0;\">Votre transfert de groupe<\/h3>\n<\/div>\n<p>Vous voyagez avec un groupe d&#8217;au moins 5 personnes ? R\u00e9servez votre transfert \u00e0 l&#8217;h\u00f4tel avec nous. Choisissez parmi nos transferts les plus populaires:<\/p>\n<ul>\n<li>\n<h4>A\u00e9roports de Fiumicino\/Ciampino &#8211; Rome<\/h4>\n<\/li>\n<li>\n<h4>A\u00e9roports de Fiumicino\/Ciampino &#8211; Civitavecchia<\/h4>\n<\/li>\n<li>\n<h4>A\u00e9roport de Tr\u00e9vise &#8211; destination de votre choix<\/h4>\n<\/li>\n<li>\n<h4>A\u00e9roport de Venise &#8211; destination de votre choix<\/h4>\n<\/li>\n<li>\n<h4>A\u00e9roport de Beauvais\/Charles De Gaulle\/Orly \u2013 Paris (destination au choix)<\/h4>\n<\/li>\n<\/ul>\n<p>Pour envoyer votre demande, veuillez remplir le formulaire ci-dessous. Notre \u00e9quipe vous contactera dans les plus brefs d\u00e9lais pour vous fournir de plus amples informations.<\/p>\n<\/div>\n<\/div>\n<\/div>\n<\/div>\n<div class=\"p-0 border-radius double-card p-relative\">\n<div class=\"row\" style=\"height: 100%;\">\n<div class=\"col align-self-center pl-30 pr-0 pl-m-0\">\n<div class=\"overflow-hidden\">\n<div class=\"separator-trv-n z-index-1 p-relative mb-10\"><\/div>\n<div class=\"d-flex\" style=\"gap: 23px; margin-bottom: 30px;\">\n<h3 class=\"h3-Barlow-36pt-3\" style=\"margin-bottom: 0;\">Demandes sp\u00e9ciales<\/h3>\n<\/div>\n<p class=\"text-standard\">Vous avez des demandes particuli\u00e8res pour votre transfert (besoin d&#8217;un bus avec plateforme, espace suppl\u00e9mentaire pour les bagages\/\u00e9quipements suppl\u00e9mentaires, etc.)<br \/>\nFaites-le nous savoir dans la section \u00ab Destination \u00bb !<br \/>\nPour les urgences, vous pouvez \u00e9galement nous retrouver sur nos canaux sociaux Facebook et Instagram.<\/p>\n<ul>\n<li class=\"list-inline-item text-color-dark me-md-4 mb-0\"><a class=\"social-top\" href=\"https:\/\/www.facebook.com\/terravision.eu\" target=\"_blank\" rel=\"noopener\"><img decoding=\"async\" class=\"icon-facebook_white\" src=\"https:\/\/www.terravision.eu\/italiano\/files\/2025\/03\/icon-facebook_chi_siamo.png\" \/><\/a><\/li>\n<li class=\"list-inline-item text-color-dark me-md-4 mb-0\"><a class=\"social-top\" href=\"https:\/\/www.instagram.com\/terravision.eu\/\" target=\"_blank\" rel=\"noopener\"><img decoding=\"async\" class=\"icon-facebook_white\" src=\"https:\/\/www.terravision.eu\/italiano\/files\/2025\/03\/icon-instagram_chi_siamo.png\" \/><\/a><\/li>\n<\/ul>\n<\/div>\n<\/div>\n<\/div>\n<\/div>\n<\/div>\n","protected":false},"excerpt":{"rendered":"<p>&nbsp; Vous voyagez en groupe? Nous vous proposons un transfert sur mesure! Nous vous offrons la possibilit\u00e9 de r\u00e9server un transfert priv\u00e9, confortable et rapide qui vous conduira directement \u00e0 la destination choisie. Nous disposons d&#8217;une large gamme de v\u00e9hicules neufs et confortables pour vous garantir un voyage avec un maximum de confort et de [&hellip;]<\/p>\n","protected":false},"author":1,"featured_media":12409,"parent":0,"menu_order":0,"comment_status":"open","ping_status":"closed","template":"","meta":{"footnotes":""},"class_list":["post-295","page","type-page","status-publish","has-post-thumbnail","hentry","cities-roma"],"yoast_head":"<!-- This site is optimized with the Yoast SEO Premium plugin v24.4 (Yoast SEO v24.4) - https:\/\/yoast.com\/wordpress\/plugins\/seo\/ -->\n<title>Transfert pour groupes | Terravision<\/title>\n<meta name=\"description\" content=\"Transfert pour groupes en bus et minivan au d\u00e9part et \u00e0 destination de les a\u00e9roports de Fiumicino et Ciampino, le Port de Civitavecchia et Rome centre-ville\" \/>\n<meta name=\"robots\" content=\"index, follow, max-snippet:-1, max-image-preview:large, max-video-preview:-1\" \/>\n<link rel=\"canonical\" href=\"https:\/\/www.terravision.eu\/francese\/group_transfer.html\" \/>\n<meta property=\"og:locale\" content=\"fr_FR\" \/>\n<meta property=\"og:type\" content=\"article\" \/>\n<meta property=\"og:title\" content=\"Transfert pour groupes\" \/>\n<meta property=\"og:description\" content=\"Transfert pour groupes en bus et minivan au d\u00e9part et \u00e0 destination de les a\u00e9roports de Fiumicino et Ciampino, le Port de Civitavecchia et Rome centre-ville\" \/>\n<meta property=\"og:url\" content=\"https:\/\/www.terravision.eu\/francese\/group_transfer.html\" \/>\n<meta property=\"og:site_name\" content=\"Terravision France\" \/>\n<meta property=\"article:modified_time\" content=\"2025-11-18T09:50:24+00:00\" \/>\n<meta property=\"og:image\" content=\"https:\/\/www.terravision.eu\/francese\/files\/2012\/08\/gruppi.jpg\" \/>\n\t<meta property=\"og:image:width\" content=\"2880\" \/>\n\t<meta property=\"og:image:height\" content=\"1620\" \/>\n\t<meta property=\"og:image:type\" content=\"image\/jpeg\" \/>\n<meta name=\"twitter:label1\" content=\"Est. reading time\" \/>\n\t<meta name=\"twitter:data1\" content=\"2 minutes\" \/>\n<script type=\"application\/ld+json\" class=\"yoast-schema-graph\">{\"@context\":\"https:\/\/schema.org\",\"@graph\":[{\"@type\":\"WebPage\",\"@id\":\"https:\/\/www.terravision.eu\/francese\/group_transfer.html\",\"url\":\"https:\/\/www.terravision.eu\/francese\/group_transfer.html\",\"name\":\"Transfert pour groupes | Terravision\",\"isPartOf\":{\"@id\":\"https:\/\/www.terravision.eu\/francese\/#website\"},\"primaryImageOfPage\":{\"@id\":\"https:\/\/www.terravision.eu\/francese\/group_transfer.html#primaryimage\"},\"image\":{\"@id\":\"https:\/\/www.terravision.eu\/francese\/group_transfer.html#primaryimage\"},\"thumbnailUrl\":\"https:\/\/www.terravision.eu\/francese\/files\/2012\/08\/gruppi.jpg\",\"datePublished\":\"2017-08-16T16:38:48+00:00\",\"dateModified\":\"2025-11-18T09:50:24+00:00\",\"description\":\"Transfert pour groupes en bus et minivan au d\u00e9part et \u00e0 destination de les a\u00e9roports de Fiumicino et Ciampino, le Port de Civitavecchia et Rome centre-ville\",\"breadcrumb\":{\"@id\":\"https:\/\/www.terravision.eu\/francese\/group_transfer.html#breadcrumb\"},\"inLanguage\":\"fr-FR\",\"potentialAction\":[{\"@type\":\"ReadAction\",\"target\":[\"https:\/\/www.terravision.eu\/francese\/group_transfer.html\"]}]},{\"@type\":\"ImageObject\",\"inLanguage\":\"fr-FR\",\"@id\":\"https:\/\/www.terravision.eu\/francese\/group_transfer.html#primaryimage\",\"url\":\"https:\/\/www.terravision.eu\/francese\/files\/2012\/08\/gruppi.jpg\",\"contentUrl\":\"https:\/\/www.terravision.eu\/francese\/files\/2012\/08\/gruppi.jpg\",\"width\":2880,\"height\":1620},{\"@type\":\"BreadcrumbList\",\"@id\":\"https:\/\/www.terravision.eu\/francese\/group_transfer.html#breadcrumb\",\"itemListElement\":[{\"@type\":\"ListItem\",\"position\":1,\"name\":\"Home\",\"item\":\"https:\/\/www.terravision.eu\/francese\/\"},{\"@type\":\"ListItem\",\"position\":2,\"name\":\"Transfert pour groupes\"}]},{\"@type\":\"WebSite\",\"@id\":\"https:\/\/www.terravision.eu\/francese\/#website\",\"url\":\"https:\/\/www.terravision.eu\/francese\/\",\"name\":\"Terravision France\",\"description\":\"Liaisons low-cost vers\/depuis les grands a\u00e9roports europ\u00e9ens\",\"potentialAction\":[{\"@type\":\"SearchAction\",\"target\":{\"@type\":\"EntryPoint\",\"urlTemplate\":\"https:\/\/www.terravision.eu\/francese\/?s={search_term_string}\"},\"query-input\":{\"@type\":\"PropertyValueSpecification\",\"valueRequired\":true,\"valueName\":\"search_term_string\"}}],\"inLanguage\":\"fr-FR\"}]}<\/script>\n<!-- \/ Yoast SEO Premium plugin. -->","yoast_head_json":{"title":"Transfert pour groupes | Terravision","description":"Transfert pour groupes en bus et minivan au d\u00e9part et \u00e0 destination de les a\u00e9roports de Fiumicino et Ciampino, le Port de Civitavecchia et Rome centre-ville","robots":{"index":"index","follow":"follow","max-snippet":"max-snippet:-1","max-image-preview":"max-image-preview:large","max-video-preview":"max-video-preview:-1"},"canonical":"https:\/\/www.terravision.eu\/francese\/group_transfer.html","og_locale":"fr_FR","og_type":"article","og_title":"Transfert pour groupes","og_description":"Transfert pour groupes en bus et minivan au d\u00e9part et \u00e0 destination de les a\u00e9roports de Fiumicino et Ciampino, le Port de Civitavecchia et Rome centre-ville","og_url":"https:\/\/www.terravision.eu\/francese\/group_transfer.html","og_site_name":"Terravision France","article_modified_time":"2025-11-18T09:50:24+00:00","og_image":[{"width":2880,"height":1620,"url":"https:\/\/www.terravision.eu\/francese\/files\/2012\/08\/gruppi.jpg","type":"image\/jpeg"}],"twitter_misc":{"Est. reading time":"2 minutes"},"schema":{"@context":"https:\/\/schema.org","@graph":[{"@type":"WebPage","@id":"https:\/\/www.terravision.eu\/francese\/group_transfer.html","url":"https:\/\/www.terravision.eu\/francese\/group_transfer.html","name":"Transfert pour groupes | Terravision","isPartOf":{"@id":"https:\/\/www.terravision.eu\/francese\/#website"},"primaryImageOfPage":{"@id":"https:\/\/www.terravision.eu\/francese\/group_transfer.html#primaryimage"},"image":{"@id":"https:\/\/www.terravision.eu\/francese\/group_transfer.html#primaryimage"},"thumbnailUrl":"https:\/\/www.terravision.eu\/francese\/files\/2012\/08\/gruppi.jpg","datePublished":"2017-08-16T16:38:48+00:00","dateModified":"2025-11-18T09:50:24+00:00","description":"Transfert pour groupes en bus et minivan au d\u00e9part et \u00e0 destination de les a\u00e9roports de Fiumicino et Ciampino, le Port de Civitavecchia et Rome centre-ville","breadcrumb":{"@id":"https:\/\/www.terravision.eu\/francese\/group_transfer.html#breadcrumb"},"inLanguage":"fr-FR","potentialAction":[{"@type":"ReadAction","target":["https:\/\/www.terravision.eu\/francese\/group_transfer.html"]}]},{"@type":"ImageObject","inLanguage":"fr-FR","@id":"https:\/\/www.terravision.eu\/francese\/group_transfer.html#primaryimage","url":"https:\/\/www.terravision.eu\/francese\/files\/2012\/08\/gruppi.jpg","contentUrl":"https:\/\/www.terravision.eu\/francese\/files\/2012\/08\/gruppi.jpg","width":2880,"height":1620},{"@type":"BreadcrumbList","@id":"https:\/\/www.terravision.eu\/francese\/group_transfer.html#breadcrumb","itemListElement":[{"@type":"ListItem","position":1,"name":"Home","item":"https:\/\/www.terravision.eu\/francese\/"},{"@type":"ListItem","position":2,"name":"Transfert pour groupes"}]},{"@type":"WebSite","@id":"https:\/\/www.terravision.eu\/francese\/#website","url":"https:\/\/www.terravision.eu\/francese\/","name":"Terravision France","description":"Liaisons low-cost vers\/depuis les grands a\u00e9roports europ\u00e9ens","potentialAction":[{"@type":"SearchAction","target":{"@type":"EntryPoint","urlTemplate":"https:\/\/www.terravision.eu\/francese\/?s={search_term_string}"},"query-input":{"@type":"PropertyValueSpecification","valueRequired":true,"valueName":"search_term_string"}}],"inLanguage":"fr-FR"}]}},"_links":{"self":[{"href":"https:\/\/www.terravision.eu\/francese\/wp-json\/wp\/v2\/pages\/295","targetHints":{"allow":["GET"]}}],"collection":[{"href":"https:\/\/www.terravision.eu\/francese\/wp-json\/wp\/v2\/pages"}],"about":[{"href":"https:\/\/www.terravision.eu\/francese\/wp-json\/wp\/v2\/types\/page"}],"author":[{"embeddable":true,"href":"https:\/\/www.terravision.eu\/francese\/wp-json\/wp\/v2\/users\/1"}],"replies":[{"embeddable":true,"href":"https:\/\/www.terravision.eu\/francese\/wp-json\/wp\/v2\/comments?post=295"}],"version-history":[{"count":22,"href":"https:\/\/www.terravision.eu\/francese\/wp-json\/wp\/v2\/pages\/295\/revisions"}],"predecessor-version":[{"id":20879,"href":"https:\/\/www.terravision.eu\/francese\/wp-json\/wp\/v2\/pages\/295\/revisions\/20879"}],"wp:featuredmedia":[{"embeddable":true,"href":"https:\/\/www.terravision.eu\/francese\/wp-json\/wp\/v2\/media\/12409"}],"wp:attachment":[{"href":"https:\/\/www.terravision.eu\/francese\/wp-json\/wp\/v2\/media?parent=295"}],"curies":[{"name":"wp","href":"https:\/\/api.w.org\/{rel}","templated":true}]}}