{"id":296,"date":"2012-08-16T16:47:53","date_gmt":"2012-08-16T16:47:53","guid":{"rendered":"https:\/\/www.terravision.eu\/contact-us-terravision\/"},"modified":"2026-03-06T14:37:08","modified_gmt":"2026-03-06T14:37:08","slug":"contact","status":"publish","type":"page","link":"https:\/\/www.terravision.eu\/francese\/contact.html","title":{"rendered":"Nous contacter | Terravision"},"content":{"rendered":"<p>&nbsp;<\/p>\n<div class=\"p-0 border-radius double-card p-relative\">\n<div class=\"row\" style=\"height: 100%;\">\n<div class=\"col align-self-center pl-30 pr-0 pl-m-0\">\n<div class=\"overflow-hidden\">\n<div class=\"separator-trv-n z-index-1 p-relative mb-10\"><\/div>\n<div class=\"d-flex\" style=\"gap: 23px; margin-bottom: 30px;\">\n<p><img decoding=\"async\" src=\"https:\/\/www.terravision.eu\/italiano\/files\/2025\/03\/icon-info_chi_siamo.png\" \/><\/p>\n<h3 class=\"h3-Barlow-36pt-3\" style=\"margin-bottom: 0;\">Assistance en ligne<\/h3>\n<\/div>\n<p><strong>Besoin d&#8217;informations? Nous avons peut-\u00eatre d\u00e9j\u00e0 la r\u00e9ponse pour vous!<\/strong><\/p>\n<p>Pour des informations g\u00e9n\u00e9rales sur Terravision, ses services, le syst\u00e8me de r\u00e9servation en ligne, les moyens de paiement et toute autre question technique, veuillez\u00a0<a href=\"https:\/\/www.terravision.eu\/italiano\/faq_informazioni_aziendali.html\">consulter la FAQ.<\/a>.<\/p>\n<\/div>\n<p><strong>Vous avez des questions sur nos services? Vous avez besoin d&#8217;aide pour votre billet?<\/strong><\/p>\n<p>Pour toute information ou question concernant votre r\u00e9servation, vous pouvez nous contacter via votre espace personnel, sous \u00abNouvelle demande\u00bb.<br \/>\nVous n&#8217;\u00eates pas encore inscrit? <a href=\"http:\/\/book.terravision.eu\/it\/register\">Cliquez ici!<\/a><\/p>\n<div class=\"overflow-hidden\"><\/div>\n<\/div>\n<\/div>\n<\/div>\n<div class=\"p-0 border-radius double-card p-relative\">\n<div class=\"row\" style=\"height: 100%;\">\n<div class=\"col align-self-center pl-30 pr-0 pl-m-0\">\n<div class=\"overflow-hidden\">\n<div class=\"separator-trv-n z-index-1 p-relative mb-10\"><\/div>\n<div class=\"d-flex\" style=\"gap: 23px; margin-bottom: 30px;\">\n<p><img decoding=\"async\" class=\"icon-plane\" src=\"https:\/\/www.terravision.eu\/italiano\/files\/2025\/03\/icon-help_chi_siamo.png\" \/><\/p>\n<h3 class=\"h3-Barlow-36pt-3\" style=\"margin-bottom: 0;\">Social<\/h3>\n<\/div>\n<p><strong>Parlez-nous!<\/strong>\u00a0\u2013 Faites-nous part de votre opinion, de vos id\u00e9es et de vos suggestions.<br \/>\n<strong>Restez inform\u00e9!<\/strong>\u00a0\u2013 Soyez le premier \u00e0 conna\u00eetre nos derni\u00e8res nouvelles et nos offres sp\u00e9ciales!<br \/>\n<strong>Laissez-vous inspirer!<\/strong>\u00a0\u2013 Trouvez des conseils de voyage \u00e0 bas prix et planifiez vos vacances en Europe.<\/p>\n<p>&nbsp;<\/p>\n<p><strong>Restez en contact!<\/strong><\/p>\n<p>Rejoignez notre communaut\u00e9 en ligne! Suivez-nous sur nos canaux sociaux:<\/p>\n<div class=\"mb-lg-0 mt-25\">\n<ul class=\"list list-unstyled list-inline mb-0\">\n<li class=\"list-inline-item text-color-dark me-md-4 mb-0\"><a class=\"social-top\" href=\"https:\/\/www.facebook.com\/terravision.eu\" target=\"_blank\" rel=\"noopener\"><img decoding=\"async\" class=\"icon-facebook_white\" src=\"https:\/\/www.terravision.eu\/italiano\/files\/2025\/03\/icon-facebook_chi_siamo.png\" \/><\/a><\/li>\n<li class=\"list-inline-item text-color-dark me-md-4 mb-0\"><a class=\"social-top\" href=\"https:\/\/www.instagram.com\/terravision.eu\/\" target=\"_blank\" rel=\"noopener\"><img decoding=\"async\" class=\"icon-facebook_white\" src=\"https:\/\/www.terravision.eu\/italiano\/files\/2025\/03\/icon-instagram_chi_siamo.png\" \/><\/a><\/li>\n<\/ul>\n<\/div>\n<\/div>\n<\/div>\n<\/div>\n<\/div>\n","protected":false},"excerpt":{"rendered":"<p>&nbsp; Assistance en ligne Besoin d&#8217;informations? Nous avons peut-\u00eatre d\u00e9j\u00e0 la r\u00e9ponse pour vous! Pour des informations g\u00e9n\u00e9rales sur Terravision, ses services, le syst\u00e8me de r\u00e9servation en ligne, les moyens de paiement et toute autre question technique, veuillez\u00a0consulter la FAQ.. Vous avez des questions sur nos services? Vous avez besoin d&#8217;aide pour votre billet? Pour [&hellip;]<\/p>\n","protected":false},"author":1,"featured_media":0,"parent":0,"menu_order":0,"comment_status":"open","ping_status":"open","template":"","meta":{"footnotes":""},"class_list":["post-296","page","type-page","status-publish","hentry"],"yoast_head":"<!-- This site is optimized with the Yoast SEO Premium plugin v24.4 (Yoast SEO v24.4) - https:\/\/yoast.com\/wordpress\/plugins\/seo\/ -->\n<title>Assistance Terravision \u2013 FAQ, billets et assistance en lign<\/title>\n<meta name=\"description\" content=\"Besoin d&#039;aide avec Terravision? FAQ, r\u00e9servations et assistance billetterie \u2708\ufe0f via notre assistance en ligne ou sur nos r\u00e9seaux sociaux \ud83d\udcf1.\" \/>\n<meta name=\"robots\" content=\"index, follow, max-snippet:-1, max-image-preview:large, max-video-preview:-1\" \/>\n<link rel=\"canonical\" href=\"https:\/\/www.terravision.eu\/francese\/contact.html\" \/>\n<meta property=\"og:locale\" content=\"fr_FR\" \/>\n<meta property=\"og:type\" content=\"article\" \/>\n<meta property=\"og:title\" content=\"Nous contacter | Terravision\" \/>\n<meta property=\"og:description\" content=\"Besoin d&#039;aide avec Terravision? FAQ, r\u00e9servations et assistance billetterie \u2708\ufe0f via notre assistance en ligne ou sur nos r\u00e9seaux sociaux \ud83d\udcf1.\" \/>\n<meta property=\"og:url\" content=\"https:\/\/www.terravision.eu\/francese\/contact.html\" \/>\n<meta property=\"og:site_name\" content=\"Terravision France\" \/>\n<meta property=\"article:modified_time\" content=\"2026-03-06T14:37:08+00:00\" \/>\n<meta property=\"og:image\" content=\"https:\/\/www.terravision.eu\/italiano\/files\/2025\/03\/icon-info_chi_siamo.png\" \/>\n<meta name=\"twitter:label1\" content=\"Est. reading time\" \/>\n\t<meta name=\"twitter:data1\" content=\"2 minutes\" \/>\n<script type=\"application\/ld+json\" class=\"yoast-schema-graph\">{\"@context\":\"https:\/\/schema.org\",\"@graph\":[{\"@type\":\"WebPage\",\"@id\":\"https:\/\/www.terravision.eu\/francese\/contact.html\",\"url\":\"https:\/\/www.terravision.eu\/francese\/contact.html\",\"name\":\"Assistance Terravision \u2013 FAQ, billets et assistance en lign\",\"isPartOf\":{\"@id\":\"https:\/\/www.terravision.eu\/francese\/#website\"},\"primaryImageOfPage\":{\"@id\":\"https:\/\/www.terravision.eu\/francese\/contact.html#primaryimage\"},\"image\":{\"@id\":\"https:\/\/www.terravision.eu\/francese\/contact.html#primaryimage\"},\"thumbnailUrl\":\"https:\/\/www.terravision.eu\/italiano\/files\/2025\/03\/icon-info_chi_siamo.png\",\"datePublished\":\"2012-08-16T16:47:53+00:00\",\"dateModified\":\"2026-03-06T14:37:08+00:00\",\"description\":\"Besoin d'aide avec Terravision? FAQ, r\u00e9servations et assistance billetterie \u2708\ufe0f via notre assistance en ligne ou sur nos r\u00e9seaux sociaux \ud83d\udcf1.\",\"breadcrumb\":{\"@id\":\"https:\/\/www.terravision.eu\/francese\/contact.html#breadcrumb\"},\"inLanguage\":\"fr-FR\",\"potentialAction\":[{\"@type\":\"ReadAction\",\"target\":[\"https:\/\/www.terravision.eu\/francese\/contact.html\"]}]},{\"@type\":\"ImageObject\",\"inLanguage\":\"fr-FR\",\"@id\":\"https:\/\/www.terravision.eu\/francese\/contact.html#primaryimage\",\"url\":\"https:\/\/www.terravision.eu\/italiano\/files\/2025\/03\/icon-info_chi_siamo.png\",\"contentUrl\":\"https:\/\/www.terravision.eu\/italiano\/files\/2025\/03\/icon-info_chi_siamo.png\"},{\"@type\":\"BreadcrumbList\",\"@id\":\"https:\/\/www.terravision.eu\/francese\/contact.html#breadcrumb\",\"itemListElement\":[{\"@type\":\"ListItem\",\"position\":1,\"name\":\"Home\",\"item\":\"https:\/\/www.terravision.eu\/francese\/\"},{\"@type\":\"ListItem\",\"position\":2,\"name\":\"Nous contacter | Terravision\"}]},{\"@type\":\"WebSite\",\"@id\":\"https:\/\/www.terravision.eu\/francese\/#website\",\"url\":\"https:\/\/www.terravision.eu\/francese\/\",\"name\":\"Terravision France\",\"description\":\"Liaisons low-cost vers\/depuis les grands a\u00e9roports europ\u00e9ens\",\"potentialAction\":[{\"@type\":\"SearchAction\",\"target\":{\"@type\":\"EntryPoint\",\"urlTemplate\":\"https:\/\/www.terravision.eu\/francese\/?s={search_term_string}\"},\"query-input\":{\"@type\":\"PropertyValueSpecification\",\"valueRequired\":true,\"valueName\":\"search_term_string\"}}],\"inLanguage\":\"fr-FR\"}]}<\/script>\n<!-- \/ Yoast SEO Premium plugin. -->","yoast_head_json":{"title":"Assistance Terravision \u2013 FAQ, billets et assistance en lign","description":"Besoin d'aide avec Terravision? FAQ, r\u00e9servations et assistance billetterie \u2708\ufe0f via notre assistance en ligne ou sur nos r\u00e9seaux sociaux \ud83d\udcf1.","robots":{"index":"index","follow":"follow","max-snippet":"max-snippet:-1","max-image-preview":"max-image-preview:large","max-video-preview":"max-video-preview:-1"},"canonical":"https:\/\/www.terravision.eu\/francese\/contact.html","og_locale":"fr_FR","og_type":"article","og_title":"Nous contacter | Terravision","og_description":"Besoin d'aide avec Terravision? FAQ, r\u00e9servations et assistance billetterie \u2708\ufe0f via notre assistance en ligne ou sur nos r\u00e9seaux sociaux \ud83d\udcf1.","og_url":"https:\/\/www.terravision.eu\/francese\/contact.html","og_site_name":"Terravision France","article_modified_time":"2026-03-06T14:37:08+00:00","og_image":[{"url":"https:\/\/www.terravision.eu\/italiano\/files\/2025\/03\/icon-info_chi_siamo.png","type":"","width":"","height":""}],"twitter_misc":{"Est. reading time":"2 minutes"},"schema":{"@context":"https:\/\/schema.org","@graph":[{"@type":"WebPage","@id":"https:\/\/www.terravision.eu\/francese\/contact.html","url":"https:\/\/www.terravision.eu\/francese\/contact.html","name":"Assistance Terravision \u2013 FAQ, billets et assistance en lign","isPartOf":{"@id":"https:\/\/www.terravision.eu\/francese\/#website"},"primaryImageOfPage":{"@id":"https:\/\/www.terravision.eu\/francese\/contact.html#primaryimage"},"image":{"@id":"https:\/\/www.terravision.eu\/francese\/contact.html#primaryimage"},"thumbnailUrl":"https:\/\/www.terravision.eu\/italiano\/files\/2025\/03\/icon-info_chi_siamo.png","datePublished":"2012-08-16T16:47:53+00:00","dateModified":"2026-03-06T14:37:08+00:00","description":"Besoin d'aide avec Terravision? FAQ, r\u00e9servations et assistance billetterie \u2708\ufe0f via notre assistance en ligne ou sur nos r\u00e9seaux sociaux \ud83d\udcf1.","breadcrumb":{"@id":"https:\/\/www.terravision.eu\/francese\/contact.html#breadcrumb"},"inLanguage":"fr-FR","potentialAction":[{"@type":"ReadAction","target":["https:\/\/www.terravision.eu\/francese\/contact.html"]}]},{"@type":"ImageObject","inLanguage":"fr-FR","@id":"https:\/\/www.terravision.eu\/francese\/contact.html#primaryimage","url":"https:\/\/www.terravision.eu\/italiano\/files\/2025\/03\/icon-info_chi_siamo.png","contentUrl":"https:\/\/www.terravision.eu\/italiano\/files\/2025\/03\/icon-info_chi_siamo.png"},{"@type":"BreadcrumbList","@id":"https:\/\/www.terravision.eu\/francese\/contact.html#breadcrumb","itemListElement":[{"@type":"ListItem","position":1,"name":"Home","item":"https:\/\/www.terravision.eu\/francese\/"},{"@type":"ListItem","position":2,"name":"Nous contacter | Terravision"}]},{"@type":"WebSite","@id":"https:\/\/www.terravision.eu\/francese\/#website","url":"https:\/\/www.terravision.eu\/francese\/","name":"Terravision France","description":"Liaisons low-cost vers\/depuis les grands a\u00e9roports europ\u00e9ens","potentialAction":[{"@type":"SearchAction","target":{"@type":"EntryPoint","urlTemplate":"https:\/\/www.terravision.eu\/francese\/?s={search_term_string}"},"query-input":{"@type":"PropertyValueSpecification","valueRequired":true,"valueName":"search_term_string"}}],"inLanguage":"fr-FR"}]}},"_links":{"self":[{"href":"https:\/\/www.terravision.eu\/francese\/wp-json\/wp\/v2\/pages\/296","targetHints":{"allow":["GET"]}}],"collection":[{"href":"https:\/\/www.terravision.eu\/francese\/wp-json\/wp\/v2\/pages"}],"about":[{"href":"https:\/\/www.terravision.eu\/francese\/wp-json\/wp\/v2\/types\/page"}],"author":[{"embeddable":true,"href":"https:\/\/www.terravision.eu\/francese\/wp-json\/wp\/v2\/users\/1"}],"replies":[{"embeddable":true,"href":"https:\/\/www.terravision.eu\/francese\/wp-json\/wp\/v2\/comments?post=296"}],"version-history":[{"count":16,"href":"https:\/\/www.terravision.eu\/francese\/wp-json\/wp\/v2\/pages\/296\/revisions"}],"predecessor-version":[{"id":20424,"href":"https:\/\/www.terravision.eu\/francese\/wp-json\/wp\/v2\/pages\/296\/revisions\/20424"}],"wp:attachment":[{"href":"https:\/\/www.terravision.eu\/francese\/wp-json\/wp\/v2\/media?parent=296"}],"curies":[{"name":"wp","href":"https:\/\/api.w.org\/{rel}","templated":true}]}}