{"id":383,"date":"2012-08-28T13:58:16","date_gmt":"2012-08-28T13:58:16","guid":{"rendered":"https:\/\/www.terravision.eu\/privacy-policy-2"},"modified":"2024-04-19T08:38:20","modified_gmt":"2024-04-19T08:38:20","slug":"privacy-policy","status":"publish","type":"page","link":"https:\/\/www.terravision.eu\/francese\/privacy-policy.html","title":{"rendered":"Informations relatives \u00e0 la protection de la vie priv\u00e9e"},"content":{"rendered":"<p><strong>PRIVACY POLICY<\/strong><br \/>\nAvec la pr\u00e9sence, nous vous informons du but et des m\u00e9thodes de traitement des donn\u00e9es ainsi que de la communication et diffusion des donn\u00e9es que vous avez transmises \u00e0 Terravision ( r\u00e9f\u00e9r\u00e9e ci-dessous aussi comme \u00ab la Soci\u00e9t\u00e9 \u00bb) lors de votre participation au site www.terravision.eu (r\u00e9f\u00e9r\u00e9e ci-dessous aussi comme le \u201cSite\u201d).<br \/>\nLa finalit\u00e9 du traitement et sa dur\u00e9e sont \u00e9troitement reli\u00e9es \u00e0 votre participation sur le Site.<br \/>\nLa Soci\u00e9t\u00e9 pourra utiliser le donn\u00e9es que vous lui avez fourni pour toues les finalit\u00e9s li\u00e9es \u00e0 votre participation, y compris la possibilit\u00e9 de vous faire acc\u00e9der \u00e0 tous les services pr\u00e9vus sur le Site. La Soci\u00e9t\u00e9 se r\u00e9serve le droit d\u2019utiliser de telles donn\u00e9es pour toutes les finalit\u00e9s li\u00e9es \u00e0 l\u2019activit\u00e9.<\/p>\n<p>Si besoin est, Terravision a la facult\u00e9 de modifier cette directive sur la confidentialit\u00e9 suite \u00e0 une initiative du secteur ou \u00e0 des variations regardant la l\u00e9gislation la modalit\u00e9 de recueillir l\u2019IP et l\u2019utilisation des IP ou des Donn\u00e9es Pertinentes, des fonctionnalit\u00e9s des services ou de la technologie.<br \/>\nDe telles variations seront mises en vigueur au moment de la publication sur le Site par la Soci\u00e9t\u00e9.<br \/>\nEn continuant \u00e0 utiliser les services offerts par Terravision apr\u00e8s la publication de la version ajourn\u00e9e de la Directive sur la confidentialit\u00e9, l\u2019utilisateur accepte tacitement la Directive sur la confidentialit\u00e9 avec les modifications \u00e9ventuelles. Ainsi, il est important que l\u2019utilisateur relise p\u00e9riodiquement la Directive sur la confidentialit\u00e9 pour \u00eatre toujours au courant des \u00e9ventuelles variations. Dans l\u2019\u00e9ventualit\u00e9 de modifications substantielles de recueil et d\u2019utilisation des IP et des Donn\u00e9es Pertinentes d\u2019un utilisateur singulier resteront sujettes \u00e0 la Directive sur la base sur la quelle elles ont \u00e9t\u00e9 recueillies, exception faite si l\u2019Utilisateur a \u00e9t\u00e9 inform\u00e9 des modifications et n\u2019a pas soulever d\u2019objections<\/p>\n<p>En particulier, la Soci\u00e9t\u00e9 pourra:<br \/>\na) traiter les donn\u00e9es que vous nous avez fourni pour effectuer des analyses, des \u00e9tudes de march\u00e9 et des statistiques sur le niveau de satisfaction des clients et de leur pr\u00e9f\u00e9rences en rapport aux services issus de l\u2019activit\u00e9 de la Soci\u00e9t\u00e9.<br \/>\nb) \u00e9laborer les donne que vous nous avons fournis et celles d\u00e9rivants de la navigation sur le Site pour identifier le profil commercial pour l\u2019utiliser \u00e0 des fins marketings, publicitaires, promotionnelles ou commerciales. Pour ces fins la Soci\u00e9t\u00e9 pourra utiliser des cookies ou des portions de fichiers stock\u00e9es sur votre ordinateur pour surveiller vos mouvements \u00e0 l\u2019int\u00e9rieur du Site ;<br \/>\nc) vous communiquer les nouveaut\u00e9s du Site et, plus g\u00e9n\u00e9ralement les activit\u00e9s effectu\u00e9es pas la Soci\u00e9t\u00e9.<br \/>\nPour des finalit\u00e9s de traitement, comme celles illustr\u00e9es ci dessous, et dans les limites de celles-ci, toutes vos donn\u00e9es pourront \u00eatre communiqu\u00e9es \u00e0 des tiers, publiques ou priv\u00e9s, comme des entreprises qui effectuent des \u00e9tudes de march\u00e9 et statistiques, des soci\u00e9t\u00e9s qui effectuent des activit\u00e9s marketing , publicitaires, promotionnelles et commerciales. La transmission des donn\u00e9es et le consentement relatif pour leur traitement, leur communication et diffusion pour les finalit\u00e9s indiqu\u00e9es ci dessous sont obligatoire pour la participation au projet. L\u2019\u00e9ventuel refus de fournir des donn\u00e9es requises ou de ne pas donner son consentement au traitement, \u00e0 la communication et diffusion de ceux ci, r\u00e9sultera dans l\u2019impossibilit\u00e9 de participer au Projet et \u00e0 l\u2019impossibilit\u00e9 d\u2019ex\u00e9cution des taches connect\u00e9es au Projet m\u00eame. Le traitement de vos donn\u00e9es personnelles sera effectu\u00e9 de mani\u00e8re automatis\u00e9e, que ce soit en ligne ou off ligne, par des sujets nomm\u00e9s pas la Soci\u00e9t\u00e9 m\u00eame qui sont des employ\u00e9s, collaborateurs, consultants de la Soci\u00e9t\u00e9. Le Site pourra contenir des liens qui vous transf\u00e9rerons vers d\u2019autres sites. Ces sites li\u00e9s au site www.terravision.eu ne sont pas sous le control de la Soci\u00e9t\u00e9 et il est possible qu\u2019ils aient une politique de confidentialit\u00e9 diff\u00e9rente de la pr\u00e9sente. De cons\u00e9quence, la Soci\u00e9t\u00e9 ne peut \u00eatre tenue responsable d\u2019aucune fa\u00e7on de toute violation de vos droits sur la confidentialit\u00e9 qui aurait lieu sur d\u2019autres sites que www.terravision.eu<br \/>\nDe plus, la Soci\u00e9t\u00e9 ne pourra en aucun cas \u00eatre tenue responsable pour la communication directe de donn\u00e9es personnelles, sensibles ou de toute autre nature qui auraient lieu dans les sections du Site d\u00e9di\u00e9es aux forums. La Soci\u00e9t\u00e9 se r\u00e9serve le droit de transf\u00e9rer, les donn\u00e9es que vous lui avez fournies, \u00e0 des tiers acheteurs de l\u2019entreprise ou \u00e0 ses branches. Vous pourrez faire valoir vos droits, incluant l\u2019acc\u00e8s, l\u2019indication de l\u2019origine de vos donn\u00e9es personnelles, des \u00e9claircissements sur les modalit\u00e9s et finalit\u00e9s de transport, la logique appliqu\u00e9e en cas de traitement \u00e9lectronique, l\u2019identification des donn\u00e9es concernant le contr\u00f4leur de donn\u00e9es et des individus \u00e0 qui peuvent \u00eatre transmises et les personnes qui venir \u00e0 connaissance de ces donn\u00e9es, des ajournements, des rectifications, int\u00e9grations, annulations, transformations et le blocage du traitement des donn\u00e9es illicites, en contactant le contr\u00f4ler de donn\u00e9es \u00e0 l\u2019adresse suivante:<br \/>\nLe titulaire du traitement des donn\u00e9es est Terravision London Finance, joignable \u00f2 l\u2019adresse email : <a href=\"mailto:dpo@terravision.eu\">dpo@terravision.eu<\/a> \u2013 Si\u00e8ge l\u00e9gale<br \/>\nTerravision London Finance Ltd.<br \/>\n260-270 Butterfield, Great Marlings, Luton LU2 8DL<\/p>\n<p>La directive suivante sur la confidentialit\u00e9 pourrait \u00eatre sujette \u00e0 des variations. Les modifications \u00e9ventuelles seront publi\u00e9es sur cette page.<\/p>\n<p><a name=\"cookiepolicy_fr\"><\/a><strong>CHARTE SUR LES COOKIES<\/strong><\/p>\n<p>Chez Terravision, nous souhaitons rendre votre visite de notre site Internet aussi simple, fiable et utile que possible. Pour nous faciliter la t\u00e2che, nous utilisons des cookies et autres technologies semblables (qui, ensemble, sont d\u00e9sign\u00e9es dans la pr\u00e9sente charte par l&#8217;expression \u00ab cookies \u00bb).<br \/>\nNous vous informons de notre utilisation des cookies, lorsque vous visitez notre site Internet pour la premi\u00e8re fois, \u00e0 l\u2019aide d\u2019une banni\u00e8re d\u2019information figurant au haut de la page. En continuant d\u2019utiliser le site, vous consentez \u00e0 ce que nous utilisions des cookies.<\/p>\n<p><strong>Que sont les cookies ?<\/strong><\/p>\n<p>Les cookies sont de petits fichiers texte qui viennent se placer automatiquement sur votre ordinateur ou appareil mobile presque chaque fois que vous visitez un site Internet. Ils sont stock\u00e9s par votre navigateur. Les cookies contiennent des informations de base concernant l\u2019utilisation que vous faites d\u2019Internet, mais ils ne vous identifient pas personnellement. Votre navigateur renvoie ces cookies au site lors de toute nouvelle visite de celui-ci, si bien qu\u2019il peut reconna\u00eetre votre ordinateur ou appareil mobile et personnaliser et am\u00e9liorer votre navigation sur le site.<br \/>\nPar exemple, nous utilisons des cookies sur notre site Internet afin de m\u00e9moriser vos donn\u00e9es de connexion, vous \u00e9vitant ainsi d\u2019avoir \u00e0 les saisir \u00e0 nouveau \u00e0 plusieurs reprises lors de votre visite du site. D\u2019autres cookies nous permettent de comprendre ce qui vous a int\u00e9ress\u00e9 et ce qui ne vous a pas int\u00e9ress\u00e9 sur notre site ; cela nous permet de vous fournir des fonctionnalit\u00e9s qui vous conviennent mieux et qui vous seront plus utiles lors de votre prochaine visite. Nous utilisons \u00e9galement des cookies pour mesurer l\u2019efficacit\u00e9 de la publicit\u00e9 pr\u00e9sente sur notre site et la mani\u00e8re dont les visiteurs utilisent le site.<br \/>\nNous travaillons avec des annonceurs tiers pour que vous puissiez acc\u00e9der \u00e0 des contenus de voyage int\u00e9ressants et stimulants via notre site Internet. De ce fait, outre installer certains cookies nous-m\u00eames, \u00ab cookies d\u2019origine \u00bb, nous permettons \u00e9galement \u00e0 certains annonceurs qui affichent des annonces publicitaires sur notre site de placer des \u00ab cookies tiers \u00bb. Ces cookies enregistrent des informations sur la mani\u00e8re dont vous utilisez les annonces publicitaires. Cela permet aux annonceurs de vous montrer les publicit\u00e9s qui sont le plus \u00e0 m\u00eame de vous plaire, et dans le m\u00eame temps votre exp\u00e9rience en ligne s\u2019en trouve am\u00e9lior\u00e9e.<br \/>\nCertains cookies, appel\u00e9s \u00ab cookies de session \u00bb, ne r\u00e9sident dans votre ordinateur que lorsque votre navigateur est ouvert et ils sont effac\u00e9s automatiquement d\u00e8s lors que vous fermez votre navigateur. D\u2019autres cookies, appel\u00e9s \u00ab cookies permanents \u00bb, continuent de r\u00e9sider dans votre ordinateur ou appareil mobile apr\u00e8s que vous avez ferm\u00e9 votre navigateur. De cette fa\u00e7on, les sites reconnaissent votre ordinateur ou appareil mobile lorsque vous rouvrez votre navigateur par la suite, ce qui permet d\u2019assurer une navigation aussi ais\u00e9e que possible.<br \/>\nNous attirons votre attention sur le fait que toute information vous concernant que nous recueillons \u00e0 travers l\u2019utilisation que vous faites des cookies est soumise \u00e0 notre Charte de confidentialit\u00e9, \u00e0 laquelle vous pouvez acc\u00e9der \u00e0 partir d\u2019un lien figurant au bas de chaque page.<\/p>\n<p><strong>Quel type de cookies utilisons-nous ?<\/strong><br \/>\nNous utilisons trois types de cookies. Nous les d\u00e9crivons ci-dessous. Vous trouverez davantage d\u2019informations sur chaque type de cookies en acc\u00e9dant \u00e0 l\u2019Outil d&#8217;Acceptation des Cookies.<\/p>\n<p><strong>Cookies essentiels<\/strong><\/p>\n<p>Ces cookies facilitent votre acc\u00e8s et vous aident \u00e0 naviguer sur notre site et \u00e0 utiliser toutes ses fonctionnalit\u00e9s essentielles. Sans ces cookies, notre site Internet ne marcherait pas correctement et vous ne pourriez pas utiliser certaines de ses fonctionnalit\u00e9s importantes. Par exemple, nous utilisons un cookie pour que vous restiez connect\u00e9 au cours de votre visite et que le site ne vous demande pas de mani\u00e8re r\u00e9p\u00e9t\u00e9e de vous connecter \u00e0 nouveau pour acc\u00e9der aux diff\u00e9rentes pages. Nous utilisons \u00e9galement des cookies essentiels pour d\u00e9tecter et pr\u00e9venir les fraudes.<br \/>\nVous verrez que l\u2019Outil d&#8217;Acceptation des Cookies ne vous permet pas de d\u00e9sactiver les cookies essentiels. La raison est que ces cookies vous sont n\u00e9cessaires pour acc\u00e9der et utiliser le contenu et les fonctionnalit\u00e9s du site Internet.<\/p>\n<p><strong>Cookies analytiques et fonctionnels<\/strong><\/p>\n<p>Chez Terravision, nous voulons que votre exp\u00e9rience de notre site Internet soit aussi ais\u00e9e et agr\u00e9able que possible. Nous utilisons des cookies pour mieux comprendre la mani\u00e8re dont vous utilisez notre site Internet et de quelle mani\u00e8re nous pouvons am\u00e9liorer l\u2019exp\u00e9rience que vous en faites. Les cookies peuvent nous fournir des informations anonymes qui nous aident \u00e0 comprendre quelles parties de notre site Internet int\u00e9ressent nos visiteurs et, le cas \u00e9ch\u00e9ant, s\u2019ils re\u00e7oivent des messages d\u2019erreur. Nous utilisons des cookies pour tester diff\u00e9rentes caract\u00e9ristiques de conception et fonctionnalit\u00e9s de nos sites et nous les utilisons aussi pour nous aider \u00e0 remonter \u00e0 la mani\u00e8re dont nos visiteurs arrivent sur nos sites.<br \/>\nNous utilisons aussi des cookies pour sauvegarder vos param\u00e8tres et vos pr\u00e9f\u00e9rences sur notre site Internet, par exemple des pr\u00e9f\u00e9rences au niveau de la langue d\u2019utilisation et des informations que vous avez saisies pr\u00e9c\u00e9demment en recherchant des options de voyage. Certains cookies fonctionnels sont essentiels si vous souhaitez b\u00e9n\u00e9ficier de certaines fonctionnalit\u00e9s du site.<\/p>\n<p><strong>Cookies publicitaires<\/strong><\/p>\n<p>Les cookies publicitaires permettent de faire en sorte que les publicit\u00e9s que vous voyez sur notre site Internet soient aussi pertinentes que possible. Par exemple, certains cookies publicitaires permettent de s\u00e9lectionner les publicit\u00e9s en fonction de vos centres d\u2019int\u00e9r\u00eat. D\u2019autres nous aident \u00e0 \u00e9viter que les m\u00eames publicit\u00e9s continuent de s\u2019afficher incessamment.<br \/>\nNous souhaitons \u00e9galement vous permettre de partager le plus facilement possible avec vos amis, par le biais de vos r\u00e9seaux sociaux pr\u00e9f\u00e9r\u00e9s, des \u00e9l\u00e9ments du contenu de Terravision. Pour cette raison, les cookies publicitaires incluent des cookies qui sont install\u00e9s par des sites de r\u00e9seaux sociaux et qui rendent ainsi ce partage facile et sans coupures.<\/p>\n<p>3. Gestion des cookies<\/p>\n<p><strong><br \/>\nQue se passe-t-il si je n&#8217;autorise pas les cookies ?<\/strong><\/p>\n<p>Si les cookies ne sont pas autoris\u00e9s sur votre ordinateur, votre tablette ou votre mobile (&#8220;appareil&#8221;), votre exp\u00e9rience sur notre site Internet peut \u00eatre limit\u00e9e (par exemple, il se peut que vous ne puissiez naviguer librement et sur tout le site ou que vous ne puissiez ajouter des produits \u00e0 votre panier et les acheter).<\/p>\n<p><strong>Comment d\u00e9sactiver \/ activer des cookies Terravision.eu?<\/strong><\/p>\n<p>La d\u00e9sactivation \/ activation de cookies se fait par l&#8217;interm\u00e9diaire de votre navigateur Internet. Nous expliquons ci-dessous comment g\u00e9rer les cookies sur votre ordinateur par l&#8217;interm\u00e9diaire des principaux navigateurs Internet. Pour plus d&#8217;informations sur comment g\u00e9rer les cookies sur votre tablette et\/ou votre mobile, veuillez consulter votre documentation ou des fichiers d&#8217;aide en ligne.<\/p>\n<p><strong>Google Chrome<\/strong><br \/>\n&#8211; Dans le menu Param\u00e8tres, s\u00e9lectionnez &#8220;Afficher les param\u00e8tres avanc\u00e9s&#8221; en bas de page<br \/>\n&#8211; Cliquez sur le bouton &#8220;Param\u00e8tres de contenu&#8221; dans la section Confidentialit\u00e9<br \/>\n&#8211; La section situ\u00e9e en haut de la page qui appara\u00eet alors vous en dit plus \u00e0 propos des cookies et vous permet d&#8217;installer les cookies que vous voulez. Elle vous permet \u00e9galement de supprimer les cookies actuellement stock\u00e9s.<\/p>\n<p><strong>Mozilla Firefox<\/strong><br \/>\n&#8211; Dans le menu Outils, s\u00e9lectionnez &#8220;options&#8221;<br \/>\n&#8211; S\u00e9lectionnez l&#8217;onglet Vie Priv\u00e9e dans la fen\u00eatre Options<br \/>\n&#8211; Dans le menu d\u00e9roulant, choisissez &#8220;Utiliser les param\u00e8tres personnalis\u00e9s pour l&#8217;historique&#8221;. Cela fera appara\u00eetre les options pour les cookies et vous pourrez choisir de les autoriser ou de les refuser en cochant la case appropri\u00e9e.<\/p>\n<p><strong>Internet Explorer 6+<\/strong><br \/>\n&#8211; Dans le menu Outils, s\u00e9lectionnez &#8220;Options Internet&#8221;<br \/>\n&#8211; Cliquez sur l&#8217;onglet Confidentialit\u00e9<br \/>\n&#8211; Vous verrez des param\u00e8tres de confidentialit\u00e9 avec six options, qui vous permettent de contr\u00f4ler le nombre de cookies qui seront enregistr\u00e9s : Bloquer Tous Les Cookies, Haute, Moyennement Haute, Moyenne (niveau par d\u00e9faut), Faible, et Accepter Tous Les Cookies.<\/p>\n<p><strong>Navigateur Safari<\/strong><br \/>\n&#8211; Dans le menu d\u00e9roulant, s\u00e9lectionnez l&#8217;option &#8220;pr\u00e9f\u00e9rences&#8221;<br \/>\n&#8211; Ouvrez l&#8217;onglet S\u00e9curit\u00e9<br \/>\n&#8211; S\u00e9lectionnez l&#8217;option que vous voulez dans la section &#8220;accepter les cookies&#8221;<\/p>\n<p>Tous les autres navigateurs<br \/>\nPour plus d&#8217;informations sur comment g\u00e9rer les cookies par l&#8217;interm\u00e9diaire d&#8217;autres navigateurs, veuillez consulter votre documentation ou des fichiers d&#8217;aide en ligne.<\/p>\n<p>Comment d\u00e9sactiver \/ activer des cookies tiers ?<br \/>\nLes cookies tiers ne sont pas enregistr\u00e9s par nous. Par cons\u00e9quent, nous vous sugg\u00e9rons de regarder les sites Internet de ces tiers pour plus d&#8217;informations sur les cookies qu&#8217;ils enregistrent et comment ils les g\u00e8rent.<\/p>\n","protected":false},"excerpt":{"rendered":"<p>PRIVACY POLICY Avec la pr\u00e9sence, nous vous informons du but et des m\u00e9thodes de traitement des donn\u00e9es ainsi que de la communication et diffusion des donn\u00e9es que vous avez transmises \u00e0 Terravision ( r\u00e9f\u00e9r\u00e9e ci-dessous aussi comme \u00ab la Soci\u00e9t\u00e9 \u00bb) lors de votre participation au site www.terravision.eu (r\u00e9f\u00e9r\u00e9e ci-dessous aussi comme le \u201cSite\u201d). La [&hellip;]<\/p>\n","protected":false},"author":1,"featured_media":0,"parent":0,"menu_order":0,"comment_status":"open","ping_status":"open","template":"","meta":{"footnotes":""},"class_list":["post-383","page","type-page","status-publish","hentry"],"yoast_head":"<!-- This site is optimized with the Yoast SEO Premium plugin v24.4 (Yoast SEO v24.4) - https:\/\/yoast.com\/wordpress\/plugins\/seo\/ -->\n<title>Informations relatives \u00e0 la protection de la vie priv\u00e9e | Terravision France<\/title>\n<meta name=\"robots\" content=\"index, follow, max-snippet:-1, max-image-preview:large, max-video-preview:-1\" \/>\n<link rel=\"canonical\" href=\"https:\/\/www.terravision.eu\/francese\/privacy-policy.html\" \/>\n<meta property=\"og:locale\" content=\"fr_FR\" \/>\n<meta property=\"og:type\" content=\"article\" \/>\n<meta property=\"og:title\" content=\"Informations relatives \u00e0 la protection de la vie priv\u00e9e\" \/>\n<meta property=\"og:description\" content=\"PRIVACY POLICY Avec la pr\u00e9sence, nous vous informons du but et des m\u00e9thodes de traitement des donn\u00e9es ainsi que de la communication et diffusion des donn\u00e9es que vous avez transmises \u00e0 Terravision ( r\u00e9f\u00e9r\u00e9e ci-dessous aussi comme \u00ab la Soci\u00e9t\u00e9 \u00bb) lors de votre participation au site www.terravision.eu (r\u00e9f\u00e9r\u00e9e ci-dessous aussi comme le \u201cSite\u201d). La [&hellip;]\" \/>\n<meta property=\"og:url\" content=\"https:\/\/www.terravision.eu\/francese\/privacy-policy.html\" \/>\n<meta property=\"og:site_name\" content=\"Terravision France\" \/>\n<meta property=\"article:modified_time\" content=\"2024-04-19T08:38:20+00:00\" \/>\n<meta name=\"twitter:label1\" content=\"Dur\u00e9e de lecture estim\u00e9e\" \/>\n\t<meta name=\"twitter:data1\" content=\"12 minutes\" \/>\n<script type=\"application\/ld+json\" class=\"yoast-schema-graph\">{\"@context\":\"https:\/\/schema.org\",\"@graph\":[{\"@type\":\"WebPage\",\"@id\":\"https:\/\/www.terravision.eu\/francese\/privacy-policy.html\",\"url\":\"https:\/\/www.terravision.eu\/francese\/privacy-policy.html\",\"name\":\"Informations relatives \u00e0 la protection de la vie priv\u00e9e | Terravision France\",\"isPartOf\":{\"@id\":\"https:\/\/www.terravision.eu\/francese\/#website\"},\"datePublished\":\"2012-08-28T13:58:16+00:00\",\"dateModified\":\"2024-04-19T08:38:20+00:00\",\"breadcrumb\":{\"@id\":\"https:\/\/www.terravision.eu\/francese\/privacy-policy.html#breadcrumb\"},\"inLanguage\":\"fr-FR\",\"potentialAction\":[{\"@type\":\"ReadAction\",\"target\":[\"https:\/\/www.terravision.eu\/francese\/privacy-policy.html\"]}]},{\"@type\":\"BreadcrumbList\",\"@id\":\"https:\/\/www.terravision.eu\/francese\/privacy-policy.html#breadcrumb\",\"itemListElement\":[{\"@type\":\"ListItem\",\"position\":1,\"name\":\"Home\",\"item\":\"https:\/\/www.terravision.eu\/francese\/\"},{\"@type\":\"ListItem\",\"position\":2,\"name\":\"Informations relatives \u00e0 la protection de la vie priv\u00e9e\"}]},{\"@type\":\"WebSite\",\"@id\":\"https:\/\/www.terravision.eu\/francese\/#website\",\"url\":\"https:\/\/www.terravision.eu\/francese\/\",\"name\":\"Terravision France\",\"description\":\"Liaisons low-cost vers\/depuis les grands a\u00e9roports europ\u00e9ens\",\"potentialAction\":[{\"@type\":\"SearchAction\",\"target\":{\"@type\":\"EntryPoint\",\"urlTemplate\":\"https:\/\/www.terravision.eu\/francese\/?s={search_term_string}\"},\"query-input\":{\"@type\":\"PropertyValueSpecification\",\"valueRequired\":true,\"valueName\":\"search_term_string\"}}],\"inLanguage\":\"fr-FR\"}]}<\/script>\n<!-- \/ Yoast SEO Premium plugin. -->","yoast_head_json":{"title":"Informations relatives \u00e0 la protection de la vie priv\u00e9e | Terravision France","robots":{"index":"index","follow":"follow","max-snippet":"max-snippet:-1","max-image-preview":"max-image-preview:large","max-video-preview":"max-video-preview:-1"},"canonical":"https:\/\/www.terravision.eu\/francese\/privacy-policy.html","og_locale":"fr_FR","og_type":"article","og_title":"Informations relatives \u00e0 la protection de la vie priv\u00e9e","og_description":"PRIVACY POLICY Avec la pr\u00e9sence, nous vous informons du but et des m\u00e9thodes de traitement des donn\u00e9es ainsi que de la communication et diffusion des donn\u00e9es que vous avez transmises \u00e0 Terravision ( r\u00e9f\u00e9r\u00e9e ci-dessous aussi comme \u00ab la Soci\u00e9t\u00e9 \u00bb) lors de votre participation au site www.terravision.eu (r\u00e9f\u00e9r\u00e9e ci-dessous aussi comme le \u201cSite\u201d). La [&hellip;]","og_url":"https:\/\/www.terravision.eu\/francese\/privacy-policy.html","og_site_name":"Terravision France","article_modified_time":"2024-04-19T08:38:20+00:00","twitter_misc":{"Dur\u00e9e de lecture estim\u00e9e":"12 minutes"},"schema":{"@context":"https:\/\/schema.org","@graph":[{"@type":"WebPage","@id":"https:\/\/www.terravision.eu\/francese\/privacy-policy.html","url":"https:\/\/www.terravision.eu\/francese\/privacy-policy.html","name":"Informations relatives \u00e0 la protection de la vie priv\u00e9e | Terravision France","isPartOf":{"@id":"https:\/\/www.terravision.eu\/francese\/#website"},"datePublished":"2012-08-28T13:58:16+00:00","dateModified":"2024-04-19T08:38:20+00:00","breadcrumb":{"@id":"https:\/\/www.terravision.eu\/francese\/privacy-policy.html#breadcrumb"},"inLanguage":"fr-FR","potentialAction":[{"@type":"ReadAction","target":["https:\/\/www.terravision.eu\/francese\/privacy-policy.html"]}]},{"@type":"BreadcrumbList","@id":"https:\/\/www.terravision.eu\/francese\/privacy-policy.html#breadcrumb","itemListElement":[{"@type":"ListItem","position":1,"name":"Home","item":"https:\/\/www.terravision.eu\/francese\/"},{"@type":"ListItem","position":2,"name":"Informations relatives \u00e0 la protection de la vie priv\u00e9e"}]},{"@type":"WebSite","@id":"https:\/\/www.terravision.eu\/francese\/#website","url":"https:\/\/www.terravision.eu\/francese\/","name":"Terravision France","description":"Liaisons low-cost vers\/depuis les grands a\u00e9roports europ\u00e9ens","potentialAction":[{"@type":"SearchAction","target":{"@type":"EntryPoint","urlTemplate":"https:\/\/www.terravision.eu\/francese\/?s={search_term_string}"},"query-input":{"@type":"PropertyValueSpecification","valueRequired":true,"valueName":"search_term_string"}}],"inLanguage":"fr-FR"}]}},"_links":{"self":[{"href":"https:\/\/www.terravision.eu\/francese\/wp-json\/wp\/v2\/pages\/383","targetHints":{"allow":["GET"]}}],"collection":[{"href":"https:\/\/www.terravision.eu\/francese\/wp-json\/wp\/v2\/pages"}],"about":[{"href":"https:\/\/www.terravision.eu\/francese\/wp-json\/wp\/v2\/types\/page"}],"author":[{"embeddable":true,"href":"https:\/\/www.terravision.eu\/francese\/wp-json\/wp\/v2\/users\/1"}],"replies":[{"embeddable":true,"href":"https:\/\/www.terravision.eu\/francese\/wp-json\/wp\/v2\/comments?post=383"}],"version-history":[{"count":3,"href":"https:\/\/www.terravision.eu\/francese\/wp-json\/wp\/v2\/pages\/383\/revisions"}],"predecessor-version":[{"id":13783,"href":"https:\/\/www.terravision.eu\/francese\/wp-json\/wp\/v2\/pages\/383\/revisions\/13783"}],"wp:attachment":[{"href":"https:\/\/www.terravision.eu\/francese\/wp-json\/wp\/v2\/media?parent=383"}],"curies":[{"name":"wp","href":"https:\/\/api.w.org\/{rel}","templated":true}]}}