{"id":48,"date":"2012-06-13T12:26:18","date_gmt":"2012-06-13T12:26:18","guid":{"rendered":"https:\/\/www.terravision.eu\/dolomites-verona-airport-transfer"},"modified":"2014-09-12T15:01:29","modified_gmt":"2014-09-12T15:01:29","slug":"dolomites_verona","status":"publish","type":"page","link":"https:\/\/www.terravision.eu\/francese\/dolomites_verona.html","title":{"rendered":"Navette A\u00e9roport de V\u00e9rone &#8211; Dolomites"},"content":{"rendered":"<div id=\"article-single-airport\">\n<div class=\"title\">\n<h2 style=\"font-size:18px;font-weight:normal\">Bus de l&#8217;a\u00e9roport de V\u00e9rone vers <span class=\"strong\">les Dolomites<\/span><\/div>\n<\/h2>\n<div class=\"content\">\nEn partenariat avec SudTirol.<\/p>\n<p>Partez en vacances dans les Alpes avec Terravision et d\u00e9couvrez la beaut\u00e9 des Dolomites!<\/p>\n<p>Trajets disponibles:<span class=\"routes\">Bus de l&#8217;a\u00e9roport de V\u00e9rone vers les Dolomites<\/span><\/p>\n<p><span class=\"light\">Dur\u00e9e du voyage: 2h35 min<\/span><\/p>\n<table>\n<tbody>\n<tr>\n<td class=\"direction-1-5\">A\u00e9roport de V\u00e9rone<\/td>\n<td class=\"direction-2-5\">Bolzano<\/td>\n<td class=\"direction-3-5\">Ortisei<\/td>\n<td class=\"direction-4-5\">St Cristina<\/td>\n<td class=\"direction-5-5\">Selva Val<br \/>\nGardena<\/td>\n<\/tr>\n<\/tbody>\n<\/table>\n<p><span class=\"routes\">Bus direct de l&#8217;a\u00e9roport de V\u00e9rone \u00e0 Bolzano<\/span><\/p>\n<p><span class=\"light\">Dur\u00e9e du voyage: 1h45<\/span><\/p>\n<table>\n<tbody>\n<tr>\n<td class=\"direction-1-2\">A\u00e9roport de V\u00e9rone\n<\/td>\n<td class=\"direction-2-2\">Bolzano\n<\/td>\n<\/tr>\n<\/tbody>\n<\/table>\n<\/div>\n<\/div>\n<div style=\"overflow: hidden;float: right;height: 150px\">\n<div class=\"content-right 1\">\n<span class=\"price\">25<\/span><span class=\"valuta\"> \u20ac<\/span><\/div>\n<\/div>\n<div class=\"information\"><strong>Service Temporairement Indisponible<\/strong><\/div>\n","protected":false},"excerpt":{"rendered":"<p>Bus de l&#8217;a\u00e9roport de V\u00e9rone vers les Dolomites En partenariat avec SudTirol. Partez en vacances dans les Alpes avec Terravision et d\u00e9couvrez la beaut\u00e9 des Dolomites! Trajets disponibles:Bus de l&#8217;a\u00e9roport de V\u00e9rone vers les Dolomites Dur\u00e9e du voyage: 2h35 min A\u00e9roport de V\u00e9rone Bolzano Ortisei St Cristina Selva Val Gardena Bus direct de l&#8217;a\u00e9roport de [&hellip;]<\/p>\n","protected":false},"author":1,"featured_media":0,"parent":0,"menu_order":0,"comment_status":"open","ping_status":"open","template":"","meta":{"footnotes":""},"class_list":["post-48","page","type-page","status-publish","hentry","cities-dolomites"],"yoast_head":"<!-- This site is optimized with the Yoast SEO Premium plugin v24.4 (Yoast SEO v24.4) - https:\/\/yoast.com\/wordpress\/plugins\/seo\/ -->\n<title>Bus Navette A\u00e9roport de V\u00e9rone - Dolomites | Terravision<\/title>\n<meta name=\"description\" content=\"Bus Navette A\u00e9roport de V\u00e9rone - Dolomites \u00e0 25\u20ac. Bus Lowcost de l&#039;A\u00e9roport de V\u00e9rone aux Dolomites: Ortisei, Selva Val Gardena, St Cristina, Dobbiaco\" \/>\n<meta name=\"robots\" content=\"index, follow, max-snippet:-1, max-image-preview:large, max-video-preview:-1\" \/>\n<link rel=\"canonical\" href=\"https:\/\/www.terravision.eu\/francese\/dolomites_verona.html\" \/>\n<meta property=\"og:locale\" content=\"fr_FR\" \/>\n<meta property=\"og:type\" content=\"article\" \/>\n<meta property=\"og:title\" content=\"Navette A\u00e9roport de V\u00e9rone - Dolomites\" \/>\n<meta property=\"og:description\" content=\"Bus Navette A\u00e9roport de V\u00e9rone - Dolomites \u00e0 25\u20ac. Bus Lowcost de l&#039;A\u00e9roport de V\u00e9rone aux Dolomites: Ortisei, Selva Val Gardena, St Cristina, Dobbiaco\" \/>\n<meta property=\"og:url\" content=\"https:\/\/www.terravision.eu\/francese\/dolomites_verona.html\" \/>\n<meta property=\"og:site_name\" content=\"Terravision France\" \/>\n<meta property=\"article:modified_time\" content=\"2014-09-12T15:01:29+00:00\" \/>\n<script type=\"application\/ld+json\" class=\"yoast-schema-graph\">{\"@context\":\"https:\/\/schema.org\",\"@graph\":[{\"@type\":\"WebPage\",\"@id\":\"https:\/\/www.terravision.eu\/francese\/dolomites_verona.html\",\"url\":\"https:\/\/www.terravision.eu\/francese\/dolomites_verona.html\",\"name\":\"Bus Navette A\u00e9roport de V\u00e9rone - Dolomites | Terravision\",\"isPartOf\":{\"@id\":\"https:\/\/www.terravision.eu\/francese\/#website\"},\"datePublished\":\"2012-06-13T12:26:18+00:00\",\"dateModified\":\"2014-09-12T15:01:29+00:00\",\"description\":\"Bus Navette A\u00e9roport de V\u00e9rone - Dolomites \u00e0 25\u20ac. Bus Lowcost de l'A\u00e9roport de V\u00e9rone aux Dolomites: Ortisei, Selva Val Gardena, St Cristina, Dobbiaco\",\"breadcrumb\":{\"@id\":\"https:\/\/www.terravision.eu\/francese\/dolomites_verona.html#breadcrumb\"},\"inLanguage\":\"fr-FR\",\"potentialAction\":[{\"@type\":\"ReadAction\",\"target\":[\"https:\/\/www.terravision.eu\/francese\/dolomites_verona.html\"]}]},{\"@type\":\"BreadcrumbList\",\"@id\":\"https:\/\/www.terravision.eu\/francese\/dolomites_verona.html#breadcrumb\",\"itemListElement\":[{\"@type\":\"ListItem\",\"position\":1,\"name\":\"Home\",\"item\":\"https:\/\/www.terravision.eu\/francese\/\"},{\"@type\":\"ListItem\",\"position\":2,\"name\":\"Navette A\u00e9roport de V\u00e9rone &#8211; Dolomites\"}]},{\"@type\":\"WebSite\",\"@id\":\"https:\/\/www.terravision.eu\/francese\/#website\",\"url\":\"https:\/\/www.terravision.eu\/francese\/\",\"name\":\"Terravision France\",\"description\":\"Liaisons low-cost vers\/depuis les grands a\u00e9roports europ\u00e9ens\",\"potentialAction\":[{\"@type\":\"SearchAction\",\"target\":{\"@type\":\"EntryPoint\",\"urlTemplate\":\"https:\/\/www.terravision.eu\/francese\/?s={search_term_string}\"},\"query-input\":{\"@type\":\"PropertyValueSpecification\",\"valueRequired\":true,\"valueName\":\"search_term_string\"}}],\"inLanguage\":\"fr-FR\"}]}<\/script>\n<!-- \/ Yoast SEO Premium plugin. -->","yoast_head_json":{"title":"Bus Navette A\u00e9roport de V\u00e9rone - Dolomites | Terravision","description":"Bus Navette A\u00e9roport de V\u00e9rone - Dolomites \u00e0 25\u20ac. Bus Lowcost de l'A\u00e9roport de V\u00e9rone aux Dolomites: Ortisei, Selva Val Gardena, St Cristina, Dobbiaco","robots":{"index":"index","follow":"follow","max-snippet":"max-snippet:-1","max-image-preview":"max-image-preview:large","max-video-preview":"max-video-preview:-1"},"canonical":"https:\/\/www.terravision.eu\/francese\/dolomites_verona.html","og_locale":"fr_FR","og_type":"article","og_title":"Navette A\u00e9roport de V\u00e9rone - Dolomites","og_description":"Bus Navette A\u00e9roport de V\u00e9rone - Dolomites \u00e0 25\u20ac. Bus Lowcost de l'A\u00e9roport de V\u00e9rone aux Dolomites: Ortisei, Selva Val Gardena, St Cristina, Dobbiaco","og_url":"https:\/\/www.terravision.eu\/francese\/dolomites_verona.html","og_site_name":"Terravision France","article_modified_time":"2014-09-12T15:01:29+00:00","schema":{"@context":"https:\/\/schema.org","@graph":[{"@type":"WebPage","@id":"https:\/\/www.terravision.eu\/francese\/dolomites_verona.html","url":"https:\/\/www.terravision.eu\/francese\/dolomites_verona.html","name":"Bus Navette A\u00e9roport de V\u00e9rone - Dolomites | Terravision","isPartOf":{"@id":"https:\/\/www.terravision.eu\/francese\/#website"},"datePublished":"2012-06-13T12:26:18+00:00","dateModified":"2014-09-12T15:01:29+00:00","description":"Bus Navette A\u00e9roport de V\u00e9rone - Dolomites \u00e0 25\u20ac. Bus Lowcost de l'A\u00e9roport de V\u00e9rone aux Dolomites: Ortisei, Selva Val Gardena, St Cristina, Dobbiaco","breadcrumb":{"@id":"https:\/\/www.terravision.eu\/francese\/dolomites_verona.html#breadcrumb"},"inLanguage":"fr-FR","potentialAction":[{"@type":"ReadAction","target":["https:\/\/www.terravision.eu\/francese\/dolomites_verona.html"]}]},{"@type":"BreadcrumbList","@id":"https:\/\/www.terravision.eu\/francese\/dolomites_verona.html#breadcrumb","itemListElement":[{"@type":"ListItem","position":1,"name":"Home","item":"https:\/\/www.terravision.eu\/francese\/"},{"@type":"ListItem","position":2,"name":"Navette A\u00e9roport de V\u00e9rone &#8211; Dolomites"}]},{"@type":"WebSite","@id":"https:\/\/www.terravision.eu\/francese\/#website","url":"https:\/\/www.terravision.eu\/francese\/","name":"Terravision France","description":"Liaisons low-cost vers\/depuis les grands a\u00e9roports europ\u00e9ens","potentialAction":[{"@type":"SearchAction","target":{"@type":"EntryPoint","urlTemplate":"https:\/\/www.terravision.eu\/francese\/?s={search_term_string}"},"query-input":{"@type":"PropertyValueSpecification","valueRequired":true,"valueName":"search_term_string"}}],"inLanguage":"fr-FR"}]}},"_links":{"self":[{"href":"https:\/\/www.terravision.eu\/francese\/wp-json\/wp\/v2\/pages\/48","targetHints":{"allow":["GET"]}}],"collection":[{"href":"https:\/\/www.terravision.eu\/francese\/wp-json\/wp\/v2\/pages"}],"about":[{"href":"https:\/\/www.terravision.eu\/francese\/wp-json\/wp\/v2\/types\/page"}],"author":[{"embeddable":true,"href":"https:\/\/www.terravision.eu\/francese\/wp-json\/wp\/v2\/users\/1"}],"replies":[{"embeddable":true,"href":"https:\/\/www.terravision.eu\/francese\/wp-json\/wp\/v2\/comments?post=48"}],"version-history":[{"count":1,"href":"https:\/\/www.terravision.eu\/francese\/wp-json\/wp\/v2\/pages\/48\/revisions"}],"predecessor-version":[{"id":11188,"href":"https:\/\/www.terravision.eu\/francese\/wp-json\/wp\/v2\/pages\/48\/revisions\/11188"}],"wp:attachment":[{"href":"https:\/\/www.terravision.eu\/francese\/wp-json\/wp\/v2\/media?parent=48"}],"curies":[{"name":"wp","href":"https:\/\/api.w.org\/{rel}","templated":true}]}}