{"id":6499,"date":"2012-10-19T16:47:43","date_gmt":"2012-10-19T16:47:43","guid":{"rendered":"https:\/\/www.terravision.eu\/francese\/?page_id=6499"},"modified":"2012-10-19T16:47:43","modified_gmt":"2012-10-19T16:47:43","slug":"comment_aller_amsterdam","status":"publish","type":"page","link":"https:\/\/www.terravision.eu\/francese\/comment_aller_amsterdam.html","title":{"rendered":"Comment se rendre \u00e0 Amsterdam"},"content":{"rendered":"<div id=\"article-single\">\n<strong>Par avion<\/strong><br \/>\nL\u2019a\u00e9roport international de Amsterdam Schiphol est le 4e a\u00e9roport europ\u00e9en en termes de passagers.<br \/>\nIl existe aussi deux autres options pour plus de vols low cost :<br \/>\nL\u2019a\u00e9roport de Eindhoven (au sud des Pays Bas, pr\u00e8s de la fronti\u00e8re belge)<br \/>\nL\u2019a\u00e9roport de D\u00fcsseldorf-Weeze (proche de la fronti\u00e8re, en Allemagne)<\/p>\n<p><strong>En train<\/strong><br \/>\nAmsterdam est tr\u00e8s bien reli\u00e9e aux plus grandes villes europ\u00e9ennes gr\u00e2ce \u00e0 un r\u00e9seau ferroviaire tr\u00e8s d\u00e9velopp\u00e9.<br \/>\nLa gare principale est celle de Amsterdam Centraal.<br \/>\nDur\u00e9e du trajet vers Bruxelles, Londres, Paris, Hambourg ou Berlin : environ 6h<br \/>\nDur\u00e9e du voyage vers la plupart des villes n\u00e9erlandaises : 2h30<\/p>\n<p><strong>En ferry<\/strong><br \/>\nLe bateau est une option tr\u00e8s pratique pour les voyageurs en provenance du Royaume Uni ou de la Scandinavie. Les ferries partent de la Scandinavie et passent par les villes suivantes : Newcastle, Hull ou Harwich.<\/p>\n<p><strong>En voiture<\/strong><br \/>\nAmsterdam est aussi facile d\u2019acc\u00e8s en voiture gr\u00e2ce \u00e0 un r\u00e9seau d\u2019autoroutes europ\u00e9ennes reli\u00e9es au p\u00e9riph\u00e9rique A10 (appel\u00e9 \u00ab Ringweg \u00bb).<br \/>\nEn provenance du nord : sortie Tunnel  IJ<br \/>\nEn provenance de l\u2019est : sortie Jan van Galenstraat<br \/>\nEn provenance de l\u2019ouest  ou du sud : sortie Niewe Utrechtseweg<\/p>\n<p><strong><em>Conseil pratique<\/em><\/strong>: si vous vous rendez \u00e0 Amsterdam en voiture, il est hautement recommand\u00e9 de laisser le v\u00e9hicule dans un des parkings \u201cPark &amp; Ride\u201d le long du p\u00e9riph\u00e9rique et continuer en transports en commun ou v\u00e9lo.\n<\/div>\n","protected":false},"excerpt":{"rendered":"<p>Par avion L\u2019a\u00e9roport international de Amsterdam Schiphol est le 4e a\u00e9roport europ\u00e9en en termes de passagers. Il existe aussi deux autres options pour plus de vols low cost : L\u2019a\u00e9roport de Eindhoven (au sud des Pays Bas, pr\u00e8s de la fronti\u00e8re belge) L\u2019a\u00e9roport de D\u00fcsseldorf-Weeze (proche de la fronti\u00e8re, en Allemagne) En train Amsterdam est [&hellip;]<\/p>\n","protected":false},"author":1,"featured_media":0,"parent":0,"menu_order":0,"comment_status":"open","ping_status":"open","template":"","meta":{"footnotes":""},"class_list":["post-6499","page","type-page","status-publish","hentry"],"yoast_head":"<!-- This site is optimized with the Yoast SEO Premium plugin v24.4 (Yoast SEO v24.4) - https:\/\/yoast.com\/wordpress\/plugins\/seo\/ -->\n<title>Comment se rendre \u00e0 Amsterdam | Terravision France<\/title>\n<meta name=\"robots\" content=\"index, follow, max-snippet:-1, max-image-preview:large, max-video-preview:-1\" \/>\n<link rel=\"canonical\" href=\"https:\/\/www.terravision.eu\/francese\/comment_aller_amsterdam.html\" \/>\n<meta property=\"og:locale\" content=\"fr_FR\" \/>\n<meta property=\"og:type\" content=\"article\" \/>\n<meta property=\"og:title\" content=\"Comment se rendre \u00e0 Amsterdam\" \/>\n<meta property=\"og:description\" content=\"Par avion L\u2019a\u00e9roport international de Amsterdam Schiphol est le 4e a\u00e9roport europ\u00e9en en termes de passagers. Il existe aussi deux autres options pour plus de vols low cost : L\u2019a\u00e9roport de Eindhoven (au sud des Pays Bas, pr\u00e8s de la fronti\u00e8re belge) L\u2019a\u00e9roport de D\u00fcsseldorf-Weeze (proche de la fronti\u00e8re, en Allemagne) En train Amsterdam est [&hellip;]\" \/>\n<meta property=\"og:url\" content=\"https:\/\/www.terravision.eu\/francese\/comment_aller_amsterdam.html\" \/>\n<meta property=\"og:site_name\" content=\"Terravision France\" \/>\n<meta name=\"twitter:label1\" content=\"Dur\u00e9e de lecture estim\u00e9e\" \/>\n\t<meta name=\"twitter:data1\" content=\"1 minute\" \/>\n<script type=\"application\/ld+json\" class=\"yoast-schema-graph\">{\"@context\":\"https:\/\/schema.org\",\"@graph\":[{\"@type\":\"WebPage\",\"@id\":\"https:\/\/www.terravision.eu\/francese\/comment_aller_amsterdam.html\",\"url\":\"https:\/\/www.terravision.eu\/francese\/comment_aller_amsterdam.html\",\"name\":\"Comment se rendre \u00e0 Amsterdam | Terravision France\",\"isPartOf\":{\"@id\":\"https:\/\/www.terravision.eu\/francese\/#website\"},\"datePublished\":\"2012-10-19T16:47:43+00:00\",\"breadcrumb\":{\"@id\":\"https:\/\/www.terravision.eu\/francese\/comment_aller_amsterdam.html#breadcrumb\"},\"inLanguage\":\"fr-FR\",\"potentialAction\":[{\"@type\":\"ReadAction\",\"target\":[\"https:\/\/www.terravision.eu\/francese\/comment_aller_amsterdam.html\"]}]},{\"@type\":\"BreadcrumbList\",\"@id\":\"https:\/\/www.terravision.eu\/francese\/comment_aller_amsterdam.html#breadcrumb\",\"itemListElement\":[{\"@type\":\"ListItem\",\"position\":1,\"name\":\"Home\",\"item\":\"https:\/\/www.terravision.eu\/francese\/\"},{\"@type\":\"ListItem\",\"position\":2,\"name\":\"Comment se rendre \u00e0 Amsterdam\"}]},{\"@type\":\"WebSite\",\"@id\":\"https:\/\/www.terravision.eu\/francese\/#website\",\"url\":\"https:\/\/www.terravision.eu\/francese\/\",\"name\":\"Terravision France\",\"description\":\"Liaisons low-cost vers\/depuis les grands a\u00e9roports europ\u00e9ens\",\"potentialAction\":[{\"@type\":\"SearchAction\",\"target\":{\"@type\":\"EntryPoint\",\"urlTemplate\":\"https:\/\/www.terravision.eu\/francese\/?s={search_term_string}\"},\"query-input\":{\"@type\":\"PropertyValueSpecification\",\"valueRequired\":true,\"valueName\":\"search_term_string\"}}],\"inLanguage\":\"fr-FR\"}]}<\/script>\n<!-- \/ Yoast SEO Premium plugin. -->","yoast_head_json":{"title":"Comment se rendre \u00e0 Amsterdam | Terravision France","robots":{"index":"index","follow":"follow","max-snippet":"max-snippet:-1","max-image-preview":"max-image-preview:large","max-video-preview":"max-video-preview:-1"},"canonical":"https:\/\/www.terravision.eu\/francese\/comment_aller_amsterdam.html","og_locale":"fr_FR","og_type":"article","og_title":"Comment se rendre \u00e0 Amsterdam","og_description":"Par avion L\u2019a\u00e9roport international de Amsterdam Schiphol est le 4e a\u00e9roport europ\u00e9en en termes de passagers. Il existe aussi deux autres options pour plus de vols low cost : L\u2019a\u00e9roport de Eindhoven (au sud des Pays Bas, pr\u00e8s de la fronti\u00e8re belge) L\u2019a\u00e9roport de D\u00fcsseldorf-Weeze (proche de la fronti\u00e8re, en Allemagne) En train Amsterdam est [&hellip;]","og_url":"https:\/\/www.terravision.eu\/francese\/comment_aller_amsterdam.html","og_site_name":"Terravision France","twitter_misc":{"Dur\u00e9e de lecture estim\u00e9e":"1 minute"},"schema":{"@context":"https:\/\/schema.org","@graph":[{"@type":"WebPage","@id":"https:\/\/www.terravision.eu\/francese\/comment_aller_amsterdam.html","url":"https:\/\/www.terravision.eu\/francese\/comment_aller_amsterdam.html","name":"Comment se rendre \u00e0 Amsterdam | Terravision France","isPartOf":{"@id":"https:\/\/www.terravision.eu\/francese\/#website"},"datePublished":"2012-10-19T16:47:43+00:00","breadcrumb":{"@id":"https:\/\/www.terravision.eu\/francese\/comment_aller_amsterdam.html#breadcrumb"},"inLanguage":"fr-FR","potentialAction":[{"@type":"ReadAction","target":["https:\/\/www.terravision.eu\/francese\/comment_aller_amsterdam.html"]}]},{"@type":"BreadcrumbList","@id":"https:\/\/www.terravision.eu\/francese\/comment_aller_amsterdam.html#breadcrumb","itemListElement":[{"@type":"ListItem","position":1,"name":"Home","item":"https:\/\/www.terravision.eu\/francese\/"},{"@type":"ListItem","position":2,"name":"Comment se rendre \u00e0 Amsterdam"}]},{"@type":"WebSite","@id":"https:\/\/www.terravision.eu\/francese\/#website","url":"https:\/\/www.terravision.eu\/francese\/","name":"Terravision France","description":"Liaisons low-cost vers\/depuis les grands a\u00e9roports europ\u00e9ens","potentialAction":[{"@type":"SearchAction","target":{"@type":"EntryPoint","urlTemplate":"https:\/\/www.terravision.eu\/francese\/?s={search_term_string}"},"query-input":{"@type":"PropertyValueSpecification","valueRequired":true,"valueName":"search_term_string"}}],"inLanguage":"fr-FR"}]}},"_links":{"self":[{"href":"https:\/\/www.terravision.eu\/francese\/wp-json\/wp\/v2\/pages\/6499","targetHints":{"allow":["GET"]}}],"collection":[{"href":"https:\/\/www.terravision.eu\/francese\/wp-json\/wp\/v2\/pages"}],"about":[{"href":"https:\/\/www.terravision.eu\/francese\/wp-json\/wp\/v2\/types\/page"}],"author":[{"embeddable":true,"href":"https:\/\/www.terravision.eu\/francese\/wp-json\/wp\/v2\/users\/1"}],"replies":[{"embeddable":true,"href":"https:\/\/www.terravision.eu\/francese\/wp-json\/wp\/v2\/comments?post=6499"}],"version-history":[{"count":0,"href":"https:\/\/www.terravision.eu\/francese\/wp-json\/wp\/v2\/pages\/6499\/revisions"}],"wp:attachment":[{"href":"https:\/\/www.terravision.eu\/francese\/wp-json\/wp\/v2\/media?parent=6499"}],"curies":[{"name":"wp","href":"https:\/\/api.w.org\/{rel}","templated":true}]}}