{"id":6808,"date":"2012-10-23T08:00:04","date_gmt":"2012-10-23T08:00:04","guid":{"rendered":"https:\/\/www.terravision.eu\/francese\/?page_id=6808"},"modified":"2025-07-22T15:17:48","modified_gmt":"2025-07-22T15:17:48","slug":"carrieres","status":"publish","type":"page","link":"https:\/\/www.terravision.eu\/francese\/carrieres.html","title":{"rendered":"Carri\u00e8res"},"content":{"rendered":"<div class=\"bg-tertiary p-trv-1\">\n<div class=\"container\">\n<div class=\"row\" style=\"height: 100%;\">\n<div class=\"col align-self-center pr-0 pl-m-0\">\n<div class=\"overflow-hidden\">\n<div class=\"separator-trv-n z-index-1 p-relative mb-10\"><\/div>\n<div class=\"d-flex\" style=\"gap: 23px; margin-bottom: 30px;\">\n<h3 class=\"h3-Barlow-36pt-3\" style=\"margin-bottom: 0;\">Offres d&#8217;emploi<\/h3>\n<\/div>\n<p class=\"text-standard\">Terravision est toujours \u00e0 la recherche de personnes talentueuses et motiv\u00e9es pour rejoindre son \u00e9quipe.<\/p>\n<\/div>\n<\/div>\n<\/div>\n<div class=\"row pt-60\" style=\"height: 100%;\">\n<div class=\"col align-self-center pr-0 pl-m-0 grid-2-1 gap-30\">\n<div class=\"overflow-hidden\">\n<div class=\"d-flex\" style=\"gap: 23px; margin-bottom: 30px;\">\n<h3 class=\"h3-Barlow-36pt-3\" style=\"margin-bottom: 0;\">Ce que nous proposons<\/h3>\n<\/div>\n<div class=\"grid-list-icon\" style=\"gap: 23px; margin-bottom: 30px;\">\n<p><img decoding=\"async\" src=\"https:\/\/www.terravision.eu\/wp-content\/blogs.dir\/9\/files\/2025\/03\/icon-check-list.png\" \/><\/p>\n<p class=\"h5-Barlow-22pt\" style=\"margin-bottom: 0;\">Un environnement stimulant et dynamique<\/p>\n<\/div>\n<div class=\"grid-list-icon\" style=\"gap: 23px; margin-bottom: 30px;\">\n<p><img decoding=\"async\" src=\"https:\/\/www.terravision.eu\/wp-content\/blogs.dir\/9\/files\/2025\/03\/icon-check-list.png\" \/><\/p>\n<p class=\"h5-Barlow-22pt\" style=\"margin-bottom: 0;\">\u00c9quipe multiculturelle<\/p>\n<\/div>\n<div class=\"grid-list-icon\" style=\"gap: 23px; margin-bottom: 30px;\">\n<p><img decoding=\"async\" src=\"https:\/\/www.terravision.eu\/wp-content\/blogs.dir\/9\/files\/2025\/03\/icon-check-list.png\" \/><\/p>\n<p class=\"h5-Barlow-22pt\" style=\"margin-bottom: 0;\">Un large \u00e9ventail de postes, allant du travail dans nos bureaux (marketing, ventes, communication et publicit\u00e9, RH) au travail \u00ab sur le terrain \u00bb (h\u00f4tesses d&#8217;accueil dans les a\u00e9roports, chauffeurs, promoteurs des ventes).<\/p>\n<\/div>\n<\/div>\n<div class=\"overflow-hidden\">\n<div class=\"d-flex\" style=\"gap: 23px; margin-bottom: 30px;\">\n<h3 class=\"h3-Barlow-36pt-3\" style=\"margin-bottom: 0;\">Ce que nous recherchons<\/h3>\n<\/div>\n<div class=\"grid-list-icon\" style=\"gap: 23px; margin-bottom: 30px;\">\n<p><img decoding=\"async\" src=\"https:\/\/www.terravision.eu\/wp-content\/blogs.dir\/9\/files\/2025\/03\/icon-check-list.png\" \/><\/p>\n<p class=\"h5-Barlow-22pt\" style=\"margin-bottom: 0;\">Proactivit\u00e9<\/p>\n<\/div>\n<div class=\"grid-list-icon\" style=\"gap: 23px; margin-bottom: 30px;\">\n<p><img decoding=\"async\" src=\"https:\/\/www.terravision.eu\/wp-content\/blogs.dir\/9\/files\/2025\/03\/icon-check-list.png\" \/><\/p>\n<p class=\"h5-Barlow-22pt\" style=\"margin-bottom: 0;\">Enthousiasme<\/p>\n<\/div>\n<div class=\"grid-list-icon\" style=\"gap: 23px; margin-bottom: 30px;\">\n<p><img decoding=\"async\" src=\"https:\/\/www.terravision.eu\/wp-content\/blogs.dir\/9\/files\/2025\/03\/icon-check-list.png\" \/><\/p>\n<p class=\"h5-Barlow-22pt\" style=\"margin-bottom: 0;\">Dynamisme<\/p>\n<\/div>\n<div class=\"grid-list-icon\" style=\"gap: 23px; margin-bottom: 30px;\">\n<p><img decoding=\"async\" src=\"https:\/\/www.terravision.eu\/wp-content\/blogs.dir\/9\/files\/2025\/03\/icon-check-list.png\" \/><\/p>\n<p class=\"h5-Barlow-22pt\" style=\"margin-bottom: 0;\">Passion pour les voyages et le tourisme<\/p>\n<\/div>\n<div class=\"grid-list-icon\" style=\"gap: 23px; margin-bottom: 30px;\">\n<p><img decoding=\"async\" src=\"https:\/\/www.terravision.eu\/wp-content\/blogs.dir\/9\/files\/2025\/03\/icon-check-list.png\" \/><\/p>\n<p class=\"h5-Barlow-22pt\" style=\"margin-bottom: 0;\">La connaissance d&#8217;une ou plusieurs langues europ\u00e9ennes est un atout!<\/p>\n<\/div>\n<\/div>\n<\/div>\n<\/div>\n<\/div>\n<\/div>\n<div class=\"bg-light p-trv-1\">\n<div class=\"container\">\n<div class=\"row\" style=\"height: 100%;\">\n<div class=\"col align-self-center pr-0 pl-m-0\">\n<div class=\"overflow-hidden\">\n<div class=\"separator-trv-n z-index-1 p-relative mb-10\"><\/div>\n<div class=\"d-flex\" style=\"gap: 23px; margin-bottom: 30px;\">\n<h3 class=\"h3-Barlow-36pt-3\" style=\"margin-bottom: 0;\">Comment envoyer votre candidature<\/h3>\n<\/div>\n<p class=\"text-standard\">Si vous vous reconnaissez dans cette description, contactez-nous d\u00e8s maintenant !<br \/>\nEnvoyez votre CV (en format PDF, Word ou autre fichier texte) \u00e0 l&#8217;adresse suivante:<a href=\"mailto:jobs@terravision.eu\"> jobs@terravision.eu<\/a>, en pr\u00e9cisant les langues parl\u00e9es et le niveau de comp\u00e9tence.<br \/>\nVous pouvez \u00e9galement rechercher tous les postes \u00e0 pourvoir sur LinkedIn.<\/p>\n<p><a class=\"btn btn-primary-trv z-index-1 position-relative mt-25\" href=\"https:\/\/www.linkedin.com\/company\/terravision-eu\/\" target=\"_blank\" rel=\"noopener\">Visiter le profil Linkedin<\/a><\/p>\n<\/div>\n<\/div>\n<\/div>\n<\/div>\n<\/div>\n<div class=\"bg-tertiary p-trv-1\">\n<div class=\"container\">\n<div class=\"row\">\n<div class=\"col mb-30\">\n<div class=\"overflow-hidden\">\n<div class=\"separator-trv-n z-index-1 p-relative mb-10\"><\/div>\n<h3 class=\"h3-Barlow-36pt-3\" style=\"margin-bottom: 15px;\">Offres disponibles<\/h3>\n<\/div>\n<\/div>\n<\/div>\n<div class=\"row gap-30 grid-2-1\">\n<div class=\"p-0 border-radius double-card p-relative\">\n<div class=\"row\" style=\"height: 100%;\">\n<div class=\"col align-self-center pl-30 pr-0 pl-m-0\">\n<div class=\"overflow-hidden\">\n<div class=\"separator-trv-n z-index-1 p-relative mb-10\"><\/div>\n<div class=\"d-flex\" style=\"gap: 23px;\">\n<h2 class=\"jobsearch-JobInfoHeader-title css-1td7gjs e1tiznh50\" dir=\"ltr\" lang=\"it\" data-testid=\"jobsearch-JobInfoHeader-title\">Conducteur avec permis D + CQC (Rome)<\/h2>\n<\/div>\n<p class=\"text-standard\">Nous recherchons des chauffeurs avec un permis D + CQC pour rejoindre notre \u00e9quipe \u00e0 Rome.<\/p>\n<div class=\"grid-max-content-2 gap-30\">\n<div>\n<div id=\"largeModal\" class=\"modal fade\" tabindex=\"-1\" role=\"dialog\" aria-labelledby=\"largeModalLabel\" aria-hidden=\"true\">\n<div class=\"modal-dialog modal-lg\">\n<div class=\"modal-content bradius-25\">\n<div class=\"modal-header modal-header-w-2\">\n<div class=\"card-services-header\">\n<div class=\"d-flex\" style=\"gap: 23px; margin-bottom: 30px;\">\n<h3 class=\"h3-Barlow-36pt-3\" style=\"margin-bottom: 0;\">Come inviare la tua candidatura<\/h3>\n<\/div>\n<\/div>\n<p><button class=\"btn-close\" style=\"padding-right: 30px;\" type=\"button\" data-bs-dismiss=\"modal\" aria-hidden=\"true\">\u00d7<\/button><\/p>\n<\/div>\n<div class=\"modal-body modal-body-w\"><\/div>\n<div class=\"modal-footer\">\n<div style=\"width: 100%; margin: 0;\"><a class=\"btn btn-primary-trv z-index-1 position-relative\" style=\"width: 100%; padding-top: 19px; padding-bottom: 19px;\" href=\"https:\/\/it.indeed.com\/viewjob?jk=7152373e4cbac19d&amp;from=shareddesktop_copy\">Candidati Ora<\/a><\/div>\n<\/div>\n<\/div>\n<\/div>\n<\/div>\n<\/div>\n<div><a class=\"btn btn-primary-trv z-index-1 position-relative mt-25\" href=\"https:\/\/it.indeed.com\/viewjob?jk=7152373e4cbac19d&amp;from=shareddesktop_copy\">Rejoignez-nous<\/a><\/div>\n<div><\/div>\n<\/div>\n<div>\n<div class=\"d-flex\" style=\"gap: 23px;\">\n<h2 class=\"jobsearch-JobInfoHeader-title css-1td7gjs e1tiznh50\" dir=\"ltr\" lang=\"it\" data-testid=\"jobsearch-JobInfoHeader-title\">Personnel de vente (A\u00e9roport de Bergame)<\/h2>\n<\/div>\n<p class=\"text-standard\">Nous recherchons du personnel de vente pour notre arr\u00eat de bus \u00e0 l&#8217;a\u00e9roport de Bergame \u00ab Orio al Serio \u00bb.<\/p>\n<div class=\"grid-max-content-2 gap-30\">\n<div>\n<div id=\"largeModal\" class=\"modal fade\" tabindex=\"-1\" role=\"dialog\" aria-labelledby=\"largeModalLabel\" aria-hidden=\"true\">\n<div class=\"modal-dialog modal-lg\">\n<div class=\"modal-content bradius-25\">\n<div class=\"modal-header modal-header-w-2\">\n<div class=\"card-services-header\">\n<div class=\"d-flex\" style=\"gap: 23px; margin-bottom: 30px;\">\n<h3 class=\"h3-Barlow-36pt-3\" style=\"margin-bottom: 0;\">Come inviare la tua candidatura<\/h3>\n<\/div>\n<\/div>\n<p><button class=\"btn-close\" style=\"padding-right: 30px;\" type=\"button\" data-bs-dismiss=\"modal\" aria-hidden=\"true\">\u00d7<\/button><\/p>\n<\/div>\n<div class=\"modal-body modal-body-w\"><\/div>\n<div class=\"modal-footer\">\n<div style=\"width: 100%; margin: 0;\"><a class=\"btn btn-primary-trv z-index-1 position-relative\" style=\"width: 100%; padding-top: 19px; padding-bottom: 19px;\" href=\"https:\/\/it.indeed.com\/viewjob?jk=7152373e4cbac19d&amp;from=shareddesktop_copy\">Candidati Ora<\/a><\/div>\n<\/div>\n<\/div>\n<\/div>\n<\/div>\n<\/div>\n<div><a class=\"btn btn-primary-trv z-index-1 position-relative mt-25\" href=\"https:\/\/it.indeed.com\/viewjob?jk=8c7d4d2ce85687e1&amp;from=shareddesktop_copy\">Rejoignez-nous<\/a><\/div>\n<\/div>\n<\/div>\n<\/div>\n<\/div>\n<\/div>\n<\/div>\n<\/div>\n<\/div>\n<\/div>\n","protected":false},"excerpt":{"rendered":"<p>Offres d&#8217;emploi Terravision est toujours \u00e0 la recherche de personnes talentueuses et motiv\u00e9es pour rejoindre son \u00e9quipe. Ce que nous proposons Un environnement stimulant et dynamique \u00c9quipe multiculturelle Un large \u00e9ventail de postes, allant du travail dans nos bureaux (marketing, ventes, communication et publicit\u00e9, RH) au travail \u00ab sur le terrain \u00bb (h\u00f4tesses d&#8217;accueil dans [&hellip;]<\/p>\n","protected":false},"author":1,"featured_media":0,"parent":0,"menu_order":0,"comment_status":"open","ping_status":"open","template":"","meta":{"footnotes":""},"class_list":["post-6808","page","type-page","status-publish","hentry"],"yoast_head":"<!-- This site is optimized with the Yoast SEO Premium plugin v24.4 (Yoast SEO v24.4) - https:\/\/yoast.com\/wordpress\/plugins\/seo\/ -->\n<title>Carri\u00e8res | Terravision France<\/title>\n<meta name=\"robots\" content=\"index, follow, max-snippet:-1, max-image-preview:large, max-video-preview:-1\" \/>\n<link rel=\"canonical\" href=\"https:\/\/www.terravision.eu\/francese\/carrieres.html\" \/>\n<meta property=\"og:locale\" content=\"fr_FR\" \/>\n<meta property=\"og:type\" content=\"article\" \/>\n<meta property=\"og:title\" content=\"Carri\u00e8res\" \/>\n<meta property=\"og:description\" content=\"Offres d&#8217;emploi Terravision est toujours \u00e0 la recherche de personnes talentueuses et motiv\u00e9es pour rejoindre son \u00e9quipe. Ce que nous proposons Un environnement stimulant et dynamique \u00c9quipe multiculturelle Un large \u00e9ventail de postes, allant du travail dans nos bureaux (marketing, ventes, communication et publicit\u00e9, RH) au travail \u00ab sur le terrain \u00bb (h\u00f4tesses d&#8217;accueil dans [&hellip;]\" \/>\n<meta property=\"og:url\" content=\"https:\/\/www.terravision.eu\/francese\/carrieres.html\" \/>\n<meta property=\"og:site_name\" content=\"Terravision France\" \/>\n<meta property=\"article:modified_time\" content=\"2025-07-22T15:17:48+00:00\" \/>\n<meta property=\"og:image\" content=\"https:\/\/www.terravision.eu\/wp-content\/blogs.dir\/9\/files\/2025\/03\/icon-check-list.png\" \/>\n<meta name=\"twitter:label1\" content=\"Dur\u00e9e de lecture estim\u00e9e\" \/>\n\t<meta name=\"twitter:data1\" content=\"3 minutes\" \/>\n<script type=\"application\/ld+json\" class=\"yoast-schema-graph\">{\"@context\":\"https:\/\/schema.org\",\"@graph\":[{\"@type\":\"WebPage\",\"@id\":\"https:\/\/www.terravision.eu\/francese\/carrieres.html\",\"url\":\"https:\/\/www.terravision.eu\/francese\/carrieres.html\",\"name\":\"Carri\u00e8res | Terravision France\",\"isPartOf\":{\"@id\":\"https:\/\/www.terravision.eu\/francese\/#website\"},\"primaryImageOfPage\":{\"@id\":\"https:\/\/www.terravision.eu\/francese\/carrieres.html#primaryimage\"},\"image\":{\"@id\":\"https:\/\/www.terravision.eu\/francese\/carrieres.html#primaryimage\"},\"thumbnailUrl\":\"https:\/\/www.terravision.eu\/wp-content\/blogs.dir\/9\/files\/2025\/03\/icon-check-list.png\",\"datePublished\":\"2012-10-23T08:00:04+00:00\",\"dateModified\":\"2025-07-22T15:17:48+00:00\",\"breadcrumb\":{\"@id\":\"https:\/\/www.terravision.eu\/francese\/carrieres.html#breadcrumb\"},\"inLanguage\":\"fr-FR\",\"potentialAction\":[{\"@type\":\"ReadAction\",\"target\":[\"https:\/\/www.terravision.eu\/francese\/carrieres.html\"]}]},{\"@type\":\"ImageObject\",\"inLanguage\":\"fr-FR\",\"@id\":\"https:\/\/www.terravision.eu\/francese\/carrieres.html#primaryimage\",\"url\":\"https:\/\/www.terravision.eu\/wp-content\/blogs.dir\/9\/files\/2025\/03\/icon-check-list.png\",\"contentUrl\":\"https:\/\/www.terravision.eu\/wp-content\/blogs.dir\/9\/files\/2025\/03\/icon-check-list.png\"},{\"@type\":\"BreadcrumbList\",\"@id\":\"https:\/\/www.terravision.eu\/francese\/carrieres.html#breadcrumb\",\"itemListElement\":[{\"@type\":\"ListItem\",\"position\":1,\"name\":\"Home\",\"item\":\"https:\/\/www.terravision.eu\/francese\/\"},{\"@type\":\"ListItem\",\"position\":2,\"name\":\"Carri\u00e8res\"}]},{\"@type\":\"WebSite\",\"@id\":\"https:\/\/www.terravision.eu\/francese\/#website\",\"url\":\"https:\/\/www.terravision.eu\/francese\/\",\"name\":\"Terravision France\",\"description\":\"Liaisons low-cost vers\/depuis les grands a\u00e9roports europ\u00e9ens\",\"potentialAction\":[{\"@type\":\"SearchAction\",\"target\":{\"@type\":\"EntryPoint\",\"urlTemplate\":\"https:\/\/www.terravision.eu\/francese\/?s={search_term_string}\"},\"query-input\":{\"@type\":\"PropertyValueSpecification\",\"valueRequired\":true,\"valueName\":\"search_term_string\"}}],\"inLanguage\":\"fr-FR\"}]}<\/script>\n<!-- \/ Yoast SEO Premium plugin. -->","yoast_head_json":{"title":"Carri\u00e8res | Terravision France","robots":{"index":"index","follow":"follow","max-snippet":"max-snippet:-1","max-image-preview":"max-image-preview:large","max-video-preview":"max-video-preview:-1"},"canonical":"https:\/\/www.terravision.eu\/francese\/carrieres.html","og_locale":"fr_FR","og_type":"article","og_title":"Carri\u00e8res","og_description":"Offres d&#8217;emploi Terravision est toujours \u00e0 la recherche de personnes talentueuses et motiv\u00e9es pour rejoindre son \u00e9quipe. Ce que nous proposons Un environnement stimulant et dynamique \u00c9quipe multiculturelle Un large \u00e9ventail de postes, allant du travail dans nos bureaux (marketing, ventes, communication et publicit\u00e9, RH) au travail \u00ab sur le terrain \u00bb (h\u00f4tesses d&#8217;accueil dans [&hellip;]","og_url":"https:\/\/www.terravision.eu\/francese\/carrieres.html","og_site_name":"Terravision France","article_modified_time":"2025-07-22T15:17:48+00:00","og_image":[{"url":"https:\/\/www.terravision.eu\/wp-content\/blogs.dir\/9\/files\/2025\/03\/icon-check-list.png","type":"","width":"","height":""}],"twitter_misc":{"Dur\u00e9e de lecture estim\u00e9e":"3 minutes"},"schema":{"@context":"https:\/\/schema.org","@graph":[{"@type":"WebPage","@id":"https:\/\/www.terravision.eu\/francese\/carrieres.html","url":"https:\/\/www.terravision.eu\/francese\/carrieres.html","name":"Carri\u00e8res | Terravision France","isPartOf":{"@id":"https:\/\/www.terravision.eu\/francese\/#website"},"primaryImageOfPage":{"@id":"https:\/\/www.terravision.eu\/francese\/carrieres.html#primaryimage"},"image":{"@id":"https:\/\/www.terravision.eu\/francese\/carrieres.html#primaryimage"},"thumbnailUrl":"https:\/\/www.terravision.eu\/wp-content\/blogs.dir\/9\/files\/2025\/03\/icon-check-list.png","datePublished":"2012-10-23T08:00:04+00:00","dateModified":"2025-07-22T15:17:48+00:00","breadcrumb":{"@id":"https:\/\/www.terravision.eu\/francese\/carrieres.html#breadcrumb"},"inLanguage":"fr-FR","potentialAction":[{"@type":"ReadAction","target":["https:\/\/www.terravision.eu\/francese\/carrieres.html"]}]},{"@type":"ImageObject","inLanguage":"fr-FR","@id":"https:\/\/www.terravision.eu\/francese\/carrieres.html#primaryimage","url":"https:\/\/www.terravision.eu\/wp-content\/blogs.dir\/9\/files\/2025\/03\/icon-check-list.png","contentUrl":"https:\/\/www.terravision.eu\/wp-content\/blogs.dir\/9\/files\/2025\/03\/icon-check-list.png"},{"@type":"BreadcrumbList","@id":"https:\/\/www.terravision.eu\/francese\/carrieres.html#breadcrumb","itemListElement":[{"@type":"ListItem","position":1,"name":"Home","item":"https:\/\/www.terravision.eu\/francese\/"},{"@type":"ListItem","position":2,"name":"Carri\u00e8res"}]},{"@type":"WebSite","@id":"https:\/\/www.terravision.eu\/francese\/#website","url":"https:\/\/www.terravision.eu\/francese\/","name":"Terravision France","description":"Liaisons low-cost vers\/depuis les grands a\u00e9roports europ\u00e9ens","potentialAction":[{"@type":"SearchAction","target":{"@type":"EntryPoint","urlTemplate":"https:\/\/www.terravision.eu\/francese\/?s={search_term_string}"},"query-input":{"@type":"PropertyValueSpecification","valueRequired":true,"valueName":"search_term_string"}}],"inLanguage":"fr-FR"}]}},"_links":{"self":[{"href":"https:\/\/www.terravision.eu\/francese\/wp-json\/wp\/v2\/pages\/6808","targetHints":{"allow":["GET"]}}],"collection":[{"href":"https:\/\/www.terravision.eu\/francese\/wp-json\/wp\/v2\/pages"}],"about":[{"href":"https:\/\/www.terravision.eu\/francese\/wp-json\/wp\/v2\/types\/page"}],"author":[{"embeddable":true,"href":"https:\/\/www.terravision.eu\/francese\/wp-json\/wp\/v2\/users\/1"}],"replies":[{"embeddable":true,"href":"https:\/\/www.terravision.eu\/francese\/wp-json\/wp\/v2\/comments?post=6808"}],"version-history":[{"count":6,"href":"https:\/\/www.terravision.eu\/francese\/wp-json\/wp\/v2\/pages\/6808\/revisions"}],"predecessor-version":[{"id":20716,"href":"https:\/\/www.terravision.eu\/francese\/wp-json\/wp\/v2\/pages\/6808\/revisions\/20716"}],"wp:attachment":[{"href":"https:\/\/www.terravision.eu\/francese\/wp-json\/wp\/v2\/media?parent=6808"}],"curies":[{"name":"wp","href":"https:\/\/api.w.org\/{rel}","templated":true}]}}