{"id":7293,"date":"2013-01-15T16:15:57","date_gmt":"2013-01-15T16:15:57","guid":{"rendered":"https:\/\/www.terravision.eu\/francese\/?page_id=7293"},"modified":"2014-09-12T14:46:49","modified_gmt":"2014-09-12T14:46:49","slug":"turin_caselle","status":"publish","type":"page","link":"https:\/\/www.terravision.eu\/francese\/turin_caselle.html","title":{"rendered":"Navette A\u00e9roport de Caselle &#8211; Turin"},"content":{"rendered":"<div id=\"article-single-airport\">\n<div class=\"title\">\n<h2 style=\"font-size:18px;font-weight:normal\">Bus de l&#8217;a\u00e9roport de Turin Caselle \u00e0 <strong>Turin<\/strong> centre ville<\/span><\/div>\n<\/h2>\n<div class=\"content\">\n<p>Terravision offre un service de navettes en bus entre l&#8217;a\u00e9roport de Turin Caselle et le centre de Turin. Le trajet comprend divers arr\u00eats strat\u00e9giques au coeur de la ville.<\/p>\n<p>Trajet disponible:<span class=\"routes\">Bus de l&#8217;a\u00e9roport de Turin Caselle \u00e0 <strong>Turin<\/strong><\/span><\/p>\n<p><span class=\"light\">Dur\u00e9e du trajet: 1h05<\/span><\/p>\n<div id=\"direction67\">\n<div class=\"line\">\n<div class=\"direction-1-7\">A\u00e9roport de <br \/>Caselle<\/div>\n<div class=\"direction-2-7\">Via Botticelli<br \/> \/ang. Piazza Rebaudengo<\/div>\n<div class=\"direction-3-7\">via Botticelli<br \/>217<\/div>\n<div class=\"direction-4-7\">C.so Casale <br \/>42 <\/div>\n<\/p><\/div>\n<div class=\"line\">\n<div class=\"direction-5-7\">Palais des expositions<br \/> de Turin<\/div>\n<div class=\"direction-6-7\">Via <br \/> G.Bruno <br \/>29<\/div>\n<div class=\"direction-7-7\">Gare de <br \/> Lingotto FS<\/div>\n<\/p><\/div>\n<\/div>\n<\/div>\n<\/div>\n<div style=\"overflow: hidden;float: right;height: 150px\">\n<div class=\"content-right 1\"><span class=\"from\"><\/span><br \/>\n<span class=\"price\">5<\/span><span class=\"valuta\">.50 \u20ac<\/span><\/div>\n<\/div>\n<div class=\"information\">En partenariat avec Formento. Autorisation de l&#8217;Agence Mobilit\u00e9 Metropolitaine et Regionale. Protocole n\u00b0 0003331\/2013 dal 12\/06\/2013.<br \/>\nMerci de bien vouloir vous pr\u00e9senter \u00e0 l\u2019arr\u00eat de bus 15 minutes avant le d\u00e9part. Voir <a href=\"https:\/\/www.terravision.eu\/francese\/turin_map.html\">o\u00f9 nous trouver<\/a> pour plus d\u2019informations.<\/div>\n","protected":false},"excerpt":{"rendered":"<p>Bus de l&#8217;a\u00e9roport de Turin Caselle \u00e0 Turin centre ville Terravision offre un service de navettes en bus entre l&#8217;a\u00e9roport de Turin Caselle et le centre de Turin. Le trajet comprend divers arr\u00eats strat\u00e9giques au coeur de la ville. Trajet disponible:Bus de l&#8217;a\u00e9roport de Turin Caselle \u00e0 Turin Dur\u00e9e du trajet: 1h05 A\u00e9roport de Caselle [&hellip;]<\/p>\n","protected":false},"author":1,"featured_media":0,"parent":0,"menu_order":0,"comment_status":"open","ping_status":"open","template":"","meta":{"footnotes":""},"class_list":["post-7293","page","type-page","status-publish","hentry","cities-turin"],"yoast_head":"<!-- This site is optimized with the Yoast SEO Premium plugin v24.4 (Yoast SEO v24.4) - https:\/\/yoast.com\/wordpress\/plugins\/seo\/ -->\n<title>Bus Navette A\u00e9roport de Caselle - Turin | Terravision<\/title>\n<meta name=\"description\" content=\"Bus Navette A\u00e9roport de Caselle - Turin Centre \u00e0 5,50\u20ac. La connexion la moins ch\u00e8re de l&#039;A\u00e9roport de Caselle \u00e0 Turin Centre Ville.\" \/>\n<meta name=\"robots\" content=\"index, follow, max-snippet:-1, max-image-preview:large, max-video-preview:-1\" \/>\n<link rel=\"canonical\" href=\"https:\/\/www.terravision.eu\/francese\/turin_caselle.html\" \/>\n<meta property=\"og:locale\" content=\"fr_FR\" \/>\n<meta property=\"og:type\" content=\"article\" \/>\n<meta property=\"og:title\" content=\"Navette A\u00e9roport de Caselle - Turin\" \/>\n<meta property=\"og:description\" content=\"Bus Navette A\u00e9roport de Caselle - Turin Centre \u00e0 5,50\u20ac. La connexion la moins ch\u00e8re de l&#039;A\u00e9roport de Caselle \u00e0 Turin Centre Ville.\" \/>\n<meta property=\"og:url\" content=\"https:\/\/www.terravision.eu\/francese\/turin_caselle.html\" \/>\n<meta property=\"og:site_name\" content=\"Terravision France\" \/>\n<meta property=\"article:modified_time\" content=\"2014-09-12T14:46:49+00:00\" \/>\n<meta name=\"twitter:label1\" content=\"Est. reading time\" \/>\n\t<meta name=\"twitter:data1\" content=\"1 minute\" \/>\n<script type=\"application\/ld+json\" class=\"yoast-schema-graph\">{\"@context\":\"https:\/\/schema.org\",\"@graph\":[{\"@type\":\"WebPage\",\"@id\":\"https:\/\/www.terravision.eu\/francese\/turin_caselle.html\",\"url\":\"https:\/\/www.terravision.eu\/francese\/turin_caselle.html\",\"name\":\"Bus Navette A\u00e9roport de Caselle - Turin | Terravision\",\"isPartOf\":{\"@id\":\"https:\/\/www.terravision.eu\/francese\/#website\"},\"datePublished\":\"2013-01-15T16:15:57+00:00\",\"dateModified\":\"2014-09-12T14:46:49+00:00\",\"description\":\"Bus Navette A\u00e9roport de Caselle - Turin Centre \u00e0 5,50\u20ac. La connexion la moins ch\u00e8re de l'A\u00e9roport de Caselle \u00e0 Turin Centre Ville.\",\"breadcrumb\":{\"@id\":\"https:\/\/www.terravision.eu\/francese\/turin_caselle.html#breadcrumb\"},\"inLanguage\":\"fr-FR\",\"potentialAction\":[{\"@type\":\"ReadAction\",\"target\":[\"https:\/\/www.terravision.eu\/francese\/turin_caselle.html\"]}]},{\"@type\":\"BreadcrumbList\",\"@id\":\"https:\/\/www.terravision.eu\/francese\/turin_caselle.html#breadcrumb\",\"itemListElement\":[{\"@type\":\"ListItem\",\"position\":1,\"name\":\"Home\",\"item\":\"https:\/\/www.terravision.eu\/francese\/\"},{\"@type\":\"ListItem\",\"position\":2,\"name\":\"Navette A\u00e9roport de Caselle &#8211; Turin\"}]},{\"@type\":\"WebSite\",\"@id\":\"https:\/\/www.terravision.eu\/francese\/#website\",\"url\":\"https:\/\/www.terravision.eu\/francese\/\",\"name\":\"Terravision France\",\"description\":\"Liaisons low-cost vers\/depuis les grands a\u00e9roports europ\u00e9ens\",\"potentialAction\":[{\"@type\":\"SearchAction\",\"target\":{\"@type\":\"EntryPoint\",\"urlTemplate\":\"https:\/\/www.terravision.eu\/francese\/?s={search_term_string}\"},\"query-input\":{\"@type\":\"PropertyValueSpecification\",\"valueRequired\":true,\"valueName\":\"search_term_string\"}}],\"inLanguage\":\"fr-FR\"}]}<\/script>\n<!-- \/ Yoast SEO Premium plugin. -->","yoast_head_json":{"title":"Bus Navette A\u00e9roport de Caselle - Turin | Terravision","description":"Bus Navette A\u00e9roport de Caselle - Turin Centre \u00e0 5,50\u20ac. La connexion la moins ch\u00e8re de l'A\u00e9roport de Caselle \u00e0 Turin Centre Ville.","robots":{"index":"index","follow":"follow","max-snippet":"max-snippet:-1","max-image-preview":"max-image-preview:large","max-video-preview":"max-video-preview:-1"},"canonical":"https:\/\/www.terravision.eu\/francese\/turin_caselle.html","og_locale":"fr_FR","og_type":"article","og_title":"Navette A\u00e9roport de Caselle - Turin","og_description":"Bus Navette A\u00e9roport de Caselle - Turin Centre \u00e0 5,50\u20ac. La connexion la moins ch\u00e8re de l'A\u00e9roport de Caselle \u00e0 Turin Centre Ville.","og_url":"https:\/\/www.terravision.eu\/francese\/turin_caselle.html","og_site_name":"Terravision France","article_modified_time":"2014-09-12T14:46:49+00:00","twitter_misc":{"Est. reading time":"1 minute"},"schema":{"@context":"https:\/\/schema.org","@graph":[{"@type":"WebPage","@id":"https:\/\/www.terravision.eu\/francese\/turin_caselle.html","url":"https:\/\/www.terravision.eu\/francese\/turin_caselle.html","name":"Bus Navette A\u00e9roport de Caselle - Turin | Terravision","isPartOf":{"@id":"https:\/\/www.terravision.eu\/francese\/#website"},"datePublished":"2013-01-15T16:15:57+00:00","dateModified":"2014-09-12T14:46:49+00:00","description":"Bus Navette A\u00e9roport de Caselle - Turin Centre \u00e0 5,50\u20ac. La connexion la moins ch\u00e8re de l'A\u00e9roport de Caselle \u00e0 Turin Centre Ville.","breadcrumb":{"@id":"https:\/\/www.terravision.eu\/francese\/turin_caselle.html#breadcrumb"},"inLanguage":"fr-FR","potentialAction":[{"@type":"ReadAction","target":["https:\/\/www.terravision.eu\/francese\/turin_caselle.html"]}]},{"@type":"BreadcrumbList","@id":"https:\/\/www.terravision.eu\/francese\/turin_caselle.html#breadcrumb","itemListElement":[{"@type":"ListItem","position":1,"name":"Home","item":"https:\/\/www.terravision.eu\/francese\/"},{"@type":"ListItem","position":2,"name":"Navette A\u00e9roport de Caselle &#8211; Turin"}]},{"@type":"WebSite","@id":"https:\/\/www.terravision.eu\/francese\/#website","url":"https:\/\/www.terravision.eu\/francese\/","name":"Terravision France","description":"Liaisons low-cost vers\/depuis les grands a\u00e9roports europ\u00e9ens","potentialAction":[{"@type":"SearchAction","target":{"@type":"EntryPoint","urlTemplate":"https:\/\/www.terravision.eu\/francese\/?s={search_term_string}"},"query-input":{"@type":"PropertyValueSpecification","valueRequired":true,"valueName":"search_term_string"}}],"inLanguage":"fr-FR"}]}},"_links":{"self":[{"href":"https:\/\/www.terravision.eu\/francese\/wp-json\/wp\/v2\/pages\/7293","targetHints":{"allow":["GET"]}}],"collection":[{"href":"https:\/\/www.terravision.eu\/francese\/wp-json\/wp\/v2\/pages"}],"about":[{"href":"https:\/\/www.terravision.eu\/francese\/wp-json\/wp\/v2\/types\/page"}],"author":[{"embeddable":true,"href":"https:\/\/www.terravision.eu\/francese\/wp-json\/wp\/v2\/users\/1"}],"replies":[{"embeddable":true,"href":"https:\/\/www.terravision.eu\/francese\/wp-json\/wp\/v2\/comments?post=7293"}],"version-history":[{"count":1,"href":"https:\/\/www.terravision.eu\/francese\/wp-json\/wp\/v2\/pages\/7293\/revisions"}],"predecessor-version":[{"id":11177,"href":"https:\/\/www.terravision.eu\/francese\/wp-json\/wp\/v2\/pages\/7293\/revisions\/11177"}],"wp:attachment":[{"href":"https:\/\/www.terravision.eu\/francese\/wp-json\/wp\/v2\/media?parent=7293"}],"curies":[{"name":"wp","href":"https:\/\/api.w.org\/{rel}","templated":true}]}}