{"id":7478,"date":"2013-02-18T11:58:44","date_gmt":"2013-02-18T11:58:44","guid":{"rendered":"https:\/\/www.terravision.eu\/francese\/?page_id=7478"},"modified":"2013-02-18T11:58:44","modified_gmt":"2013-02-18T11:58:44","slug":"florence-top-museums","status":"publish","type":"page","link":"https:\/\/www.terravision.eu\/francese\/city-tours-en-europe\/visites-et-musees-de-florence\/florence-top-museums.html","title":{"rendered":"Accademia Tour"},"content":{"rendered":"<div class=\"title-right\"><span class=\"price\">35<\/span><span class=\"valuta\">\u20ac<\/span><\/div>\n<h4>Visite guid\u00e9e \u00e0 la Galerie de l\u2019Acad\u00e9mie<\/h4>\n<p>Fond\u00e9e au XVIIe si\u00e8cle, la Galerie de l\u2019Acad\u00e9mie est un des mus\u00e9es les plus r\u00e9put\u00e9s de Florence et connu de par le monde pour ses sculptures de Michel Ange, notamment le David. Une impressionnante collection de tableaux toscans des XVe et XVIe si\u00e8cles y est aussi expos\u00e9e. La visite comprend l&#8217;entr\u00e9e \u00e0 la Galerie de l&#8217;Accad\u00e9mie des Beaux Arts.<\/p>\n<div class=\"collapse tour-info collapsed\">\n<h2 class=\"title\">Tour Info<\/h2>\n<p><strong>Jours disponibles, jusqu&#8217;au 31 mars<\/strong>: mardi, jeudi, samedi<br \/>\nDans les langues suivantes: <\/p>\n<ul class=\"flags\">\n<li class=\"gb\"><\/li>\n<li class=\"es\"><\/li>\n<li class=\"de\"><\/li>\n<li class=\"fr\"><\/li>\n<\/ul>\n<p><strong>Jours disponibles de 1 avril au 31 octobre<\/strong>: mardi, mercredi, jeudi, vendredi, samedi, dimanche<br \/>\nDans les langues suivantes: <\/p>\n<ul class=\"flags\">\n<li class=\"gb\"><\/li>\n<li class=\"es\"><\/li>\n<\/ul>\n<p><strong>Jours disponibles de 1 avril au 31 octobre<\/strong>: mardi, jeudi, samedi<br \/>\nDans les langues suivantes: <\/p>\n<ul class=\"flags\">\n<li class=\"de\"><\/li>\n<li class=\"fr\"><\/li>\n<\/ul>\n<p><strong>Heure de d\u00e9part:<\/strong> 11h15<br \/>\n<strong>Lieu de d\u00e9part:<\/strong> Galerie de l&#8217;Accad\u00e9mie, entr\u00e9e pour &#8220;billets r\u00e9serv\u00e9s&#8221;<br \/>\n<strong>Dur\u00e9e de la visite<\/strong>: 1h 15min<br \/>\n<strong>Guide local<\/strong>: inclus<\/p>\n<p><strong>Groupe de 2 personnes min.<\/strong><\/p>\n<p><a href=\"https:\/\/maps.google.it\/maps\/ms?msid=211366733211262669781.0004dd28173747684cdaf&amp;msa=0&amp;ll=43.779367,11.258755&amp;spn=0.017414,0.042272\" title=\"City Tour Meeting Point\" target=\"_blank\">Voir le lieu de d\u00e9part sur la carte<\/a><\/div>\n<div class=\"collapse tour-info\">\n<h2 class=\"title\">Prix<\/h2>\n<p><strong>Adultes:<\/strong>  35 \u20ac<br \/>\n<strong>Enfants (7-12 ans)<\/strong>: 17.50 \u20ac<br \/>\n<strong>Enfants (0-6 ans)<\/strong>: Gratuit<br \/>\nMerci de s\u00e9lectionner &#8220;b\u00e9b\u00e9&#8221; pour les enfants de moins de 6 ans.<\/div>\n<div class=\"collapse tour-info\">\n<h2 class=\"title\">Contacts<\/h2>\n<p><strong>En partenariat avec Albatravel<\/strong><br \/>\nPiazza dei Rossi, 1 \u2013 50125 Florence<br \/>\nLundi-Vendredi : +39 055 211 528<br \/>\nWeekendd, jours f\u00e9ri\u00e9s et urgences: +39 335 701 4924<\/p>\n<p><strong>Contacts Terravision <\/strong><br \/>\nLundi &#8211; Samedi de 9h00 \u00e0 18h00 : +39 06.97.61.06.32<br \/>\nRejoignez-nous sur <a href=\"http:\/\/www.facebook.com\/terravision.eu\" title=\"Terravision on Facebook\" target=\"_blank\">Facebook<\/a>, <a href=\"http:\/\/www.twitter.com\/terravision.eu\" title=\"Terravision on Twitter\" target=\"_blank\">Twitter<\/a>, <a href=\"https:\/\/www.google.com\/+terravision\" title=\"Terravision on Google+\" target=\"_blank\">Google+<\/a> or <a href=\"http:\/\/pinterest.com\/terravisiongp\/\" title=\"Terravision on Pinterest\" target=\"_blank\">Pinterest<\/a> pour plus d&#8217;infos!<\/div>\n","protected":false},"excerpt":{"rendered":"<p>35\u20ac Visite guid\u00e9e \u00e0 la Galerie de l\u2019Acad\u00e9mie Fond\u00e9e au XVIIe si\u00e8cle, la Galerie de l\u2019Acad\u00e9mie est un des mus\u00e9es les plus r\u00e9put\u00e9s de Florence et connu de par le monde pour ses sculptures de Michel Ange, notamment le David. Une impressionnante collection de tableaux toscans des XVe et XVIe si\u00e8cles y est aussi expos\u00e9e. [&hellip;]<\/p>\n","protected":false},"author":1,"featured_media":0,"parent":7465,"menu_order":0,"comment_status":"open","ping_status":"open","template":"page-citytour.php","meta":{"footnotes":""},"class_list":["post-7478","page","type-page","status-publish","hentry"],"yoast_head":"<!-- This site is optimized with the Yoast SEO Premium plugin v24.4 (Yoast SEO v24.4) - https:\/\/yoast.com\/wordpress\/plugins\/seo\/ -->\n<title>Galerie de l&#039;Acad\u00e9mie - Visite guid\u00e9e de la Galerie de l&#039;Acad\u00e9mie | Terravision<\/title>\n<meta name=\"description\" content=\"Galerie de l&#039;Acad\u00e9mie. Visite de la Galerie de l&#039;Acad\u00e9mie (Florence). D\u00e9couvrez les chefs-d&#039;\u0153uvre de Michel-Ange: les prisonniers, la Saint-Matthieu, David.\" \/>\n<meta name=\"robots\" content=\"index, follow, max-snippet:-1, max-image-preview:large, max-video-preview:-1\" \/>\n<link rel=\"canonical\" href=\"https:\/\/www.terravision.eu\/francese\/city-tours-en-europe\/visites-et-musees-de-florence\/florence-top-museums.html\" \/>\n<meta property=\"og:locale\" content=\"fr_FR\" \/>\n<meta property=\"og:type\" content=\"article\" \/>\n<meta property=\"og:title\" content=\"Accademia Tour\" \/>\n<meta property=\"og:description\" content=\"Galerie de l&#039;Acad\u00e9mie. Visite de la Galerie de l&#039;Acad\u00e9mie (Florence). D\u00e9couvrez les chefs-d&#039;\u0153uvre de Michel-Ange: les prisonniers, la Saint-Matthieu, David.\" \/>\n<meta property=\"og:url\" content=\"https:\/\/www.terravision.eu\/francese\/city-tours-en-europe\/visites-et-musees-de-florence\/florence-top-museums.html\" \/>\n<meta property=\"og:site_name\" content=\"Terravision France\" \/>\n<meta name=\"twitter:label1\" content=\"Dur\u00e9e de lecture estim\u00e9e\" \/>\n\t<meta name=\"twitter:data1\" content=\"1 minute\" \/>\n<script type=\"application\/ld+json\" class=\"yoast-schema-graph\">{\"@context\":\"https:\/\/schema.org\",\"@graph\":[{\"@type\":\"WebPage\",\"@id\":\"https:\/\/www.terravision.eu\/francese\/city-tours-en-europe\/visites-et-musees-de-florence\/florence-top-museums.html\",\"url\":\"https:\/\/www.terravision.eu\/francese\/city-tours-en-europe\/visites-et-musees-de-florence\/florence-top-museums.html\",\"name\":\"Galerie de l'Acad\u00e9mie - Visite guid\u00e9e de la Galerie de l'Acad\u00e9mie | Terravision\",\"isPartOf\":{\"@id\":\"https:\/\/www.terravision.eu\/francese\/#website\"},\"datePublished\":\"2013-02-18T11:58:44+00:00\",\"description\":\"Galerie de l'Acad\u00e9mie. Visite de la Galerie de l'Acad\u00e9mie (Florence). D\u00e9couvrez les chefs-d'\u0153uvre de Michel-Ange: les prisonniers, la Saint-Matthieu, David.\",\"breadcrumb\":{\"@id\":\"https:\/\/www.terravision.eu\/francese\/city-tours-en-europe\/visites-et-musees-de-florence\/florence-top-museums.html#breadcrumb\"},\"inLanguage\":\"fr-FR\",\"potentialAction\":[{\"@type\":\"ReadAction\",\"target\":[\"https:\/\/www.terravision.eu\/francese\/city-tours-en-europe\/visites-et-musees-de-florence\/florence-top-museums.html\"]}]},{\"@type\":\"BreadcrumbList\",\"@id\":\"https:\/\/www.terravision.eu\/francese\/city-tours-en-europe\/visites-et-musees-de-florence\/florence-top-museums.html#breadcrumb\",\"itemListElement\":[{\"@type\":\"ListItem\",\"position\":1,\"name\":\"Home\",\"item\":\"https:\/\/www.terravision.eu\/francese\/\"},{\"@type\":\"ListItem\",\"position\":2,\"name\":\"City Tours en Europe\",\"item\":\"https:\/\/www.terravision.eu\/francese\/city-tours-en-europe.html\"},{\"@type\":\"ListItem\",\"position\":3,\"name\":\"Visites de Florence\",\"item\":\"https:\/\/www.terravision.eu\/francese\/city-tours-en-europe\/visites-et-musees-de-florence.html\"},{\"@type\":\"ListItem\",\"position\":4,\"name\":\"Accademia Tour\"}]},{\"@type\":\"WebSite\",\"@id\":\"https:\/\/www.terravision.eu\/francese\/#website\",\"url\":\"https:\/\/www.terravision.eu\/francese\/\",\"name\":\"Terravision France\",\"description\":\"Liaisons low-cost vers\/depuis les grands a\u00e9roports europ\u00e9ens\",\"potentialAction\":[{\"@type\":\"SearchAction\",\"target\":{\"@type\":\"EntryPoint\",\"urlTemplate\":\"https:\/\/www.terravision.eu\/francese\/?s={search_term_string}\"},\"query-input\":{\"@type\":\"PropertyValueSpecification\",\"valueRequired\":true,\"valueName\":\"search_term_string\"}}],\"inLanguage\":\"fr-FR\"}]}<\/script>\n<!-- \/ Yoast SEO Premium plugin. -->","yoast_head_json":{"title":"Galerie de l'Acad\u00e9mie - Visite guid\u00e9e de la Galerie de l'Acad\u00e9mie | Terravision","description":"Galerie de l'Acad\u00e9mie. Visite de la Galerie de l'Acad\u00e9mie (Florence). D\u00e9couvrez les chefs-d'\u0153uvre de Michel-Ange: les prisonniers, la Saint-Matthieu, David.","robots":{"index":"index","follow":"follow","max-snippet":"max-snippet:-1","max-image-preview":"max-image-preview:large","max-video-preview":"max-video-preview:-1"},"canonical":"https:\/\/www.terravision.eu\/francese\/city-tours-en-europe\/visites-et-musees-de-florence\/florence-top-museums.html","og_locale":"fr_FR","og_type":"article","og_title":"Accademia Tour","og_description":"Galerie de l'Acad\u00e9mie. Visite de la Galerie de l'Acad\u00e9mie (Florence). D\u00e9couvrez les chefs-d'\u0153uvre de Michel-Ange: les prisonniers, la Saint-Matthieu, David.","og_url":"https:\/\/www.terravision.eu\/francese\/city-tours-en-europe\/visites-et-musees-de-florence\/florence-top-museums.html","og_site_name":"Terravision France","twitter_misc":{"Dur\u00e9e de lecture estim\u00e9e":"1 minute"},"schema":{"@context":"https:\/\/schema.org","@graph":[{"@type":"WebPage","@id":"https:\/\/www.terravision.eu\/francese\/city-tours-en-europe\/visites-et-musees-de-florence\/florence-top-museums.html","url":"https:\/\/www.terravision.eu\/francese\/city-tours-en-europe\/visites-et-musees-de-florence\/florence-top-museums.html","name":"Galerie de l'Acad\u00e9mie - Visite guid\u00e9e de la Galerie de l'Acad\u00e9mie | Terravision","isPartOf":{"@id":"https:\/\/www.terravision.eu\/francese\/#website"},"datePublished":"2013-02-18T11:58:44+00:00","description":"Galerie de l'Acad\u00e9mie. Visite de la Galerie de l'Acad\u00e9mie (Florence). D\u00e9couvrez les chefs-d'\u0153uvre de Michel-Ange: les prisonniers, la Saint-Matthieu, David.","breadcrumb":{"@id":"https:\/\/www.terravision.eu\/francese\/city-tours-en-europe\/visites-et-musees-de-florence\/florence-top-museums.html#breadcrumb"},"inLanguage":"fr-FR","potentialAction":[{"@type":"ReadAction","target":["https:\/\/www.terravision.eu\/francese\/city-tours-en-europe\/visites-et-musees-de-florence\/florence-top-museums.html"]}]},{"@type":"BreadcrumbList","@id":"https:\/\/www.terravision.eu\/francese\/city-tours-en-europe\/visites-et-musees-de-florence\/florence-top-museums.html#breadcrumb","itemListElement":[{"@type":"ListItem","position":1,"name":"Home","item":"https:\/\/www.terravision.eu\/francese\/"},{"@type":"ListItem","position":2,"name":"City Tours en Europe","item":"https:\/\/www.terravision.eu\/francese\/city-tours-en-europe.html"},{"@type":"ListItem","position":3,"name":"Visites de Florence","item":"https:\/\/www.terravision.eu\/francese\/city-tours-en-europe\/visites-et-musees-de-florence.html"},{"@type":"ListItem","position":4,"name":"Accademia Tour"}]},{"@type":"WebSite","@id":"https:\/\/www.terravision.eu\/francese\/#website","url":"https:\/\/www.terravision.eu\/francese\/","name":"Terravision France","description":"Liaisons low-cost vers\/depuis les grands a\u00e9roports europ\u00e9ens","potentialAction":[{"@type":"SearchAction","target":{"@type":"EntryPoint","urlTemplate":"https:\/\/www.terravision.eu\/francese\/?s={search_term_string}"},"query-input":{"@type":"PropertyValueSpecification","valueRequired":true,"valueName":"search_term_string"}}],"inLanguage":"fr-FR"}]}},"_links":{"self":[{"href":"https:\/\/www.terravision.eu\/francese\/wp-json\/wp\/v2\/pages\/7478","targetHints":{"allow":["GET"]}}],"collection":[{"href":"https:\/\/www.terravision.eu\/francese\/wp-json\/wp\/v2\/pages"}],"about":[{"href":"https:\/\/www.terravision.eu\/francese\/wp-json\/wp\/v2\/types\/page"}],"author":[{"embeddable":true,"href":"https:\/\/www.terravision.eu\/francese\/wp-json\/wp\/v2\/users\/1"}],"replies":[{"embeddable":true,"href":"https:\/\/www.terravision.eu\/francese\/wp-json\/wp\/v2\/comments?post=7478"}],"version-history":[{"count":0,"href":"https:\/\/www.terravision.eu\/francese\/wp-json\/wp\/v2\/pages\/7478\/revisions"}],"up":[{"embeddable":true,"href":"https:\/\/www.terravision.eu\/francese\/wp-json\/wp\/v2\/pages\/7465"}],"wp:attachment":[{"href":"https:\/\/www.terravision.eu\/francese\/wp-json\/wp\/v2\/media?parent=7478"}],"curies":[{"name":"wp","href":"https:\/\/api.w.org\/{rel}","templated":true}]}}