{"id":7749,"date":"2013-04-05T15:08:34","date_gmt":"2013-04-05T15:08:34","guid":{"rendered":"https:\/\/www.terravision.eu\/francese\/?page_id=7749"},"modified":"2013-04-05T15:08:34","modified_gmt":"2013-04-05T15:08:34","slug":"market-cooking-class","status":"publish","type":"page","link":"https:\/\/www.terravision.eu\/francese\/city-tours-en-europe\/visites-et-musees-de-florence\/cours-de-cuisine-florence\/market-cooking-class.html","title":{"rendered":"Visite du March\u00e9 et Cours de Cuisine"},"content":{"rendered":"<div class=\"title-right\"><span class=\"price\">69<\/span><span class=\"valuta\">\u20ac<\/span><\/div>\n<p>Le cours commence au march\u00e9 de San Lorenzo,<strong> au c\u0153ur de Florence<\/strong>, o\u00f9 le chef vous enseignera l\u2019art de s\u00e9lectionner les meilleurs produits en vue de la pr\u00e9paration des recettes du jour. Il continue \u00e0 l\u2019\u00e9cole de cuisine o\u00f9 vous apprendrez les secrets de la <strong>gastronomie toscane <\/strong>et se termine par  une d\u00e9gustation des mets pr\u00e9par\u00e9s autour d\u2019un <strong>d\u00e9jeuner.<\/strong> Boissons incluses.<\/p>\n<p><a href=\"https:\/\/maps.google.it\/maps\/ms?msid=211366733211262669781.0004d9772e2480926c4cb&amp;msa=0&amp;ll=43.776687,11.254463&amp;spn=0.008878,0.021136\" title=\"San Lorenzo Market Florence Cooking Class\" target=\"_blank\">Voir le march\u00e9 de San Lorenzo Market sur la carte<\/a><\/p>\n<div class=\"collapse tour-info collapsed\">\n<h2 class=\"title\">Infos pratiques<\/h2>\n<p><strong>Dates disponibles:<\/strong> lundi<br \/>\n<strong>Heure de d\u00e9part:<\/strong> 10h<br \/>\n<strong>Lieu de d\u00e9part:<\/strong> March\u00e9 San Lorenzo, \u00e0 l&#8217;angle de Via Nazionale (n\u00b014)<br \/>\n<strong>Dur\u00e9e du tour:<\/strong> 5h<br \/>\n<strong>Langues disponibles:<\/strong> <\/p>\n<ul class=\"flags\">\n<li class=\"en\">\n<li class=\"it\"><\/li>\n<\/ul>\n<p><strong>Transport:<\/strong> tour \u00e0 pied et cours<br \/>\n<strong>Guide local:<\/strong> inclus<br \/>\n<strong>D\u00e9jeuner: <\/strong>inclus<br \/>\n<strong>Boissons: <\/strong>incluses<\/p>\n<p><a href=\"http:\/\/goo.gl\/maps\/cgyXJ\" title=\"Cooking Class Meeting Point \" target=\"_blank\">Voir le point de d\u00e9part sur la carte<\/a><\/div>\n<div class=\"collapse tour-info\">\n<h2 class=\"title\">Prix<\/h2>\n<p><strong>Adultes<\/strong>: 69 \u20ac<br \/>\n<strong>Enfants (7-12 ans)<\/strong>: 34.50 \u20ac<br \/>\n<strong>Enfants (0-6 ans)<\/strong>: Gratuit<br \/>\n<em>Merci de s\u00e9lectionner \u201cb\u00e9b\u00e9\u201d lors de r\u00e9servation pour les enfants de moins de 6 ans.<\/em><\/div>\n<div class=\"collapse tour-info\">\n<h2 class=\"title\">Contacts<\/h2>\n<p><strong>En partenariat avec Albatravel<\/strong><br \/>\n1 Place dei Rossi, 50125 Florence<br \/>\nEn semaine : +39 055 211 528<br \/>\nWeekends, jours f\u00e9ri\u00e9s et urgences : +39 335 701 4924<\/p>\n<p><strong>Contacts Terravision<\/strong><br \/>\nDu lundi au samedi, de 9h00 \u00e0 18h00 : +39 06 97 61 06 32<br \/>\nRejoignez-nous sur <a href=\"http:\/\/www.facebook.com\/terravision.eu\" title=\"Terravision on Facebook\" target=\"_blank\">Facebook<\/a>, <a href=\"http:\/\/www.twitter.com\/terravision.eu\" title=\"Terravision on Twitter\" target=\"_blank\">Twitter<\/a>, <a href=\"https:\/\/www.google.com\/+terravision\" title=\"Terravision on Google+\" target=\"_blank\">Google+<\/a> or <a href=\"http:\/\/pinterest.com\/terravisiongp\/\" title=\"Terravision on Pinterest\" target=\"_blank\">Pinterest<\/a> pour plus d&#8217;infos!<\/div>\n","protected":false},"excerpt":{"rendered":"<p>69\u20ac Le cours commence au march\u00e9 de San Lorenzo, au c\u0153ur de Florence, o\u00f9 le chef vous enseignera l\u2019art de s\u00e9lectionner les meilleurs produits en vue de la pr\u00e9paration des recettes du jour. Il continue \u00e0 l\u2019\u00e9cole de cuisine o\u00f9 vous apprendrez les secrets de la gastronomie toscane et se termine par une d\u00e9gustation des [&hellip;]<\/p>\n","protected":false},"author":1,"featured_media":0,"parent":7464,"menu_order":0,"comment_status":"open","ping_status":"open","template":"page-citytour.php","meta":{"footnotes":""},"class_list":["post-7749","page","type-page","status-publish","hentry"],"yoast_head":"<!-- This site is optimized with the Yoast SEO Premium plugin v24.4 (Yoast SEO v24.4) - https:\/\/yoast.com\/wordpress\/plugins\/seo\/ -->\n<title>Visite du March\u00e9 et Cours de Cuisine  | Terravision France<\/title>\n<meta name=\"robots\" content=\"index, follow, max-snippet:-1, max-image-preview:large, max-video-preview:-1\" \/>\n<link rel=\"canonical\" href=\"https:\/\/www.terravision.eu\/francese\/city-tours-en-europe\/visites-et-musees-de-florence\/cours-de-cuisine-florence\/market-cooking-class.html\" \/>\n<meta property=\"og:locale\" content=\"fr_FR\" \/>\n<meta property=\"og:type\" content=\"article\" \/>\n<meta property=\"og:title\" content=\"Visite du March\u00e9 et Cours de Cuisine\" \/>\n<meta property=\"og:description\" content=\"69\u20ac Le cours commence au march\u00e9 de San Lorenzo, au c\u0153ur de Florence, o\u00f9 le chef vous enseignera l\u2019art de s\u00e9lectionner les meilleurs produits en vue de la pr\u00e9paration des recettes du jour. Il continue \u00e0 l\u2019\u00e9cole de cuisine o\u00f9 vous apprendrez les secrets de la gastronomie toscane et se termine par une d\u00e9gustation des [&hellip;]\" \/>\n<meta property=\"og:url\" content=\"https:\/\/www.terravision.eu\/francese\/city-tours-en-europe\/visites-et-musees-de-florence\/cours-de-cuisine-florence\/market-cooking-class.html\" \/>\n<meta property=\"og:site_name\" content=\"Terravision France\" \/>\n<meta name=\"twitter:label1\" content=\"Est. reading time\" \/>\n\t<meta name=\"twitter:data1\" content=\"1 minute\" \/>\n<script type=\"application\/ld+json\" class=\"yoast-schema-graph\">{\"@context\":\"https:\/\/schema.org\",\"@graph\":[{\"@type\":\"WebPage\",\"@id\":\"https:\/\/www.terravision.eu\/francese\/city-tours-en-europe\/visites-et-musees-de-florence\/cours-de-cuisine-florence\/market-cooking-class.html\",\"url\":\"https:\/\/www.terravision.eu\/francese\/city-tours-en-europe\/visites-et-musees-de-florence\/cours-de-cuisine-florence\/market-cooking-class.html\",\"name\":\"Visite du March\u00e9 et Cours de Cuisine | Terravision France\",\"isPartOf\":{\"@id\":\"https:\/\/www.terravision.eu\/francese\/#website\"},\"datePublished\":\"2013-04-05T15:08:34+00:00\",\"breadcrumb\":{\"@id\":\"https:\/\/www.terravision.eu\/francese\/city-tours-en-europe\/visites-et-musees-de-florence\/cours-de-cuisine-florence\/market-cooking-class.html#breadcrumb\"},\"inLanguage\":\"fr-FR\",\"potentialAction\":[{\"@type\":\"ReadAction\",\"target\":[\"https:\/\/www.terravision.eu\/francese\/city-tours-en-europe\/visites-et-musees-de-florence\/cours-de-cuisine-florence\/market-cooking-class.html\"]}]},{\"@type\":\"BreadcrumbList\",\"@id\":\"https:\/\/www.terravision.eu\/francese\/city-tours-en-europe\/visites-et-musees-de-florence\/cours-de-cuisine-florence\/market-cooking-class.html#breadcrumb\",\"itemListElement\":[{\"@type\":\"ListItem\",\"position\":1,\"name\":\"Home\",\"item\":\"https:\/\/www.terravision.eu\/francese\/\"},{\"@type\":\"ListItem\",\"position\":2,\"name\":\"City Tours en Europe\",\"item\":\"https:\/\/www.terravision.eu\/francese\/city-tours-en-europe.html\"},{\"@type\":\"ListItem\",\"position\":3,\"name\":\"Visites de Florence\",\"item\":\"https:\/\/www.terravision.eu\/francese\/city-tours-en-europe\/visites-et-musees-de-florence.html\"},{\"@type\":\"ListItem\",\"position\":4,\"name\":\"Cours de cuisine \u00e0 Florence\",\"item\":\"https:\/\/www.terravision.eu\/francese\/city-tours-en-europe\/visites-et-musees-de-florence\/cours-de-cuisine-florence.html\"},{\"@type\":\"ListItem\",\"position\":5,\"name\":\"Visite du March\u00e9 et Cours de Cuisine\"}]},{\"@type\":\"WebSite\",\"@id\":\"https:\/\/www.terravision.eu\/francese\/#website\",\"url\":\"https:\/\/www.terravision.eu\/francese\/\",\"name\":\"Terravision France\",\"description\":\"Liaisons low-cost vers\/depuis les grands a\u00e9roports europ\u00e9ens\",\"potentialAction\":[{\"@type\":\"SearchAction\",\"target\":{\"@type\":\"EntryPoint\",\"urlTemplate\":\"https:\/\/www.terravision.eu\/francese\/?s={search_term_string}\"},\"query-input\":{\"@type\":\"PropertyValueSpecification\",\"valueRequired\":true,\"valueName\":\"search_term_string\"}}],\"inLanguage\":\"fr-FR\"}]}<\/script>\n<!-- \/ Yoast SEO Premium plugin. -->","yoast_head_json":{"title":"Visite du March\u00e9 et Cours de Cuisine  | Terravision France","robots":{"index":"index","follow":"follow","max-snippet":"max-snippet:-1","max-image-preview":"max-image-preview:large","max-video-preview":"max-video-preview:-1"},"canonical":"https:\/\/www.terravision.eu\/francese\/city-tours-en-europe\/visites-et-musees-de-florence\/cours-de-cuisine-florence\/market-cooking-class.html","og_locale":"fr_FR","og_type":"article","og_title":"Visite du March\u00e9 et Cours de Cuisine","og_description":"69\u20ac Le cours commence au march\u00e9 de San Lorenzo, au c\u0153ur de Florence, o\u00f9 le chef vous enseignera l\u2019art de s\u00e9lectionner les meilleurs produits en vue de la pr\u00e9paration des recettes du jour. Il continue \u00e0 l\u2019\u00e9cole de cuisine o\u00f9 vous apprendrez les secrets de la gastronomie toscane et se termine par une d\u00e9gustation des [&hellip;]","og_url":"https:\/\/www.terravision.eu\/francese\/city-tours-en-europe\/visites-et-musees-de-florence\/cours-de-cuisine-florence\/market-cooking-class.html","og_site_name":"Terravision France","twitter_misc":{"Est. reading time":"1 minute"},"schema":{"@context":"https:\/\/schema.org","@graph":[{"@type":"WebPage","@id":"https:\/\/www.terravision.eu\/francese\/city-tours-en-europe\/visites-et-musees-de-florence\/cours-de-cuisine-florence\/market-cooking-class.html","url":"https:\/\/www.terravision.eu\/francese\/city-tours-en-europe\/visites-et-musees-de-florence\/cours-de-cuisine-florence\/market-cooking-class.html","name":"Visite du March\u00e9 et Cours de Cuisine | Terravision France","isPartOf":{"@id":"https:\/\/www.terravision.eu\/francese\/#website"},"datePublished":"2013-04-05T15:08:34+00:00","breadcrumb":{"@id":"https:\/\/www.terravision.eu\/francese\/city-tours-en-europe\/visites-et-musees-de-florence\/cours-de-cuisine-florence\/market-cooking-class.html#breadcrumb"},"inLanguage":"fr-FR","potentialAction":[{"@type":"ReadAction","target":["https:\/\/www.terravision.eu\/francese\/city-tours-en-europe\/visites-et-musees-de-florence\/cours-de-cuisine-florence\/market-cooking-class.html"]}]},{"@type":"BreadcrumbList","@id":"https:\/\/www.terravision.eu\/francese\/city-tours-en-europe\/visites-et-musees-de-florence\/cours-de-cuisine-florence\/market-cooking-class.html#breadcrumb","itemListElement":[{"@type":"ListItem","position":1,"name":"Home","item":"https:\/\/www.terravision.eu\/francese\/"},{"@type":"ListItem","position":2,"name":"City Tours en Europe","item":"https:\/\/www.terravision.eu\/francese\/city-tours-en-europe.html"},{"@type":"ListItem","position":3,"name":"Visites de Florence","item":"https:\/\/www.terravision.eu\/francese\/city-tours-en-europe\/visites-et-musees-de-florence.html"},{"@type":"ListItem","position":4,"name":"Cours de cuisine \u00e0 Florence","item":"https:\/\/www.terravision.eu\/francese\/city-tours-en-europe\/visites-et-musees-de-florence\/cours-de-cuisine-florence.html"},{"@type":"ListItem","position":5,"name":"Visite du March\u00e9 et Cours de Cuisine"}]},{"@type":"WebSite","@id":"https:\/\/www.terravision.eu\/francese\/#website","url":"https:\/\/www.terravision.eu\/francese\/","name":"Terravision France","description":"Liaisons low-cost vers\/depuis les grands a\u00e9roports europ\u00e9ens","potentialAction":[{"@type":"SearchAction","target":{"@type":"EntryPoint","urlTemplate":"https:\/\/www.terravision.eu\/francese\/?s={search_term_string}"},"query-input":{"@type":"PropertyValueSpecification","valueRequired":true,"valueName":"search_term_string"}}],"inLanguage":"fr-FR"}]}},"_links":{"self":[{"href":"https:\/\/www.terravision.eu\/francese\/wp-json\/wp\/v2\/pages\/7749","targetHints":{"allow":["GET"]}}],"collection":[{"href":"https:\/\/www.terravision.eu\/francese\/wp-json\/wp\/v2\/pages"}],"about":[{"href":"https:\/\/www.terravision.eu\/francese\/wp-json\/wp\/v2\/types\/page"}],"author":[{"embeddable":true,"href":"https:\/\/www.terravision.eu\/francese\/wp-json\/wp\/v2\/users\/1"}],"replies":[{"embeddable":true,"href":"https:\/\/www.terravision.eu\/francese\/wp-json\/wp\/v2\/comments?post=7749"}],"version-history":[{"count":0,"href":"https:\/\/www.terravision.eu\/francese\/wp-json\/wp\/v2\/pages\/7749\/revisions"}],"up":[{"embeddable":true,"href":"https:\/\/www.terravision.eu\/francese\/wp-json\/wp\/v2\/pages\/7464"}],"wp:attachment":[{"href":"https:\/\/www.terravision.eu\/francese\/wp-json\/wp\/v2\/media?parent=7749"}],"curies":[{"name":"wp","href":"https:\/\/api.w.org\/{rel}","templated":true}]}}