{"id":78,"date":"2012-06-15T11:01:48","date_gmt":"2012-06-15T11:01:48","guid":{"rendered":"https:\/\/www.terravision.eu\/gatwick-airport-transfer"},"modified":"2014-09-12T14:04:46","modified_gmt":"2014-09-12T14:04:46","slug":"london_gatwick","status":"publish","type":"page","link":"https:\/\/www.terravision.eu\/francese\/london_gatwick.html","title":{"rendered":"Train A\u00e9roport de Gatwick &#8211; Londres"},"content":{"rendered":"<div id=\"article-single-airport\">\n<div class=\"title\">\n<h2 style=\"font-size:18px;font-weight:normal\">Transfert en Train de l&#8217;a\u00e9roport de Gatwick \u00e0 <span class=\"strong\">Londres<\/span> Centre<\/h2>\n<\/div>\n<div class=\"title\"><\/div>\n<div class=\"content\">En collaboration avec Gatwick Express.<\/p>\n<p>R\u00e9servez votre transfert en train de l&#8217;a\u00e9roport de Gatwick \u00e0 Londres Centre! Le service est pratique et \u00e9conomique et ponctuel, voyagez en toute tranquilit\u00e9!<\/p>\n<p>Trajets disponibles:<span class=\"routes\"> Train direct de l&#8217;A\u00e9roport de Gatwick \u00e0 Londres<\/span><\/p>\n<p>Victoria Station<\/p>\n<p><span class=\"light\">Dur\u00e9e du trajet: 30 min<\/span><\/p>\n<table>\n<tbody>\n<tr>\n<td class=\"direction-1-2\">A\u00e9roport<br \/>\nde Gatwick<\/td>\n<td class=\"direction-2-2\">Victoria<br \/>\nStation<\/td>\n<\/tr>\n<\/tbody>\n<\/table>\n<\/div>\n<\/div>\n<div style=\"overflow: hidden;float: right;height: 300px\">\n<div class=\"content-right 1\"><span class=\"price\">17<\/span><span class=\"valuta\">.75\u00a3<\/span> <a href=\"http:\/\/clkuk.tradedoubler.com\/click?p(207284)a(1989541)g(19821796)url (http:\/\/www.gatwickexpress.com\/fr\/billets-et-tarifs\/tarifs-habituels\/)\" title=\"Gatwick Express\" target=\"_blank\">R\u00e9servez<\/a><img decoding=\"async\" src=\"http:\/\/impgb.tradedoubler.com\/imp?type(inv)g(19821796)a(1989541)\"><\/div>\n<\/p><\/div>\n<div class=\"information\">Toute r\u00e9servation sera effectu\u00e9e via le site de Gatwick Express. Voir &#8220;<a href=\"gatwick_bus_billets.html\">comment r\u00e9server<\/a>&#8221; pour plus d&#8217;informations.<\/div>\n","protected":false},"excerpt":{"rendered":"<p>Transfert en Train de l&#8217;a\u00e9roport de Gatwick \u00e0 Londres Centre En collaboration avec Gatwick Express. R\u00e9servez votre transfert en train de l&#8217;a\u00e9roport de Gatwick \u00e0 Londres Centre! Le service est pratique et \u00e9conomique et ponctuel, voyagez en toute tranquilit\u00e9! Trajets disponibles: Train direct de l&#8217;A\u00e9roport de Gatwick \u00e0 Londres Victoria Station Dur\u00e9e du trajet: 30 [&hellip;]<\/p>\n","protected":false},"author":1,"featured_media":0,"parent":0,"menu_order":0,"comment_status":"open","ping_status":"open","template":"","meta":{"footnotes":""},"class_list":["post-78","page","type-page","status-publish","hentry","cities-londra"],"yoast_head":"<!-- This site is optimized with the Yoast SEO Premium plugin v24.4 (Yoast SEO v24.4) - https:\/\/yoast.com\/wordpress\/plugins\/seo\/ -->\n<title>Bus Navette A\u00e9roport de Gatwick - Londres | Terravision<\/title>\n<meta name=\"description\" content=\"Train Navette A\u00e9roport de Gatwick - Londres (Victoria Station). La connexion la plus rapide de l&#039;A\u00e9roport de Gatwick \u00e0 Londres Centre. Dur\u00e9e du voyage 30min\" \/>\n<meta name=\"robots\" content=\"index, follow, max-snippet:-1, max-image-preview:large, max-video-preview:-1\" \/>\n<link rel=\"canonical\" href=\"https:\/\/www.terravision.eu\/francese\/london_gatwick.html\" \/>\n<meta property=\"og:locale\" content=\"fr_FR\" \/>\n<meta property=\"og:type\" content=\"article\" \/>\n<meta property=\"og:title\" content=\"Train A\u00e9roport de Gatwick - Londres\" \/>\n<meta property=\"og:description\" content=\"Train Navette A\u00e9roport de Gatwick - Londres (Victoria Station). La connexion la plus rapide de l&#039;A\u00e9roport de Gatwick \u00e0 Londres Centre. Dur\u00e9e du voyage 30min\" \/>\n<meta property=\"og:url\" content=\"https:\/\/www.terravision.eu\/francese\/london_gatwick.html\" \/>\n<meta property=\"og:site_name\" content=\"Terravision France\" \/>\n<meta property=\"article:modified_time\" content=\"2014-09-12T14:04:46+00:00\" \/>\n<meta property=\"og:image\" content=\"http:\/\/impgb.tradedoubler.com\/imp?type(inv)g(19821796)a(1989541)\" \/>\n<script type=\"application\/ld+json\" class=\"yoast-schema-graph\">{\"@context\":\"https:\/\/schema.org\",\"@graph\":[{\"@type\":\"WebPage\",\"@id\":\"https:\/\/www.terravision.eu\/francese\/london_gatwick.html\",\"url\":\"https:\/\/www.terravision.eu\/francese\/london_gatwick.html\",\"name\":\"Bus Navette A\u00e9roport de Gatwick - Londres | Terravision\",\"isPartOf\":{\"@id\":\"https:\/\/www.terravision.eu\/francese\/#website\"},\"primaryImageOfPage\":{\"@id\":\"https:\/\/www.terravision.eu\/francese\/london_gatwick.html#primaryimage\"},\"image\":{\"@id\":\"https:\/\/www.terravision.eu\/francese\/london_gatwick.html#primaryimage\"},\"thumbnailUrl\":\"http:\/\/impgb.tradedoubler.com\/imp?type(inv)g(19821796)a(1989541)\",\"datePublished\":\"2012-06-15T11:01:48+00:00\",\"dateModified\":\"2014-09-12T14:04:46+00:00\",\"description\":\"Train Navette A\u00e9roport de Gatwick - Londres (Victoria Station). La connexion la plus rapide de l'A\u00e9roport de Gatwick \u00e0 Londres Centre. Dur\u00e9e du voyage 30min\",\"breadcrumb\":{\"@id\":\"https:\/\/www.terravision.eu\/francese\/london_gatwick.html#breadcrumb\"},\"inLanguage\":\"fr-FR\",\"potentialAction\":[{\"@type\":\"ReadAction\",\"target\":[\"https:\/\/www.terravision.eu\/francese\/london_gatwick.html\"]}]},{\"@type\":\"ImageObject\",\"inLanguage\":\"fr-FR\",\"@id\":\"https:\/\/www.terravision.eu\/francese\/london_gatwick.html#primaryimage\",\"url\":\"http:\/\/impgb.tradedoubler.com\/imp?type(inv)g(19821796)a(1989541)\",\"contentUrl\":\"http:\/\/impgb.tradedoubler.com\/imp?type(inv)g(19821796)a(1989541)\"},{\"@type\":\"BreadcrumbList\",\"@id\":\"https:\/\/www.terravision.eu\/francese\/london_gatwick.html#breadcrumb\",\"itemListElement\":[{\"@type\":\"ListItem\",\"position\":1,\"name\":\"Home\",\"item\":\"https:\/\/www.terravision.eu\/francese\/\"},{\"@type\":\"ListItem\",\"position\":2,\"name\":\"Train A\u00e9roport de Gatwick &#8211; Londres\"}]},{\"@type\":\"WebSite\",\"@id\":\"https:\/\/www.terravision.eu\/francese\/#website\",\"url\":\"https:\/\/www.terravision.eu\/francese\/\",\"name\":\"Terravision France\",\"description\":\"Liaisons low-cost vers\/depuis les grands a\u00e9roports europ\u00e9ens\",\"potentialAction\":[{\"@type\":\"SearchAction\",\"target\":{\"@type\":\"EntryPoint\",\"urlTemplate\":\"https:\/\/www.terravision.eu\/francese\/?s={search_term_string}\"},\"query-input\":{\"@type\":\"PropertyValueSpecification\",\"valueRequired\":true,\"valueName\":\"search_term_string\"}}],\"inLanguage\":\"fr-FR\"}]}<\/script>\n<!-- \/ Yoast SEO Premium plugin. -->","yoast_head_json":{"title":"Bus Navette A\u00e9roport de Gatwick - Londres | Terravision","description":"Train Navette A\u00e9roport de Gatwick - Londres (Victoria Station). La connexion la plus rapide de l'A\u00e9roport de Gatwick \u00e0 Londres Centre. Dur\u00e9e du voyage 30min","robots":{"index":"index","follow":"follow","max-snippet":"max-snippet:-1","max-image-preview":"max-image-preview:large","max-video-preview":"max-video-preview:-1"},"canonical":"https:\/\/www.terravision.eu\/francese\/london_gatwick.html","og_locale":"fr_FR","og_type":"article","og_title":"Train A\u00e9roport de Gatwick - Londres","og_description":"Train Navette A\u00e9roport de Gatwick - Londres (Victoria Station). La connexion la plus rapide de l'A\u00e9roport de Gatwick \u00e0 Londres Centre. Dur\u00e9e du voyage 30min","og_url":"https:\/\/www.terravision.eu\/francese\/london_gatwick.html","og_site_name":"Terravision France","article_modified_time":"2014-09-12T14:04:46+00:00","og_image":[{"url":"http:\/\/impgb.tradedoubler.com\/imp?type(inv)g(19821796)a(1989541)","type":"","width":"","height":""}],"schema":{"@context":"https:\/\/schema.org","@graph":[{"@type":"WebPage","@id":"https:\/\/www.terravision.eu\/francese\/london_gatwick.html","url":"https:\/\/www.terravision.eu\/francese\/london_gatwick.html","name":"Bus Navette A\u00e9roport de Gatwick - Londres | Terravision","isPartOf":{"@id":"https:\/\/www.terravision.eu\/francese\/#website"},"primaryImageOfPage":{"@id":"https:\/\/www.terravision.eu\/francese\/london_gatwick.html#primaryimage"},"image":{"@id":"https:\/\/www.terravision.eu\/francese\/london_gatwick.html#primaryimage"},"thumbnailUrl":"http:\/\/impgb.tradedoubler.com\/imp?type(inv)g(19821796)a(1989541)","datePublished":"2012-06-15T11:01:48+00:00","dateModified":"2014-09-12T14:04:46+00:00","description":"Train Navette A\u00e9roport de Gatwick - Londres (Victoria Station). La connexion la plus rapide de l'A\u00e9roport de Gatwick \u00e0 Londres Centre. Dur\u00e9e du voyage 30min","breadcrumb":{"@id":"https:\/\/www.terravision.eu\/francese\/london_gatwick.html#breadcrumb"},"inLanguage":"fr-FR","potentialAction":[{"@type":"ReadAction","target":["https:\/\/www.terravision.eu\/francese\/london_gatwick.html"]}]},{"@type":"ImageObject","inLanguage":"fr-FR","@id":"https:\/\/www.terravision.eu\/francese\/london_gatwick.html#primaryimage","url":"http:\/\/impgb.tradedoubler.com\/imp?type(inv)g(19821796)a(1989541)","contentUrl":"http:\/\/impgb.tradedoubler.com\/imp?type(inv)g(19821796)a(1989541)"},{"@type":"BreadcrumbList","@id":"https:\/\/www.terravision.eu\/francese\/london_gatwick.html#breadcrumb","itemListElement":[{"@type":"ListItem","position":1,"name":"Home","item":"https:\/\/www.terravision.eu\/francese\/"},{"@type":"ListItem","position":2,"name":"Train A\u00e9roport de Gatwick &#8211; Londres"}]},{"@type":"WebSite","@id":"https:\/\/www.terravision.eu\/francese\/#website","url":"https:\/\/www.terravision.eu\/francese\/","name":"Terravision France","description":"Liaisons low-cost vers\/depuis les grands a\u00e9roports europ\u00e9ens","potentialAction":[{"@type":"SearchAction","target":{"@type":"EntryPoint","urlTemplate":"https:\/\/www.terravision.eu\/francese\/?s={search_term_string}"},"query-input":{"@type":"PropertyValueSpecification","valueRequired":true,"valueName":"search_term_string"}}],"inLanguage":"fr-FR"}]}},"_links":{"self":[{"href":"https:\/\/www.terravision.eu\/francese\/wp-json\/wp\/v2\/pages\/78","targetHints":{"allow":["GET"]}}],"collection":[{"href":"https:\/\/www.terravision.eu\/francese\/wp-json\/wp\/v2\/pages"}],"about":[{"href":"https:\/\/www.terravision.eu\/francese\/wp-json\/wp\/v2\/types\/page"}],"author":[{"embeddable":true,"href":"https:\/\/www.terravision.eu\/francese\/wp-json\/wp\/v2\/users\/1"}],"replies":[{"embeddable":true,"href":"https:\/\/www.terravision.eu\/francese\/wp-json\/wp\/v2\/comments?post=78"}],"version-history":[{"count":1,"href":"https:\/\/www.terravision.eu\/francese\/wp-json\/wp\/v2\/pages\/78\/revisions"}],"predecessor-version":[{"id":11131,"href":"https:\/\/www.terravision.eu\/francese\/wp-json\/wp\/v2\/pages\/78\/revisions\/11131"}],"wp:attachment":[{"href":"https:\/\/www.terravision.eu\/francese\/wp-json\/wp\/v2\/media?parent=78"}],"curies":[{"name":"wp","href":"https:\/\/api.w.org\/{rel}","templated":true}]}}