{"id":80,"date":"2012-06-15T11:04:47","date_gmt":"2012-06-15T11:04:47","guid":{"rendered":"https:\/\/www.terravision.eu\/gatwick-how-to-book"},"modified":"2014-09-12T14:03:31","modified_gmt":"2014-09-12T14:03:31","slug":"gatwick_bus_billets","status":"publish","type":"page","link":"https:\/\/www.terravision.eu\/francese\/london_gatwick\/gatwick_bus_billets.html","title":{"rendered":"Londres Comment r\u00e9server"},"content":{"rendered":"<div id=\"article-single\">\n<p>R\u00e9servez votre navette a\u00e9roport avec Terravision en quelques \u00e9tapes faciles et rapides! !<\/p>\n<p><strong class=\"magenta-title\"><span class=\"sep-1\">1<\/span> Entrez les informations dans le syst\u00e8me de r\u00e9servation<\/strong><br \/>\nS\u00e9lectionnez les informations requises : d\u00e9part\/arriv\u00e9e, date, nombre de passagers et cliquez \u00ab r\u00e9servez maintenant \u00bb<\/p>\n<p><strong class=\"magenta-title\"><span class=\"sep-1\">2<\/span> S\u00e9lectionnez votre trajet<\/strong><br \/>\nS\u00e9lectionnez l\u2019heure exacte de votre navette<br \/>\n<strong>Du centre ville vers l\u2019a\u00e9roport:<\/strong> Veuillez choisir l\u2019horaire de votre navette de mani\u00e8re \u00e0 \u00eatre \u00e0 l\u2019a\u00e9roport au moins 2 heures avant votre vol, afin d\u2019avoir le temps n\u00e9cessaire pour vous enregistrer et accomplir toutes les formalit\u00e9s li\u00e9es \u00e0 votre voyage. Terravision n\u2019est pas responsable en cas de force majeure ou circonstance ne d\u00e9pendant pas de sa volont\u00e9 telles que le trafic dense ou les accidents de la route.<br \/>\nSi vous ne respectez pas les d\u00e9lais indiqu\u00e9s en choisissant une navette qui ne permet pas d\u2019arriver dans les temps pour l\u2019embarquement, vous ne pourrez ensuite pr\u00e9tendre \u00e0 aucune indemnit\u00e9.<\/p>\n<p><strong class=\"magenta-title\"><span class=\"sep-1\">3<\/span> Ajoutez d\u2019autres produits de notre gamme pour une TerraExp\u00e9rience optimale<\/strong><br \/>\nCity Tours, produits du Terracaf\u00e8 (y compris des pack Lunch pr\u00eats \u00e0 emporter), places de parking Lowcostparking (A\u00e9roport de Rome Ciampino et Fiumicino).<\/p>\n<p><strong class=\"magenta-title\"><span class=\"sep-1\">4<\/span> R\u00e9servez<\/strong><br \/>\nEntrez vos donn\u00e9es personnelles ou connectez-vous avec votre compte Facebook. Votre compte sera automatiquement cr\u00e9e.<br \/>\nSi vous \u00eates d\u00e9j\u00e0 inscrit, utilisez votre nom d\u2019utilisateur et mot de passe.<\/p>\n<p><strong class=\"magenta-title\"><span class=\"sep-1\">5<\/span> Modalit\u00e9s de Paiement<\/strong><br \/>\nNous acceptons les modes de paiements suivants: carte bancaire (Visa, Mastercard) ou Paypal.<\/p>\n<p><strong class=\"magenta-title\"><span class=\"sep-1\">6<\/span> G\u00e9rer votre r\u00e9servation<\/strong><br \/>\nVous pouvez acc\u00e9der \u00e0 votre espace personnel \u00e0 tout moment pour g\u00e9rer votre reservation: il vous sera possible de v\u00e9rifier<br \/>\nvotre r\u00e9servation, modifier vos billets ou nous contacter.<br \/>\nPour toute question relative \u00e0 votre r\u00e9servation, merci de nous contacter via votre espace personnel,<br \/>\nvia le formulaire \u00abnouvelle question\u00bb.<\/p>\n<p class=\"magenta-title\"><strong><span class=\"sep-1\">7<\/span> Imprimez vos billets et Bon Voyage!<\/strong><\/p>\n<\/div>\n","protected":false},"excerpt":{"rendered":"<p>R\u00e9servez votre navette a\u00e9roport avec Terravision en quelques \u00e9tapes faciles et rapides! ! 1 Entrez les informations dans le syst\u00e8me de r\u00e9servation S\u00e9lectionnez les informations requises : d\u00e9part\/arriv\u00e9e, date, nombre de passagers et cliquez \u00ab r\u00e9servez maintenant \u00bb 2 S\u00e9lectionnez votre trajet S\u00e9lectionnez l\u2019heure exacte de votre navette Du centre ville vers l\u2019a\u00e9roport: Veuillez choisir [&hellip;]<\/p>\n","protected":false},"author":1,"featured_media":0,"parent":78,"menu_order":0,"comment_status":"open","ping_status":"open","template":"","meta":{"footnotes":""},"class_list":["post-80","page","type-page","status-publish","hentry","cities-londra"],"yoast_head":"<!-- This site is optimized with the Yoast SEO Premium plugin v24.4 (Yoast SEO v24.4) - https:\/\/yoast.com\/wordpress\/plugins\/seo\/ -->\n<title>A\u00e9roport de Gatwick Transfert Billets - Comment R\u00e9server | Terravision<\/title>\n<meta name=\"description\" content=\"Billets A\u00e9roport de Gatwick Transfert - Navettes de\/vers l&#039;a\u00e9roport de Gatwick. Choisissez votre service et r\u00e9servez en 4 \u00e9tapes faciles.\" \/>\n<meta name=\"robots\" content=\"index, follow, max-snippet:-1, max-image-preview:large, max-video-preview:-1\" \/>\n<link rel=\"canonical\" href=\"https:\/\/www.terravision.eu\/francese\/london_gatwick\/gatwick_bus_billets.html\" \/>\n<meta property=\"og:locale\" content=\"fr_FR\" \/>\n<meta property=\"og:type\" content=\"article\" \/>\n<meta property=\"og:title\" content=\"Londres Comment r\u00e9server\" \/>\n<meta property=\"og:description\" content=\"Billets A\u00e9roport de Gatwick Transfert - Navettes de\/vers l&#039;a\u00e9roport de Gatwick. Choisissez votre service et r\u00e9servez en 4 \u00e9tapes faciles.\" \/>\n<meta property=\"og:url\" content=\"https:\/\/www.terravision.eu\/francese\/london_gatwick\/gatwick_bus_billets.html\" \/>\n<meta property=\"og:site_name\" content=\"Terravision France\" \/>\n<meta property=\"article:modified_time\" content=\"2014-09-12T14:03:31+00:00\" \/>\n<meta name=\"twitter:label1\" content=\"Dur\u00e9e de lecture estim\u00e9e\" \/>\n\t<meta name=\"twitter:data1\" content=\"2 minutes\" \/>\n<script type=\"application\/ld+json\" class=\"yoast-schema-graph\">{\"@context\":\"https:\/\/schema.org\",\"@graph\":[{\"@type\":\"WebPage\",\"@id\":\"https:\/\/www.terravision.eu\/francese\/london_gatwick\/gatwick_bus_billets.html\",\"url\":\"https:\/\/www.terravision.eu\/francese\/london_gatwick\/gatwick_bus_billets.html\",\"name\":\"A\u00e9roport de Gatwick Transfert Billets - Comment R\u00e9server | Terravision\",\"isPartOf\":{\"@id\":\"https:\/\/www.terravision.eu\/francese\/#website\"},\"datePublished\":\"2012-06-15T11:04:47+00:00\",\"dateModified\":\"2014-09-12T14:03:31+00:00\",\"description\":\"Billets A\u00e9roport de Gatwick Transfert - Navettes de\/vers l'a\u00e9roport de Gatwick. Choisissez votre service et r\u00e9servez en 4 \u00e9tapes faciles.\",\"breadcrumb\":{\"@id\":\"https:\/\/www.terravision.eu\/francese\/london_gatwick\/gatwick_bus_billets.html#breadcrumb\"},\"inLanguage\":\"fr-FR\",\"potentialAction\":[{\"@type\":\"ReadAction\",\"target\":[\"https:\/\/www.terravision.eu\/francese\/london_gatwick\/gatwick_bus_billets.html\"]}]},{\"@type\":\"BreadcrumbList\",\"@id\":\"https:\/\/www.terravision.eu\/francese\/london_gatwick\/gatwick_bus_billets.html#breadcrumb\",\"itemListElement\":[{\"@type\":\"ListItem\",\"position\":1,\"name\":\"Home\",\"item\":\"https:\/\/www.terravision.eu\/francese\/\"},{\"@type\":\"ListItem\",\"position\":2,\"name\":\"Train A\u00e9roport de Gatwick &#8211; Londres\",\"item\":\"https:\/\/www.terravision.eu\/francese\/london_gatwick.html\"},{\"@type\":\"ListItem\",\"position\":3,\"name\":\"Londres Comment r\u00e9server\"}]},{\"@type\":\"WebSite\",\"@id\":\"https:\/\/www.terravision.eu\/francese\/#website\",\"url\":\"https:\/\/www.terravision.eu\/francese\/\",\"name\":\"Terravision France\",\"description\":\"Liaisons low-cost vers\/depuis les grands a\u00e9roports europ\u00e9ens\",\"potentialAction\":[{\"@type\":\"SearchAction\",\"target\":{\"@type\":\"EntryPoint\",\"urlTemplate\":\"https:\/\/www.terravision.eu\/francese\/?s={search_term_string}\"},\"query-input\":{\"@type\":\"PropertyValueSpecification\",\"valueRequired\":true,\"valueName\":\"search_term_string\"}}],\"inLanguage\":\"fr-FR\"}]}<\/script>\n<!-- \/ Yoast SEO Premium plugin. -->","yoast_head_json":{"title":"A\u00e9roport de Gatwick Transfert Billets - Comment R\u00e9server | Terravision","description":"Billets A\u00e9roport de Gatwick Transfert - Navettes de\/vers l'a\u00e9roport de Gatwick. Choisissez votre service et r\u00e9servez en 4 \u00e9tapes faciles.","robots":{"index":"index","follow":"follow","max-snippet":"max-snippet:-1","max-image-preview":"max-image-preview:large","max-video-preview":"max-video-preview:-1"},"canonical":"https:\/\/www.terravision.eu\/francese\/london_gatwick\/gatwick_bus_billets.html","og_locale":"fr_FR","og_type":"article","og_title":"Londres Comment r\u00e9server","og_description":"Billets A\u00e9roport de Gatwick Transfert - Navettes de\/vers l'a\u00e9roport de Gatwick. Choisissez votre service et r\u00e9servez en 4 \u00e9tapes faciles.","og_url":"https:\/\/www.terravision.eu\/francese\/london_gatwick\/gatwick_bus_billets.html","og_site_name":"Terravision France","article_modified_time":"2014-09-12T14:03:31+00:00","twitter_misc":{"Dur\u00e9e de lecture estim\u00e9e":"2 minutes"},"schema":{"@context":"https:\/\/schema.org","@graph":[{"@type":"WebPage","@id":"https:\/\/www.terravision.eu\/francese\/london_gatwick\/gatwick_bus_billets.html","url":"https:\/\/www.terravision.eu\/francese\/london_gatwick\/gatwick_bus_billets.html","name":"A\u00e9roport de Gatwick Transfert Billets - Comment R\u00e9server | Terravision","isPartOf":{"@id":"https:\/\/www.terravision.eu\/francese\/#website"},"datePublished":"2012-06-15T11:04:47+00:00","dateModified":"2014-09-12T14:03:31+00:00","description":"Billets A\u00e9roport de Gatwick Transfert - Navettes de\/vers l'a\u00e9roport de Gatwick. Choisissez votre service et r\u00e9servez en 4 \u00e9tapes faciles.","breadcrumb":{"@id":"https:\/\/www.terravision.eu\/francese\/london_gatwick\/gatwick_bus_billets.html#breadcrumb"},"inLanguage":"fr-FR","potentialAction":[{"@type":"ReadAction","target":["https:\/\/www.terravision.eu\/francese\/london_gatwick\/gatwick_bus_billets.html"]}]},{"@type":"BreadcrumbList","@id":"https:\/\/www.terravision.eu\/francese\/london_gatwick\/gatwick_bus_billets.html#breadcrumb","itemListElement":[{"@type":"ListItem","position":1,"name":"Home","item":"https:\/\/www.terravision.eu\/francese\/"},{"@type":"ListItem","position":2,"name":"Train A\u00e9roport de Gatwick &#8211; Londres","item":"https:\/\/www.terravision.eu\/francese\/london_gatwick.html"},{"@type":"ListItem","position":3,"name":"Londres Comment r\u00e9server"}]},{"@type":"WebSite","@id":"https:\/\/www.terravision.eu\/francese\/#website","url":"https:\/\/www.terravision.eu\/francese\/","name":"Terravision France","description":"Liaisons low-cost vers\/depuis les grands a\u00e9roports europ\u00e9ens","potentialAction":[{"@type":"SearchAction","target":{"@type":"EntryPoint","urlTemplate":"https:\/\/www.terravision.eu\/francese\/?s={search_term_string}"},"query-input":{"@type":"PropertyValueSpecification","valueRequired":true,"valueName":"search_term_string"}}],"inLanguage":"fr-FR"}]}},"_links":{"self":[{"href":"https:\/\/www.terravision.eu\/francese\/wp-json\/wp\/v2\/pages\/80","targetHints":{"allow":["GET"]}}],"collection":[{"href":"https:\/\/www.terravision.eu\/francese\/wp-json\/wp\/v2\/pages"}],"about":[{"href":"https:\/\/www.terravision.eu\/francese\/wp-json\/wp\/v2\/types\/page"}],"author":[{"embeddable":true,"href":"https:\/\/www.terravision.eu\/francese\/wp-json\/wp\/v2\/users\/1"}],"replies":[{"embeddable":true,"href":"https:\/\/www.terravision.eu\/francese\/wp-json\/wp\/v2\/comments?post=80"}],"version-history":[{"count":1,"href":"https:\/\/www.terravision.eu\/francese\/wp-json\/wp\/v2\/pages\/80\/revisions"}],"predecessor-version":[{"id":11126,"href":"https:\/\/www.terravision.eu\/francese\/wp-json\/wp\/v2\/pages\/80\/revisions\/11126"}],"up":[{"embeddable":true,"href":"https:\/\/www.terravision.eu\/francese\/wp-json\/wp\/v2\/pages\/78"}],"wp:attachment":[{"href":"https:\/\/www.terravision.eu\/francese\/wp-json\/wp\/v2\/media?parent=80"}],"curies":[{"name":"wp","href":"https:\/\/api.w.org\/{rel}","templated":true}]}}