{"id":8405,"date":"2013-10-01T15:24:38","date_gmt":"2013-10-01T15:24:38","guid":{"rendered":"https:\/\/www.terravision.eu\/francese\/?page_id=8405"},"modified":"2013-10-01T15:24:38","modified_gmt":"2013-10-01T15:24:38","slug":"city-sightseeing-florence","status":"publish","type":"page","link":"https:\/\/www.terravision.eu\/francese\/city-tours-en-europe\/visites-et-musees-de-florence\/city-sightseeing-florence.html","title":{"rendered":"City Sightseeing Florence"},"content":{"rendered":"<div class=\"title-right\"><span class=\"price\">20<\/span><span class=\"valuta\">\u20ac<\/span><\/div>\n<p><img decoding=\"async\" src=\"https:\/\/www.terravision.eu\/files\/2013\/09\/city_sightseeing_logo.png\" style=\"margin: 10px 15px;float: right\"><\/p>\n<p>Les bus \u00e0 l\u2019imp\u00e9riales <strong>City Sightseeing Florence <\/strong>sont la solution id\u00e9ale pour profiter au maximum de votre s\u00e9jour dans la capitale toscane. Montez et descendez \u00e0 votre guise et voyagez \u00e0 travers <strong>les principaux sites de Florence<\/strong>, dont les plus belles places, mus\u00e9es, ponts et plus. Avec deux lignes et un grand nombre d&#8217;arr\u00eats situ\u00e9s strat\u00e9giquement dans le c\u0153ur de la ville, City Sightseeing propose une visite compl\u00e8te du centre historique et ses sites incontournables. Vos billets comprennent \u00e9galement l&#8217;acc\u00e8s gratuit aux transports publics de l&#8217;ATAF.<\/p>\n<p><strong>A ne pas manquer \u00e0 Florence<\/strong>:<\/p>\n<ul>\n<li>Palazzo Pitti et Giardino Boboli<\/li>\n<li>Gallerie dell&#8217;Academia<\/li>\n<li>Gallerie degli Uffizi<\/li>\n<li>La Galerie de l&#8217;Acad\u00e9mie<\/li>\n<li>Piazza del Duomo <\/li>\n<li>Mus\u00e9e national du Bargello<\/li>\n<li>Santa Croce<\/li>\n<li>Ponte Vecchio<\/li>\n<\/ul>\n<div class=\"collapse tour-info collapsed\">\n<h2 class=\"title\">City Sightseeing Florence Hop-on Hop-off &#8211; Info:<\/h2>\n<p><strong>Dates disponibles<\/strong>: every day<br \/>\n<strong>Point de d\u00e9part<\/strong>: Gare Santa Maria Novella (carte)<br \/>\n<strong>Dur\u00e9e de la visite Ligne A<\/strong>: 1h<br \/>\n<strong>Fr\u00e9quence Ligne A<\/strong>: every 15 min<br \/>\n<strong>Duration of the tour Ligne B<\/strong>: 2h<br \/>\n<strong>Fr\u00e9quence<\/strong> : toutes les heures<br \/>\n<strong>Guide audio<\/strong>: inclus<br \/>\n<strong>les langues disponibles<\/strong>:  <\/p>\n<ul class=\"flags\">\n<li class=\"gb\"><\/li>\n<li class=\"es\"><\/li>\n<li class=\"de\"><\/li>\n<li class=\"fr\"><\/li>\n<li class=\"it\"><\/li>\n<li class=\"ru\"><\/li>\n<li class=\"jp\"><\/li>\n<li class=\"pt\"><\/li>\n<\/ul>\n<p><strong>\u00c0 propos du tour:<\/strong><br \/>\nMontez et descendez \u00e0 votre guise du bus \u00e8 l\u2019imp\u00e9riale City Sightseeing. D\u00e9couvrez les principaux sites de Florence, comme la cath\u00e9drale, la Piazzale Michelangelo, la Galerie de l&#8217;Acad\u00e9mie, la Galerie des Offices, Santa Maria Novella et les \u00e9glises Santa Croce, Ponte Vecchio, les jardins de Boboli, l&#8217;\u00e9glise San Marco et le couvent.<br \/>\n\u00c9galement recommand\u00e9 durant la nuit: la Piazza della Signoria, si vous recherchez une atmosph\u00e8re relaxante, ou le quartier Oltrarno pour une exp\u00e9rience plus dynamique de la vie nocturne de Florence. <\/p>\n<p><a href=\"https:\/\/www.google.it\/maps?q=Firenze+S.M.N.&amp;hl=en&amp;sll=43.133061,13.013306&amp;sspn=2.252891,5.410767&amp;oq=florence+&amp;hnear=Firenze+S.M.N.&amp;t=m&amp;z=16\" title=\"City Tour Meeting Point\" target=\"_blank\">Voir le point de r\u00e9union sur la carte<\/a><\/div>\n<div class=\"collapse tour-info\">\n<h2 class=\"title\">City Sightseeing Florence &#8211; Prix:<\/h2>\n<p><strong>Option 24h Voyage Illimit\u00e9<\/strong><br \/>\nAdultes: 20.00 \u20ac<br \/>\nEnfants (6-15 ans): 10.00 \u20ac<br \/>\nEnfants (0-5 ans): Gratuit<\/p>\n<p><strong>Option 48h Voyage Illimit\u00e9<\/strong><br \/>\nAdultes: 25.00 \u20ac<br \/>\nEnfants (6-15 ans): 12.00 \u20ac<br \/>\nEnfants (0-5 ans): Gratuit<\/p>\n<p>NB. merci de s\u00e9lectionner &#8220;b\u00e9b\u00e9&#8221; pour tout enfant de moins de 6 ans.<\/p><\/div>\n<div class=\"collapse tour-info\">\n<h2 class=\"title\">Liste des arr\u00eats Ligne A<\/h2>\n<ul>\n<li>Arr\u00eatp 1 &#8211; Piazza Stazione FS SMN<\/li>\n<li>Arr\u00eat 2 &#8211; Piazza della Libert\u00e0<\/li>\n<li>Arr\u00eat 3 &#8211; Piazzale Donatello<\/li>\n<li>Arr\u00eat 4 &#8211; Piazza DAzeglio<\/li>\n<li>Arr\u00eat 5 &#8211; Piazza Beccaria<\/li>\n<li>Arr\u00eat 6 &#8211; Corso Tintori<\/li>\n<li>Arr\u00eat 7 &#8211; Teatro Verdi<\/li>\n<li>Arr\u00eat 8 &#8211; Lungarno Pecori Giraldi<\/li>\n<li>Arr\u00eat 9 &#8211; Piazza Ferrucci<\/li>\n<li>Arr\u00eat 10 &#8211; Piazzale Michelangelo<\/li>\n<li>Arr\u00eat 11 &#8211; Piazzale Galileo<\/li>\n<li>Arr\u00eat 12 &#8211; Villa Cora<\/li>\n<li>Arr\u00eat 13 &#8211; Porta Romana<\/li>\n<li>Arr\u00eat 14 &#8211; Pitti<\/li>\n<li>Arr\u00eat 15 &#8211; Tornabuoni<\/li>\n<li>Arr\u00eat 16 &#8211; Antinori<\/li>\n<li>Arr\u00eat 17 &#8211; Piazza Unit\u00e0<\/li>\n<\/ul>\n<\/div>\n<div class=\"collapse tour-info\">\n<h2 class=\"title\">Liste des arr\u00eats Ligne B<\/h2>\n<ul>\n<li>Arr\u00eat 1 &#8211; Piazza Stazione FS SMN<\/li>\n<li>Arr\u00eat 2 &#8211; Piazza della Libert\u00e0<\/li>\n<li>Arr\u00eat 3 &#8211; Piazzale Donatello<\/li>\n<li>Arr\u00eat 4 &#8211; Piazza DAzeglio<\/li>\n<li>Arr\u00eat 5 &#8211; Piazza Beccaria<\/li>\n<li>Arr\u00eat 6 &#8211; Corso Tintori<\/li>\n<li>Arr\u00eat 7 &#8211; Teatro Verdi<\/li>\n<li>Arr\u00eat 8 &#8211; Lungo lAffrico<\/li>\n<li>Arr\u00eat 9 &#8211; Villa Camerata<\/li>\n<li>Arr\u00eat 10 &#8211; San Domenico<\/li>\n<li>Arr\u00eat11 &#8211; Regresso<\/li>\n<li>Arr\u00eat 12 &#8211; Fiesole<\/li>\n<li>Arr\u00eat 13 &#8211; Regresso<\/li>\n<li>Arr\u00eat 14 &#8211; San Domenico<\/li>\n<li>Arr\u00eat 15 &#8211; Villa Camerata<\/li>\n<li>Arr\u00eat 16 &#8211; Stadio<\/li>\n<li>Arr\u00eat 17 &#8211; Piazzale Donatello<\/li>\n<li>Arr\u00eat 18 &#8211; Piazza Beccaria<\/li>\n<li>Arr\u00eat 19 &#8211; Lungarno Pecori Giraldi<\/li>\n<li>Arr\u00eat 20 &#8211; Piazzale Michelangelo<\/li>\n<li>Arr\u00eat 21 &#8211; Piazzale Galileo<\/li>\n<li>Arr\u00eat 22 &#8211; Villa Cora<\/li>\n<li>Arr\u00eat 23 &#8211; Porta Romana<\/li>\n<li>Arr\u00eat 24 &#8211; Pitti<\/li>\n<li>Arr\u00eat 25 &#8211; Tornabuoni<\/li>\n<li>Arr\u00eat 26 &#8211; Antinori<\/li>\n<li>Arr\u00eat 27 &#8211; Piazzale Montelungo<\/li>\n<\/ul>\n<\/div>\n<div class=\"collapse tour-info\">\n<h2 class=\"title\">Comment r\u00e9server et utiliser vos billets<\/h2>\n<p>1- R\u00e9servez votre visite avec Terravision.<br \/>\n2- Imprimez le coupon<br \/>\n3- Echangez le coupon \u00e0 bord des bus City Sightseeing Florence<br \/>\n4- Bonne visite! <\/p>\n<p><strong>Votre billet est remboursable jusqu&#8217;\u00e0 1 mois \u00e0 partir de la date de r\u00e9servation. <\/strong>\n<\/div>\n<div class=\"collapse tour-info\">\n<h2 class=\"title\">Contacts<\/h2>\n<p>En partenariat avec City Sightseeing Wordwide<br \/>\nTel: +39 055290451<br \/>\nEmail: info@city-sightseeing.com<\/p>\n<p><strong>Contacts Terravision<\/strong><br \/>\nDu lundi au samedi de 9h00 \u00e0 18.00 : +39 06.97.61.06.32<br \/>\nRejoignez-nous sur <a href=\"http:\/\/www.facebook.com\/terravision.eu\" title=\"Terravision on Facebook\" target=\"_blank\">Facebook<\/a>, <a href=\"http:\/\/www.twitter.com\/terravision.eu\" title=\"Terravision on Twitter\" target=\"_blank\">Twitter<\/a>, <a href=\"https:\/\/www.google.com\/+terravision\" title=\"Terravision on Google+\" target=\"_blank\">Google+<\/a> or <a href=\"http:\/\/pinterest.com\/terravisiongp\/\" title=\"Terravision on Pinterest\" target=\"_blank\">Pinterest<\/a> pour plus d&#8217;infos!<\/div>\n","protected":false},"excerpt":{"rendered":"<p>20\u20ac Les bus \u00e0 l\u2019imp\u00e9riales City Sightseeing Florence sont la solution id\u00e9ale pour profiter au maximum de votre s\u00e9jour dans la capitale toscane. Montez et descendez \u00e0 votre guise et voyagez \u00e0 travers les principaux sites de Florence, dont les plus belles places, mus\u00e9es, ponts et plus. Avec deux lignes et un grand nombre d&#8217;arr\u00eats [&hellip;]<\/p>\n","protected":false},"author":1,"featured_media":0,"parent":7465,"menu_order":0,"comment_status":"open","ping_status":"open","template":"page-citytour.php","meta":{"footnotes":""},"class_list":["post-8405","page","type-page","status-publish","hentry"],"yoast_head":"<!-- This site is optimized with the Yoast SEO Premium plugin v24.4 (Yoast SEO v24.4) - https:\/\/yoast.com\/wordpress\/plugins\/seo\/ -->\n<title>City Sightseeing Florence - Tour de Florence | Terravision<\/title>\n<meta name=\"description\" content=\"City Sightseeing Florence. Tour de Florence en bus \u00e0 deux \u00e9tages, billets valables 24\/48h. Arr\u00eats proches des attractions touristiques. Simple et pratique!\" \/>\n<meta name=\"robots\" content=\"index, follow, max-snippet:-1, max-image-preview:large, max-video-preview:-1\" \/>\n<link rel=\"canonical\" href=\"https:\/\/www.terravision.eu\/francese\/city-tours-en-europe\/visites-et-musees-de-florence\/city-sightseeing-florence.html\" \/>\n<meta property=\"og:locale\" content=\"fr_FR\" \/>\n<meta property=\"og:type\" content=\"article\" \/>\n<meta property=\"og:title\" content=\"City Sightseeing Florence\" \/>\n<meta property=\"og:description\" content=\"City Sightseeing Florence. Tour de Florence en bus \u00e0 deux \u00e9tages, billets valables 24\/48h. Arr\u00eats proches des attractions touristiques. Simple et pratique!\" \/>\n<meta property=\"og:url\" content=\"https:\/\/www.terravision.eu\/francese\/city-tours-en-europe\/visites-et-musees-de-florence\/city-sightseeing-florence.html\" \/>\n<meta property=\"og:site_name\" content=\"Terravision France\" \/>\n<meta property=\"og:image\" content=\"https:\/\/www.terravision.eu\/files\/2013\/09\/city_sightseeing_logo.png\" \/>\n<meta name=\"twitter:label1\" content=\"Dur\u00e9e de lecture estim\u00e9e\" \/>\n\t<meta name=\"twitter:data1\" content=\"3 minutes\" \/>\n<script type=\"application\/ld+json\" class=\"yoast-schema-graph\">{\"@context\":\"https:\/\/schema.org\",\"@graph\":[{\"@type\":\"WebPage\",\"@id\":\"https:\/\/www.terravision.eu\/francese\/city-tours-en-europe\/visites-et-musees-de-florence\/city-sightseeing-florence.html\",\"url\":\"https:\/\/www.terravision.eu\/francese\/city-tours-en-europe\/visites-et-musees-de-florence\/city-sightseeing-florence.html\",\"name\":\"City Sightseeing Florence - Tour de Florence | Terravision\",\"isPartOf\":{\"@id\":\"https:\/\/www.terravision.eu\/francese\/#website\"},\"primaryImageOfPage\":{\"@id\":\"https:\/\/www.terravision.eu\/francese\/city-tours-en-europe\/visites-et-musees-de-florence\/city-sightseeing-florence.html#primaryimage\"},\"image\":{\"@id\":\"https:\/\/www.terravision.eu\/francese\/city-tours-en-europe\/visites-et-musees-de-florence\/city-sightseeing-florence.html#primaryimage\"},\"thumbnailUrl\":\"https:\/\/www.terravision.eu\/files\/2013\/09\/city_sightseeing_logo.png\",\"datePublished\":\"2013-10-01T15:24:38+00:00\",\"description\":\"City Sightseeing Florence. Tour de Florence en bus \u00e0 deux \u00e9tages, billets valables 24\/48h. Arr\u00eats proches des attractions touristiques. Simple et pratique!\",\"breadcrumb\":{\"@id\":\"https:\/\/www.terravision.eu\/francese\/city-tours-en-europe\/visites-et-musees-de-florence\/city-sightseeing-florence.html#breadcrumb\"},\"inLanguage\":\"fr-FR\",\"potentialAction\":[{\"@type\":\"ReadAction\",\"target\":[\"https:\/\/www.terravision.eu\/francese\/city-tours-en-europe\/visites-et-musees-de-florence\/city-sightseeing-florence.html\"]}]},{\"@type\":\"ImageObject\",\"inLanguage\":\"fr-FR\",\"@id\":\"https:\/\/www.terravision.eu\/francese\/city-tours-en-europe\/visites-et-musees-de-florence\/city-sightseeing-florence.html#primaryimage\",\"url\":\"https:\/\/www.terravision.eu\/files\/2013\/09\/city_sightseeing_logo.png\",\"contentUrl\":\"https:\/\/www.terravision.eu\/files\/2013\/09\/city_sightseeing_logo.png\"},{\"@type\":\"BreadcrumbList\",\"@id\":\"https:\/\/www.terravision.eu\/francese\/city-tours-en-europe\/visites-et-musees-de-florence\/city-sightseeing-florence.html#breadcrumb\",\"itemListElement\":[{\"@type\":\"ListItem\",\"position\":1,\"name\":\"Home\",\"item\":\"https:\/\/www.terravision.eu\/francese\/\"},{\"@type\":\"ListItem\",\"position\":2,\"name\":\"City Tours en Europe\",\"item\":\"https:\/\/www.terravision.eu\/francese\/city-tours-en-europe.html\"},{\"@type\":\"ListItem\",\"position\":3,\"name\":\"Visites de Florence\",\"item\":\"https:\/\/www.terravision.eu\/francese\/city-tours-en-europe\/visites-et-musees-de-florence.html\"},{\"@type\":\"ListItem\",\"position\":4,\"name\":\"City Sightseeing Florence\"}]},{\"@type\":\"WebSite\",\"@id\":\"https:\/\/www.terravision.eu\/francese\/#website\",\"url\":\"https:\/\/www.terravision.eu\/francese\/\",\"name\":\"Terravision France\",\"description\":\"Liaisons low-cost vers\/depuis les grands a\u00e9roports europ\u00e9ens\",\"potentialAction\":[{\"@type\":\"SearchAction\",\"target\":{\"@type\":\"EntryPoint\",\"urlTemplate\":\"https:\/\/www.terravision.eu\/francese\/?s={search_term_string}\"},\"query-input\":{\"@type\":\"PropertyValueSpecification\",\"valueRequired\":true,\"valueName\":\"search_term_string\"}}],\"inLanguage\":\"fr-FR\"}]}<\/script>\n<!-- \/ Yoast SEO Premium plugin. -->","yoast_head_json":{"title":"City Sightseeing Florence - Tour de Florence | Terravision","description":"City Sightseeing Florence. Tour de Florence en bus \u00e0 deux \u00e9tages, billets valables 24\/48h. Arr\u00eats proches des attractions touristiques. Simple et pratique!","robots":{"index":"index","follow":"follow","max-snippet":"max-snippet:-1","max-image-preview":"max-image-preview:large","max-video-preview":"max-video-preview:-1"},"canonical":"https:\/\/www.terravision.eu\/francese\/city-tours-en-europe\/visites-et-musees-de-florence\/city-sightseeing-florence.html","og_locale":"fr_FR","og_type":"article","og_title":"City Sightseeing Florence","og_description":"City Sightseeing Florence. Tour de Florence en bus \u00e0 deux \u00e9tages, billets valables 24\/48h. Arr\u00eats proches des attractions touristiques. Simple et pratique!","og_url":"https:\/\/www.terravision.eu\/francese\/city-tours-en-europe\/visites-et-musees-de-florence\/city-sightseeing-florence.html","og_site_name":"Terravision France","og_image":[{"url":"https:\/\/www.terravision.eu\/files\/2013\/09\/city_sightseeing_logo.png","type":"","width":"","height":""}],"twitter_misc":{"Dur\u00e9e de lecture estim\u00e9e":"3 minutes"},"schema":{"@context":"https:\/\/schema.org","@graph":[{"@type":"WebPage","@id":"https:\/\/www.terravision.eu\/francese\/city-tours-en-europe\/visites-et-musees-de-florence\/city-sightseeing-florence.html","url":"https:\/\/www.terravision.eu\/francese\/city-tours-en-europe\/visites-et-musees-de-florence\/city-sightseeing-florence.html","name":"City Sightseeing Florence - Tour de Florence | Terravision","isPartOf":{"@id":"https:\/\/www.terravision.eu\/francese\/#website"},"primaryImageOfPage":{"@id":"https:\/\/www.terravision.eu\/francese\/city-tours-en-europe\/visites-et-musees-de-florence\/city-sightseeing-florence.html#primaryimage"},"image":{"@id":"https:\/\/www.terravision.eu\/francese\/city-tours-en-europe\/visites-et-musees-de-florence\/city-sightseeing-florence.html#primaryimage"},"thumbnailUrl":"https:\/\/www.terravision.eu\/files\/2013\/09\/city_sightseeing_logo.png","datePublished":"2013-10-01T15:24:38+00:00","description":"City Sightseeing Florence. Tour de Florence en bus \u00e0 deux \u00e9tages, billets valables 24\/48h. Arr\u00eats proches des attractions touristiques. Simple et pratique!","breadcrumb":{"@id":"https:\/\/www.terravision.eu\/francese\/city-tours-en-europe\/visites-et-musees-de-florence\/city-sightseeing-florence.html#breadcrumb"},"inLanguage":"fr-FR","potentialAction":[{"@type":"ReadAction","target":["https:\/\/www.terravision.eu\/francese\/city-tours-en-europe\/visites-et-musees-de-florence\/city-sightseeing-florence.html"]}]},{"@type":"ImageObject","inLanguage":"fr-FR","@id":"https:\/\/www.terravision.eu\/francese\/city-tours-en-europe\/visites-et-musees-de-florence\/city-sightseeing-florence.html#primaryimage","url":"https:\/\/www.terravision.eu\/files\/2013\/09\/city_sightseeing_logo.png","contentUrl":"https:\/\/www.terravision.eu\/files\/2013\/09\/city_sightseeing_logo.png"},{"@type":"BreadcrumbList","@id":"https:\/\/www.terravision.eu\/francese\/city-tours-en-europe\/visites-et-musees-de-florence\/city-sightseeing-florence.html#breadcrumb","itemListElement":[{"@type":"ListItem","position":1,"name":"Home","item":"https:\/\/www.terravision.eu\/francese\/"},{"@type":"ListItem","position":2,"name":"City Tours en Europe","item":"https:\/\/www.terravision.eu\/francese\/city-tours-en-europe.html"},{"@type":"ListItem","position":3,"name":"Visites de Florence","item":"https:\/\/www.terravision.eu\/francese\/city-tours-en-europe\/visites-et-musees-de-florence.html"},{"@type":"ListItem","position":4,"name":"City Sightseeing Florence"}]},{"@type":"WebSite","@id":"https:\/\/www.terravision.eu\/francese\/#website","url":"https:\/\/www.terravision.eu\/francese\/","name":"Terravision France","description":"Liaisons low-cost vers\/depuis les grands a\u00e9roports europ\u00e9ens","potentialAction":[{"@type":"SearchAction","target":{"@type":"EntryPoint","urlTemplate":"https:\/\/www.terravision.eu\/francese\/?s={search_term_string}"},"query-input":{"@type":"PropertyValueSpecification","valueRequired":true,"valueName":"search_term_string"}}],"inLanguage":"fr-FR"}]}},"_links":{"self":[{"href":"https:\/\/www.terravision.eu\/francese\/wp-json\/wp\/v2\/pages\/8405","targetHints":{"allow":["GET"]}}],"collection":[{"href":"https:\/\/www.terravision.eu\/francese\/wp-json\/wp\/v2\/pages"}],"about":[{"href":"https:\/\/www.terravision.eu\/francese\/wp-json\/wp\/v2\/types\/page"}],"author":[{"embeddable":true,"href":"https:\/\/www.terravision.eu\/francese\/wp-json\/wp\/v2\/users\/1"}],"replies":[{"embeddable":true,"href":"https:\/\/www.terravision.eu\/francese\/wp-json\/wp\/v2\/comments?post=8405"}],"version-history":[{"count":0,"href":"https:\/\/www.terravision.eu\/francese\/wp-json\/wp\/v2\/pages\/8405\/revisions"}],"up":[{"embeddable":true,"href":"https:\/\/www.terravision.eu\/francese\/wp-json\/wp\/v2\/pages\/7465"}],"wp:attachment":[{"href":"https:\/\/www.terravision.eu\/francese\/wp-json\/wp\/v2\/media?parent=8405"}],"curies":[{"name":"wp","href":"https:\/\/api.w.org\/{rel}","templated":true}]}}