{"id":9149,"date":"2014-02-10T17:25:29","date_gmt":"2014-02-10T17:25:29","guid":{"rendered":"https:\/\/www.terravision.eu\/francese\/?page_id=9149"},"modified":"2014-02-10T17:25:29","modified_gmt":"2014-02-10T17:25:29","slug":"windsor-city-sightseeing","status":"publish","type":"page","link":"https:\/\/www.terravision.eu\/francese\/city-tours-en-europe\/windsor-city-sightseeing.html","title":{"rendered":"City Sightseeing Windsor"},"content":{"rendered":"<div class=\"title-right\"><span class=\"price\">12<\/span><span class=\"valuta\">\u00a3<\/span><\/div>\n<p><img decoding=\"async\" alt=\"City Sightseeing Windsor\" src=\"https:\/\/www.terravision.eu\/files\/2013\/09\/city_sightseeing_logo.png\" style=\"margin: 10px 15px;float: right\"><\/p>\n<p>Montez \u00e0 bord notre autobus \u00e0 deux \u00e9tages et visiter <strong>Windsor<\/strong> &#8211; une des r\u00e9sidences des Britains monarchie! Avec <strong>City Sightseeing<\/strong> vous pouvez promener autour de l&#8217;universit\u00e9 d&#8217;Eton, voir tous les tr\u00e9sors du ch\u00e2teau de Windsor et descendre la Long Walk &#8211; une rue 2,64 mile longue qui relie le ch\u00e2teau de Windsor avec Snow Hill \u00e0 Windsor Great Park. <\/p>\n<p><strong>A ne pas manquer \u00e0 Windsor<\/strong><\/p>\n<ul>\n<li>The Long Walk<\/li>\n<li>Eton College<\/li>\n<li>Windsor Castle<\/li>\n<li>la statue de George III<\/li>\n<\/ul>\n<div class=\"collapse tour-info collapsed\">\n<h2 class=\"title\">City Sightseeing Windsor &#8211; Info:<\/h2>\n<p><strong>Point de d\u00e9part<\/strong>: Arr\u00eat 1 &#8211; Castle Hill<br \/>\n<strong>Dates disponibles<\/strong>: 12 Avril &#8211; 30 Novembre<br \/>\n<strong>Dur\u00e9e de la visite<\/strong>: 45 min<br \/>\n<strong>Fr\u00e9quence<\/strong>:<br \/>\n\u00e9t\u00e9:<br \/>\ntoutes les 20 minutes<br \/>\nhiver:<br \/>\ntoutes les 30-60 minutes<\/p>\n<p><strong>Guide audio<\/strong>: disponible dans les langues suivantes<\/p>\n<ul class=\"flags\">\n<li class=\"gb\"><\/li>\n<\/ul>\n<p>Plus: guide audio en plusieurs langues<\/p>\n<p><strong>Dur\u00e9e de validit\u00e9 du billet<\/strong>: 24h<\/p>\n<p><strong>Plus d&#8217;Infos:<\/strong><\/p>\n<ul>\n<li><a href=\"https:\/\/static.city-sightseeing.com\/documents\/tours\/657.pdf\" target=\"_blank\">Carte<\/a><\/li>\n<li><a href=\"https:\/\/static.city-sightseeing.com\/documents\/tours\/656.pdf\">Depliant<\/a><\/li>\n<li><a href=\"https:\/\/static.city-sightseeing.com\/documents\/tours\/658.pdf\" target=\"_blank\">Horaires<\/a><\/li>\n<\/ul>\n<p>NB. L\u2019acc\u00e8s aux monuments et sites ne sont pas inclus.<\/p><\/div>\n<div class=\"collapse tour-info\">\n<h2 class=\"title\">City Sightseeing Windsor &#8211; Prix<\/h2>\n<p><strong>24h Voyage Illimit\u00e9<\/strong><br \/>\nAdultes: \u00a3 12.00<br \/>\nEnfants (5-15): \u00a3 5.50<br \/>\nEnfants (0-4): Gratuit<\/p>\n<p><strong>NB. merci de s\u00e9lectionner \u201cb\u00e9b\u00e9\u201d pour tout enfant de moins de 5 ans.<\/strong><\/div>\n<div class=\"collapse tour-info\">\n<h2 class=\"title\">Itin\u00e9raire en bus \u2013 Listes des arrest<\/h2>\n<ul>\n<li>Arr\u00eat 1 &#8211; Castle Hill (\u00e0 l&#8217;ext\u00e9rieur du ch\u00e2teau de Windsor)<\/li>\n<li>Arr\u00eat 2 &#8211; High Street<\/li>\n<li>Arr\u00eat 3 &#8211; Castle Hill<\/li>\n<li>Arr\u00eat 4 &#8211; Datchet Road<\/li>\n<li>Arr\u00eat 5 &#8211; Datchet Green<\/li>\n<li>Arr\u00eat 6 &#8211; Slough Road<\/li>\n<li>Arr\u00eat 7 &#8211; Windsor Bridge<\/li>\n<li>Arr\u00eat 8 &#8211; Slough Road<\/li>\n<li>Arr\u00eat 9 &#8211; Farm Shop<\/li>\n<li>Arr\u00eat 10 &#8211; Kings Road<\/li>\n<\/ul>\n<\/div>\n<div class=\"collapse tour-info\">\n<h2 class=\"title\">Comment r\u00e9server et utiliser vos billets<\/h2>\n<p>1- R\u00e9servez votre visite avec Terravision.<br \/>\n2- Imprimez le coupon<br \/>\n3- Echangez le coupon \u00e0 bord des bus City Sightseeing Windsor<br \/>\n4- Bonne visite!<\/p>\n<p><strong>NB. Votre coupon est valable 1 mois \u00e0 partir de la date d\u2019achat.<\/strong>\n<\/div>\n<div class=\"collapse tour-info\">\n<h2 class=\"title\">Contact Info<\/h2>\n<p>En partenariat avec City Sightseeing<br \/>\nTel:  +44 (0) 7808 713938<br \/>\nEmail: info@city-sightseeing.com<\/p>\n<p><strong>Terravision<\/strong><br \/>\nDu lundi au samedi de 9h00 \u00e0 18h00 : +39 06.97.61.06.32<br \/>\nRejoignez-nous sur <a href=\"http:\/\/www.facebook.com\/terravision.eu\" title=\"Terravision on Facebook\" target=\"_blank\">Facebook<\/a>, <a href=\"http:\/\/www.twitter.com\/terravision.eu\" title=\"Terravision on Twitter\" target=\"_blank\">Twitter<\/a>, <a href=\"https:\/\/www.google.com\/+terravision\" title=\"Terravision on Google+\" target=\"_blank\">Google+<\/a> or <a href=\"http:\/\/pinterest.com\/terravisiongp\/\" title=\"Terravision on Pinterest\" target=\"_blank\">Pinterest<\/a> pour plus d\u2019infos!<\/div>\n","protected":false},"excerpt":{"rendered":"<p>12\u00a3 Montez \u00e0 bord notre autobus \u00e0 deux \u00e9tages et visiter Windsor &#8211; une des r\u00e9sidences des Britains monarchie! Avec City Sightseeing vous pouvez promener autour de l&#8217;universit\u00e9 d&#8217;Eton, voir tous les tr\u00e9sors du ch\u00e2teau de Windsor et descendre la Long Walk &#8211; une rue 2,64 mile longue qui relie le ch\u00e2teau de Windsor avec [&hellip;]<\/p>\n","protected":false},"author":1,"featured_media":0,"parent":8640,"menu_order":0,"comment_status":"open","ping_status":"open","template":"page-citytour.php","meta":{"footnotes":""},"class_list":["post-9149","page","type-page","status-publish","hentry"],"yoast_head":"<!-- This site is optimized with the Yoast SEO Premium plugin v24.4 (Yoast SEO v24.4) - https:\/\/yoast.com\/wordpress\/plugins\/seo\/ -->\n<title>City Sightseeing Windsor - Hop on Hop off Windsor | Terravision<\/title>\n<meta name=\"description\" content=\"City Sightseeing Windsor - Tour Hop on Hop off Windsor, audio-guide, billets valables 24\/48h. comprend toutes les principales attractions!\" \/>\n<meta name=\"robots\" content=\"index, follow, max-snippet:-1, max-image-preview:large, max-video-preview:-1\" \/>\n<link rel=\"canonical\" href=\"https:\/\/www.terravision.eu\/francese\/city-tours-en-europe\/windsor-city-sightseeing.html\" \/>\n<meta property=\"og:locale\" content=\"fr_FR\" \/>\n<meta property=\"og:type\" content=\"article\" \/>\n<meta property=\"og:title\" content=\"City Sightseeing Windsor\" \/>\n<meta property=\"og:description\" content=\"City Sightseeing Windsor - Tour Hop on Hop off Windsor, audio-guide, billets valables 24\/48h. comprend toutes les principales attractions!\" \/>\n<meta property=\"og:url\" content=\"https:\/\/www.terravision.eu\/francese\/city-tours-en-europe\/windsor-city-sightseeing.html\" \/>\n<meta property=\"og:site_name\" content=\"Terravision France\" \/>\n<meta property=\"og:image\" content=\"https:\/\/www.terravision.eu\/files\/2013\/09\/city_sightseeing_logo.png\" \/>\n<meta name=\"twitter:label1\" content=\"Dur\u00e9e de lecture estim\u00e9e\" \/>\n\t<meta name=\"twitter:data1\" content=\"2 minutes\" \/>\n<script type=\"application\/ld+json\" class=\"yoast-schema-graph\">{\"@context\":\"https:\/\/schema.org\",\"@graph\":[{\"@type\":\"WebPage\",\"@id\":\"https:\/\/www.terravision.eu\/francese\/city-tours-en-europe\/windsor-city-sightseeing.html\",\"url\":\"https:\/\/www.terravision.eu\/francese\/city-tours-en-europe\/windsor-city-sightseeing.html\",\"name\":\"City Sightseeing Windsor - Hop on Hop off Windsor | Terravision\",\"isPartOf\":{\"@id\":\"https:\/\/www.terravision.eu\/francese\/#website\"},\"primaryImageOfPage\":{\"@id\":\"https:\/\/www.terravision.eu\/francese\/city-tours-en-europe\/windsor-city-sightseeing.html#primaryimage\"},\"image\":{\"@id\":\"https:\/\/www.terravision.eu\/francese\/city-tours-en-europe\/windsor-city-sightseeing.html#primaryimage\"},\"thumbnailUrl\":\"https:\/\/www.terravision.eu\/files\/2013\/09\/city_sightseeing_logo.png\",\"datePublished\":\"2014-02-10T17:25:29+00:00\",\"description\":\"City Sightseeing Windsor - Tour Hop on Hop off Windsor, audio-guide, billets valables 24\/48h. comprend toutes les principales attractions!\",\"breadcrumb\":{\"@id\":\"https:\/\/www.terravision.eu\/francese\/city-tours-en-europe\/windsor-city-sightseeing.html#breadcrumb\"},\"inLanguage\":\"fr-FR\",\"potentialAction\":[{\"@type\":\"ReadAction\",\"target\":[\"https:\/\/www.terravision.eu\/francese\/city-tours-en-europe\/windsor-city-sightseeing.html\"]}]},{\"@type\":\"ImageObject\",\"inLanguage\":\"fr-FR\",\"@id\":\"https:\/\/www.terravision.eu\/francese\/city-tours-en-europe\/windsor-city-sightseeing.html#primaryimage\",\"url\":\"https:\/\/www.terravision.eu\/files\/2013\/09\/city_sightseeing_logo.png\",\"contentUrl\":\"https:\/\/www.terravision.eu\/files\/2013\/09\/city_sightseeing_logo.png\"},{\"@type\":\"BreadcrumbList\",\"@id\":\"https:\/\/www.terravision.eu\/francese\/city-tours-en-europe\/windsor-city-sightseeing.html#breadcrumb\",\"itemListElement\":[{\"@type\":\"ListItem\",\"position\":1,\"name\":\"Home\",\"item\":\"https:\/\/www.terravision.eu\/francese\/\"},{\"@type\":\"ListItem\",\"position\":2,\"name\":\"City Tours en Europe\",\"item\":\"https:\/\/www.terravision.eu\/francese\/city-tours-en-europe.html\"},{\"@type\":\"ListItem\",\"position\":3,\"name\":\"City Sightseeing Windsor\"}]},{\"@type\":\"WebSite\",\"@id\":\"https:\/\/www.terravision.eu\/francese\/#website\",\"url\":\"https:\/\/www.terravision.eu\/francese\/\",\"name\":\"Terravision France\",\"description\":\"Liaisons low-cost vers\/depuis les grands a\u00e9roports europ\u00e9ens\",\"potentialAction\":[{\"@type\":\"SearchAction\",\"target\":{\"@type\":\"EntryPoint\",\"urlTemplate\":\"https:\/\/www.terravision.eu\/francese\/?s={search_term_string}\"},\"query-input\":{\"@type\":\"PropertyValueSpecification\",\"valueRequired\":true,\"valueName\":\"search_term_string\"}}],\"inLanguage\":\"fr-FR\"}]}<\/script>\n<!-- \/ Yoast SEO Premium plugin. -->","yoast_head_json":{"title":"City Sightseeing Windsor - Hop on Hop off Windsor | Terravision","description":"City Sightseeing Windsor - Tour Hop on Hop off Windsor, audio-guide, billets valables 24\/48h. comprend toutes les principales attractions!","robots":{"index":"index","follow":"follow","max-snippet":"max-snippet:-1","max-image-preview":"max-image-preview:large","max-video-preview":"max-video-preview:-1"},"canonical":"https:\/\/www.terravision.eu\/francese\/city-tours-en-europe\/windsor-city-sightseeing.html","og_locale":"fr_FR","og_type":"article","og_title":"City Sightseeing Windsor","og_description":"City Sightseeing Windsor - Tour Hop on Hop off Windsor, audio-guide, billets valables 24\/48h. comprend toutes les principales attractions!","og_url":"https:\/\/www.terravision.eu\/francese\/city-tours-en-europe\/windsor-city-sightseeing.html","og_site_name":"Terravision France","og_image":[{"url":"https:\/\/www.terravision.eu\/files\/2013\/09\/city_sightseeing_logo.png","type":"","width":"","height":""}],"twitter_misc":{"Dur\u00e9e de lecture estim\u00e9e":"2 minutes"},"schema":{"@context":"https:\/\/schema.org","@graph":[{"@type":"WebPage","@id":"https:\/\/www.terravision.eu\/francese\/city-tours-en-europe\/windsor-city-sightseeing.html","url":"https:\/\/www.terravision.eu\/francese\/city-tours-en-europe\/windsor-city-sightseeing.html","name":"City Sightseeing Windsor - Hop on Hop off Windsor | Terravision","isPartOf":{"@id":"https:\/\/www.terravision.eu\/francese\/#website"},"primaryImageOfPage":{"@id":"https:\/\/www.terravision.eu\/francese\/city-tours-en-europe\/windsor-city-sightseeing.html#primaryimage"},"image":{"@id":"https:\/\/www.terravision.eu\/francese\/city-tours-en-europe\/windsor-city-sightseeing.html#primaryimage"},"thumbnailUrl":"https:\/\/www.terravision.eu\/files\/2013\/09\/city_sightseeing_logo.png","datePublished":"2014-02-10T17:25:29+00:00","description":"City Sightseeing Windsor - Tour Hop on Hop off Windsor, audio-guide, billets valables 24\/48h. comprend toutes les principales attractions!","breadcrumb":{"@id":"https:\/\/www.terravision.eu\/francese\/city-tours-en-europe\/windsor-city-sightseeing.html#breadcrumb"},"inLanguage":"fr-FR","potentialAction":[{"@type":"ReadAction","target":["https:\/\/www.terravision.eu\/francese\/city-tours-en-europe\/windsor-city-sightseeing.html"]}]},{"@type":"ImageObject","inLanguage":"fr-FR","@id":"https:\/\/www.terravision.eu\/francese\/city-tours-en-europe\/windsor-city-sightseeing.html#primaryimage","url":"https:\/\/www.terravision.eu\/files\/2013\/09\/city_sightseeing_logo.png","contentUrl":"https:\/\/www.terravision.eu\/files\/2013\/09\/city_sightseeing_logo.png"},{"@type":"BreadcrumbList","@id":"https:\/\/www.terravision.eu\/francese\/city-tours-en-europe\/windsor-city-sightseeing.html#breadcrumb","itemListElement":[{"@type":"ListItem","position":1,"name":"Home","item":"https:\/\/www.terravision.eu\/francese\/"},{"@type":"ListItem","position":2,"name":"City Tours en Europe","item":"https:\/\/www.terravision.eu\/francese\/city-tours-en-europe.html"},{"@type":"ListItem","position":3,"name":"City Sightseeing Windsor"}]},{"@type":"WebSite","@id":"https:\/\/www.terravision.eu\/francese\/#website","url":"https:\/\/www.terravision.eu\/francese\/","name":"Terravision France","description":"Liaisons low-cost vers\/depuis les grands a\u00e9roports europ\u00e9ens","potentialAction":[{"@type":"SearchAction","target":{"@type":"EntryPoint","urlTemplate":"https:\/\/www.terravision.eu\/francese\/?s={search_term_string}"},"query-input":{"@type":"PropertyValueSpecification","valueRequired":true,"valueName":"search_term_string"}}],"inLanguage":"fr-FR"}]}},"_links":{"self":[{"href":"https:\/\/www.terravision.eu\/francese\/wp-json\/wp\/v2\/pages\/9149","targetHints":{"allow":["GET"]}}],"collection":[{"href":"https:\/\/www.terravision.eu\/francese\/wp-json\/wp\/v2\/pages"}],"about":[{"href":"https:\/\/www.terravision.eu\/francese\/wp-json\/wp\/v2\/types\/page"}],"author":[{"embeddable":true,"href":"https:\/\/www.terravision.eu\/francese\/wp-json\/wp\/v2\/users\/1"}],"replies":[{"embeddable":true,"href":"https:\/\/www.terravision.eu\/francese\/wp-json\/wp\/v2\/comments?post=9149"}],"version-history":[{"count":0,"href":"https:\/\/www.terravision.eu\/francese\/wp-json\/wp\/v2\/pages\/9149\/revisions"}],"up":[{"embeddable":true,"href":"https:\/\/www.terravision.eu\/francese\/wp-json\/wp\/v2\/pages\/8640"}],"wp:attachment":[{"href":"https:\/\/www.terravision.eu\/francese\/wp-json\/wp\/v2\/media?parent=9149"}],"curies":[{"name":"wp","href":"https:\/\/api.w.org\/{rel}","templated":true}]}}