{"id":9552,"date":"2013-12-16T12:06:50","date_gmt":"2013-12-16T12:06:50","guid":{"rendered":"https:\/\/www.terravision.eu\/francese\/?page_id=9552"},"modified":"2013-12-16T12:06:50","modified_gmt":"2013-12-16T12:06:50","slug":"golden-opera-florence","status":"publish","type":"page","link":"https:\/\/www.terravision.eu\/francese\/golden-opera-florence.html","title":{"rendered":"Golden Opera Florence"},"content":{"rendered":"<div class=\"title-right\"><span class=\"price\">75<\/span><span class=\"valuta\">\u20ac<\/span><\/div>\n<h4>SOIR\u00c9E GALA 31 d\u00e9cembre GOLDEN OPERA<\/h4>\n<p>Golden Opera est une soir\u00e9e de gala mettant en vedette trois r\u00e9pertoire d\u2019Op\u00e9ras  italien plus c\u00e9l\u00e8bre (ACT III Rigoletto, ACT I La Traviata ACT I, ACT I La Boh\u00e8me) avec d\u00e9cors et costumes cousus \u00e0 la main. Des chanteurs, un orchestre et un ch\u0153ur tous des th\u00e9\u00e2tres italiens  plus importants, avec longue exp\u00e9rience dans le domaine de l&#8217;op\u00e9ra. Encadr\u00e9e par l&#8217;Auditorium al Duomo est situ\u00e9 dans le centre historique.<br \/>\nAvec un d\u00eener festif de Saint-Sylvestre.( Men\u00f9  Buffet Capodanno)<\/p>\n<div class=\"collapse tour-info collapsed\">\n<h2 class=\"title\"> Info:<\/h2>\n<p><strong>Jours disponible<\/strong>: 31 December<br \/>\n<strong>Lieu de d\u00e9part:<\/strong>  H 19.15 TEATRO AUDITORIUM AL DUOMO (Hotel Laurus) &#8211; via de\u2019 Cerretani 54 &#8211; Florence<br \/>\n<strong>Dur\u00e9e <\/strong>: 1 h30 (Opera)<br \/>\n<strong>Inclut<\/strong>:<br \/>\nplaces cat\u00e9gorie VIP, places 1\u00b0cat\u00e9gorie (A) ou places 2\u00b0cat\u00e9gorie (B)<br \/>\nD\u00eener de Saint-Sylvestre  (menu avec boisson de bienvenue, 3 plats avec boissons incluses, et un toast a minuit).<br \/>\nCommen\u00e7ant apr\u00e8s le concert (21 :30)<br \/>\n<a href=\"https:\/\/maps.google.it\/maps\/ms?msid=211366733211262669781.0004dd2861991104d6758&amp;msa=0&amp;ll=43.773643,11.252704&amp;spn=0.001088,0.002642\" title=\"City Tour Meeting Point\" target=\"_blank\">Voir le lieu de d\u00e9part sur la carte<\/a><\/div>\n<div class=\"collapse tour-info\">\n<h2 class=\"title\">Prix<\/h2>\n<p> <strong> \u2013 places cat\u00e9gorie VIP  et un d\u00eener festif de Saint-Sylvestre.( Men\u00f9  Buffet Capodanno)  <\/strong>   <\/p>\n<p><strong>Adultes:<\/strong>  \u20ac 175<br \/>\n<strong>Enfants(0-9)<\/strong>: Gratuit<br \/>\nMerci de s\u00e9lectionner &#8220;b\u00e9b\u00e9&#8221; pour les enfants de moins de 10 ans .<\/p>\n<p><strong>places 1\u00b0(A) cat\u00e9gorie et un d\u00eener festif de Saint-Sylvestre.( Men\u00f9  Buffet Capodanno)  <\/strong><br \/>\n<strong>Adultes:<\/strong>  \u20ac 165<br \/>\n<strong>Enfants(0-9)<\/strong>: Gratuit<br \/>\nMerci de s\u00e9lectionner &#8220;b\u00e9b\u00e9&#8221; pour les enfants de moins de 10 ans <\/p>\n<p><strong>places 2\u00b0(B) cat\u00e9gorie et un d\u00eener festif de Saint-Sylvestre.( Men\u00f9  Buffet Capodanno) <\/strong><br \/>\n<strong>Adultes:<\/strong>  \u20ac 155<br \/>\n<strong>Enfants(0-9)<\/strong>: Gratuit<br \/>\nMerci de s\u00e9lectionner &#8220;b\u00e9b\u00e9&#8221; pour les enfants de moins de10 ans <\/p>\n<\/div>\n<div class=\"collapse tour-info\">\n<h2 class=\"title\">Contacts<\/h2>\n<p><strong>En collaboration avec Albatravel<\/strong><br \/>\nPiazza dei Rossi, 1 \u2013 50125 Florence<br \/>\nLundi-Vendredi : +39 055 211 528<br \/>\nWeekendd, jours f\u00e9ri\u00e9s et urgences: +39 335 701 4924<\/p>\n<p><strong>Contacts Terravision <\/strong><br \/>\nLundi &#8211; Samedi de 9h00 \u00e0 18h00 : +39 06.97.61.06.32<br \/>\nRejoignez-nous sur <a href=\"http:\/\/www.facebook.com\/terravision.eu\" title=\"Terravision on Facebook\" target=\"_blank\">Facebook<\/a>, <a href=\"http:\/\/www.twitter.com\/terravision.eu\" title=\"Terravision on Twitter\" target=\"_blank\">Twitter<\/a>, <a href=\"https:\/\/www.google.com\/+terravision\" title=\"Terravision on Google+\" target=\"_blank\">Google+<\/a> or <a href=\"http:\/\/pinterest.com\/terravisiongp\/\" title=\"Terravision on Pinterest\" target=\"_blank\">Pinterest<\/a> pour plus d&#8217;infos!<\/div>\n","protected":false},"excerpt":{"rendered":"<p>75\u20ac SOIR\u00c9E GALA 31 d\u00e9cembre GOLDEN OPERA Golden Opera est une soir\u00e9e de gala mettant en vedette trois r\u00e9pertoire d\u2019Op\u00e9ras italien plus c\u00e9l\u00e8bre (ACT III Rigoletto, ACT I La Traviata ACT I, ACT I La Boh\u00e8me) avec d\u00e9cors et costumes cousus \u00e0 la main. Des chanteurs, un orchestre et un ch\u0153ur tous des th\u00e9\u00e2tres italiens [&hellip;]<\/p>\n","protected":false},"author":1,"featured_media":0,"parent":0,"menu_order":0,"comment_status":"open","ping_status":"open","template":"page-citytour.php","meta":{"footnotes":""},"class_list":["post-9552","page","type-page","status-publish","hentry"],"yoast_head":"<!-- This site is optimized with the Yoast SEO Premium plugin v24.4 (Yoast SEO v24.4) - https:\/\/yoast.com\/wordpress\/plugins\/seo\/ -->\n<title>Golden Opera Florence | Terravision France<\/title>\n<meta name=\"robots\" content=\"index, follow, max-snippet:-1, max-image-preview:large, max-video-preview:-1\" \/>\n<link rel=\"canonical\" href=\"https:\/\/www.terravision.eu\/francese\/golden-opera-florence.html\" \/>\n<meta property=\"og:locale\" content=\"fr_FR\" \/>\n<meta property=\"og:type\" content=\"article\" \/>\n<meta property=\"og:title\" content=\"Golden Opera Florence\" \/>\n<meta property=\"og:description\" content=\"75\u20ac SOIR\u00c9E GALA 31 d\u00e9cembre GOLDEN OPERA Golden Opera est une soir\u00e9e de gala mettant en vedette trois r\u00e9pertoire d\u2019Op\u00e9ras italien plus c\u00e9l\u00e8bre (ACT III Rigoletto, ACT I La Traviata ACT I, ACT I La Boh\u00e8me) avec d\u00e9cors et costumes cousus \u00e0 la main. Des chanteurs, un orchestre et un ch\u0153ur tous des th\u00e9\u00e2tres italiens [&hellip;]\" \/>\n<meta property=\"og:url\" content=\"https:\/\/www.terravision.eu\/francese\/golden-opera-florence.html\" \/>\n<meta property=\"og:site_name\" content=\"Terravision France\" \/>\n<meta name=\"twitter:label1\" content=\"Dur\u00e9e de lecture estim\u00e9e\" \/>\n\t<meta name=\"twitter:data1\" content=\"1 minute\" \/>\n<script type=\"application\/ld+json\" class=\"yoast-schema-graph\">{\"@context\":\"https:\/\/schema.org\",\"@graph\":[{\"@type\":\"WebPage\",\"@id\":\"https:\/\/www.terravision.eu\/francese\/golden-opera-florence.html\",\"url\":\"https:\/\/www.terravision.eu\/francese\/golden-opera-florence.html\",\"name\":\"Golden Opera Florence | Terravision France\",\"isPartOf\":{\"@id\":\"https:\/\/www.terravision.eu\/francese\/#website\"},\"datePublished\":\"2013-12-16T12:06:50+00:00\",\"breadcrumb\":{\"@id\":\"https:\/\/www.terravision.eu\/francese\/golden-opera-florence.html#breadcrumb\"},\"inLanguage\":\"fr-FR\",\"potentialAction\":[{\"@type\":\"ReadAction\",\"target\":[\"https:\/\/www.terravision.eu\/francese\/golden-opera-florence.html\"]}]},{\"@type\":\"BreadcrumbList\",\"@id\":\"https:\/\/www.terravision.eu\/francese\/golden-opera-florence.html#breadcrumb\",\"itemListElement\":[{\"@type\":\"ListItem\",\"position\":1,\"name\":\"Home\",\"item\":\"https:\/\/www.terravision.eu\/francese\/\"},{\"@type\":\"ListItem\",\"position\":2,\"name\":\"Golden Opera Florence\"}]},{\"@type\":\"WebSite\",\"@id\":\"https:\/\/www.terravision.eu\/francese\/#website\",\"url\":\"https:\/\/www.terravision.eu\/francese\/\",\"name\":\"Terravision France\",\"description\":\"Liaisons low-cost vers\/depuis les grands a\u00e9roports europ\u00e9ens\",\"potentialAction\":[{\"@type\":\"SearchAction\",\"target\":{\"@type\":\"EntryPoint\",\"urlTemplate\":\"https:\/\/www.terravision.eu\/francese\/?s={search_term_string}\"},\"query-input\":{\"@type\":\"PropertyValueSpecification\",\"valueRequired\":true,\"valueName\":\"search_term_string\"}}],\"inLanguage\":\"fr-FR\"}]}<\/script>\n<!-- \/ Yoast SEO Premium plugin. -->","yoast_head_json":{"title":"Golden Opera Florence | Terravision France","robots":{"index":"index","follow":"follow","max-snippet":"max-snippet:-1","max-image-preview":"max-image-preview:large","max-video-preview":"max-video-preview:-1"},"canonical":"https:\/\/www.terravision.eu\/francese\/golden-opera-florence.html","og_locale":"fr_FR","og_type":"article","og_title":"Golden Opera Florence","og_description":"75\u20ac SOIR\u00c9E GALA 31 d\u00e9cembre GOLDEN OPERA Golden Opera est une soir\u00e9e de gala mettant en vedette trois r\u00e9pertoire d\u2019Op\u00e9ras italien plus c\u00e9l\u00e8bre (ACT III Rigoletto, ACT I La Traviata ACT I, ACT I La Boh\u00e8me) avec d\u00e9cors et costumes cousus \u00e0 la main. Des chanteurs, un orchestre et un ch\u0153ur tous des th\u00e9\u00e2tres italiens [&hellip;]","og_url":"https:\/\/www.terravision.eu\/francese\/golden-opera-florence.html","og_site_name":"Terravision France","twitter_misc":{"Dur\u00e9e de lecture estim\u00e9e":"1 minute"},"schema":{"@context":"https:\/\/schema.org","@graph":[{"@type":"WebPage","@id":"https:\/\/www.terravision.eu\/francese\/golden-opera-florence.html","url":"https:\/\/www.terravision.eu\/francese\/golden-opera-florence.html","name":"Golden Opera Florence | Terravision France","isPartOf":{"@id":"https:\/\/www.terravision.eu\/francese\/#website"},"datePublished":"2013-12-16T12:06:50+00:00","breadcrumb":{"@id":"https:\/\/www.terravision.eu\/francese\/golden-opera-florence.html#breadcrumb"},"inLanguage":"fr-FR","potentialAction":[{"@type":"ReadAction","target":["https:\/\/www.terravision.eu\/francese\/golden-opera-florence.html"]}]},{"@type":"BreadcrumbList","@id":"https:\/\/www.terravision.eu\/francese\/golden-opera-florence.html#breadcrumb","itemListElement":[{"@type":"ListItem","position":1,"name":"Home","item":"https:\/\/www.terravision.eu\/francese\/"},{"@type":"ListItem","position":2,"name":"Golden Opera Florence"}]},{"@type":"WebSite","@id":"https:\/\/www.terravision.eu\/francese\/#website","url":"https:\/\/www.terravision.eu\/francese\/","name":"Terravision France","description":"Liaisons low-cost vers\/depuis les grands a\u00e9roports europ\u00e9ens","potentialAction":[{"@type":"SearchAction","target":{"@type":"EntryPoint","urlTemplate":"https:\/\/www.terravision.eu\/francese\/?s={search_term_string}"},"query-input":{"@type":"PropertyValueSpecification","valueRequired":true,"valueName":"search_term_string"}}],"inLanguage":"fr-FR"}]}},"_links":{"self":[{"href":"https:\/\/www.terravision.eu\/francese\/wp-json\/wp\/v2\/pages\/9552","targetHints":{"allow":["GET"]}}],"collection":[{"href":"https:\/\/www.terravision.eu\/francese\/wp-json\/wp\/v2\/pages"}],"about":[{"href":"https:\/\/www.terravision.eu\/francese\/wp-json\/wp\/v2\/types\/page"}],"author":[{"embeddable":true,"href":"https:\/\/www.terravision.eu\/francese\/wp-json\/wp\/v2\/users\/1"}],"replies":[{"embeddable":true,"href":"https:\/\/www.terravision.eu\/francese\/wp-json\/wp\/v2\/comments?post=9552"}],"version-history":[{"count":0,"href":"https:\/\/www.terravision.eu\/francese\/wp-json\/wp\/v2\/pages\/9552\/revisions"}],"wp:attachment":[{"href":"https:\/\/www.terravision.eu\/francese\/wp-json\/wp\/v2\/media?parent=9552"}],"curies":[{"name":"wp","href":"https:\/\/api.w.org\/{rel}","templated":true}]}}