{"id":103,"date":"2012-06-25T10:39:13","date_gmt":"2012-06-25T10:39:13","guid":{"rendered":"https:\/\/www.terravision.eu\/travel-london"},"modified":"2018-11-08T10:32:23","modified_gmt":"2018-11-08T09:32:23","slug":"guida_londra","status":"publish","type":"page","link":"https:\/\/www.terravision.eu\/italiano\/guida_londra.html","title":{"rendered":"Guida di Londra"},"content":{"rendered":"<p><strong>Stai per visitare Londra per la prima volta?<\/strong><\/p>\n<p>Saprai gi\u00e0 come raggiungere il centro citt\u00e0 velocemente e senza spendere troppo!  <\/p>\n<p>Ecco alcuni nostri <strong>consigli su cosa fare a Londra<\/strong> per sfruttare al massimo il tuo viaggio!<\/p>\n<p>Per iniziare dai un&#8217;occhiata alla lunga <strong>lista delle migliori attrazioni<\/strong> di Londra &#8230; \u00e8 incredibile quanto ci sia da fare nella capitale inglese!<br \/>\n&#8211; Palazzo di Westminter<br \/>\n&#8211; Big Ben<br \/>\n&#8211; Il parlamento<br \/>\n&#8211; Buckingham Palace<br \/>\n&#8211; Londoneye<br \/>\n&#8211; Trafalgar Square<br \/>\n&#8211; Picadilly Circus<br \/>\n&#8211; Oxford Circus<br \/>\n&#8211; Il distretto di Soho<br \/>\n&#8211; Camden Town e Camden Market<br \/>\n&#8211; Carnarby e Regent Street per i fan dello shopping<br \/>\n&#8211; Museo britannico<\/p>\n<p>Se sei confuso e non sai da dove iniziare, consulta la nostra selezione delle <strong>attivit\u00e0 super divertenti (e pocket-friendly)!<\/strong><\/p>\n<div data-tiqets-widget=\"discovery\" data-product-ids=\"974403,973995,974336\" data-language=\"it\" data-currency=\"EUR\" data-partner=\"terravision\" data-cards-layout=\"horizontal\"><\/div>\n<p><script defer src=\"https:\/\/widgets.tiqets.com\/loader.js\"><\/script><\/p>\n<p><strong>The London Bridge Experience &#038; London Tombs: un tour spaventoso con gli zombi!<\/strong><\/p>\n<p>Ti piacerebbe vedere l&#8217;attrazione pi\u00f9 inquietante d\u2019Inghilterra? Se la risposta \u00e8 s\u00ec, prenota il tour London Bridge Experience &#038; London Tombs! Durante il tour ti immergerai nella storia della citt\u00e0, scoprirai la prima versione del ponte, costruita dai Romani nel 50 d.C. e la sua versione attuale risalente al 1979. La guida live ti racconter\u00e0 anche della serie di misteriosi incidenti e degli omicidi scioccanti verificatisi nell\u2019arco di questo tempo. Camminando, poi, sotto il ponte, attraverserai servizi igienici pubblici abbandonati e centrali nucleari malfunzionanti, incontrando di tanto in tanto mostri e zombi che spuntano dal nulla!<\/p>\n<p><strong>The Shard: un&#8217;indimenticabile vista a 360 gradi su Londra.<\/strong><br \/>\nSei gi\u00e0 stanco di girare per la citt\u00e0? Rilassati tra le nuvole! Prendi un ascensore ad alta velocit\u00e0 per raggiungere la piattaforma panoramica di The Shard e goditi un&#8217;incredibile vista a 360 gradi su Londra!<br \/>\nThe Shard, progettato dal famoso architetto italiano Renzo Piano, \u00e8 l&#8217;edificio pi\u00f9 alto dell&#8217;Unione Europea e l&#8217;87 \u00b0 edificio pi\u00f9 alto del mondo. Avrai una rara opportunit\u00e0 di ammirare il London Eye, la Torre di Londra, St. Paul&#8217;s, il Tamigi e molte altre attrazioni di Londra dall\u2019altezza di 300 metri!<br \/>\nPrenota online e risparmia \u00a36 (i biglietti prenotati online costano \u00a36 in meno rispetto al prezzo pagato acquistando direttamente nella biglietteria)!<\/p>\n<p><strong><a href=\" https:\/\/www.tiqets.com\/it\/londra-c67458\/il-panorama-dallo-shard-p973995?partner=terravision\"> Prenota online e RISPARMIA \u00a36 (i biglietti prenotati online costano \u00a36 in meno rispetto al prezzo pagato acquistando direttamente nella biglietteria)!<\/a><\/strong><\/p>\n<p><strong>Kew Gardens &#038; Palace: orangerie, piante della giungla, gallerie d&#8217;arte e ristoranti in un unico luogo!<\/strong><\/p>\n<p>\u00c8 arrivato il momento di prendere un po&#8217; d\u2019aria fresca? Visita il giardini botanici pi\u00f9 grandi del mondo!<br \/>\nFondati nel 1840, i Kew Gardens occupano 121 ettari di spazio e ospitano 30.000 diversi tipi di piante! Nel complesso puoi ammirare anche: la pi\u00f9 grande serra vittoriana del mondo &#8211; la Temperate House, il Kew Palace in mattoni in stile classico, la Treetop Walkway &#8211; la passerella fra gli alberi alta 18 metri e annusare le piante di agrumi nell&#8217;Orangerie! Tutti gli amanti dell&#8217;arte possono fare un salto nelle due gallerie d&#8217;arte situate nei giardini: Marianne North Gallery e Shirley Sherwood.<br \/>\nStai ancora cercando idee su dove andare e cosa fare?<\/p>\n<p><strong><a href=\" https:\/\/www.tiqets.com\/it\/londra-c67458?partner=terravision\n\"> Fai clic qui e scopri altre attivit\u00e0 indimenticabili a Londra! <\/a><\/strong><\/p>\n","protected":false},"excerpt":{"rendered":"<p>Stai per visitare Londra per la prima volta? Saprai gi\u00e0 come raggiungere il centro citt\u00e0 velocemente e senza spendere troppo! Ecco alcuni nostri consigli su cosa fare a Londra per sfruttare al massimo il tuo viaggio! Per iniziare dai un&#8217;occhiata alla lunga lista delle migliori attrazioni di Londra &#8230; \u00e8 incredibile quanto ci sia da [&hellip;]<\/p>\n","protected":false},"author":130,"featured_media":0,"parent":0,"menu_order":0,"comment_status":"open","ping_status":"open","template":"","meta":{"footnotes":""},"class_list":["post-103","page","type-page","status-publish","hentry","cities-londra"],"yoast_head":"<!-- This site is optimized with the Yoast SEO Premium plugin v24.4 (Yoast SEO v24.4) - https:\/\/yoast.com\/wordpress\/plugins\/seo\/ -->\n<title>Guida di Londra | Terravision<\/title>\n<meta name=\"description\" content=\"Guida di Londra. Guida turistica di Londra con: musei, consigli di viaggio e le principali attrazioni di Londra.\" \/>\n<meta name=\"robots\" content=\"index, follow, max-snippet:-1, max-image-preview:large, max-video-preview:-1\" \/>\n<link rel=\"canonical\" href=\"https:\/\/www.terravision.eu\/italiano\/guida_londra.html\" \/>\n<meta property=\"og:locale\" content=\"it_IT\" \/>\n<meta property=\"og:type\" content=\"article\" \/>\n<meta property=\"og:title\" content=\"Guida di Londra\" \/>\n<meta property=\"og:description\" content=\"Guida di Londra. Guida turistica di Londra con: musei, consigli di viaggio e le principali attrazioni di Londra.\" \/>\n<meta property=\"og:url\" content=\"https:\/\/www.terravision.eu\/italiano\/guida_londra.html\" \/>\n<meta property=\"og:site_name\" content=\"Terravision Italia\" \/>\n<meta property=\"article:modified_time\" content=\"2018-11-08T09:32:23+00:00\" \/>\n<meta name=\"twitter:label1\" content=\"Tempo di lettura stimato\" \/>\n\t<meta name=\"twitter:data1\" content=\"2 minutes\" \/>\n<script type=\"application\/ld+json\" class=\"yoast-schema-graph\">{\"@context\":\"https:\/\/schema.org\",\"@graph\":[{\"@type\":\"WebPage\",\"@id\":\"https:\/\/www.terravision.eu\/italiano\/guida_londra.html\",\"url\":\"https:\/\/www.terravision.eu\/italiano\/guida_londra.html\",\"name\":\"Guida di Londra | Terravision\",\"isPartOf\":{\"@id\":\"https:\/\/www.terravision.eu\/italiano\/#website\"},\"datePublished\":\"2012-06-25T10:39:13+00:00\",\"dateModified\":\"2018-11-08T09:32:23+00:00\",\"description\":\"Guida di Londra. Guida turistica di Londra con: musei, consigli di viaggio e le principali attrazioni di Londra.\",\"breadcrumb\":{\"@id\":\"https:\/\/www.terravision.eu\/italiano\/guida_londra.html#breadcrumb\"},\"inLanguage\":\"it-IT\",\"potentialAction\":[{\"@type\":\"ReadAction\",\"target\":[\"https:\/\/www.terravision.eu\/italiano\/guida_londra.html\"]}]},{\"@type\":\"BreadcrumbList\",\"@id\":\"https:\/\/www.terravision.eu\/italiano\/guida_londra.html#breadcrumb\",\"itemListElement\":[{\"@type\":\"ListItem\",\"position\":1,\"name\":\"Home\",\"item\":\"https:\/\/www.terravision.eu\/italiano\/\"},{\"@type\":\"ListItem\",\"position\":2,\"name\":\"Guida di Londra\"}]},{\"@type\":\"WebSite\",\"@id\":\"https:\/\/www.terravision.eu\/italiano\/#website\",\"url\":\"https:\/\/www.terravision.eu\/italiano\/\",\"name\":\"Terravision Italia\",\"description\":\"Collegamenti Lowcost da\/per i principali Aeroporti europei\",\"potentialAction\":[{\"@type\":\"SearchAction\",\"target\":{\"@type\":\"EntryPoint\",\"urlTemplate\":\"https:\/\/www.terravision.eu\/italiano\/?s={search_term_string}\"},\"query-input\":{\"@type\":\"PropertyValueSpecification\",\"valueRequired\":true,\"valueName\":\"search_term_string\"}}],\"inLanguage\":\"it-IT\"}]}<\/script>\n<!-- \/ Yoast SEO Premium plugin. -->","yoast_head_json":{"title":"Guida di Londra | Terravision","description":"Guida di Londra. Guida turistica di Londra con: musei, consigli di viaggio e le principali attrazioni di Londra.","robots":{"index":"index","follow":"follow","max-snippet":"max-snippet:-1","max-image-preview":"max-image-preview:large","max-video-preview":"max-video-preview:-1"},"canonical":"https:\/\/www.terravision.eu\/italiano\/guida_londra.html","og_locale":"it_IT","og_type":"article","og_title":"Guida di Londra","og_description":"Guida di Londra. Guida turistica di Londra con: musei, consigli di viaggio e le principali attrazioni di Londra.","og_url":"https:\/\/www.terravision.eu\/italiano\/guida_londra.html","og_site_name":"Terravision Italia","article_modified_time":"2018-11-08T09:32:23+00:00","twitter_misc":{"Tempo di lettura stimato":"2 minutes"},"schema":{"@context":"https:\/\/schema.org","@graph":[{"@type":"WebPage","@id":"https:\/\/www.terravision.eu\/italiano\/guida_londra.html","url":"https:\/\/www.terravision.eu\/italiano\/guida_londra.html","name":"Guida di Londra | Terravision","isPartOf":{"@id":"https:\/\/www.terravision.eu\/italiano\/#website"},"datePublished":"2012-06-25T10:39:13+00:00","dateModified":"2018-11-08T09:32:23+00:00","description":"Guida di Londra. Guida turistica di Londra con: musei, consigli di viaggio e le principali attrazioni di Londra.","breadcrumb":{"@id":"https:\/\/www.terravision.eu\/italiano\/guida_londra.html#breadcrumb"},"inLanguage":"it-IT","potentialAction":[{"@type":"ReadAction","target":["https:\/\/www.terravision.eu\/italiano\/guida_londra.html"]}]},{"@type":"BreadcrumbList","@id":"https:\/\/www.terravision.eu\/italiano\/guida_londra.html#breadcrumb","itemListElement":[{"@type":"ListItem","position":1,"name":"Home","item":"https:\/\/www.terravision.eu\/italiano\/"},{"@type":"ListItem","position":2,"name":"Guida di Londra"}]},{"@type":"WebSite","@id":"https:\/\/www.terravision.eu\/italiano\/#website","url":"https:\/\/www.terravision.eu\/italiano\/","name":"Terravision Italia","description":"Collegamenti Lowcost da\/per i principali Aeroporti europei","potentialAction":[{"@type":"SearchAction","target":{"@type":"EntryPoint","urlTemplate":"https:\/\/www.terravision.eu\/italiano\/?s={search_term_string}"},"query-input":{"@type":"PropertyValueSpecification","valueRequired":true,"valueName":"search_term_string"}}],"inLanguage":"it-IT"}]}},"_links":{"self":[{"href":"https:\/\/www.terravision.eu\/italiano\/wp-json\/wp\/v2\/pages\/103","targetHints":{"allow":["GET"]}}],"collection":[{"href":"https:\/\/www.terravision.eu\/italiano\/wp-json\/wp\/v2\/pages"}],"about":[{"href":"https:\/\/www.terravision.eu\/italiano\/wp-json\/wp\/v2\/types\/page"}],"author":[{"embeddable":true,"href":"https:\/\/www.terravision.eu\/italiano\/wp-json\/wp\/v2\/users\/130"}],"replies":[{"embeddable":true,"href":"https:\/\/www.terravision.eu\/italiano\/wp-json\/wp\/v2\/comments?post=103"}],"version-history":[{"count":4,"href":"https:\/\/www.terravision.eu\/italiano\/wp-json\/wp\/v2\/pages\/103\/revisions"}],"predecessor-version":[{"id":17092,"href":"https:\/\/www.terravision.eu\/italiano\/wp-json\/wp\/v2\/pages\/103\/revisions\/17092"}],"wp:attachment":[{"href":"https:\/\/www.terravision.eu\/italiano\/wp-json\/wp\/v2\/media?parent=103"}],"curies":[{"name":"wp","href":"https:\/\/api.w.org\/{rel}","templated":true}]}}