{"id":104,"date":"2012-06-25T10:51:34","date_gmt":"2012-06-25T10:51:34","guid":{"rendered":"https:\/\/www.terravision.eu\/flights-london"},"modified":"2018-11-08T10:15:34","modified_gmt":"2018-11-08T09:15:34","slug":"voli_londra","status":"publish","type":"page","link":"https:\/\/www.terravision.eu\/italiano\/voli_londra.html","title":{"rendered":"Voli da\/per Londra"},"content":{"rendered":"<div id=\"article-single\">\n<div class=\"title\">Consigli per voli low cost da e per <span class=\"strong\"><strong>Londra<\/strong><\/span><\/div>\n<p>Stai cercando dei voli da\/per Londra? Gli aeroporti di Stansted, Gatwick, Luton e Heathrow offrono una vasta gamma di voli di linea e voli low cost.<\/p>\n<p>Prenota i tuoi voli da\/per <strong>Londra<\/strong> da uno dei suoi aeroporti adesso a prezzi molto convenienti! Qui sotto ti proponiamo alcuni motori di ricerca per voli low cost.<\/p>\n<p>Il traffico aereo presente nel sud dell&#8217;Inghilterra \u00e8 distribuito su cinque aeroporti princiapli: <strong>l&#8217;Aeroporto di Londra Stansted<\/strong>, <strong>l&#8217;Aeroporto di Londra Luton<\/strong>, <strong>l&#8217;Aeroporto di Londra Heathrow<\/strong> e <strong>l&#8217;Aeroporto di Londra Gatwick<\/strong>. Heathrow \u00e8 il pi\u00f9 grande aeroporto internazionale d&#8217;Europ ed \u00e8 il principale centro di traffico aereo per voli di linea. L&#8217; aeroporto di Stansted invece \u00e8 servito principalmente da compagnie aeree low cost come Ryanair e Easyjet.<\/p>\n<p>Per trasferimenti tra gli aeroporti di Stansted, Gatwick, Luton e Heathrow ed il centro di Londra scopri le tariffe vantaggiose offerte de Terravision, leader in Europa per i trasferimenti aeroportuali a basso costo. Cerca le nostre promozini ed i nostri sconti per questi trasferimenti se acquisti online!<\/p>\n<p>&nbsp;<\/p>\n<\/div>\n","protected":false},"excerpt":{"rendered":"<p>Consigli per voli low cost da e per Londra Stai cercando dei voli da\/per Londra? Gli aeroporti di Stansted, Gatwick, Luton e Heathrow offrono una vasta gamma di voli di linea e voli low cost. Prenota i tuoi voli da\/per Londra da uno dei suoi aeroporti adesso a prezzi molto convenienti! Qui sotto ti proponiamo [&hellip;]<\/p>\n","protected":false},"author":130,"featured_media":0,"parent":0,"menu_order":0,"comment_status":"open","ping_status":"open","template":"","meta":{"footnotes":""},"class_list":["post-104","page","type-page","status-publish","hentry","cities-londra"],"yoast_head":"<!-- This site is optimized with the Yoast SEO Premium plugin v24.4 (Yoast SEO v24.4) - https:\/\/yoast.com\/wordpress\/plugins\/seo\/ -->\n<title>Voli per Londra | Terravision<\/title>\n<meta name=\"description\" content=\"Voli per Londra - Voli lowcost dai principali scali Londinesi: Stansted, Gatwick, Luton, Heathrow. Confronta i vari prezzi!\" \/>\n<meta name=\"robots\" content=\"index, follow, max-snippet:-1, max-image-preview:large, max-video-preview:-1\" \/>\n<link rel=\"canonical\" href=\"https:\/\/www.terravision.eu\/italiano\/voli_londra.html\" \/>\n<meta property=\"og:locale\" content=\"it_IT\" \/>\n<meta property=\"og:type\" content=\"article\" \/>\n<meta property=\"og:title\" content=\"Voli da\/per Londra\" \/>\n<meta property=\"og:description\" content=\"Voli per Londra - Voli lowcost dai principali scali Londinesi: Stansted, Gatwick, Luton, Heathrow. Confronta i vari prezzi!\" \/>\n<meta property=\"og:url\" content=\"https:\/\/www.terravision.eu\/italiano\/voli_londra.html\" \/>\n<meta property=\"og:site_name\" content=\"Terravision Italia\" \/>\n<meta property=\"article:modified_time\" content=\"2018-11-08T09:15:34+00:00\" \/>\n<meta name=\"twitter:label1\" content=\"Tempo di lettura stimato\" \/>\n\t<meta name=\"twitter:data1\" content=\"1 minute\" \/>\n<script type=\"application\/ld+json\" class=\"yoast-schema-graph\">{\"@context\":\"https:\/\/schema.org\",\"@graph\":[{\"@type\":\"WebPage\",\"@id\":\"https:\/\/www.terravision.eu\/italiano\/voli_londra.html\",\"url\":\"https:\/\/www.terravision.eu\/italiano\/voli_londra.html\",\"name\":\"Voli per Londra | Terravision\",\"isPartOf\":{\"@id\":\"https:\/\/www.terravision.eu\/italiano\/#website\"},\"datePublished\":\"2012-06-25T10:51:34+00:00\",\"dateModified\":\"2018-11-08T09:15:34+00:00\",\"description\":\"Voli per Londra - Voli lowcost dai principali scali Londinesi: Stansted, Gatwick, Luton, Heathrow. Confronta i vari prezzi!\",\"breadcrumb\":{\"@id\":\"https:\/\/www.terravision.eu\/italiano\/voli_londra.html#breadcrumb\"},\"inLanguage\":\"it-IT\",\"potentialAction\":[{\"@type\":\"ReadAction\",\"target\":[\"https:\/\/www.terravision.eu\/italiano\/voli_londra.html\"]}]},{\"@type\":\"BreadcrumbList\",\"@id\":\"https:\/\/www.terravision.eu\/italiano\/voli_londra.html#breadcrumb\",\"itemListElement\":[{\"@type\":\"ListItem\",\"position\":1,\"name\":\"Home\",\"item\":\"https:\/\/www.terravision.eu\/italiano\/\"},{\"@type\":\"ListItem\",\"position\":2,\"name\":\"Voli da\/per Londra\"}]},{\"@type\":\"WebSite\",\"@id\":\"https:\/\/www.terravision.eu\/italiano\/#website\",\"url\":\"https:\/\/www.terravision.eu\/italiano\/\",\"name\":\"Terravision Italia\",\"description\":\"Collegamenti Lowcost da\/per i principali Aeroporti europei\",\"potentialAction\":[{\"@type\":\"SearchAction\",\"target\":{\"@type\":\"EntryPoint\",\"urlTemplate\":\"https:\/\/www.terravision.eu\/italiano\/?s={search_term_string}\"},\"query-input\":{\"@type\":\"PropertyValueSpecification\",\"valueRequired\":true,\"valueName\":\"search_term_string\"}}],\"inLanguage\":\"it-IT\"}]}<\/script>\n<!-- \/ Yoast SEO Premium plugin. -->","yoast_head_json":{"title":"Voli per Londra | Terravision","description":"Voli per Londra - Voli lowcost dai principali scali Londinesi: Stansted, Gatwick, Luton, Heathrow. Confronta i vari prezzi!","robots":{"index":"index","follow":"follow","max-snippet":"max-snippet:-1","max-image-preview":"max-image-preview:large","max-video-preview":"max-video-preview:-1"},"canonical":"https:\/\/www.terravision.eu\/italiano\/voli_londra.html","og_locale":"it_IT","og_type":"article","og_title":"Voli da\/per Londra","og_description":"Voli per Londra - Voli lowcost dai principali scali Londinesi: Stansted, Gatwick, Luton, Heathrow. Confronta i vari prezzi!","og_url":"https:\/\/www.terravision.eu\/italiano\/voli_londra.html","og_site_name":"Terravision Italia","article_modified_time":"2018-11-08T09:15:34+00:00","twitter_misc":{"Tempo di lettura stimato":"1 minute"},"schema":{"@context":"https:\/\/schema.org","@graph":[{"@type":"WebPage","@id":"https:\/\/www.terravision.eu\/italiano\/voli_londra.html","url":"https:\/\/www.terravision.eu\/italiano\/voli_londra.html","name":"Voli per Londra | Terravision","isPartOf":{"@id":"https:\/\/www.terravision.eu\/italiano\/#website"},"datePublished":"2012-06-25T10:51:34+00:00","dateModified":"2018-11-08T09:15:34+00:00","description":"Voli per Londra - Voli lowcost dai principali scali Londinesi: Stansted, Gatwick, Luton, Heathrow. Confronta i vari prezzi!","breadcrumb":{"@id":"https:\/\/www.terravision.eu\/italiano\/voli_londra.html#breadcrumb"},"inLanguage":"it-IT","potentialAction":[{"@type":"ReadAction","target":["https:\/\/www.terravision.eu\/italiano\/voli_londra.html"]}]},{"@type":"BreadcrumbList","@id":"https:\/\/www.terravision.eu\/italiano\/voli_londra.html#breadcrumb","itemListElement":[{"@type":"ListItem","position":1,"name":"Home","item":"https:\/\/www.terravision.eu\/italiano\/"},{"@type":"ListItem","position":2,"name":"Voli da\/per Londra"}]},{"@type":"WebSite","@id":"https:\/\/www.terravision.eu\/italiano\/#website","url":"https:\/\/www.terravision.eu\/italiano\/","name":"Terravision Italia","description":"Collegamenti Lowcost da\/per i principali Aeroporti europei","potentialAction":[{"@type":"SearchAction","target":{"@type":"EntryPoint","urlTemplate":"https:\/\/www.terravision.eu\/italiano\/?s={search_term_string}"},"query-input":{"@type":"PropertyValueSpecification","valueRequired":true,"valueName":"search_term_string"}}],"inLanguage":"it-IT"}]}},"_links":{"self":[{"href":"https:\/\/www.terravision.eu\/italiano\/wp-json\/wp\/v2\/pages\/104","targetHints":{"allow":["GET"]}}],"collection":[{"href":"https:\/\/www.terravision.eu\/italiano\/wp-json\/wp\/v2\/pages"}],"about":[{"href":"https:\/\/www.terravision.eu\/italiano\/wp-json\/wp\/v2\/types\/page"}],"author":[{"embeddable":true,"href":"https:\/\/www.terravision.eu\/italiano\/wp-json\/wp\/v2\/users\/130"}],"replies":[{"embeddable":true,"href":"https:\/\/www.terravision.eu\/italiano\/wp-json\/wp\/v2\/comments?post=104"}],"version-history":[{"count":1,"href":"https:\/\/www.terravision.eu\/italiano\/wp-json\/wp\/v2\/pages\/104\/revisions"}],"predecessor-version":[{"id":16851,"href":"https:\/\/www.terravision.eu\/italiano\/wp-json\/wp\/v2\/pages\/104\/revisions\/16851"}],"wp:attachment":[{"href":"https:\/\/www.terravision.eu\/italiano\/wp-json\/wp\/v2\/media?parent=104"}],"curies":[{"name":"wp","href":"https:\/\/api.w.org\/{rel}","templated":true}]}}