{"id":116,"date":"2012-07-16T08:56:18","date_gmt":"2012-07-16T08:56:18","guid":{"rendered":"https:\/\/www.terravision.eu\/rome-city-tour\/"},"modified":"2023-03-24T12:07:37","modified_gmt":"2023-03-24T11:07:37","slug":"orpnet","status":"publish","type":"page","link":"https:\/\/www.terravision.eu\/italiano\/orpnet.html","title":{"rendered":"City Tour di Roma"},"content":{"rendered":"<div id=\"article-single\" class=\"citytours-list\">\n<ul class=\"boxes\">\n<li class=\"box\">\n<h1 style=\"text-align:center;\"> <font size=\"5\"><font color=\"#e5007e\"><strong>FREE TOURS IN ROME<\/strong><\/font><\/font><br \/><\/h1>\n<p><img loading=\"lazy\" decoding=\"async\" alt=\"Rome City Tours\" src=\"https:\/\/www.terravision.eu\/wp-content\/blogs.dir\/9\/files\/2023\/02\/trevi-fountain-g96fc5264b_1920.jpg\" width=\"500\" height=\"300\">><\/p>\n<div class=\"description\">\n<span class=\"triangle\"><\/span><\/p>\n<p><font size=\"4\"> Prenota gratuitamente il tuo tour guidato a Roma e decidi quanto pagare! La maggior parte dei tour si basa su un modello &#8220;pay-what-you-want\u201d: pagherai la guida solo alla fine del tour (a tua discrezione).<\/font><\/p>\n<p><a class=\"opener absolute\" href=\"https:\/\/www.freetour.com\/rome?referralID=QdkWhemneJqXBxn7&#038;campaign=Rome\"><strong><em>FREE GUIDED TOUR A ROMA <\/em><\/strong><\/a><br \/>\n<strong><span class=\"price\"><span class=\"currency\">\u20ac<\/span>0<span class=\"decimals\">.00<\/span><\/span><\/strong><\/p>\n<div class=\"subtitle\">\n<div class=\"vendor\">In collaborazione con FREE TOURS <\/div>\n<\/div>\n<\/li>\n<div id=\"article-single\" class=\"citytours-list\">\n<ul class=\"boxes\">\n<li class=\"box\">\n<h1 style=\"text-align:center;\"> <font size=\"5\"><font color=\"#e5007e\"><strong> MONOPATTINO ELETTRICO: TOUR &#038; NOLEGGIO<\/strong><\/font><\/font><br \/><\/h1>\n<p><img loading=\"lazy\" decoding=\"async\" alt=\"Rome City Tours\" src=\"https:\/\/www.terravision.eu\/wp-content\/blogs.dir\/9\/files\/2023\/02\/rome-ga64b9a33d_1920.jpg\" width=\"500\" height=\"300\">><\/p>\n<div class=\"description\">\n<span class=\"triangle\"><\/span><\/p>\n<p><font size=\"4\"> Scopri l&#8217;Antica Roma da una prospettiva nuova: raggiungi velocemente tutte le attrazioni con un monopattino elettrico, divertiti e rispetta l\u2019ambiente!<\/font><\/p>\n<p><a class=\"opener absolute\" href=\" https:\/\/www.terravision.eu\/italiano\/city_tour\/noleggio-monopattino-elettrico-a-roma\/\"><strong><em> NOLEGGIO MONOPATTINO ELETTRICO<\/em><\/strong><\/a><br \/>\n<span class=\"price\"><span class=\"currency\">\u20ac<\/span>19<span class=\"decimals\">.00<\/span><\/span><\/p>\n<p><a class=\"opener absolute\" href=\"https:\/\/www.terravision.eu\/italiano\/city_tour\/tour-con-guida-della-roma-barocca-in-monopattino-elettrico-2-ore\/\"><strong><em> Tour con guida della Roma barocca in monopattino<\/em><\/strong><\/a><br \/>\n<span class=\"price\"><span class=\"currency\">\u20ac<\/span>39<span class=\"decimals\">.00<\/span><\/span><\/p>\n<p><a class=\"opener absolute\" href=\"https:\/\/www.terravision.eu\/italiano\/city_tour\/tour-con-guida-della-roma-barocca-in-segway-2-ore\/\"><strong><em> Tour con guida della Roma barocca in segway<\/em><\/strong><\/a><br \/>\n<span class=\"price\"><span class=\"currency\">\u20ac<\/span>49<span class=\"decimals\">.00<\/span><\/span><\/p>\n<p><a class=\"opener absolute\" href=\"https:\/\/www.terravision.eu\/italiano\/city_tour\/tour-con-guida-della-roma-imperiale-in-monopattino-2-ore\/\"><strong><em> Tour con guida della Roma imperiale in monopattino elettrico<br \/>\n<\/em><\/strong><\/a><br \/>\n<span class=\"price\"><span class=\"currency\">\u20ac<\/span>39<span class=\"decimals\">.00<\/span><\/span><\/p>\n<p><a class=\"opener absolute\" href=\"https:\/\/www.terravision.eu\/city_tour\/imperial-tour-with-guide-in-rome-by-segway-2-hours\/?noredirect=en_US\"><strong><em> Tour con guida della Roma imperiale in segway<br \/>\n<\/em><\/strong><\/a><br \/>\n<span class=\"price\"><span class=\"currency\">\u20ac<\/span>49<span class=\"decimals\">.00<\/span><\/span><\/p>\n<div class=\"subtitle\">\n<div class=\"vendor\">In collaborazione con WE GO TOUR <\/div>\n<\/div>\n<\/li>\n<li class=\"box\">\n<h1 style=\"text-align:center;\"> <font size=\"5\"><font color=\"#e5007e\"><strong>COOKING CLASSES<\/strong><\/font><\/font><br \/><\/h1>\n<p><img loading=\"lazy\" decoding=\"async\" alt=\"Rome City Tours\" src=\"https:\/\/www.terravision.eu\/wp-content\/blogs.dir\/9\/files\/2022\/09\/corso-pizza_4869_res.jpg\" width=\"500\" height=\"300\">><\/p>\n<div class=\"description\">\n<span class=\"triangle\"><\/span><\/p>\n<p><font size=\"4\"> Divertiti imparando a preparare i pi\u00f9 famosi piatti della cucina italiana: pizza, pasta, ravioli e tiramis\u00f9 sotto la guida di uno chef italiano! L&#8217;attivit\u00e0 \u00e8 adatta anche ai bambini.<\/font><\/p>\n<p><a class=\"opener absolute\" href=\"https:\/\/www.terravision.eu\/italiano\/city_tour\/1-hour-pizza-class\/\"><strong><em>P1 HOUR PIZZA CLASS<\/em><\/strong><\/a><br \/>\n<span class=\"price\"><span class=\"currency\">\u20ac<\/span>51<span class=\"decimals\">.00<\/span><\/span><\/p>\n<p><a class=\"opener absolute\" href=\"https:\/\/www.terravision.eu\/italiano\/city_tour\/pasta-ravioli-tiramisu-class\/\"><strong><em>PASTA, RAVIOLI, TIRAMISU CLASS<\/em><\/strong><\/a><br \/>\n<span class=\"price\"><span class=\"currency\">\u20ac<\/span>81<span class=\"decimals\">.00<\/span><\/span><\/p>\n<div class=\"subtitle\">\n<div class=\"vendor\">In collaborazione con INSIDEAT <\/div>\n<\/div>\n<\/li>\n<\/ul>\n<\/div>\n","protected":false},"excerpt":{"rendered":"<p>FREE TOURS IN ROME > Prenota gratuitamente il tuo tour guidato a Roma e decidi quanto pagare! La maggior parte dei tour si basa su un modello &#8220;pay-what-you-want\u201d: pagherai la guida solo alla fine del tour (a tua discrezione). FREE GUIDED TOUR A ROMA \u20ac0.00 In collaborazione con FREE TOURS MONOPATTINO ELETTRICO: TOUR &#038; NOLEGGIO [&hellip;]<\/p>\n","protected":false},"author":130,"featured_media":0,"parent":0,"menu_order":0,"comment_status":"closed","ping_status":"closed","template":"","meta":{"footnotes":""},"class_list":["post-116","page","type-page","status-publish","hentry","cities-roma"],"yoast_head":"<!-- This site is optimized with the Yoast SEO Premium plugin v24.4 (Yoast SEO v24.4) - https:\/\/yoast.com\/wordpress\/plugins\/seo\/ -->\n<title>City Tour di Roma | Terravision<\/title>\n<meta name=\"description\" content=\"City Tour di Roma - Bus hop-on hop-off a Roma, tour delle Basiliche e pass turistici. Prenota online il tuo bus tour di Roma e risparmia!\" \/>\n<meta name=\"robots\" content=\"index, follow, max-snippet:-1, max-image-preview:large, max-video-preview:-1\" \/>\n<link rel=\"canonical\" href=\"https:\/\/www.terravision.eu\/italiano\/orpnet.html\" \/>\n<meta property=\"og:locale\" content=\"it_IT\" \/>\n<meta property=\"og:type\" content=\"article\" \/>\n<meta property=\"og:title\" content=\"City Tour di Roma\" \/>\n<meta property=\"og:description\" content=\"City Tour di Roma - Bus hop-on hop-off a Roma, tour delle Basiliche e pass turistici. Prenota online il tuo bus tour di Roma e risparmia!\" \/>\n<meta property=\"og:url\" content=\"https:\/\/www.terravision.eu\/italiano\/orpnet.html\" \/>\n<meta property=\"og:site_name\" content=\"Terravision Italia\" \/>\n<meta property=\"article:modified_time\" content=\"2023-03-24T11:07:37+00:00\" \/>\n<meta property=\"og:image\" content=\"https:\/\/www.terravision.eu\/wp-content\/blogs.dir\/9\/files\/2023\/02\/trevi-fountain-g96fc5264b_1920.jpg\" \/>\n<meta name=\"twitter:label1\" content=\"Tempo di lettura stimato\" \/>\n\t<meta name=\"twitter:data1\" content=\"1 minute\" \/>\n<script type=\"application\/ld+json\" class=\"yoast-schema-graph\">{\"@context\":\"https:\/\/schema.org\",\"@graph\":[{\"@type\":\"WebPage\",\"@id\":\"https:\/\/www.terravision.eu\/italiano\/orpnet.html\",\"url\":\"https:\/\/www.terravision.eu\/italiano\/orpnet.html\",\"name\":\"City Tour di Roma | Terravision\",\"isPartOf\":{\"@id\":\"https:\/\/www.terravision.eu\/italiano\/#website\"},\"primaryImageOfPage\":{\"@id\":\"https:\/\/www.terravision.eu\/italiano\/orpnet.html#primaryimage\"},\"image\":{\"@id\":\"https:\/\/www.terravision.eu\/italiano\/orpnet.html#primaryimage\"},\"thumbnailUrl\":\"https:\/\/www.terravision.eu\/wp-content\/blogs.dir\/9\/files\/2023\/02\/trevi-fountain-g96fc5264b_1920.jpg\",\"datePublished\":\"2012-07-16T08:56:18+00:00\",\"dateModified\":\"2023-03-24T11:07:37+00:00\",\"description\":\"City Tour di Roma - Bus hop-on hop-off a Roma, tour delle Basiliche e pass turistici. Prenota online il tuo bus tour di Roma e risparmia!\",\"breadcrumb\":{\"@id\":\"https:\/\/www.terravision.eu\/italiano\/orpnet.html#breadcrumb\"},\"inLanguage\":\"it-IT\",\"potentialAction\":[{\"@type\":\"ReadAction\",\"target\":[\"https:\/\/www.terravision.eu\/italiano\/orpnet.html\"]}]},{\"@type\":\"ImageObject\",\"inLanguage\":\"it-IT\",\"@id\":\"https:\/\/www.terravision.eu\/italiano\/orpnet.html#primaryimage\",\"url\":\"https:\/\/www.terravision.eu\/wp-content\/blogs.dir\/9\/files\/2023\/02\/trevi-fountain-g96fc5264b_1920.jpg\",\"contentUrl\":\"https:\/\/www.terravision.eu\/wp-content\/blogs.dir\/9\/files\/2023\/02\/trevi-fountain-g96fc5264b_1920.jpg\"},{\"@type\":\"BreadcrumbList\",\"@id\":\"https:\/\/www.terravision.eu\/italiano\/orpnet.html#breadcrumb\",\"itemListElement\":[{\"@type\":\"ListItem\",\"position\":1,\"name\":\"Home\",\"item\":\"https:\/\/www.terravision.eu\/italiano\/\"},{\"@type\":\"ListItem\",\"position\":2,\"name\":\"City Tour di Roma\"}]},{\"@type\":\"WebSite\",\"@id\":\"https:\/\/www.terravision.eu\/italiano\/#website\",\"url\":\"https:\/\/www.terravision.eu\/italiano\/\",\"name\":\"Terravision Italia\",\"description\":\"Collegamenti Lowcost da\/per i principali Aeroporti europei\",\"potentialAction\":[{\"@type\":\"SearchAction\",\"target\":{\"@type\":\"EntryPoint\",\"urlTemplate\":\"https:\/\/www.terravision.eu\/italiano\/?s={search_term_string}\"},\"query-input\":{\"@type\":\"PropertyValueSpecification\",\"valueRequired\":true,\"valueName\":\"search_term_string\"}}],\"inLanguage\":\"it-IT\"}]}<\/script>\n<!-- \/ Yoast SEO Premium plugin. -->","yoast_head_json":{"title":"City Tour di Roma | Terravision","description":"City Tour di Roma - Bus hop-on hop-off a Roma, tour delle Basiliche e pass turistici. Prenota online il tuo bus tour di Roma e risparmia!","robots":{"index":"index","follow":"follow","max-snippet":"max-snippet:-1","max-image-preview":"max-image-preview:large","max-video-preview":"max-video-preview:-1"},"canonical":"https:\/\/www.terravision.eu\/italiano\/orpnet.html","og_locale":"it_IT","og_type":"article","og_title":"City Tour di Roma","og_description":"City Tour di Roma - Bus hop-on hop-off a Roma, tour delle Basiliche e pass turistici. Prenota online il tuo bus tour di Roma e risparmia!","og_url":"https:\/\/www.terravision.eu\/italiano\/orpnet.html","og_site_name":"Terravision Italia","article_modified_time":"2023-03-24T11:07:37+00:00","og_image":[{"url":"https:\/\/www.terravision.eu\/wp-content\/blogs.dir\/9\/files\/2023\/02\/trevi-fountain-g96fc5264b_1920.jpg","type":"","width":"","height":""}],"twitter_misc":{"Tempo di lettura stimato":"1 minute"},"schema":{"@context":"https:\/\/schema.org","@graph":[{"@type":"WebPage","@id":"https:\/\/www.terravision.eu\/italiano\/orpnet.html","url":"https:\/\/www.terravision.eu\/italiano\/orpnet.html","name":"City Tour di Roma | Terravision","isPartOf":{"@id":"https:\/\/www.terravision.eu\/italiano\/#website"},"primaryImageOfPage":{"@id":"https:\/\/www.terravision.eu\/italiano\/orpnet.html#primaryimage"},"image":{"@id":"https:\/\/www.terravision.eu\/italiano\/orpnet.html#primaryimage"},"thumbnailUrl":"https:\/\/www.terravision.eu\/wp-content\/blogs.dir\/9\/files\/2023\/02\/trevi-fountain-g96fc5264b_1920.jpg","datePublished":"2012-07-16T08:56:18+00:00","dateModified":"2023-03-24T11:07:37+00:00","description":"City Tour di Roma - Bus hop-on hop-off a Roma, tour delle Basiliche e pass turistici. Prenota online il tuo bus tour di Roma e risparmia!","breadcrumb":{"@id":"https:\/\/www.terravision.eu\/italiano\/orpnet.html#breadcrumb"},"inLanguage":"it-IT","potentialAction":[{"@type":"ReadAction","target":["https:\/\/www.terravision.eu\/italiano\/orpnet.html"]}]},{"@type":"ImageObject","inLanguage":"it-IT","@id":"https:\/\/www.terravision.eu\/italiano\/orpnet.html#primaryimage","url":"https:\/\/www.terravision.eu\/wp-content\/blogs.dir\/9\/files\/2023\/02\/trevi-fountain-g96fc5264b_1920.jpg","contentUrl":"https:\/\/www.terravision.eu\/wp-content\/blogs.dir\/9\/files\/2023\/02\/trevi-fountain-g96fc5264b_1920.jpg"},{"@type":"BreadcrumbList","@id":"https:\/\/www.terravision.eu\/italiano\/orpnet.html#breadcrumb","itemListElement":[{"@type":"ListItem","position":1,"name":"Home","item":"https:\/\/www.terravision.eu\/italiano\/"},{"@type":"ListItem","position":2,"name":"City Tour di Roma"}]},{"@type":"WebSite","@id":"https:\/\/www.terravision.eu\/italiano\/#website","url":"https:\/\/www.terravision.eu\/italiano\/","name":"Terravision Italia","description":"Collegamenti Lowcost da\/per i principali Aeroporti europei","potentialAction":[{"@type":"SearchAction","target":{"@type":"EntryPoint","urlTemplate":"https:\/\/www.terravision.eu\/italiano\/?s={search_term_string}"},"query-input":{"@type":"PropertyValueSpecification","valueRequired":true,"valueName":"search_term_string"}}],"inLanguage":"it-IT"}]}},"_links":{"self":[{"href":"https:\/\/www.terravision.eu\/italiano\/wp-json\/wp\/v2\/pages\/116","targetHints":{"allow":["GET"]}}],"collection":[{"href":"https:\/\/www.terravision.eu\/italiano\/wp-json\/wp\/v2\/pages"}],"about":[{"href":"https:\/\/www.terravision.eu\/italiano\/wp-json\/wp\/v2\/types\/page"}],"author":[{"embeddable":true,"href":"https:\/\/www.terravision.eu\/italiano\/wp-json\/wp\/v2\/users\/130"}],"replies":[{"embeddable":true,"href":"https:\/\/www.terravision.eu\/italiano\/wp-json\/wp\/v2\/comments?post=116"}],"version-history":[{"count":2,"href":"https:\/\/www.terravision.eu\/italiano\/wp-json\/wp\/v2\/pages\/116\/revisions"}],"predecessor-version":[{"id":18924,"href":"https:\/\/www.terravision.eu\/italiano\/wp-json\/wp\/v2\/pages\/116\/revisions\/18924"}],"wp:attachment":[{"href":"https:\/\/www.terravision.eu\/italiano\/wp-json\/wp\/v2\/media?parent=116"}],"curies":[{"name":"wp","href":"https:\/\/api.w.org\/{rel}","templated":true}]}}