{"id":129,"date":"2012-08-07T12:11:21","date_gmt":"2012-08-07T12:11:21","guid":{"rendered":"https:\/\/www.terravision.eu\/verona-airport\/"},"modified":"2014-09-12T14:32:08","modified_gmt":"2014-09-12T12:32:08","slug":"verona_aeroporto","status":"publish","type":"page","link":"https:\/\/www.terravision.eu\/italiano\/verona_aeroporto.html","title":{"rendered":"Aeroporto di Verona"},"content":{"rendered":"<p><strong><\/strong>L&#8217;<strong>Aeroporto di Verona-Villafranca<\/strong>, intitolato a Valerio Catullo, dista 12 km dal centro della citt\u00e0 di Verona.<br \/> L&#8217;aeroporto si trova al centro di un&#8217;area che comprende le province di Brescia, Mantova, Rovigo, Vicenza, Trento, Bolzano e Verona e che ospita circa quattro milioni di abitanti. Con pi\u00f9 di 3 milioni 400 mila passeggeri * transitati nel 2008, si attesta tra i primi aeroporti italiani. Nell&#8217;aeroporto di Verona Villafranca viene applicato il nuovo Regolamento della Comunit\u00e0 europea a favore dei passeggeri disabili e a ridotta mobilit\u00e0. L&#8217;aeroporto \u00e8 un nodo cruciale per gli appassionati della neve e di ski che volano a Verona per raggiungere le alte vette innevate (e verdeggianti d&#8217;estate) delle Dolomiti.<\/p>\n<p>L&#8217;<strong>Aeroporto di Verona<\/strong> in numeri:<\/p>\n<ul>\n<li>Distanza dell&#8217;aeroporto dal centro di Verona: circa 12 Km.<\/li>\n<li>Distanza dell&#8217;aerporto dal centro di Milano: circa 45 Km.<\/li>\n<li>Passeggeri in transito nel 2008: about 3.5 milioni.<\/li>\n<\/ul>\n<p>Per maggiori informazioni consulta il sito ufficiale dell&#8217;aeroporto: <a title=\"Verona Airport \" href=\"http:\/\/www.aeroportoverona.it\/\" target=\"_blank\">www.aeroportoverona.it<\/a><\/p>\n<p>Principali compagnie aeree che servono l&#8217;aeroporto:<br \/>\n<a title=\"Ryanair - Verona Airport\" href=\"http:\/\/www.ryanair.com\/\" target=\"_blank\">Ryanair<\/a> | <a title=\"Wizzair - Verona Airport\" href=\"http:\/\/www.wizzair.com\/\" target=\"_blank\">Wizzair<\/a> | <a title=\"Alitalia - Verona Airport\" href=\"http:\/\/www.alitalia.it\/\" target=\"_blank\">Alitalia<\/a> | <a title=\"Eurofly - Verona Ariport\" href=\"http:\/\/www.euroflyusa.com\/\" target=\"_blank\">Eurofly<\/a> | <a title=\"Skyeurope - Verona Airport\" href=\"http:\/\/www.skyeurope.com\/\" target=\"_blank\">SkyEurope<\/a> | <a title=\"Airdolomiti - Verona Airport\" href=\"https:\/\/www.terravision.eu\/www.airdolomiti.it\" target=\"_blank\">Air dolomiti<\/a><br \/>\n<a title=\"Air France - Verona Airport\" href=\"http:\/\/www.airfrance.com\/\" target=\"_blank\">Air France<\/a> | <a title=\"Air Italy - Verona Airport\" href=\"http:\/\/www.airitaly.eu\/\" target=\"_blank\">Air Italy<\/a> | <a title=\"Air Malta - Verona Airport\" href=\"http:\/\/www.airmalta.com\/\" target=\"_blank\">Air Malta<\/a> |<a title=\"British Airways - Verona Ariport\" href=\"http:\/\/www.britishairways.com\/\" target=\"_blank\"> British Airways<\/a><\/p>\n<p><strong>Bus Dolomiti <\/strong>&#8211; Terravision opera un servizio di collegamento bus che partedall&#8217;aeroporto di Verona Valerio Catullo e arriva sulle Dolomiti (Bolzano; Ortisei; Santa Cristina; Selva di Val Gardena).<\/p>\n<p>\nBus Dolomiti &#8211; <a target=\"_blank\" title=\"Bus Dolomiti - Prenota Ora\" href=\"dolomites_verona.html\">Prenota Ora!<\/a><\/p>\n","protected":false},"excerpt":{"rendered":"<p>L&#8217;Aeroporto di Verona-Villafranca, intitolato a Valerio Catullo, dista 12 km dal centro della citt\u00e0 di Verona. L&#8217;aeroporto si trova al centro di un&#8217;area che comprende le province di Brescia, Mantova, Rovigo, Vicenza, Trento, Bolzano e Verona e che ospita circa quattro milioni di abitanti. Con pi\u00f9 di 3 milioni 400 mila passeggeri * transitati nel [&hellip;]<\/p>\n","protected":false},"author":130,"featured_media":0,"parent":0,"menu_order":0,"comment_status":"open","ping_status":"open","template":"","meta":{"footnotes":""},"class_list":["post-129","page","type-page","status-publish","hentry","cities-dolomiti"],"yoast_head":"<!-- This site is optimized with the Yoast SEO Premium plugin v24.4 (Yoast SEO v24.4) - https:\/\/yoast.com\/wordpress\/plugins\/seo\/ -->\n<title>Aeroporto di Verona - Informazioni | Terravision<\/title>\n<meta name=\"description\" content=\"Aeroporto di Verona (Valerio Catullo). Informazioni sull&#039;Aeroporto di Verona, linee aeree che volano da\/per l&#039;Aeroporto di Verona, bus per le Dolomiti.\" \/>\n<meta name=\"robots\" content=\"index, follow, max-snippet:-1, max-image-preview:large, max-video-preview:-1\" \/>\n<link rel=\"canonical\" href=\"https:\/\/www.terravision.eu\/italiano\/verona_aeroporto.html\" \/>\n<meta property=\"og:locale\" content=\"it_IT\" \/>\n<meta property=\"og:type\" content=\"article\" \/>\n<meta property=\"og:title\" content=\"Aeroporto di Verona\" \/>\n<meta property=\"og:description\" content=\"Aeroporto di Verona (Valerio Catullo). Informazioni sull&#039;Aeroporto di Verona, linee aeree che volano da\/per l&#039;Aeroporto di Verona, bus per le Dolomiti.\" \/>\n<meta property=\"og:url\" content=\"https:\/\/www.terravision.eu\/italiano\/verona_aeroporto.html\" \/>\n<meta property=\"og:site_name\" content=\"Terravision Italia\" \/>\n<meta property=\"article:modified_time\" content=\"2014-09-12T12:32:08+00:00\" \/>\n<meta name=\"twitter:label1\" content=\"Tempo di lettura stimato\" \/>\n\t<meta name=\"twitter:data1\" content=\"1 minute\" \/>\n<script type=\"application\/ld+json\" class=\"yoast-schema-graph\">{\"@context\":\"https:\/\/schema.org\",\"@graph\":[{\"@type\":\"WebPage\",\"@id\":\"https:\/\/www.terravision.eu\/italiano\/verona_aeroporto.html\",\"url\":\"https:\/\/www.terravision.eu\/italiano\/verona_aeroporto.html\",\"name\":\"Aeroporto di Verona - Informazioni | Terravision\",\"isPartOf\":{\"@id\":\"https:\/\/www.terravision.eu\/italiano\/#website\"},\"datePublished\":\"2012-08-07T12:11:21+00:00\",\"dateModified\":\"2014-09-12T12:32:08+00:00\",\"description\":\"Aeroporto di Verona (Valerio Catullo). Informazioni sull'Aeroporto di Verona, linee aeree che volano da\/per l'Aeroporto di Verona, bus per le Dolomiti.\",\"breadcrumb\":{\"@id\":\"https:\/\/www.terravision.eu\/italiano\/verona_aeroporto.html#breadcrumb\"},\"inLanguage\":\"it-IT\",\"potentialAction\":[{\"@type\":\"ReadAction\",\"target\":[\"https:\/\/www.terravision.eu\/italiano\/verona_aeroporto.html\"]}]},{\"@type\":\"BreadcrumbList\",\"@id\":\"https:\/\/www.terravision.eu\/italiano\/verona_aeroporto.html#breadcrumb\",\"itemListElement\":[{\"@type\":\"ListItem\",\"position\":1,\"name\":\"Home\",\"item\":\"https:\/\/www.terravision.eu\/italiano\/\"},{\"@type\":\"ListItem\",\"position\":2,\"name\":\"Aeroporto di Verona\"}]},{\"@type\":\"WebSite\",\"@id\":\"https:\/\/www.terravision.eu\/italiano\/#website\",\"url\":\"https:\/\/www.terravision.eu\/italiano\/\",\"name\":\"Terravision Italia\",\"description\":\"Collegamenti Lowcost da\/per i principali Aeroporti europei\",\"potentialAction\":[{\"@type\":\"SearchAction\",\"target\":{\"@type\":\"EntryPoint\",\"urlTemplate\":\"https:\/\/www.terravision.eu\/italiano\/?s={search_term_string}\"},\"query-input\":{\"@type\":\"PropertyValueSpecification\",\"valueRequired\":true,\"valueName\":\"search_term_string\"}}],\"inLanguage\":\"it-IT\"}]}<\/script>\n<!-- \/ Yoast SEO Premium plugin. -->","yoast_head_json":{"title":"Aeroporto di Verona - Informazioni | Terravision","description":"Aeroporto di Verona (Valerio Catullo). Informazioni sull'Aeroporto di Verona, linee aeree che volano da\/per l'Aeroporto di Verona, bus per le Dolomiti.","robots":{"index":"index","follow":"follow","max-snippet":"max-snippet:-1","max-image-preview":"max-image-preview:large","max-video-preview":"max-video-preview:-1"},"canonical":"https:\/\/www.terravision.eu\/italiano\/verona_aeroporto.html","og_locale":"it_IT","og_type":"article","og_title":"Aeroporto di Verona","og_description":"Aeroporto di Verona (Valerio Catullo). Informazioni sull'Aeroporto di Verona, linee aeree che volano da\/per l'Aeroporto di Verona, bus per le Dolomiti.","og_url":"https:\/\/www.terravision.eu\/italiano\/verona_aeroporto.html","og_site_name":"Terravision Italia","article_modified_time":"2014-09-12T12:32:08+00:00","twitter_misc":{"Tempo di lettura stimato":"1 minute"},"schema":{"@context":"https:\/\/schema.org","@graph":[{"@type":"WebPage","@id":"https:\/\/www.terravision.eu\/italiano\/verona_aeroporto.html","url":"https:\/\/www.terravision.eu\/italiano\/verona_aeroporto.html","name":"Aeroporto di Verona - Informazioni | Terravision","isPartOf":{"@id":"https:\/\/www.terravision.eu\/italiano\/#website"},"datePublished":"2012-08-07T12:11:21+00:00","dateModified":"2014-09-12T12:32:08+00:00","description":"Aeroporto di Verona (Valerio Catullo). Informazioni sull'Aeroporto di Verona, linee aeree che volano da\/per l'Aeroporto di Verona, bus per le Dolomiti.","breadcrumb":{"@id":"https:\/\/www.terravision.eu\/italiano\/verona_aeroporto.html#breadcrumb"},"inLanguage":"it-IT","potentialAction":[{"@type":"ReadAction","target":["https:\/\/www.terravision.eu\/italiano\/verona_aeroporto.html"]}]},{"@type":"BreadcrumbList","@id":"https:\/\/www.terravision.eu\/italiano\/verona_aeroporto.html#breadcrumb","itemListElement":[{"@type":"ListItem","position":1,"name":"Home","item":"https:\/\/www.terravision.eu\/italiano\/"},{"@type":"ListItem","position":2,"name":"Aeroporto di Verona"}]},{"@type":"WebSite","@id":"https:\/\/www.terravision.eu\/italiano\/#website","url":"https:\/\/www.terravision.eu\/italiano\/","name":"Terravision Italia","description":"Collegamenti Lowcost da\/per i principali Aeroporti europei","potentialAction":[{"@type":"SearchAction","target":{"@type":"EntryPoint","urlTemplate":"https:\/\/www.terravision.eu\/italiano\/?s={search_term_string}"},"query-input":{"@type":"PropertyValueSpecification","valueRequired":true,"valueName":"search_term_string"}}],"inLanguage":"it-IT"}]}},"_links":{"self":[{"href":"https:\/\/www.terravision.eu\/italiano\/wp-json\/wp\/v2\/pages\/129","targetHints":{"allow":["GET"]}}],"collection":[{"href":"https:\/\/www.terravision.eu\/italiano\/wp-json\/wp\/v2\/pages"}],"about":[{"href":"https:\/\/www.terravision.eu\/italiano\/wp-json\/wp\/v2\/types\/page"}],"author":[{"embeddable":true,"href":"https:\/\/www.terravision.eu\/italiano\/wp-json\/wp\/v2\/users\/130"}],"replies":[{"embeddable":true,"href":"https:\/\/www.terravision.eu\/italiano\/wp-json\/wp\/v2\/comments?post=129"}],"version-history":[{"count":1,"href":"https:\/\/www.terravision.eu\/italiano\/wp-json\/wp\/v2\/pages\/129\/revisions"}],"predecessor-version":[{"id":14918,"href":"https:\/\/www.terravision.eu\/italiano\/wp-json\/wp\/v2\/pages\/129\/revisions\/14918"}],"wp:attachment":[{"href":"https:\/\/www.terravision.eu\/italiano\/wp-json\/wp\/v2\/media?parent=129"}],"curies":[{"name":"wp","href":"https:\/\/api.w.org\/{rel}","templated":true}]}}