{"id":165,"date":"2012-08-09T13:08:02","date_gmt":"2012-08-09T13:08:02","guid":{"rendered":"https:\/\/www.terravision.eu\/how-to-get-to-london\/"},"modified":"2020-04-01T07:36:53","modified_gmt":"2020-04-01T05:36:53","slug":"come_arrivare_londra","status":"publish","type":"page","link":"https:\/\/www.terravision.eu\/italiano\/come_arrivare_londra.html","title":{"rendered":"Come arrivare a Londra"},"content":{"rendered":"<div id=\"article-single\"><strong>In aereo<\/strong> Londra \u00e8 collegata con l\u2019Europa e con il resto del mondo attraverso I suoi maggiori aeroporti: &#8211; Gli aeroporti Internazionali di Heathrow e Gatwick &#8211; Gli aeroporti Lowcost di Luton e Stransted <strong>In macchina<\/strong> Raggiungere Londra in macchina \u00e8 semplice grazie alla sua sviluppatissima rete di autostrade: M1- M2 \u2013 M3 \u2013 M4 \u2013 M11 \u2013 M20 \u2013 M23 \u2013 M25 ed M40 cos\u00ec come le molte A-roads. Ogni autostrada \u00e8 poi collegata alla M25 per un facile accesso alla Citt\u00e0. <strong>In treno<\/strong> Arrivando dall\u2019Europa : Eurostar ed Eurotunnel Viaggiando all\u2019interno del Regno Unito, Galles e Scozia: attraverso uno sviluppatissimo sistema ferroviario. Distanze dalle maggiori citt\u00e0: &#8211; Birmingham: 1 ora e 30 minuti &#8211; Manchester: 2 ore e 15 minuti &#8211; Newcastle: 3 ore &#8211; Edinburgo: 4 ore e 30 minuti &#8211; Glasgow: 5 ore <strong>In traghetto<\/strong> Londra \u00e8 anche raggiungibile in barca o in traghetto, insieme ad un trasferimento in treno o in Pullman dalla costa alla Citt\u00e0. I maggiori attracchi dei traghetti sono: Dover, Folkestone, Harwich, Ramsgate, Newhaven. <strong>Consigli di viaggio lowcost<\/strong> Compra la Oyster Card una volta arrivato a Londra per risparmiare denaro ogni giorno su tutti i bus e su tutte le corse e linee della metropolitana.<\/div>\n","protected":false},"excerpt":{"rendered":"<p>In aereo Londra \u00e8 collegata con l\u2019Europa e con il resto del mondo attraverso I suoi maggiori aeroporti: &#8211; Gli aeroporti Internazionali di Heathrow e Gatwick &#8211; Gli aeroporti Lowcost di Luton e Stransted In macchina Raggiungere Londra in macchina \u00e8 semplice grazie alla sua sviluppatissima rete di autostrade: M1- M2 \u2013 M3 \u2013 M4 [&hellip;]<\/p>\n","protected":false},"author":130,"featured_media":0,"parent":0,"menu_order":0,"comment_status":"open","ping_status":"open","template":"","meta":{"footnotes":""},"class_list":["post-165","page","type-page","status-publish","hentry","cities-londra"],"yoast_head":"<!-- This site is optimized with the Yoast SEO Premium plugin v24.4 (Yoast SEO v24.4) - https:\/\/yoast.com\/wordpress\/plugins\/seo\/ -->\n<title>Come arrivare a Londra | Terravision<\/title>\n<meta name=\"description\" content=\"Come arrivare a Londra. Informazioni su come arrivare a Londra con l&#039;aereo, con il treno, in macchina o in autobus; le soluzioni pi\u00f9 rapide ed economiche.\" \/>\n<meta name=\"robots\" content=\"index, follow, max-snippet:-1, max-image-preview:large, max-video-preview:-1\" \/>\n<link rel=\"canonical\" href=\"https:\/\/www.terravision.eu\/italiano\/come_arrivare_londra.html\" \/>\n<meta property=\"og:locale\" content=\"it_IT\" \/>\n<meta property=\"og:type\" content=\"article\" \/>\n<meta property=\"og:title\" content=\"Come arrivare a Londra\" \/>\n<meta property=\"og:description\" content=\"Come arrivare a Londra. Informazioni su come arrivare a Londra con l&#039;aereo, con il treno, in macchina o in autobus; le soluzioni pi\u00f9 rapide ed economiche.\" \/>\n<meta property=\"og:url\" content=\"https:\/\/www.terravision.eu\/italiano\/come_arrivare_londra.html\" \/>\n<meta property=\"og:site_name\" content=\"Terravision Italia\" \/>\n<meta property=\"article:modified_time\" content=\"2020-04-01T05:36:53+00:00\" \/>\n<meta name=\"twitter:label1\" content=\"Tempo di lettura stimato\" \/>\n\t<meta name=\"twitter:data1\" content=\"1 minute\" \/>\n<script type=\"application\/ld+json\" class=\"yoast-schema-graph\">{\"@context\":\"https:\/\/schema.org\",\"@graph\":[{\"@type\":\"WebPage\",\"@id\":\"https:\/\/www.terravision.eu\/italiano\/come_arrivare_londra.html\",\"url\":\"https:\/\/www.terravision.eu\/italiano\/come_arrivare_londra.html\",\"name\":\"Come arrivare a Londra | Terravision\",\"isPartOf\":{\"@id\":\"https:\/\/www.terravision.eu\/italiano\/#website\"},\"datePublished\":\"2012-08-09T13:08:02+00:00\",\"dateModified\":\"2020-04-01T05:36:53+00:00\",\"description\":\"Come arrivare a Londra. Informazioni su come arrivare a Londra con l'aereo, con il treno, in macchina o in autobus; le soluzioni pi\u00f9 rapide ed economiche.\",\"breadcrumb\":{\"@id\":\"https:\/\/www.terravision.eu\/italiano\/come_arrivare_londra.html#breadcrumb\"},\"inLanguage\":\"it-IT\",\"potentialAction\":[{\"@type\":\"ReadAction\",\"target\":[\"https:\/\/www.terravision.eu\/italiano\/come_arrivare_londra.html\"]}]},{\"@type\":\"BreadcrumbList\",\"@id\":\"https:\/\/www.terravision.eu\/italiano\/come_arrivare_londra.html#breadcrumb\",\"itemListElement\":[{\"@type\":\"ListItem\",\"position\":1,\"name\":\"Home\",\"item\":\"https:\/\/www.terravision.eu\/italiano\/\"},{\"@type\":\"ListItem\",\"position\":2,\"name\":\"Come arrivare a Londra\"}]},{\"@type\":\"WebSite\",\"@id\":\"https:\/\/www.terravision.eu\/italiano\/#website\",\"url\":\"https:\/\/www.terravision.eu\/italiano\/\",\"name\":\"Terravision Italia\",\"description\":\"Collegamenti Lowcost da\/per i principali Aeroporti europei\",\"potentialAction\":[{\"@type\":\"SearchAction\",\"target\":{\"@type\":\"EntryPoint\",\"urlTemplate\":\"https:\/\/www.terravision.eu\/italiano\/?s={search_term_string}\"},\"query-input\":{\"@type\":\"PropertyValueSpecification\",\"valueRequired\":true,\"valueName\":\"search_term_string\"}}],\"inLanguage\":\"it-IT\"}]}<\/script>\n<!-- \/ Yoast SEO Premium plugin. -->","yoast_head_json":{"title":"Come arrivare a Londra | Terravision","description":"Come arrivare a Londra. Informazioni su come arrivare a Londra con l'aereo, con il treno, in macchina o in autobus; le soluzioni pi\u00f9 rapide ed economiche.","robots":{"index":"index","follow":"follow","max-snippet":"max-snippet:-1","max-image-preview":"max-image-preview:large","max-video-preview":"max-video-preview:-1"},"canonical":"https:\/\/www.terravision.eu\/italiano\/come_arrivare_londra.html","og_locale":"it_IT","og_type":"article","og_title":"Come arrivare a Londra","og_description":"Come arrivare a Londra. Informazioni su come arrivare a Londra con l'aereo, con il treno, in macchina o in autobus; le soluzioni pi\u00f9 rapide ed economiche.","og_url":"https:\/\/www.terravision.eu\/italiano\/come_arrivare_londra.html","og_site_name":"Terravision Italia","article_modified_time":"2020-04-01T05:36:53+00:00","twitter_misc":{"Tempo di lettura stimato":"1 minute"},"schema":{"@context":"https:\/\/schema.org","@graph":[{"@type":"WebPage","@id":"https:\/\/www.terravision.eu\/italiano\/come_arrivare_londra.html","url":"https:\/\/www.terravision.eu\/italiano\/come_arrivare_londra.html","name":"Come arrivare a Londra | Terravision","isPartOf":{"@id":"https:\/\/www.terravision.eu\/italiano\/#website"},"datePublished":"2012-08-09T13:08:02+00:00","dateModified":"2020-04-01T05:36:53+00:00","description":"Come arrivare a Londra. Informazioni su come arrivare a Londra con l'aereo, con il treno, in macchina o in autobus; le soluzioni pi\u00f9 rapide ed economiche.","breadcrumb":{"@id":"https:\/\/www.terravision.eu\/italiano\/come_arrivare_londra.html#breadcrumb"},"inLanguage":"it-IT","potentialAction":[{"@type":"ReadAction","target":["https:\/\/www.terravision.eu\/italiano\/come_arrivare_londra.html"]}]},{"@type":"BreadcrumbList","@id":"https:\/\/www.terravision.eu\/italiano\/come_arrivare_londra.html#breadcrumb","itemListElement":[{"@type":"ListItem","position":1,"name":"Home","item":"https:\/\/www.terravision.eu\/italiano\/"},{"@type":"ListItem","position":2,"name":"Come arrivare a Londra"}]},{"@type":"WebSite","@id":"https:\/\/www.terravision.eu\/italiano\/#website","url":"https:\/\/www.terravision.eu\/italiano\/","name":"Terravision Italia","description":"Collegamenti Lowcost da\/per i principali Aeroporti europei","potentialAction":[{"@type":"SearchAction","target":{"@type":"EntryPoint","urlTemplate":"https:\/\/www.terravision.eu\/italiano\/?s={search_term_string}"},"query-input":{"@type":"PropertyValueSpecification","valueRequired":true,"valueName":"search_term_string"}}],"inLanguage":"it-IT"}]}},"_links":{"self":[{"href":"https:\/\/www.terravision.eu\/italiano\/wp-json\/wp\/v2\/pages\/165","targetHints":{"allow":["GET"]}}],"collection":[{"href":"https:\/\/www.terravision.eu\/italiano\/wp-json\/wp\/v2\/pages"}],"about":[{"href":"https:\/\/www.terravision.eu\/italiano\/wp-json\/wp\/v2\/types\/page"}],"author":[{"embeddable":true,"href":"https:\/\/www.terravision.eu\/italiano\/wp-json\/wp\/v2\/users\/130"}],"replies":[{"embeddable":true,"href":"https:\/\/www.terravision.eu\/italiano\/wp-json\/wp\/v2\/comments?post=165"}],"version-history":[{"count":2,"href":"https:\/\/www.terravision.eu\/italiano\/wp-json\/wp\/v2\/pages\/165\/revisions"}],"predecessor-version":[{"id":17953,"href":"https:\/\/www.terravision.eu\/italiano\/wp-json\/wp\/v2\/pages\/165\/revisions\/17953"}],"wp:attachment":[{"href":"https:\/\/www.terravision.eu\/italiano\/wp-json\/wp\/v2\/media?parent=165"}],"curies":[{"name":"wp","href":"https:\/\/api.w.org\/{rel}","templated":true}]}}