{"id":17132,"date":"2018-11-09T15:39:56","date_gmt":"2018-11-09T14:39:56","guid":{"rendered":"https:\/\/www.terravision.eu\/italiano\/?page_id=17132"},"modified":"2018-11-09T15:39:56","modified_gmt":"2018-11-09T14:39:56","slug":"il-tuo-viaggio-door-door","status":"publish","type":"page","link":"https:\/\/www.terravision.eu\/italiano\/il-tuo-viaggio-door-door.html","title":{"rendered":"Il tuo viaggio door-to-door"},"content":{"rendered":"<p><strong>Il tuo viaggio door-to-door<\/strong><\/p>\n<ol>\n<li><a href=\"#\u00c8 possibile acquistare biglietti in fermata?\"><strong>\u00c8 possibile acquistare biglietti in fermata?<\/strong><\/li>\n<li><a href=\"#Quante ore prima devo acquistare il biglietto online?\"><strong>Quante ore prima devo acquistare il biglietto online?<\/strong><\/li>\n<li><a href=\"#Dove trovo la fermata e gli orari del servizio?\"><strong>Dove trovo la fermata e gli orari del servizio?<\/strong><\/li>\n<li><a href=\"#Viene richiesto un costo extra per i bagagli?\"><strong>Viene richiesto un costo extra per i bagagli?<\/strong><\/li>\n<li><a href=\"#Il bus attende l'arrivo dei passeggeri in caso di ritardo del volo?\"><strong>Il bus attende l&#8217;arrivo dei passeggeri in caso di ritardo del volo?<\/strong><\/li>\n<li><a href=\"#\u00c8 possibile cancellare\/modificare il mio biglietto? Come fare?\"><strong>\u00c8 possibile cancellare\/modificare il mio biglietto? Come fare?<\/strong><\/li>\n<\/ol>\n<p>&ensp;<br \/>\n&ensp;<br \/>\n&ensp;<br \/>\n&ensp;<br \/>\n&ensp;<\/p>\n<ol>\n<li><a id=\"\u00c8 possibile acquistare biglietti in fermata?\"><\/a><strong>\u00c8 possibile acquistare biglietti in fermata?<\/strong><\/li>\n<p>No. Trattandosi di un servizio porta a porta, \u00e8 necessario effettuare una prenotazione online inserendo tutti i dettagli richiesti dal sistema, cosicch\u00e9 lo staff avr\u00e0 tutti i dettagli in anticipo per organizzare il vostro transfer. \t\t\t\t\t\t\t\t<\/p>\n<li><a id=\"Quante ore prima devo acquistare il biglietto online?\"><\/a><strong>Quante ore prima devo acquistare il biglietto online?<\/strong><\/li>\n<p>Poich\u00e9 si tratta di un servizio porta a porta, dunque interamente organizzato a seconda dei tuoi bisogni, \u00e8 necessario effettuare una prenotazione con almeno 72 ore di anticipo rispetto all&#8217;orario previsto per la partenza. \t\t\t\t\t\t\t\t<\/p>\n<li><a id=\"Dove trovo la fermata e gli orari del servizio?\"><\/a><strong>Dove trovo la fermata e gli orari del servizio?<\/strong><\/li>\n<p>Poich\u00e9 si tratta di un servizio porta a porta, tutti i transfer vengono organizzati a seconda dei dettagli inseriti durante il processo di acquisto, dunque orari del volo e hotel\/localit\u00e0.<br \/>\nVi ricordiamo che, proprio per questo, \u00e8 necessario fissare il transfer di ritorno con 48 ore di anticipo seguendo tutte le istruzioni presenti sul vostro Voucher Terravision. \t\t\t\t\t\t<\/p>\n<li><a id=\"Viene richiesto un costo extra per i bagagli?\"><\/a><strong>Viene richiesto un costo extra per i bagagli?<\/strong><\/li>\n<p>No, tuttavia sono ammessi solo un bagaglio grande e un bagaglio a mano per persona. Altri oggetti, come passeggini, tavole da surf o biciclette, non verranno accettati a bordo. \t\t\t\t\t\t\t\t<\/p>\n<li><a id=\"Il bus attende l'arrivo dei passeggeri in caso di ritardo?\"><\/a><strong>Il bus attende l&#8217;arrivo dei passeggeri in caso di ritardo?<\/strong><\/li>\n<p>Dipende dal caso!<br \/>\nSe si tratta di un ritardo dovuto a cause personali, l&#8217;autista non potr\u00e0 aspettare il vostro arrivo in quanto potrebbe causare disagi agli altri passeggeri che faranno il viaggio insieme a voi o sulle corse successive.<br \/>\nSe si tratta invece di un ritardo del volo, lo staff si occuper\u00e0 personalmente di riservarvi dei posti sul bus successivo. <\/p>\n<p>Vi ricordiamo inoltre che, dal momento dell&#8217;atterraggio, avrete un&#8217;ora di tempo per prendere i vostri bagagli e raggiungere il desk menzionato sul Voucher Terravision. \t\t\t\t\t\t\t\t<\/p>\n<li><a id=\"\u00c8 possibile modificare il mio biglietto? Come fare?\"><\/a><strong>\u00c8 possibile modificare il mio biglietto? Come fare?<\/strong><\/li>\n<p>Poich\u00e9 si tratta di un servizio dedicato, tutto viene organizzato nei minimi dettagli. In caso di modifiche al piano di viaggi, \u00e8 necessario contattare con largo anticipo il Servizio Clienti inviando un&#8217;email a customerservices@terravision.eu e fornendo i dettagli da modificare.<br \/>\n<strong>IMPORTANTE!<\/strong> Non tutti i dettagli presenti sul biglietti possono essere modificati, dunque sar\u00e0 a completa discrezione del Dipartimento Servizio Clienti.\n<\/ol>\n","protected":false},"excerpt":{"rendered":"<p>Il tuo viaggio door-to-door \u00c8 possibile acquistare biglietti in fermata? Quante ore prima devo acquistare il biglietto online? Dove trovo la fermata e gli orari del servizio? Viene richiesto un costo extra per i bagagli? Il bus attende l&#8217;arrivo dei passeggeri in caso di ritardo del volo? \u00c8 possibile cancellare\/modificare il mio biglietto? Come fare? [&hellip;]<\/p>\n","protected":false},"author":131,"featured_media":0,"parent":0,"menu_order":0,"comment_status":"closed","ping_status":"closed","template":"","meta":{"footnotes":""},"class_list":["post-17132","page","type-page","status-publish","hentry"],"yoast_head":"<!-- This site is optimized with the Yoast SEO Premium plugin v24.4 (Yoast SEO v24.4) - https:\/\/yoast.com\/wordpress\/plugins\/seo\/ -->\n<title>Il tuo viaggio door-to-door | Terravision Italia<\/title>\n<meta name=\"robots\" content=\"index, follow, max-snippet:-1, max-image-preview:large, max-video-preview:-1\" \/>\n<link rel=\"canonical\" href=\"https:\/\/www.terravision.eu\/italiano\/il-tuo-viaggio-door-door.html\" \/>\n<meta property=\"og:locale\" content=\"it_IT\" \/>\n<meta property=\"og:type\" content=\"article\" \/>\n<meta property=\"og:title\" content=\"Il tuo viaggio door-to-door\" \/>\n<meta property=\"og:description\" content=\"Il tuo viaggio door-to-door \u00c8 possibile acquistare biglietti in fermata? Quante ore prima devo acquistare il biglietto online? Dove trovo la fermata e gli orari del servizio? Viene richiesto un costo extra per i bagagli? Il bus attende l&#8217;arrivo dei passeggeri in caso di ritardo del volo? \u00c8 possibile cancellare\/modificare il mio biglietto? Come fare? [&hellip;]\" \/>\n<meta property=\"og:url\" content=\"https:\/\/www.terravision.eu\/italiano\/il-tuo-viaggio-door-door.html\" \/>\n<meta property=\"og:site_name\" content=\"Terravision Italia\" \/>\n<meta name=\"twitter:label1\" content=\"Tempo di lettura stimato\" \/>\n\t<meta name=\"twitter:data1\" content=\"2 minutes\" \/>\n<script type=\"application\/ld+json\" class=\"yoast-schema-graph\">{\"@context\":\"https:\/\/schema.org\",\"@graph\":[{\"@type\":\"WebPage\",\"@id\":\"https:\/\/www.terravision.eu\/italiano\/il-tuo-viaggio-door-door.html\",\"url\":\"https:\/\/www.terravision.eu\/italiano\/il-tuo-viaggio-door-door.html\",\"name\":\"Il tuo viaggio door-to-door | Terravision Italia\",\"isPartOf\":{\"@id\":\"https:\/\/www.terravision.eu\/italiano\/#website\"},\"datePublished\":\"2018-11-09T14:39:56+00:00\",\"breadcrumb\":{\"@id\":\"https:\/\/www.terravision.eu\/italiano\/il-tuo-viaggio-door-door.html#breadcrumb\"},\"inLanguage\":\"it-IT\",\"potentialAction\":[{\"@type\":\"ReadAction\",\"target\":[\"https:\/\/www.terravision.eu\/italiano\/il-tuo-viaggio-door-door.html\"]}]},{\"@type\":\"BreadcrumbList\",\"@id\":\"https:\/\/www.terravision.eu\/italiano\/il-tuo-viaggio-door-door.html#breadcrumb\",\"itemListElement\":[{\"@type\":\"ListItem\",\"position\":1,\"name\":\"Home\",\"item\":\"https:\/\/www.terravision.eu\/italiano\/\"},{\"@type\":\"ListItem\",\"position\":2,\"name\":\"Il tuo viaggio door-to-door\"}]},{\"@type\":\"WebSite\",\"@id\":\"https:\/\/www.terravision.eu\/italiano\/#website\",\"url\":\"https:\/\/www.terravision.eu\/italiano\/\",\"name\":\"Terravision Italia\",\"description\":\"Collegamenti Lowcost da\/per i principali Aeroporti europei\",\"potentialAction\":[{\"@type\":\"SearchAction\",\"target\":{\"@type\":\"EntryPoint\",\"urlTemplate\":\"https:\/\/www.terravision.eu\/italiano\/?s={search_term_string}\"},\"query-input\":{\"@type\":\"PropertyValueSpecification\",\"valueRequired\":true,\"valueName\":\"search_term_string\"}}],\"inLanguage\":\"it-IT\"}]}<\/script>\n<!-- \/ Yoast SEO Premium plugin. -->","yoast_head_json":{"title":"Il tuo viaggio door-to-door | Terravision Italia","robots":{"index":"index","follow":"follow","max-snippet":"max-snippet:-1","max-image-preview":"max-image-preview:large","max-video-preview":"max-video-preview:-1"},"canonical":"https:\/\/www.terravision.eu\/italiano\/il-tuo-viaggio-door-door.html","og_locale":"it_IT","og_type":"article","og_title":"Il tuo viaggio door-to-door","og_description":"Il tuo viaggio door-to-door \u00c8 possibile acquistare biglietti in fermata? Quante ore prima devo acquistare il biglietto online? Dove trovo la fermata e gli orari del servizio? Viene richiesto un costo extra per i bagagli? Il bus attende l&#8217;arrivo dei passeggeri in caso di ritardo del volo? \u00c8 possibile cancellare\/modificare il mio biglietto? Come fare? [&hellip;]","og_url":"https:\/\/www.terravision.eu\/italiano\/il-tuo-viaggio-door-door.html","og_site_name":"Terravision Italia","twitter_misc":{"Tempo di lettura stimato":"2 minutes"},"schema":{"@context":"https:\/\/schema.org","@graph":[{"@type":"WebPage","@id":"https:\/\/www.terravision.eu\/italiano\/il-tuo-viaggio-door-door.html","url":"https:\/\/www.terravision.eu\/italiano\/il-tuo-viaggio-door-door.html","name":"Il tuo viaggio door-to-door | Terravision Italia","isPartOf":{"@id":"https:\/\/www.terravision.eu\/italiano\/#website"},"datePublished":"2018-11-09T14:39:56+00:00","breadcrumb":{"@id":"https:\/\/www.terravision.eu\/italiano\/il-tuo-viaggio-door-door.html#breadcrumb"},"inLanguage":"it-IT","potentialAction":[{"@type":"ReadAction","target":["https:\/\/www.terravision.eu\/italiano\/il-tuo-viaggio-door-door.html"]}]},{"@type":"BreadcrumbList","@id":"https:\/\/www.terravision.eu\/italiano\/il-tuo-viaggio-door-door.html#breadcrumb","itemListElement":[{"@type":"ListItem","position":1,"name":"Home","item":"https:\/\/www.terravision.eu\/italiano\/"},{"@type":"ListItem","position":2,"name":"Il tuo viaggio door-to-door"}]},{"@type":"WebSite","@id":"https:\/\/www.terravision.eu\/italiano\/#website","url":"https:\/\/www.terravision.eu\/italiano\/","name":"Terravision Italia","description":"Collegamenti Lowcost da\/per i principali Aeroporti europei","potentialAction":[{"@type":"SearchAction","target":{"@type":"EntryPoint","urlTemplate":"https:\/\/www.terravision.eu\/italiano\/?s={search_term_string}"},"query-input":{"@type":"PropertyValueSpecification","valueRequired":true,"valueName":"search_term_string"}}],"inLanguage":"it-IT"}]}},"_links":{"self":[{"href":"https:\/\/www.terravision.eu\/italiano\/wp-json\/wp\/v2\/pages\/17132","targetHints":{"allow":["GET"]}}],"collection":[{"href":"https:\/\/www.terravision.eu\/italiano\/wp-json\/wp\/v2\/pages"}],"about":[{"href":"https:\/\/www.terravision.eu\/italiano\/wp-json\/wp\/v2\/types\/page"}],"author":[{"embeddable":true,"href":"https:\/\/www.terravision.eu\/italiano\/wp-json\/wp\/v2\/users\/131"}],"replies":[{"embeddable":true,"href":"https:\/\/www.terravision.eu\/italiano\/wp-json\/wp\/v2\/comments?post=17132"}],"version-history":[{"count":2,"href":"https:\/\/www.terravision.eu\/italiano\/wp-json\/wp\/v2\/pages\/17132\/revisions"}],"predecessor-version":[{"id":17134,"href":"https:\/\/www.terravision.eu\/italiano\/wp-json\/wp\/v2\/pages\/17132\/revisions\/17134"}],"wp:attachment":[{"href":"https:\/\/www.terravision.eu\/italiano\/wp-json\/wp\/v2\/media?parent=17132"}],"curies":[{"name":"wp","href":"https:\/\/api.w.org\/{rel}","templated":true}]}}