{"id":18093,"date":"2020-11-17T11:48:30","date_gmt":"2020-11-17T10:48:30","guid":{"rendered":"https:\/\/www.terravision.eu\/italiano\/?page_id=18093"},"modified":"2026-01-27T09:43:38","modified_gmt":"2026-01-27T08:43:38","slug":"risparmia-con-terravision","status":"publish","type":"page","link":"https:\/\/www.terravision.eu\/italiano\/risparmia-con-terravision.html","title":{"rendered":"Terravision Extras"},"content":{"rendered":"<p>&nbsp;<\/p>\n<ul>\n<li>\n<h3><strong><a href=\"https:\/\/www.terravision.eu\/wp-content\/blogs.dir\/9\/files\/2025\/09\/image001.png\"><img loading=\"lazy\" decoding=\"async\" class=\"alignnone wp-image-20867\" src=\"https:\/\/www.terravision.eu\/wp-content\/blogs.dir\/9\/files\/2025\/09\/image001.png\" alt=\"\" width=\"147\" height=\"77\" \/><\/a><\/strong><strong>\u2013 <\/strong><strong><span data-teams=\"true\">Convenzione Terravision \u2013 Mercato Centrale Milano<\/span><\/strong><\/h3>\n<\/li>\n<\/ul>\n<p>Grazie alla convenzione tra Terravision e Mercato Centrale Milano, tutti i passeggeri in possesso di un titolo di viaggio Terravision hanno diritto a uno <strong>sconto del 10%<\/strong> presso le botteghe aderenti.<\/p>\n<p>Per usufruire della promozione \u00e8 sufficiente presentare, al momento dell\u2019acquisto, il proprio <strong>biglietto Terravision<\/strong> insieme al <strong>codice a barre riportato sotto<\/strong>.<\/p>\n<p><a href=\"https:\/\/www.terravision.eu\/wp-content\/blogs.dir\/9\/files\/2025\/09\/barcode.jpg\"><img loading=\"lazy\" decoding=\"async\" class=\"wp-image-20867 aligncenter\" src=\"https:\/\/www.terravision.eu\/wp-content\/blogs.dir\/9\/files\/2025\/09\/barcode.jpg\" alt=\"\" width=\"202\" height=\"110\" \/><\/a><\/p>\n<p>Lo sconto \u00e8 valido su tutte le consumazioni effettuate direttamente presso<\/p>\n<p>le botteghe del Mercato Centrale Milano e non \u00e8 cumulabile con altre promozioni in corso.<\/p>\n<p>Il Mercato Centrale di Milano si trova\u00a0all&#8217;interno della Stazione Centrale, con l&#8217;ingresso esterno in Via Sammartini, angolo Piazza Quattro Novembre.\u00a0Si pu\u00f2 accedere anche direttamente dall&#8217;interno della stazione<\/p>\n<p><span data-teams=\"true\">\ud83d\udc49<\/span><strong>Fai il pieno di gusto prima del viaggio!<\/strong><\/p>\n<h3><\/h3>\n<p>&nbsp;<\/p>\n<p>&nbsp;<\/p>\n<ul>\n<li>\n<h3><strong><a href=\"https:\/\/affiliates.bigbuspartners.com\/?r=terravision\" target=\"_blank\" rel=\"noopener\"><img loading=\"lazy\" decoding=\"async\" class=\"alignnone wp-image-20867\" src=\"https:\/\/www.terravision.eu\/italiano\/files\/2025\/10\/bigbustour.jpg\" alt=\"\" width=\"120\" height=\"26\" \/> <img loading=\"lazy\" decoding=\"async\" class=\"alignnone wp-image-20867\" src=\"https:\/\/www.terravision.eu\/italiano\/files\/2026\/01\/LOGO_TOURISTATION-002.jpg\" alt=\"\" width=\"120\" height=\"26\" \/><\/a>\u00a0 <\/strong><strong>\u2013 Big Bus Roma \u2013 Scopri la Citt\u00e0 Eterna al tuo ritmo!<\/strong><\/h3>\n<\/li>\n<\/ul>\n<p>Lasciati conquistare dalla magia della Citt\u00e0 Eterna a bordo di un bus panoramico a due piani! Ammira viste mozzafiato dei luoghi pi\u00f9 iconici: il <strong>Colosseo<\/strong>, <strong>Piazza Venezia<\/strong>, la <strong>Basilica di San Pietro<\/strong>\u00a0e tanti altri tesori che rendono Roma unica al mondo. Con la formula <strong>Hop-On Hop-Off<\/strong>, puoi <strong>scendere a qualsiasi fermata <\/strong>per esplorare le attrazioni che preferisci e <strong>risalire quando vuoi<\/strong> per continuare il tour, tutto al tuo ritmo e in totale libert\u00e0.<\/p>\n<p><strong>Come funziona:<\/strong><\/p>\n<p><strong>1<\/strong> Clicca sul <a href=\"https:\/\/affiliates.bigbuspartners.com\/?r=terravision\" target=\"_blank\" rel=\"noopener\">link<\/a> per scoprire tutte le tipologie di biglietto disponibili e acquistare subito il tuo pass Big Bus<br \/>\n<strong>2<\/strong> Mostra il biglietto a una qualsiasi fermata Big Bus per convalidarlo e inizia la tua avventura!<\/p>\n<p>&nbsp;<\/p>\n<p>&nbsp;<\/p>\n<ul>\n<li>\n<h3><a href=\"https:\/\/www.mcarthurglen.com\/en\/outlets\/it\/designer-outlet-castel-romano\/plan-your-visit\/#tab=0\" target=\"_blank\" rel=\"noopener\"><strong><img loading=\"lazy\" decoding=\"async\" class=\"alignnone wp-image-20867\" src=\"https:\/\/www.terravision.eu\/italiano\/files\/2025\/12\/MGDO_logo.jpg\" alt=\"\" width=\"120\" height=\"26\" \/> <\/strong><\/a><strong>\u2013 Castel Romano Outlet<\/strong><\/h3>\n<\/li>\n<\/ul>\n<p>Non perdere l&#8217;occasione di far shopping nel pi\u00f9 grande Outlet del Centro Italia.<br \/>\nSituato a soli 30&#8242; dal centro di Roma, <strong>Castel Romano Designer Outlet con oltre<\/strong> <strong>150 boutique<\/strong> delle migliori firme della moda internazionale <strong>e sconti fino al 70%<\/strong>, <strong>ti offre un esclusivo sconto del 10%.<\/strong><br \/>\n<strong>Come Funziona:<\/strong> presenta il<strong> titolo di viaggio Terravision<\/strong> al Guest Services per ottenere la <strong>Privilege Card!<\/strong><\/p>\n<p>&nbsp;<\/p>\n<p>&nbsp;<\/p>\n<p>Viaggia con Terravision e sfrutta al massimo tutte le opportunit\u00e0 che le nostre convenzioni ti riservano!<\/p>\n<p>&nbsp;<\/p>\n<ul>\n<li><a href=\"https:\/\/www.terravision.eu\/italiano\/files\/2025\/06\/wayla.png\"><img loading=\"lazy\" decoding=\"async\" class=\"alignleft wp-image-20842\" src=\"https:\/\/www.terravision.eu\/italiano\/files\/2025\/06\/wayla-300x96.png\" alt=\"\" width=\"150\" height=\"48\" srcset=\"https:\/\/www.terravision.eu\/italiano\/files\/2025\/06\/wayla-300x96.png 300w, https:\/\/www.terravision.eu\/italiano\/files\/2025\/06\/wayla-1024x328.png 1024w, https:\/\/www.terravision.eu\/italiano\/files\/2025\/06\/wayla-768x246.png 768w, https:\/\/www.terravision.eu\/italiano\/files\/2025\/06\/wayla.png 1074w\" sizes=\"auto, (max-width: 150px) 100vw, 150px\" \/><\/a><br \/>\n<h3><strong><strong>\u00a0 \u2013 Servizio door-to-door a Milano dalla Stazione Centrale<\/strong><\/strong><\/h3>\n<\/li>\n<\/ul>\n<p>&nbsp;<\/p>\n<p>Terravision e Wayla Italia uniscono le forze per offrirti una mobilit\u00e0 urbana pi\u00f9 semplice, sicura e sostenibile. Grazie a questa collaborazione, potrai raggiungere la Stazione Centrale di Milano comodamente da casa o dal tuo hotel con i minivan Wayla, per poi proseguire senza stress con il transfer diretto verso gli aeroporti di Bergamo Orio al Serio o Milano Malpensa.<\/p>\n<p><strong>Come funziona?<\/strong><\/p>\n<p>Acquista online il transfer Terravision da\/per Milano e ricevi subito uno sconto del 10% sui servizi Wayla. Usa il codice sconto per prenotare il transfer tramite l\u2019app Wayla.<\/p>\n<p>&nbsp;<\/p>\n<p>&nbsp;<\/p>\n<ul>\n<li><a href=\"https:\/\/www.terravision.eu\/italiano\/files\/2025\/06\/Moovit_logo.png\"><img loading=\"lazy\" decoding=\"async\" class=\"alignleft wp-image-20848\" src=\"https:\/\/www.terravision.eu\/italiano\/files\/2025\/06\/Moovit_logo-300x86.png\" alt=\"\" width=\"150\" height=\"43\" srcset=\"https:\/\/www.terravision.eu\/italiano\/files\/2025\/06\/Moovit_logo-300x86.png 300w, https:\/\/www.terravision.eu\/italiano\/files\/2025\/06\/Moovit_logo.png 700w\" sizes=\"auto, (max-width: 150px) 100vw, 150px\" \/><\/a><br \/>\n<h3><strong><strong>\u00a0 \u2013 L\u2019app leader per la mobilit\u00e0 urbana<\/strong><\/strong><\/h3>\n<\/li>\n<\/ul>\n<p>Muoviti in citt\u00e0 in modo intelligente con Moovit, l\u2019app che ti offre informazioni in tempo reale su autobus, treni, metro, bike sharing e molto altro. Disponibile in oltre 3.500 citt\u00e0 nel mondo, Moovit ti aiuta a pianificare il percorso migliore e ricevere aggiornamenti live per viaggiare senza pensieri.<br \/>\n<strong>Come funziona?<\/strong><\/p>\n<p>L&#8217;app Moovit ti aiuter\u00e0 a spostarti in citt\u00e0 con i mezzi pubblici! Troverai tutte le possibili soluzioni di viaggio: autobus urbani ed extraurbani, tram, metropolitane, treni regionali, taxi, bike sharing, car sharing e monopattini elettrici!<\/p>\n<p><script>\n(function(d, s, id) { var js, fjs = d.getElementsByTagName(s)[0]; js = d.createElement(s); js.id = id; js.src = 'https:\/\/widgets.moovit.com\/wtp\/en'; fjs.parentNode.insertBefore(js, fjs); }(document, 'script', 'moovit-jsw')); <\/script><\/p>\n<div class=\"mv-wtp\" data-metro=\"61\" data-lang=\"\" data-customer=\"hlmgFZCocFaF3UvjvNSfvw\"><\/div>\n<p>&nbsp;<\/p>\n<p>&nbsp;<\/p>\n<ul>\n<li><a href=\"https:\/\/www.terravision.eu\/italiano\/files\/2025\/06\/wox.jpg\"><img loading=\"lazy\" decoding=\"async\" class=\"alignleft wp-image-20850\" src=\"https:\/\/www.terravision.eu\/italiano\/files\/2025\/06\/wox-300x210.jpg\" alt=\"\" width=\"100\" height=\"70\" srcset=\"https:\/\/www.terravision.eu\/italiano\/files\/2025\/06\/wox-300x210.jpg 300w, https:\/\/www.terravision.eu\/italiano\/files\/2025\/06\/wox-768x537.jpg 768w, https:\/\/www.terravision.eu\/italiano\/files\/2025\/06\/wox.jpg 800w\" sizes=\"auto, (max-width: 100px) 100vw, 100px\" \/><\/a><br \/>\n<h3><strong><strong>\u00a0 \u00a0\u2013 Audio tour guidati per scoprire Milano<\/strong><\/strong><\/h3>\n<\/li>\n<\/ul>\n<p>Vox Group \u00e8 leader mondiale nelle soluzioni tecnologiche per turismo e cultura, con oltre 25 milioni di tour digitali distribuiti ogni anno in pi\u00f9 di 150 paesi. Grazie a dispositivi digitali, app e contenuti multilingue, Vox offre esperienze di visita coinvolgenti e accessibili a tutti.<\/p>\n<p><strong>Come funziona:<\/strong><\/p>\n<p>Prenotando un transfer da\/per gli aeroporti di Orio al Serio o Malpensa con Terravision, riceverai un accesso gratuito a un audio tour guidato della citt\u00e0 di Milano.<br \/>\nLe credenziali per accedere al tour saranno disponibili direttamente sul tuo biglietto.<\/p>\n<p>&nbsp;<\/p>\n<ul>\n<li><strong><strong><strong><a href=\"https:\/\/www.terravision.eu\/italiano\/files\/2025\/06\/WeRoad.png\"><img loading=\"lazy\" decoding=\"async\" class=\"alignleft wp-image-20864\" src=\"https:\/\/www.terravision.eu\/italiano\/files\/2025\/06\/WeRoad-300x118.png\" alt=\"\" width=\"150\" height=\"59\" srcset=\"https:\/\/www.terravision.eu\/italiano\/files\/2025\/06\/WeRoad-300x118.png 300w, https:\/\/www.terravision.eu\/italiano\/files\/2025\/06\/WeRoad-1024x401.png 1024w, https:\/\/www.terravision.eu\/italiano\/files\/2025\/06\/WeRoad-768x301.png 768w, https:\/\/www.terravision.eu\/italiano\/files\/2025\/06\/WeRoad-1536x602.png 1536w, https:\/\/www.terravision.eu\/italiano\/files\/2025\/06\/WeRoad-2048x802.png 2048w\" sizes=\"auto, (max-width: 150px) 100vw, 150px\" \/><\/a><br \/>\n<\/strong><\/strong><\/strong><\/p>\n<h3>\u00a0\u2013<strong> Viaggi di gruppo con esperienza autentica<\/strong><\/h3>\n<p>&nbsp;<\/li>\n<\/ul>\n<p>WeRoad ti porta a scoprire il mondo con viaggi in oltre 1.000 itinerari, promuovendo connessioni umane e scambi culturali autentici. Che tu voglia esplorare mete lontane o partecipare a eventi locali, WeRoad ti offre un modo nuovo di viaggiare.<\/p>\n<p><strong>Come funziona:<\/strong><\/p>\n<p>Ottieni \u20ac50 di sconto sul tuo prossimo viaggio: Visita weroad.it, scegli la tua destinazione e inserisci il codice TERRAWR50* al checkout per partire con un risparmio esclusivo!<br \/>\n* Valido per nuovi utenti su tutti i viaggi, esclusi Express e Weekend. Offerta valida fino al 31 dicembre 2025.<\/p>\n<p>&nbsp;<\/p>\n<p>&nbsp;<\/p>\n<ul>\n<li>\n<h3><strong><strong><a href=\"https:\/\/www.terravision.eu\/italiano\/files\/2025\/06\/1738606344_Logo_compatto_nero.png\"><img loading=\"lazy\" decoding=\"async\" class=\"alignleft wp-image-20871\" src=\"https:\/\/www.terravision.eu\/italiano\/files\/2025\/06\/1738606344_Logo_compatto_nero-300x150.png\" alt=\"\" width=\"120\" height=\"60\" srcset=\"https:\/\/www.terravision.eu\/italiano\/files\/2025\/06\/1738606344_Logo_compatto_nero-300x150.png 300w, https:\/\/www.terravision.eu\/italiano\/files\/2025\/06\/1738606344_Logo_compatto_nero-1024x513.png 1024w, https:\/\/www.terravision.eu\/italiano\/files\/2025\/06\/1738606344_Logo_compatto_nero-768x385.png 768w, https:\/\/www.terravision.eu\/italiano\/files\/2025\/06\/1738606344_Logo_compatto_nero-1536x770.png 1536w, https:\/\/www.terravision.eu\/italiano\/files\/2025\/06\/1738606344_Logo_compatto_nero-2048x1027.png 2048w\" sizes=\"auto, (max-width: 120px) 100vw, 120px\" \/><\/a> \u2013 Deposito bagagli sicuro e conveniente<br \/>\n<\/strong><\/strong><\/h3>\n<\/li>\n<\/ul>\n<p>&nbsp;<\/p>\n<ul>\n<li style=\"list-style-type: none;\">\n<ul>\n<li><strong>Armadietti sicuri, videosorvegliati e assicurati<\/strong><\/li>\n<li><strong>Assistenza sempre disponibile tramite citofono<\/strong><\/li>\n<li><strong>Prenotazione facile e veloce online<\/strong><\/li>\n<\/ul>\n<\/li>\n<\/ul>\n<p>&nbsp;<\/p>\n<p><strong>Come funziona:<\/strong><\/p>\n<p>Prenota online su <a href=\"https:\/\/www.stowyourbags.com\/it\/\" target=\"_blank\" rel=\"noopener\"> stowyourbags.it<\/a> usando il codice T3RR4V per ottenere subito il 10% di sconto.<br \/>\nScegli il deposito pi\u00f9 comodo, inserisci i dati e paga in modo sicuro con carta o PayPal. Riceverai il codice armadietto via email in pochi secondi!<\/p>\n<p>&nbsp;<\/p>\n<p>&nbsp;<\/p>\n<ul>\n<li>\n<h3><strong><strong>\u00a0 <a href=\"https:\/\/www.terravision.eu\/italiano\/files\/2025\/06\/Revolut_logo.svg_.png\"><img loading=\"lazy\" decoding=\"async\" class=\"alignnone wp-image-20867\" src=\"https:\/\/www.terravision.eu\/italiano\/files\/2025\/06\/Revolut_logo.svg_-300x66.png\" alt=\"\" width=\"120\" height=\"26\" srcset=\"https:\/\/www.terravision.eu\/italiano\/files\/2025\/06\/Revolut_logo.svg_-300x66.png 300w, https:\/\/www.terravision.eu\/italiano\/files\/2025\/06\/Revolut_logo.svg_-1024x226.png 1024w, https:\/\/www.terravision.eu\/italiano\/files\/2025\/06\/Revolut_logo.svg_-768x170.png 768w, https:\/\/www.terravision.eu\/italiano\/files\/2025\/06\/Revolut_logo.svg_-1536x339.png 1536w, https:\/\/www.terravision.eu\/italiano\/files\/2025\/06\/Revolut_logo.svg_-2048x452.png 2048w\" sizes=\"auto, (max-width: 120px) 100vw, 120px\" \/><\/a> <\/strong><\/strong><strong><strong>\u2013 La super-app per gestire il tuo denaro in viaggio<\/strong><\/strong><\/h3>\n<\/li>\n<\/ul>\n<p>Revolut rivoluziona la gestione finanziaria con conti multivaluta, carte smart, investimenti e assicurazioni, tutto in un\u2019unica piattaforma digitale. Con oltre 52 milioni di utenti, \u00e8 la soluzione ideale per chi viaggia e vuole libert\u00e0, sicurezza e controllo.<\/p>\n<p><strong>Come funziona:<\/strong><\/p>\n<p>\u2022 Ricevi subito \u20ac20 di bonus benvenuto aprendo il conto tramite <a href=\"https:\/\/imp.i251749.net\/c\/2365171\/2160446\/11378\" target=\"_blank\" rel=\"noopener\">questo link speciale<\/a><br \/>\n\u2022 Guadagna fino a 10 RevPoints per ogni \u20ac1 speso con l\u2019offerta esclusiva per i passeggeri Terravision<\/p>\n<p>Per ulteriori informazioni e assistenza, contattaci su customerservices@terravision.eu<\/p>\n<p>&nbsp;<\/p>\n<p>&nbsp;<\/p>\n<ul>\n<li>\n<h3><strong>\u00a0 <a href=\"https:\/\/www.terravision.eu\/italiano\/files\/2026\/01\/Logo_Primary_1000x221_No-background-6.jpg\"><img loading=\"lazy\" decoding=\"async\" class=\"alignnone wp-image-20867\" src=\"https:\/\/www.terravision.eu\/italiano\/files\/2026\/01\/Logo_Primary_1000x221_No-background-6.jpg\" alt=\"\" width=\"120\" height=\"26\" \/><\/a> \u00a0<\/strong><\/h3>\n<\/li>\n<\/ul>\n<p>Cerchi un luogo sicuro e comodo dove lasciare i tuoi bagagli prima o dopo il transfer Terravision \u2014 o mentre esplori la citt\u00e0? Abbiamo stretto una partnership con <strong>Bounce<\/strong>, la pi\u00f9 grande rete al mondo di deposito bagagli, con oltre 35.000 sedi sicure in pi\u00f9 di 100 Paesi, situate in posizione strategica vicino ai principali snodi di trasporto e ai centri citt\u00e0. I prezzi partono da soli \u20ac2,50 al giorno.<\/p>\n<p>\u2714 Cancellazione gratuita<br \/>\n\u2714 Protezione fino a \u20ac10.000 per i tuoi bagagli<br \/>\n\u2714 Assistenza clienti multilingue 24\/7<\/p>\n<p>Ottieni il 10% di sconto con il codice: <strong>TERRAVISION<\/strong><br \/>\n<a href=\"https:\/\/go.bounce.com\/TERRAVISION528873770\" target=\"_blank\" rel=\"noopener\">Prenota ora<\/a><\/p>\n<p>&nbsp;<\/p>\n","protected":false},"excerpt":{"rendered":"<p>&nbsp; \u2013 Convenzione Terravision \u2013 Mercato Centrale Milano Grazie alla convenzione tra Terravision e Mercato Centrale Milano, tutti i passeggeri in possesso di un titolo di viaggio Terravision hanno diritto a uno sconto del 10% presso le botteghe aderenti. Per usufruire della promozione \u00e8 sufficiente presentare, al momento dell\u2019acquisto, il proprio biglietto Terravision insieme al [&hellip;]<\/p>\n","protected":false},"author":131,"featured_media":0,"parent":0,"menu_order":0,"comment_status":"closed","ping_status":"closed","template":"","meta":{"footnotes":""},"class_list":["post-18093","page","type-page","status-publish","hentry"],"yoast_head":"<!-- This site is optimized with the Yoast SEO Premium plugin v24.4 (Yoast SEO v24.4) - https:\/\/yoast.com\/wordpress\/plugins\/seo\/ -->\n<title>Terravision Extras | Terravision Italia<\/title>\n<meta name=\"robots\" content=\"index, follow, max-snippet:-1, max-image-preview:large, max-video-preview:-1\" \/>\n<link rel=\"canonical\" href=\"https:\/\/www.terravision.eu\/italiano\/risparmia-con-terravision.html\" \/>\n<meta property=\"og:locale\" content=\"it_IT\" \/>\n<meta property=\"og:type\" content=\"article\" \/>\n<meta property=\"og:title\" content=\"Terravision Extras\" \/>\n<meta property=\"og:description\" content=\"&nbsp; \u2013 Convenzione Terravision \u2013 Mercato Centrale Milano Grazie alla convenzione tra Terravision e Mercato Centrale Milano, tutti i passeggeri in possesso di un titolo di viaggio Terravision hanno diritto a uno sconto del 10% presso le botteghe aderenti. Per usufruire della promozione \u00e8 sufficiente presentare, al momento dell\u2019acquisto, il proprio biglietto Terravision insieme al [&hellip;]\" \/>\n<meta property=\"og:url\" content=\"https:\/\/www.terravision.eu\/italiano\/risparmia-con-terravision.html\" \/>\n<meta property=\"og:site_name\" content=\"Terravision Italia\" \/>\n<meta property=\"article:modified_time\" content=\"2026-01-27T08:43:38+00:00\" \/>\n<meta property=\"og:image\" content=\"https:\/\/www.terravision.eu\/wp-content\/blogs.dir\/9\/files\/2025\/09\/image001.png\" \/>\n<meta name=\"twitter:label1\" content=\"Tempo di lettura stimato\" \/>\n\t<meta name=\"twitter:data1\" content=\"7 minutes\" \/>\n<script type=\"application\/ld+json\" class=\"yoast-schema-graph\">{\"@context\":\"https:\/\/schema.org\",\"@graph\":[{\"@type\":\"WebPage\",\"@id\":\"https:\/\/www.terravision.eu\/italiano\/risparmia-con-terravision.html\",\"url\":\"https:\/\/www.terravision.eu\/italiano\/risparmia-con-terravision.html\",\"name\":\"Terravision Extras | Terravision Italia\",\"isPartOf\":{\"@id\":\"https:\/\/www.terravision.eu\/italiano\/#website\"},\"primaryImageOfPage\":{\"@id\":\"https:\/\/www.terravision.eu\/italiano\/risparmia-con-terravision.html#primaryimage\"},\"image\":{\"@id\":\"https:\/\/www.terravision.eu\/italiano\/risparmia-con-terravision.html#primaryimage\"},\"thumbnailUrl\":\"https:\/\/www.terravision.eu\/wp-content\/blogs.dir\/9\/files\/2025\/09\/image001.png\",\"datePublished\":\"2020-11-17T10:48:30+00:00\",\"dateModified\":\"2026-01-27T08:43:38+00:00\",\"breadcrumb\":{\"@id\":\"https:\/\/www.terravision.eu\/italiano\/risparmia-con-terravision.html#breadcrumb\"},\"inLanguage\":\"it-IT\",\"potentialAction\":[{\"@type\":\"ReadAction\",\"target\":[\"https:\/\/www.terravision.eu\/italiano\/risparmia-con-terravision.html\"]}]},{\"@type\":\"ImageObject\",\"inLanguage\":\"it-IT\",\"@id\":\"https:\/\/www.terravision.eu\/italiano\/risparmia-con-terravision.html#primaryimage\",\"url\":\"https:\/\/www.terravision.eu\/wp-content\/blogs.dir\/9\/files\/2025\/09\/image001.png\",\"contentUrl\":\"https:\/\/www.terravision.eu\/wp-content\/blogs.dir\/9\/files\/2025\/09\/image001.png\"},{\"@type\":\"BreadcrumbList\",\"@id\":\"https:\/\/www.terravision.eu\/italiano\/risparmia-con-terravision.html#breadcrumb\",\"itemListElement\":[{\"@type\":\"ListItem\",\"position\":1,\"name\":\"Home\",\"item\":\"https:\/\/www.terravision.eu\/italiano\/\"},{\"@type\":\"ListItem\",\"position\":2,\"name\":\"Terravision Extras\"}]},{\"@type\":\"WebSite\",\"@id\":\"https:\/\/www.terravision.eu\/italiano\/#website\",\"url\":\"https:\/\/www.terravision.eu\/italiano\/\",\"name\":\"Terravision Italia\",\"description\":\"Collegamenti Lowcost da\/per i principali Aeroporti europei\",\"potentialAction\":[{\"@type\":\"SearchAction\",\"target\":{\"@type\":\"EntryPoint\",\"urlTemplate\":\"https:\/\/www.terravision.eu\/italiano\/?s={search_term_string}\"},\"query-input\":{\"@type\":\"PropertyValueSpecification\",\"valueRequired\":true,\"valueName\":\"search_term_string\"}}],\"inLanguage\":\"it-IT\"}]}<\/script>\n<!-- \/ Yoast SEO Premium plugin. -->","yoast_head_json":{"title":"Terravision Extras | Terravision Italia","robots":{"index":"index","follow":"follow","max-snippet":"max-snippet:-1","max-image-preview":"max-image-preview:large","max-video-preview":"max-video-preview:-1"},"canonical":"https:\/\/www.terravision.eu\/italiano\/risparmia-con-terravision.html","og_locale":"it_IT","og_type":"article","og_title":"Terravision Extras","og_description":"&nbsp; \u2013 Convenzione Terravision \u2013 Mercato Centrale Milano Grazie alla convenzione tra Terravision e Mercato Centrale Milano, tutti i passeggeri in possesso di un titolo di viaggio Terravision hanno diritto a uno sconto del 10% presso le botteghe aderenti. Per usufruire della promozione \u00e8 sufficiente presentare, al momento dell\u2019acquisto, il proprio biglietto Terravision insieme al [&hellip;]","og_url":"https:\/\/www.terravision.eu\/italiano\/risparmia-con-terravision.html","og_site_name":"Terravision Italia","article_modified_time":"2026-01-27T08:43:38+00:00","og_image":[{"url":"https:\/\/www.terravision.eu\/wp-content\/blogs.dir\/9\/files\/2025\/09\/image001.png","type":"","width":"","height":""}],"twitter_misc":{"Tempo di lettura stimato":"7 minutes"},"schema":{"@context":"https:\/\/schema.org","@graph":[{"@type":"WebPage","@id":"https:\/\/www.terravision.eu\/italiano\/risparmia-con-terravision.html","url":"https:\/\/www.terravision.eu\/italiano\/risparmia-con-terravision.html","name":"Terravision Extras | Terravision Italia","isPartOf":{"@id":"https:\/\/www.terravision.eu\/italiano\/#website"},"primaryImageOfPage":{"@id":"https:\/\/www.terravision.eu\/italiano\/risparmia-con-terravision.html#primaryimage"},"image":{"@id":"https:\/\/www.terravision.eu\/italiano\/risparmia-con-terravision.html#primaryimage"},"thumbnailUrl":"https:\/\/www.terravision.eu\/wp-content\/blogs.dir\/9\/files\/2025\/09\/image001.png","datePublished":"2020-11-17T10:48:30+00:00","dateModified":"2026-01-27T08:43:38+00:00","breadcrumb":{"@id":"https:\/\/www.terravision.eu\/italiano\/risparmia-con-terravision.html#breadcrumb"},"inLanguage":"it-IT","potentialAction":[{"@type":"ReadAction","target":["https:\/\/www.terravision.eu\/italiano\/risparmia-con-terravision.html"]}]},{"@type":"ImageObject","inLanguage":"it-IT","@id":"https:\/\/www.terravision.eu\/italiano\/risparmia-con-terravision.html#primaryimage","url":"https:\/\/www.terravision.eu\/wp-content\/blogs.dir\/9\/files\/2025\/09\/image001.png","contentUrl":"https:\/\/www.terravision.eu\/wp-content\/blogs.dir\/9\/files\/2025\/09\/image001.png"},{"@type":"BreadcrumbList","@id":"https:\/\/www.terravision.eu\/italiano\/risparmia-con-terravision.html#breadcrumb","itemListElement":[{"@type":"ListItem","position":1,"name":"Home","item":"https:\/\/www.terravision.eu\/italiano\/"},{"@type":"ListItem","position":2,"name":"Terravision Extras"}]},{"@type":"WebSite","@id":"https:\/\/www.terravision.eu\/italiano\/#website","url":"https:\/\/www.terravision.eu\/italiano\/","name":"Terravision Italia","description":"Collegamenti Lowcost da\/per i principali Aeroporti europei","potentialAction":[{"@type":"SearchAction","target":{"@type":"EntryPoint","urlTemplate":"https:\/\/www.terravision.eu\/italiano\/?s={search_term_string}"},"query-input":{"@type":"PropertyValueSpecification","valueRequired":true,"valueName":"search_term_string"}}],"inLanguage":"it-IT"}]}},"_links":{"self":[{"href":"https:\/\/www.terravision.eu\/italiano\/wp-json\/wp\/v2\/pages\/18093","targetHints":{"allow":["GET"]}}],"collection":[{"href":"https:\/\/www.terravision.eu\/italiano\/wp-json\/wp\/v2\/pages"}],"about":[{"href":"https:\/\/www.terravision.eu\/italiano\/wp-json\/wp\/v2\/types\/page"}],"author":[{"embeddable":true,"href":"https:\/\/www.terravision.eu\/italiano\/wp-json\/wp\/v2\/users\/131"}],"replies":[{"embeddable":true,"href":"https:\/\/www.terravision.eu\/italiano\/wp-json\/wp\/v2\/comments?post=18093"}],"version-history":[{"count":180,"href":"https:\/\/www.terravision.eu\/italiano\/wp-json\/wp\/v2\/pages\/18093\/revisions"}],"predecessor-version":[{"id":21193,"href":"https:\/\/www.terravision.eu\/italiano\/wp-json\/wp\/v2\/pages\/18093\/revisions\/21193"}],"wp:attachment":[{"href":"https:\/\/www.terravision.eu\/italiano\/wp-json\/wp\/v2\/media?parent=18093"}],"curies":[{"name":"wp","href":"https:\/\/api.w.org\/{rel}","templated":true}]}}