{"id":246,"date":"2012-08-13T15:46:01","date_gmt":"2012-08-13T15:46:01","guid":{"rendered":"https:\/\/www.terravision.eu\/flights-malta\/"},"modified":"2020-03-06T15:38:59","modified_gmt":"2020-03-06T14:38:59","slug":"voli_malta","status":"publish","type":"page","link":"https:\/\/www.terravision.eu\/italiano\/voli_malta.html","title":{"rendered":"Voli da\/per Malta"},"content":{"rendered":"<div id=\"article-single\">\n<div class=\"title\">Consigli per voli low cost da e per <span class=\"strong\"><strong>Malta<\/strong><\/span><\/div>\n<p>Stai cercando dei voli da\/per Malta? L&#8217;aeroporto di Malta offre una vasta gamma di voli di linea e voli low cost.<\/p>\n<p>Prenota i tuoi voli da\/per <strong>Malta<\/strong> da uno dei suoi aeroporti adesso a prezzi molto convenienti! Qui sotto ti proponiamo alcuni motori di ricerca per voli low cost.<\/p>\n<p>Lo Stato di Malta \u00e8 proprietario della compagnia di bandiera Air Malta (<a title=\"Airmalta\" href=\"http:\/\/www.airmalta.com\" target=\"_blank\" rel=\"noopener\">www.airmalta.com<\/a>) che collega regolarmente tutti i maggiori aeroporti dell\u2019Europa, del Nord Africa e dell\u2019est europeo. Ma numerose sono le altre compagnie aeree che oggi collegano Malta con le principali citt\u00e0 europee,offrendo ai viaggiatori innumerevoli possibilit\u00e0 per cercare i voli pi\u00f9 comodi per le destinazioni pi\u00f9 gettonate. Da non perdere le offerte delle compagnie aeree low cost, come Ryanair o EasyJet se sei alla ricerca di voli a basso costo.<\/p>\n<p>Per trasferimenti tra l&#8217;aeroporto di Malta ed il centro scopri le tariffe vantaggiose offerte de Terravision, leader in Europa per i trasferimenti aeroportuali a basso costo. Cerca le nostre promozini ed i nostri sconti per questi trasferimenti se acquisti online!<\/p>\n<p>&nbsp;<\/p>\n<\/div>\n","protected":false},"excerpt":{"rendered":"<p>Consigli per voli low cost da e per Malta Stai cercando dei voli da\/per Malta? L&#8217;aeroporto di Malta offre una vasta gamma di voli di linea e voli low cost. Prenota i tuoi voli da\/per Malta da uno dei suoi aeroporti adesso a prezzi molto convenienti! Qui sotto ti proponiamo alcuni motori di ricerca per [&hellip;]<\/p>\n","protected":false},"author":130,"featured_media":0,"parent":0,"menu_order":0,"comment_status":"open","ping_status":"open","template":"","meta":{"footnotes":""},"class_list":["post-246","page","type-page","status-publish","hentry","cities-malta"],"yoast_head":"<!-- This site is optimized with the Yoast SEO Premium plugin v24.4 (Yoast SEO v24.4) - https:\/\/yoast.com\/wordpress\/plugins\/seo\/ -->\n<title>Voli per Malta | Terravision<\/title>\n<meta name=\"description\" content=\"Voli per Malta - Voli da\/per Malta. Compara i prezzi e prenota il tuo volo lowcost per Malta!\" \/>\n<meta name=\"robots\" content=\"index, follow, max-snippet:-1, max-image-preview:large, max-video-preview:-1\" \/>\n<link rel=\"canonical\" href=\"https:\/\/www.terravision.eu\/italiano\/voli_malta.html\" \/>\n<meta property=\"og:locale\" content=\"it_IT\" \/>\n<meta property=\"og:type\" content=\"article\" \/>\n<meta property=\"og:title\" content=\"Voli da\/per Malta\" \/>\n<meta property=\"og:description\" content=\"Voli per Malta - Voli da\/per Malta. Compara i prezzi e prenota il tuo volo lowcost per Malta!\" \/>\n<meta property=\"og:url\" content=\"https:\/\/www.terravision.eu\/italiano\/voli_malta.html\" \/>\n<meta property=\"og:site_name\" content=\"Terravision Italia\" \/>\n<meta property=\"article:modified_time\" content=\"2020-03-06T14:38:59+00:00\" \/>\n<meta name=\"twitter:label1\" content=\"Tempo di lettura stimato\" \/>\n\t<meta name=\"twitter:data1\" content=\"1 minute\" \/>\n<script type=\"application\/ld+json\" class=\"yoast-schema-graph\">{\"@context\":\"https:\/\/schema.org\",\"@graph\":[{\"@type\":\"WebPage\",\"@id\":\"https:\/\/www.terravision.eu\/italiano\/voli_malta.html\",\"url\":\"https:\/\/www.terravision.eu\/italiano\/voli_malta.html\",\"name\":\"Voli per Malta | Terravision\",\"isPartOf\":{\"@id\":\"https:\/\/www.terravision.eu\/italiano\/#website\"},\"datePublished\":\"2012-08-13T15:46:01+00:00\",\"dateModified\":\"2020-03-06T14:38:59+00:00\",\"description\":\"Voli per Malta - Voli da\/per Malta. Compara i prezzi e prenota il tuo volo lowcost per Malta!\",\"breadcrumb\":{\"@id\":\"https:\/\/www.terravision.eu\/italiano\/voli_malta.html#breadcrumb\"},\"inLanguage\":\"it-IT\",\"potentialAction\":[{\"@type\":\"ReadAction\",\"target\":[\"https:\/\/www.terravision.eu\/italiano\/voli_malta.html\"]}]},{\"@type\":\"BreadcrumbList\",\"@id\":\"https:\/\/www.terravision.eu\/italiano\/voli_malta.html#breadcrumb\",\"itemListElement\":[{\"@type\":\"ListItem\",\"position\":1,\"name\":\"Home\",\"item\":\"https:\/\/www.terravision.eu\/italiano\/\"},{\"@type\":\"ListItem\",\"position\":2,\"name\":\"Voli da\/per Malta\"}]},{\"@type\":\"WebSite\",\"@id\":\"https:\/\/www.terravision.eu\/italiano\/#website\",\"url\":\"https:\/\/www.terravision.eu\/italiano\/\",\"name\":\"Terravision Italia\",\"description\":\"Collegamenti Lowcost da\/per i principali Aeroporti europei\",\"potentialAction\":[{\"@type\":\"SearchAction\",\"target\":{\"@type\":\"EntryPoint\",\"urlTemplate\":\"https:\/\/www.terravision.eu\/italiano\/?s={search_term_string}\"},\"query-input\":{\"@type\":\"PropertyValueSpecification\",\"valueRequired\":true,\"valueName\":\"search_term_string\"}}],\"inLanguage\":\"it-IT\"}]}<\/script>\n<!-- \/ Yoast SEO Premium plugin. -->","yoast_head_json":{"title":"Voli per Malta | Terravision","description":"Voli per Malta - Voli da\/per Malta. Compara i prezzi e prenota il tuo volo lowcost per Malta!","robots":{"index":"index","follow":"follow","max-snippet":"max-snippet:-1","max-image-preview":"max-image-preview:large","max-video-preview":"max-video-preview:-1"},"canonical":"https:\/\/www.terravision.eu\/italiano\/voli_malta.html","og_locale":"it_IT","og_type":"article","og_title":"Voli da\/per Malta","og_description":"Voli per Malta - Voli da\/per Malta. Compara i prezzi e prenota il tuo volo lowcost per Malta!","og_url":"https:\/\/www.terravision.eu\/italiano\/voli_malta.html","og_site_name":"Terravision Italia","article_modified_time":"2020-03-06T14:38:59+00:00","twitter_misc":{"Tempo di lettura stimato":"1 minute"},"schema":{"@context":"https:\/\/schema.org","@graph":[{"@type":"WebPage","@id":"https:\/\/www.terravision.eu\/italiano\/voli_malta.html","url":"https:\/\/www.terravision.eu\/italiano\/voli_malta.html","name":"Voli per Malta | Terravision","isPartOf":{"@id":"https:\/\/www.terravision.eu\/italiano\/#website"},"datePublished":"2012-08-13T15:46:01+00:00","dateModified":"2020-03-06T14:38:59+00:00","description":"Voli per Malta - Voli da\/per Malta. Compara i prezzi e prenota il tuo volo lowcost per Malta!","breadcrumb":{"@id":"https:\/\/www.terravision.eu\/italiano\/voli_malta.html#breadcrumb"},"inLanguage":"it-IT","potentialAction":[{"@type":"ReadAction","target":["https:\/\/www.terravision.eu\/italiano\/voli_malta.html"]}]},{"@type":"BreadcrumbList","@id":"https:\/\/www.terravision.eu\/italiano\/voli_malta.html#breadcrumb","itemListElement":[{"@type":"ListItem","position":1,"name":"Home","item":"https:\/\/www.terravision.eu\/italiano\/"},{"@type":"ListItem","position":2,"name":"Voli da\/per Malta"}]},{"@type":"WebSite","@id":"https:\/\/www.terravision.eu\/italiano\/#website","url":"https:\/\/www.terravision.eu\/italiano\/","name":"Terravision Italia","description":"Collegamenti Lowcost da\/per i principali Aeroporti europei","potentialAction":[{"@type":"SearchAction","target":{"@type":"EntryPoint","urlTemplate":"https:\/\/www.terravision.eu\/italiano\/?s={search_term_string}"},"query-input":{"@type":"PropertyValueSpecification","valueRequired":true,"valueName":"search_term_string"}}],"inLanguage":"it-IT"}]}},"_links":{"self":[{"href":"https:\/\/www.terravision.eu\/italiano\/wp-json\/wp\/v2\/pages\/246","targetHints":{"allow":["GET"]}}],"collection":[{"href":"https:\/\/www.terravision.eu\/italiano\/wp-json\/wp\/v2\/pages"}],"about":[{"href":"https:\/\/www.terravision.eu\/italiano\/wp-json\/wp\/v2\/types\/page"}],"author":[{"embeddable":true,"href":"https:\/\/www.terravision.eu\/italiano\/wp-json\/wp\/v2\/users\/130"}],"replies":[{"embeddable":true,"href":"https:\/\/www.terravision.eu\/italiano\/wp-json\/wp\/v2\/comments?post=246"}],"version-history":[{"count":2,"href":"https:\/\/www.terravision.eu\/italiano\/wp-json\/wp\/v2\/pages\/246\/revisions"}],"predecessor-version":[{"id":17117,"href":"https:\/\/www.terravision.eu\/italiano\/wp-json\/wp\/v2\/pages\/246\/revisions\/17117"}],"wp:attachment":[{"href":"https:\/\/www.terravision.eu\/italiano\/wp-json\/wp\/v2\/media?parent=246"}],"curies":[{"name":"wp","href":"https:\/\/api.w.org\/{rel}","templated":true}]}}