{"id":257,"date":"2012-08-14T14:16:14","date_gmt":"2012-08-14T14:16:14","guid":{"rendered":"https:\/\/www.terravision.eu\/manchester-travel-tips\/"},"modified":"2012-08-14T14:16:14","modified_gmt":"2012-08-14T14:16:14","slug":"viaggi_manchester","status":"publish","type":"page","link":"https:\/\/www.terravision.eu\/italiano\/viaggi_manchester.html","title":{"rendered":"Guida di Manchester"},"content":{"rendered":"<div id=\"article-single\">\n<p><strong>Consigli di viaggio a Manchester<\/strong><\/p>\n<p><strong>Manchester<\/strong>, citt\u00e0 conosciuta principalmente per il <strong>Manchester United<\/strong> ha molto altro da offrire oltre al calcio e allo <strong>stadio dell\u2019Old Trafford<\/strong>!<br \/>\nIl centro della citt\u00e0 \u00e8 non solo un ottimo posto in cui fare shopping, ma essendo popolato di studenti da ogni parte del mondo, offre una immensa variet\u00e0 di posti dove mangiare, una vivace vita notturna, eventi, rassegne culturali e molto altro ancora per ogni budget!<\/p>\n<p><strong>Le migliori attrazioni di Manchester<\/strong><br \/>\n&#8211; La Torre<br \/>\n&#8211; Il Comune (in stile Vittoriano)<br \/>\n&#8211; La Cattedrale , il miglior capolavoro medievale in legno del nord dell\u2019Inghilterra.<br \/>\n&#8211; La Biblioteca Chetham e la Scuola di Musica , il Long Millgate, la pi\u00f9 antica biblioteca pubblica del Regno (cfr. il film Il Nome della Rosa)<br \/>\n&#8211; La Biblioteca John Ryland, Deansgate, il pi\u00f9 famoso palazzo Vittoriano del Regno Unito, dove \u00e8 possibile trovare I pi\u00f9 antichi frammenti del Nuovo Testamento, della Bibbia di Guttenberg alla prima edizione dei Sonetti di Shakespeare.<br \/>\n&#8211; Il Palazzo del Daily Express, un capolavoro di Art Deco con le sue curvilinee strutture nere ed argento<br \/>\n&#8211; Il Museo della Scienza e dell\u2019Industria.<br \/>\n&#8211; Il Museo del Manchester United ed il Tour, la Sir Matt Busby Way, Manchester<\/p>\n<p><strong>Consigli di viaggio speciali per Manchester<\/strong><br \/>\nPer le pinte di birra pi\u00f9 economiche della citt\u00e0, andate al<strong> Sinclair\u2019s Oyster Bar<\/strong>. Risalente al 1720, \u00e8 stato demolito due volte e sempre ricostruito ed \u00e8 ormai un simbolo della citt\u00e0.<\/p>\n<\/div>\n","protected":false},"excerpt":{"rendered":"<p>Consigli di viaggio a Manchester Manchester, citt\u00e0 conosciuta principalmente per il Manchester United ha molto altro da offrire oltre al calcio e allo stadio dell\u2019Old Trafford! Il centro della citt\u00e0 \u00e8 non solo un ottimo posto in cui fare shopping, ma essendo popolato di studenti da ogni parte del mondo, offre una immensa variet\u00e0 di [&hellip;]<\/p>\n","protected":false},"author":130,"featured_media":0,"parent":0,"menu_order":0,"comment_status":"open","ping_status":"open","template":"","meta":{"footnotes":""},"class_list":["post-257","page","type-page","status-publish","hentry","cities-manchester"],"yoast_head":"<!-- This site is optimized with the Yoast SEO Premium plugin v24.4 (Yoast SEO v24.4) - https:\/\/yoast.com\/wordpress\/plugins\/seo\/ -->\n<title>Guida di Manchester | Terravision<\/title>\n<meta name=\"description\" content=\"Guida di Manchester. Guida turistica di Manchester con: musei, consigli di viaggio e le principali attrazioni di Manchester.\" \/>\n<meta name=\"robots\" content=\"index, follow, max-snippet:-1, max-image-preview:large, max-video-preview:-1\" \/>\n<link rel=\"canonical\" href=\"https:\/\/www.terravision.eu\/italiano\/viaggi_manchester.html\" \/>\n<meta property=\"og:locale\" content=\"it_IT\" \/>\n<meta property=\"og:type\" content=\"article\" \/>\n<meta property=\"og:title\" content=\"Guida di Manchester\" \/>\n<meta property=\"og:description\" content=\"Guida di Manchester. Guida turistica di Manchester con: musei, consigli di viaggio e le principali attrazioni di Manchester.\" \/>\n<meta property=\"og:url\" content=\"https:\/\/www.terravision.eu\/italiano\/viaggi_manchester.html\" \/>\n<meta property=\"og:site_name\" content=\"Terravision Italia\" \/>\n<meta name=\"twitter:label1\" content=\"Tempo di lettura stimato\" \/>\n\t<meta name=\"twitter:data1\" content=\"1 minute\" \/>\n<script type=\"application\/ld+json\" class=\"yoast-schema-graph\">{\"@context\":\"https:\/\/schema.org\",\"@graph\":[{\"@type\":\"WebPage\",\"@id\":\"https:\/\/www.terravision.eu\/italiano\/viaggi_manchester.html\",\"url\":\"https:\/\/www.terravision.eu\/italiano\/viaggi_manchester.html\",\"name\":\"Guida di Manchester | Terravision\",\"isPartOf\":{\"@id\":\"https:\/\/www.terravision.eu\/italiano\/#website\"},\"datePublished\":\"2012-08-14T14:16:14+00:00\",\"description\":\"Guida di Manchester. Guida turistica di Manchester con: musei, consigli di viaggio e le principali attrazioni di Manchester.\",\"breadcrumb\":{\"@id\":\"https:\/\/www.terravision.eu\/italiano\/viaggi_manchester.html#breadcrumb\"},\"inLanguage\":\"it-IT\",\"potentialAction\":[{\"@type\":\"ReadAction\",\"target\":[\"https:\/\/www.terravision.eu\/italiano\/viaggi_manchester.html\"]}]},{\"@type\":\"BreadcrumbList\",\"@id\":\"https:\/\/www.terravision.eu\/italiano\/viaggi_manchester.html#breadcrumb\",\"itemListElement\":[{\"@type\":\"ListItem\",\"position\":1,\"name\":\"Home\",\"item\":\"https:\/\/www.terravision.eu\/italiano\/\"},{\"@type\":\"ListItem\",\"position\":2,\"name\":\"Guida di Manchester\"}]},{\"@type\":\"WebSite\",\"@id\":\"https:\/\/www.terravision.eu\/italiano\/#website\",\"url\":\"https:\/\/www.terravision.eu\/italiano\/\",\"name\":\"Terravision Italia\",\"description\":\"Collegamenti Lowcost da\/per i principali Aeroporti europei\",\"potentialAction\":[{\"@type\":\"SearchAction\",\"target\":{\"@type\":\"EntryPoint\",\"urlTemplate\":\"https:\/\/www.terravision.eu\/italiano\/?s={search_term_string}\"},\"query-input\":{\"@type\":\"PropertyValueSpecification\",\"valueRequired\":true,\"valueName\":\"search_term_string\"}}],\"inLanguage\":\"it-IT\"}]}<\/script>\n<!-- \/ Yoast SEO Premium plugin. -->","yoast_head_json":{"title":"Guida di Manchester | Terravision","description":"Guida di Manchester. Guida turistica di Manchester con: musei, consigli di viaggio e le principali attrazioni di Manchester.","robots":{"index":"index","follow":"follow","max-snippet":"max-snippet:-1","max-image-preview":"max-image-preview:large","max-video-preview":"max-video-preview:-1"},"canonical":"https:\/\/www.terravision.eu\/italiano\/viaggi_manchester.html","og_locale":"it_IT","og_type":"article","og_title":"Guida di Manchester","og_description":"Guida di Manchester. Guida turistica di Manchester con: musei, consigli di viaggio e le principali attrazioni di Manchester.","og_url":"https:\/\/www.terravision.eu\/italiano\/viaggi_manchester.html","og_site_name":"Terravision Italia","twitter_misc":{"Tempo di lettura stimato":"1 minute"},"schema":{"@context":"https:\/\/schema.org","@graph":[{"@type":"WebPage","@id":"https:\/\/www.terravision.eu\/italiano\/viaggi_manchester.html","url":"https:\/\/www.terravision.eu\/italiano\/viaggi_manchester.html","name":"Guida di Manchester | Terravision","isPartOf":{"@id":"https:\/\/www.terravision.eu\/italiano\/#website"},"datePublished":"2012-08-14T14:16:14+00:00","description":"Guida di Manchester. Guida turistica di Manchester con: musei, consigli di viaggio e le principali attrazioni di Manchester.","breadcrumb":{"@id":"https:\/\/www.terravision.eu\/italiano\/viaggi_manchester.html#breadcrumb"},"inLanguage":"it-IT","potentialAction":[{"@type":"ReadAction","target":["https:\/\/www.terravision.eu\/italiano\/viaggi_manchester.html"]}]},{"@type":"BreadcrumbList","@id":"https:\/\/www.terravision.eu\/italiano\/viaggi_manchester.html#breadcrumb","itemListElement":[{"@type":"ListItem","position":1,"name":"Home","item":"https:\/\/www.terravision.eu\/italiano\/"},{"@type":"ListItem","position":2,"name":"Guida di Manchester"}]},{"@type":"WebSite","@id":"https:\/\/www.terravision.eu\/italiano\/#website","url":"https:\/\/www.terravision.eu\/italiano\/","name":"Terravision Italia","description":"Collegamenti Lowcost da\/per i principali Aeroporti europei","potentialAction":[{"@type":"SearchAction","target":{"@type":"EntryPoint","urlTemplate":"https:\/\/www.terravision.eu\/italiano\/?s={search_term_string}"},"query-input":{"@type":"PropertyValueSpecification","valueRequired":true,"valueName":"search_term_string"}}],"inLanguage":"it-IT"}]}},"_links":{"self":[{"href":"https:\/\/www.terravision.eu\/italiano\/wp-json\/wp\/v2\/pages\/257","targetHints":{"allow":["GET"]}}],"collection":[{"href":"https:\/\/www.terravision.eu\/italiano\/wp-json\/wp\/v2\/pages"}],"about":[{"href":"https:\/\/www.terravision.eu\/italiano\/wp-json\/wp\/v2\/types\/page"}],"author":[{"embeddable":true,"href":"https:\/\/www.terravision.eu\/italiano\/wp-json\/wp\/v2\/users\/130"}],"replies":[{"embeddable":true,"href":"https:\/\/www.terravision.eu\/italiano\/wp-json\/wp\/v2\/comments?post=257"}],"version-history":[{"count":0,"href":"https:\/\/www.terravision.eu\/italiano\/wp-json\/wp\/v2\/pages\/257\/revisions"}],"wp:attachment":[{"href":"https:\/\/www.terravision.eu\/italiano\/wp-json\/wp\/v2\/media?parent=257"}],"curies":[{"name":"wp","href":"https:\/\/api.w.org\/{rel}","templated":true}]}}