{"id":320,"date":"2012-08-22T08:46:16","date_gmt":"2012-08-22T08:46:16","guid":{"rendered":"https:\/\/www.terravision.eu\/company-information"},"modified":"2014-08-05T18:57:16","modified_gmt":"2014-08-05T16:57:16","slug":"faq_company_information","status":"publish","type":"page","link":"https:\/\/www.terravision.eu\/italiano\/faq_company_information.html","title":{"rendered":"Company Information"},"content":{"rendered":"<p><strong><a href=\"#Quali sono le citta\u2019 dove e\u2019 presente Terravision con il suo servizio di collegamento low cost tra gli aeroporti e il centro citta\u2019?\">Quali sono le citta\u2019 dove e\u2019 presente Terravision con il suo servizio di collegamento low cost tra gli aeroporti e il centro citta\u2019?<\/a><\/strong><\/p>\n<p><strong><\/strong><strong><a href=\"#Quali sono tutti i servizi offerti dal gruppo Terravision in Europa?\">Quali sono tutti i servizi offerti dal gruppo Terravision in Europa?<\/a><\/strong><\/p>\n<p><strong><\/strong><strong><a href=\"#Chi sono i partner Terravision?\">Chi sono i partner Terravision?<\/a><\/strong><\/p>\n<p><strong><a id=\"Quali sono le citta\u2019 dove e\u2019 presente Terravision con il suo servizio di collegamento low cost tra gli aeroporti e il centro citta\u2019?\">Quali sono le citta\u2019 dove e\u2019 presente Terravision con il suo servizio di collegamento low cost tra gli aeroporti e il centro citta\u2019?<\/a><\/strong><br \/>\nTerravision \u00e8 sempre in crescita! Consulta ogni giorno il nostro sito per scoprire i nuovi servizi!<br \/>\nAl momento le citt\u00e0 dove operiamo sono le seguenti:<br \/>\n&#8211; Palermo: (Dall\u2019aeroporto di Trapani al centro citt\u00e0 &ndash; passando per le bellissime localit\u00e0 turistiche di Mazara del Vallo e Marsala fino a Palermo)<br \/>\n&#8211; Roma: Dall\u2019aeroporto di Ciampino al centro citt\u00e0 &ndash; Roma Termini<br \/>\n&#8211; Milano: Dall\u2019aeroporto di Bergamo al centro citt\u00e0 &ndash; Milano stazione centrale<br \/>\n&#8211; Firenze: Dall\u2019aeroporto di Pisa al centro citt\u00e0 &ndash; Firenze stazione S. Maria Novella<br \/>\n&#8211; Bolzano, Ortisei, Santa Christina , Selva Val Gardena, Corvara, Merano e Alpe di Siusi (Dolomiti): Dagli aeroporti di Bergamo e Verona per le pi\u00f9 belle localit\u00e0 delle Dolomiti<br \/>\n&#8211; Cortina, Dobbiaco, Brunico (Dolomiti): Dagli aeroporti di Venezia e Treviso per le pi\u00f9 belle localit\u00e0 delle Dolomiti<br \/>\n&#8211; Londra: Dall\u2019aeroporto di Stansted in due trai punti pi\u00f9 centrali di Londra &ndash; Victoria station oppure Liverpool Street e in pi\u00f9: Dall\u2019aeroporto di Luton al centro citt\u00e0 &ndash; Londra Victoria Station<br \/>\n&#8211; Manchester: Dall\u2019 aeroporto di Liverpool a Manchester centro citt\u00e0<br \/>\n&#8211; Vienna: Dall\u2019 aeroporto di Bratislava a Vienna centro citt\u00e0<\/p>\n<p><strong><a id=\"Quali sono tutti i servizi offerti dal gruppo Terravision in Europa?\">Quali sono tutti i servizi offerti dal Terravision Group in Europa?<\/a><\/strong><br \/>\nTerravision London Finance Ltd. \u00e8 la holding inglese del Gruppo Terravision ed opera come leader nel settore del trasporto turistico, offrendo servizi di transfer per i passeggeri dagli aeroporti delle maggiori citt\u00e0 europee ai rispettivi centri citt\u00e0.<br \/>\nTerravision ha di recente ampliato la propria gamma di servizi con l\u2019introduzione dell\u2019ultimo e pi\u00f9 innovativo progetto del Gruppo: il Terracaf\u00e8, al momento presenti a Londra, Roma e Firenze.<br \/>\nIl Terracaf\u00e8 \u00e8 un centro turistico\/informativo nel cuore delle principali citt\u00e0 europee dove i clienti Terravision nonch\u00e9 gli stessi residenti della citt\u00e0 possono recarsi per ottenere tutte le informazioni utili per i propri viaggi all\u2019estero oppure venire a conoscenza e valutare le offerte della citt\u00e0 in cui si trovano mentre gustano un caff\u00e8, una pietanza italiana o dei prodotti di eccellenza come la carne allevata allo stato semibrado della Tenuta dell\u2019Uccellina &ndash; azienda agricola e agriturismo nel Parco<br \/>\ndella Maremma in Toscana di propriet\u00e0 del Gruppo Terravision.<br \/>\nIn pi\u00f9, presso l\u2019aeroporto di Ciampino, Terravision ha attivato un comodo servizio di parcheggio per chi decidesse di arrivare in aeroporto con la propria auto: il Low Cost Parking. Per scoprirne di pi\u00f9 guarda nelle pagine dei servizi!<\/p>\n<p><strong><a id=\"Chi sono i partner Terravision?\">Chi sono i partner Terravision?<\/a><\/strong><br \/>\nI principali attori del settore del turismo low cost incontrano diventano partner Terravision perch\u00e9 collaborare con Terravision significa:<br \/>\n\u2022 entrare in una struttura partner delle maggiori compagnie aeree low cost<br \/>\n\u2022 Disporre di una rete di vendita ai box dislocata in oltre 40 aeroporti europei<br \/>\n\u2022 Disporre di una visibilit\u00e0 online sul sito www.Terravision.eu, che conta oltre<br \/>\n300.000 visitatori mensili<br \/>\n\u2022 Usufruire di un efficiente servizio di vendita on-line, integrato in una rete di<br \/>\npartnerships con siti e portali di settore di tutto il mondo<br \/>\n\u2022 Godere dei vantaggi derivanti dal brand Terravision, ampiamente affermatosi<br \/>\ncome punto di riferimento nel settore dei collegamenti aeroportuali in Europa.<\/p>\n<p>&nbsp;<\/p>\n","protected":false},"excerpt":{"rendered":"<p>Quali sono le citta\u2019 dove e\u2019 presente Terravision con il suo servizio di collegamento low cost tra gli aeroporti e il centro citta\u2019? Quali sono tutti i servizi offerti dal gruppo Terravision in Europa? Chi sono i partner Terravision? Quali sono le citta\u2019 dove e\u2019 presente Terravision con il suo servizio di collegamento low cost [&hellip;]<\/p>\n","protected":false},"author":130,"featured_media":0,"parent":0,"menu_order":0,"comment_status":"open","ping_status":"open","template":"","meta":{"footnotes":""},"class_list":["post-320","page","type-page","status-publish","hentry"],"yoast_head":"<!-- This site is optimized with the Yoast SEO Premium plugin v24.4 (Yoast SEO v24.4) - https:\/\/yoast.com\/wordpress\/plugins\/seo\/ -->\n<title>Company Information | Terravision Italia<\/title>\n<meta name=\"robots\" content=\"index, follow, max-snippet:-1, max-image-preview:large, max-video-preview:-1\" \/>\n<link rel=\"canonical\" href=\"https:\/\/www.terravision.eu\/italiano\/faq_company_information.html\" \/>\n<meta property=\"og:locale\" content=\"it_IT\" \/>\n<meta property=\"og:type\" content=\"article\" \/>\n<meta property=\"og:title\" content=\"Company Information\" \/>\n<meta property=\"og:description\" content=\"Quali sono le citta\u2019 dove e\u2019 presente Terravision con il suo servizio di collegamento low cost tra gli aeroporti e il centro citta\u2019? Quali sono tutti i servizi offerti dal gruppo Terravision in Europa? Chi sono i partner Terravision? Quali sono le citta\u2019 dove e\u2019 presente Terravision con il suo servizio di collegamento low cost [&hellip;]\" \/>\n<meta property=\"og:url\" content=\"https:\/\/www.terravision.eu\/italiano\/faq_company_information.html\" \/>\n<meta property=\"og:site_name\" content=\"Terravision Italia\" \/>\n<meta property=\"article:modified_time\" content=\"2014-08-05T16:57:16+00:00\" \/>\n<meta name=\"twitter:label1\" content=\"Est. reading time\" \/>\n\t<meta name=\"twitter:data1\" content=\"3 minutes\" \/>\n<script type=\"application\/ld+json\" class=\"yoast-schema-graph\">{\"@context\":\"https:\/\/schema.org\",\"@graph\":[{\"@type\":\"WebPage\",\"@id\":\"https:\/\/www.terravision.eu\/italiano\/faq_company_information.html\",\"url\":\"https:\/\/www.terravision.eu\/italiano\/faq_company_information.html\",\"name\":\"Company Information | Terravision Italia\",\"isPartOf\":{\"@id\":\"https:\/\/www.terravision.eu\/italiano\/#website\"},\"datePublished\":\"2012-08-22T08:46:16+00:00\",\"dateModified\":\"2014-08-05T16:57:16+00:00\",\"breadcrumb\":{\"@id\":\"https:\/\/www.terravision.eu\/italiano\/faq_company_information.html#breadcrumb\"},\"inLanguage\":\"it-IT\",\"potentialAction\":[{\"@type\":\"ReadAction\",\"target\":[\"https:\/\/www.terravision.eu\/italiano\/faq_company_information.html\"]}]},{\"@type\":\"BreadcrumbList\",\"@id\":\"https:\/\/www.terravision.eu\/italiano\/faq_company_information.html#breadcrumb\",\"itemListElement\":[{\"@type\":\"ListItem\",\"position\":1,\"name\":\"Home\",\"item\":\"https:\/\/www.terravision.eu\/italiano\/\"},{\"@type\":\"ListItem\",\"position\":2,\"name\":\"Company Information\"}]},{\"@type\":\"WebSite\",\"@id\":\"https:\/\/www.terravision.eu\/italiano\/#website\",\"url\":\"https:\/\/www.terravision.eu\/italiano\/\",\"name\":\"Terravision Italia\",\"description\":\"Collegamenti Lowcost da\/per i principali Aeroporti europei\",\"potentialAction\":[{\"@type\":\"SearchAction\",\"target\":{\"@type\":\"EntryPoint\",\"urlTemplate\":\"https:\/\/www.terravision.eu\/italiano\/?s={search_term_string}\"},\"query-input\":{\"@type\":\"PropertyValueSpecification\",\"valueRequired\":true,\"valueName\":\"search_term_string\"}}],\"inLanguage\":\"it-IT\"}]}<\/script>\n<!-- \/ Yoast SEO Premium plugin. -->","yoast_head_json":{"title":"Company Information | Terravision Italia","robots":{"index":"index","follow":"follow","max-snippet":"max-snippet:-1","max-image-preview":"max-image-preview:large","max-video-preview":"max-video-preview:-1"},"canonical":"https:\/\/www.terravision.eu\/italiano\/faq_company_information.html","og_locale":"it_IT","og_type":"article","og_title":"Company Information","og_description":"Quali sono le citta\u2019 dove e\u2019 presente Terravision con il suo servizio di collegamento low cost tra gli aeroporti e il centro citta\u2019? Quali sono tutti i servizi offerti dal gruppo Terravision in Europa? Chi sono i partner Terravision? Quali sono le citta\u2019 dove e\u2019 presente Terravision con il suo servizio di collegamento low cost [&hellip;]","og_url":"https:\/\/www.terravision.eu\/italiano\/faq_company_information.html","og_site_name":"Terravision Italia","article_modified_time":"2014-08-05T16:57:16+00:00","twitter_misc":{"Est. reading time":"3 minutes"},"schema":{"@context":"https:\/\/schema.org","@graph":[{"@type":"WebPage","@id":"https:\/\/www.terravision.eu\/italiano\/faq_company_information.html","url":"https:\/\/www.terravision.eu\/italiano\/faq_company_information.html","name":"Company Information | Terravision Italia","isPartOf":{"@id":"https:\/\/www.terravision.eu\/italiano\/#website"},"datePublished":"2012-08-22T08:46:16+00:00","dateModified":"2014-08-05T16:57:16+00:00","breadcrumb":{"@id":"https:\/\/www.terravision.eu\/italiano\/faq_company_information.html#breadcrumb"},"inLanguage":"it-IT","potentialAction":[{"@type":"ReadAction","target":["https:\/\/www.terravision.eu\/italiano\/faq_company_information.html"]}]},{"@type":"BreadcrumbList","@id":"https:\/\/www.terravision.eu\/italiano\/faq_company_information.html#breadcrumb","itemListElement":[{"@type":"ListItem","position":1,"name":"Home","item":"https:\/\/www.terravision.eu\/italiano\/"},{"@type":"ListItem","position":2,"name":"Company Information"}]},{"@type":"WebSite","@id":"https:\/\/www.terravision.eu\/italiano\/#website","url":"https:\/\/www.terravision.eu\/italiano\/","name":"Terravision Italia","description":"Collegamenti Lowcost da\/per i principali Aeroporti europei","potentialAction":[{"@type":"SearchAction","target":{"@type":"EntryPoint","urlTemplate":"https:\/\/www.terravision.eu\/italiano\/?s={search_term_string}"},"query-input":{"@type":"PropertyValueSpecification","valueRequired":true,"valueName":"search_term_string"}}],"inLanguage":"it-IT"}]}},"_links":{"self":[{"href":"https:\/\/www.terravision.eu\/italiano\/wp-json\/wp\/v2\/pages\/320","targetHints":{"allow":["GET"]}}],"collection":[{"href":"https:\/\/www.terravision.eu\/italiano\/wp-json\/wp\/v2\/pages"}],"about":[{"href":"https:\/\/www.terravision.eu\/italiano\/wp-json\/wp\/v2\/types\/page"}],"author":[{"embeddable":true,"href":"https:\/\/www.terravision.eu\/italiano\/wp-json\/wp\/v2\/users\/130"}],"replies":[{"embeddable":true,"href":"https:\/\/www.terravision.eu\/italiano\/wp-json\/wp\/v2\/comments?post=320"}],"version-history":[{"count":7,"href":"https:\/\/www.terravision.eu\/italiano\/wp-json\/wp\/v2\/pages\/320\/revisions"}],"predecessor-version":[{"id":14841,"href":"https:\/\/www.terravision.eu\/italiano\/wp-json\/wp\/v2\/pages\/320\/revisions\/14841"}],"wp:attachment":[{"href":"https:\/\/www.terravision.eu\/italiano\/wp-json\/wp\/v2\/media?parent=320"}],"curies":[{"name":"wp","href":"https:\/\/api.w.org\/{rel}","templated":true}]}}