{"id":399,"date":"2012-08-28T13:58:16","date_gmt":"2012-08-28T13:58:16","guid":{"rendered":"https:\/\/www.terravision.eu\/privacy-policy-2"},"modified":"2024-04-19T10:38:20","modified_gmt":"2024-04-19T08:38:20","slug":"privacy-policy","status":"publish","type":"page","link":"https:\/\/www.terravision.eu\/italiano\/privacy-policy.html","title":{"rendered":"Informativa per il trattamento dei dati personali"},"content":{"rendered":"<p><strong>PRIVACY POLICY<\/strong><br \/>\nLe comunichiamo le dovute informazioni in ordine alle finalit\u00e0 e modalit\u00e0 di trattamento, nonch\u00e9 all&#8217;ambito di comunicazione e diffusione dei dati personali da Lei forniti alla Terravision(nel seguito anche solo la \u201cSociet\u00e0\u201d) per la Sua partecipazione al sito www.terravision.eu (nel seguito anche solo il \u201cSito\u201d).<br \/>\nLa finalit\u00e0 del trattamento e la sua durata sono strettamente connessi alla Sua partecipazione al Sito.<br \/>\nLa Societ\u00e0 potr\u00e0 utilizzare i dati da Lei forniti per tutte le finalit\u00e0 legate alla Sua partecipazione, ivi compresa la possibilit\u00e0 di farLa accedere a tutti i servizi previsti dallo stesso sito. La Societ\u00e0 si riserva il diritto di utilizzare tali dati anche per tutte le altre lecite finalit\u00e0 legate all&#8217;attivit\u00e0.<\/p>\n<p>All\u2019occorrenza, Terravision ha facolt\u00e0 di modificare la presente Direttiva per la Privacy in seguito ad iniziative di settore o a variazioni riguardanti la legislazione, le modalit\u00e0 di raccolta e uso delle IIP o dei Dati Attinenti, le funzionalit\u00e0 dei servizi o le tecnologie.<br \/>\nTali variazioni avranno efficacia dal momento in cui saranno pubblicate dalla Societ\u00e0 sul Sito.<br \/>\nContinuando ad utilizzare i Servizi offerti da Terravision dopo la pubblicazione di una versione aggiornata della Direttiva per la Privacy, l\u2019Utente accetta tacitamente la Direttiva per la Privacy con le relative modifiche. Pertanto, \u00e8 importante che l\u2019Utente rilegga periodicamente la Direttiva per la Privacy stessa per essere sempre al corrente di eventuali variazioni. Nel caso di cambiamenti sostanziali nelle modalit\u00e0 di raccolta e utilizzo delle IIP e dei Dati Attinenti da parte di Terravision, la gestione delle IIP e dei Dati Attinenti del singolo Utente rester\u00e0 comunque soggetta alla Direttiva per la Privacy in base alla quale gli stessi sono stati raccolti, salvo che l\u2019Utente sia stato informato del cambiamento e non abbia sollevato obiezioni.<\/p>\n<p>In particolare, la Societ\u00e0 potr\u00e0:<\/p>\n<p>a) trattare i dati che ci ha fornito per svolgere analisi, indagini di mercato e statistiche di rilevazione del grado di soddisfazione degli utenti e delle preferenze di questi, relativamente ai servizi oggetto dell&#8217;attivit\u00e0 della Societ\u00e0;<br \/>\nb) elaborare i dati che ci ha fornito e quelli desunti dalla Sua navigazione sul Sito per individuare il profilo commerciale e per l&#8217;utilizzo di questo per finalit\u00e0 di marketing, pubblicitarie, promozionali e commerciali; a tal fine la Societ\u00e0 potr\u00e0 utilizzare i cookies, ovvero porzioni di file immagazzinati dal Suo computer per monitorare i Suoi movimenti all&#8217;interno del Sito;<br \/>\nc) comunicarLe le novit\u00e0 del Sito e, pi\u00f9 in generale, le attivit\u00e0 svolte dalla Societ\u00e0.<br \/>\nPer le finalit\u00e0 del trattamento, cos\u00ec come sopra illustrate, e nei limiti delle stesse, tutti i Suoi dati potranno essere comunicati anche a soggetti terzi, pubblici o privati, quali societ\u00e0 che svolgono indagini di mercato e statistiche, societ\u00e0 che svolgono attivit\u00e0 di marketing, pubblicitarie, promozionali e commerciali.<br \/>\nIl conferimento dei dati ed il relativo consenso al trattamento, alla comunicazione ed al trasferimento, per le finalit\u00e0 di cui sopra, sono obbligatori per la partecipazione al Progetto. L&#8217;eventuale rifiuto di fornire i dati richiesti o di prestare il relativo consenso al trattamento, comunicazione e trasferimento, comporterebbe la mancata partecipazione al Progetto e l&#8217;impossibile esecuzione degli adempimenti connessi al Progetto stesso.<br \/>\nIl trattamento dei Suoi dati personali sar\u00e0 svolto in forma automatizzata, sia on-line che off-line, ad opera di soggetti appositamente incaricati dalla Societ\u00e0, quali dipendenti, collaboratori o consulenti della Societ\u00e0 stessa.<br \/>\nIl Sito potr\u00e0 contenere dei link che La trasferiranno ad altri siti. Questi siti linkabili da www.terravision.eu non sono sotto il controllo della Societ\u00e0 ed e&#8217; possibile che abbiano una politica sulla riservatezza diversa da quella ivi descritta. Di conseguenza, la Societ\u00e0 non potr\u00e0 essere ritenuta in alcun modo responsabile per qualsivoglia violazione del Suo diritto alla riservatezza avvenuta in siti diversi da www.terravision.eu<br \/>\nInoltre, la Societ\u00e0 non potr\u00e0 in nessun caso essere ritenuta responsabile per l&#8217;eventuale Sua comunicazione diretta di dati personali, sensibili o di qualsiasi altra natura, che avvenga nelle sezioni del Sito dedicate ai Forum.<br \/>\nLa Societ\u00e0 si riserva il diritto di trasferire i dati da Lei forniti ad eventuali terzi acquirenti della stessa o di un suo ramo.<br \/>\nLei potr\u00e0 far valere i Suoi diritti, quali l&#8217;accesso, l&#8217;indicazione dell&#8217;origine dei dati personali, chiarimenti sulle modalit\u00e0 e finalit\u00e0 del trattamento, la logica applicata in caso di trattamento con modalit\u00e0 elettroniche, l&#8217;indicazione degli estremi identificativi del Titolare del trattamento e dei soggetti o delle categorie di soggetti a cui i dati possono essere comunicati o che possono venirne a conoscenza, l&#8217;aggiornamento, la rettificazione, l&#8217;integrazione, la cancellazione, la trasformazione e il blocco dei Suoi dati trattati in violazione di legge &#8211; rivolgendosi al Titolare del trattamento ai recapiti sotto indicati:<br \/>\nIl Titolare del trattamento e&#8217; Terravision London Finance, raggiungibile via e-mail all&#8217;indirizzo:<a href=\"mailto:dpo@terravision.eu\">dpo@terravision.eu<\/a> \u2013 sede legale:<br \/>\nTerravision London Finance Ltd.<br \/>\n260-270 Butterfield, Great Marlings, Luton LU2 8DL<\/p>\n<p>Data Protection Representatives<br \/>\nPriviness ltd.<br \/>\nKooli 5-45, P\u00e4rnu 80019 Estonia<br \/>\nEmail: info@priviness.eu<\/p>\n<p>La presente informativa sulla privacy potrebbe subire variazioni. Eventuali modifiche verranno pubblicate in questa pagina.<\/p>\n<p><a name=\"cookiepolicy_it\"><\/a><strong>COOKIE POLICY<\/strong><\/p>\n<p>Vogliamo assicurarci che la vostra visita al nostro sito web sia agevole, affidabile e il pi\u00f9 possibile utile per voi. Per aiutarci a farlo, utilizziamo cookies e tecnologie simili (collettivamente denominati &#8220;cookies&#8221; in questa policy).<br \/>\nVi informiamo del nostro utilizzo dei cookies quando visitate per la prima volta il nostro sito web, attraverso un messaggio di avviso nella parte inferiore della pagina. Continuando ad utilizzare il sito, acconsentite al nostro utilizzo dei cookies. Tuttavia, potete modificare le vostre impostazioni dei cookies in qualsiasi momento. Ulteriori informazioni sulla gestione delle impostazioni dei cookies sono fornite di seguito.<\/p>\n<p><strong>Cosa sono i cookies?<\/strong><\/p>\n<p>I cookies sono piccoli file di testo che vengono automaticamente posizionati sul Vostro computer o dispositivo mobile quando visitate quasi tutti i siti web. Essi vengono memorizzati dal browser Internet. I cookies contengono informazioni di base sul vostro utilizzo di Internet, ma non vi identificano personalmente. Il vostro browser rinvia questi cookies al sito ogni volta che lo visitate nuovamente, cos\u00ec che possa riconoscere il vostro computer o dispositivo mobile e personalizzare e migliorare la vostra esperienza sul sito.<br \/>\nAd esempio, utilizziamo i cookies sul nostro sito web per memorizzare i vostri dettagli di accesso, in modo che voi non dobbiate reinserirli pi\u00f9 volte durante la vostra visita al sito. Altri cookies ci aiutano a capire che cosa vi interessava o non interessava sul nostro sito, in modo da potervi fornire servizi che sono pi\u00f9 pertinenti ed utili quando visiterete successivamente il sito. Utilizziamo i cookies anche per valutare l&#8217;efficacia della pubblicit\u00e0 sul nostro sito e il modo in cui gli utenti utilizzano il sito.<br \/>\nLavoriamo con terzi inserzionisti pubblicitari per fornirvi l&#8217;accesso a contenuti interessanti ed emozionanti inerenti a viaggi attraverso il nostro sito web. Quindi, cos\u00ec come noi stessi impostiamo alcuni nostri cookies &#8211; i &#8220;nostri cookies\u201d, permettiamo altres\u00ec ad alcuni inserzionisti che pubblicano annunci sul nostro sito di impostare &#8220;cookies di terzi&#8221;. Questi cookies registrano informazioni sul vostro utilizzo dei messaggi pubblicitari. Questo aiuta gli inserzionisti a mostrarvi annunci pubblicitari che hanno maggiori probabilit\u00e0 di interessarvi ed aiuta a migliorare la vostra esperienza online.<br \/>\nAlcuni cookies, chiamati &#8220;cookies di sessione&#8221;, rimangono sul vostro computer solo mentre il vostro browser \u00e8 aperto e vengono eliminati automaticamente una volta che voi chiudete il browser. Altri cookies, chiamati &#8220;cookies permanenti&#8221;, rimangono sul vostro computer o dispositivo mobile dopo che il browser viene chiuso. Ci\u00f2 permette che i siti riconoscano il vostro computer o dispositivo mobile quando successivamente riaprirete il vostro browser per fornirvi una navigazione che sia la pi\u00f9 agevole possibile.<br \/>\nVi preghiamo di notare che il nostro uso delle informazioni che raccogliamo su di voi attraverso il vostro utilizzo dei cookies \u00e8 soggetto alla nostra Policy sulla Privacy, il collegamento alla quale \u00e8 disponibile nella parte inferiore di ogni pagina.<\/p>\n<p><strong>Quali tipi di cookies usiamo?<\/strong><\/p>\n<p>I cookies che utilizziamo rientrano in 3 categorie. Queste categorie sono descritte di seguito.<br \/>\n<strong>Cookies essenziali<\/strong><br \/>\nQuesti cookies vi aiutano ad accedere ed a navigare all\u2019interno del nostro sito e ad utilizzare tutti i suoi servizi essenziali. Senza questi cookies, il nostro sito non funzionerebbe correttamente e non sarebbe in grado di utilizzare alcune funzioni importanti. Per esempio, usiamo i cookies per mantenervi collegati durante la vostra visita, in modo che il sito non vi richieda di collegarvi pi\u00f9 volte per accedere a pagine diverse. Utilizziamo i cookies essenziali anche per finalit\u00e0 di prevenzione e rilevamento delle frodi.<br \/>\n<strong>Cookies analitici e di personalizzazione<\/strong><br \/>\nVogliamo rendere la vostra esperienza sul nostro sito il pi\u00f9 agevole e il pi\u00f9 piacevole possibile. Utilizziamo i cookies per aiutarci a capire come il nostro sito web viene utilizzato e come possiamo migliorare la vostra esperienza su di esso. I cookies possono fornirci informazioni anonime per aiutarci a capire quali parti del nostro sito web interessano ai nostri visitatori e se si verificano errori. Utilizziamo i cookies per testare diversi progetti e caratteristiche per i nostri siti e li usiamo anche per aiutarci a monitorare come i visitatori raggiungono i nostri siti.<br \/>\nUtilizziamo i cookies anche per salvare le impostazioni e le preferenze sul nostro sito web, come la lingua preferita e le informazioni che avete inserito in precedenza durante la ricerca delle opzioni di viaggio. Alcuni cookies di personalizzazione sono essenziali se volete utilizzare alcune funzionalit\u00e0 del sito.<br \/>\n<strong>Cookies pubblicitari<\/strong><br \/>\nI cookies pubblicitari ci aiutano ad assicurare che gli annunci che vedete sul nostro sito web siano il pi\u00f9 possibile adatti a voi. Ad esempio, alcuni cookies pubblicitari ci aiutano a selezionare messaggi pubblicitari basati sui vostri interessi. Altri ci aiutano ad evitare che lo stesso annuncio vi ricompaia in continuazione.<br \/>\nVogliamo anche fare in modo che sia il pi\u00f9 semplice possibile condividere i contenuti da Terravision con i vostri amici attraverso i vostri social network preferiti. Per questo motivo, i cookies pubblicitari comprendono i cookies che vengono posizionati dai siti dei social network, consentendo che tale condivisione sia facile e continua.<\/p>\n<p><strong>Gestione dei cookies<\/strong><\/p>\n<p><strong>Cosa succede se non accetto i cookies?<\/strong><\/p>\n<p>Se non vengono abilitati i cookies sul vostro computer, tablet o telefono cellulare (&#8216;dispositivo&#8217;), la vostra esperienza sul sito internet potrebbe essere limitata (per esempio, potreste non essere abilitati a navigare pienamente e liberamente o ad aggiungere prodotti al vostro carrello e ad acquistarli).<\/p>\n<p><strong>Come disabilitare\/abilitare i cookies?<\/strong><\/p>\n<p>Potrete disattivare\/attivare i cookies dal vostro dispositivo attraverso il vostro browser internet. Vi abbiamo spiegato come potrete gestire i cookies sul vostro computer attraverso alcuni dei principali browser internet di seguito elencati. Per le informazioni su come gestire i cookies sul vostro tablet e\/o telefono cellulare vi preghiamo di consultare la vostra documentazione o i file online di aiuto.<\/p>\n<p><strong>Google Chrome<\/strong><br \/>\n&#8211; Nel menu impostazioni, selezionare \u201cMostra impostazioni avanzate\u201d in fondo alla pagina<br \/>\n&#8211; Selezionare il tasto \u201ccontenuto impostazioni\u201d nella sezione privacy<br \/>\nLa sezione in alto alla pagina che appare successivamente vi spiega i cookies e vi permette di selezionare i cookies che volete. Vi consente anche di cancellare ogni cookie attualmente archiviato.<\/p>\n<p><strong>Mozilla Firefox<\/strong><br \/>\n&#8211; Nel men\u00f9 degli strumenti, selezionare \u201cOpzioni\u201d<br \/>\n&#8211; Selezionare il tasto \u201cPrivacy\u201d nella cartella \u201cOpzioni\u201d<br \/>\n&#8211; Dal men\u00f9 a tendina scegliere \u201cImpostazioni cronologia\u201d. Questo vi mostrer\u00e0 le opzioni per i cookies e potrete scegliere di abilitarli o disabilitarli cliccando sulla casella.<\/p>\n<p><strong>Internet Explorer 6+<\/strong><br \/>\n&#8211; Nella barra dei men\u00f9, selezionare \u201cOpzioni Internet\u201d<br \/>\n&#8211; Cliccare sul tasto \u201cPrivacy\u201d<br \/>\n&#8211; Vedrete un cursore delle impostazioni privacy che possiede sei impostazioni che consentono di controllare il numero dei cookies che saranno posizionati: Blocca tutti i Cookies, Alta, Media alta, Media (livello predefinito), Bassa, e Accetta tutti i Cookies.<\/p>\n<p><strong>Safari browser<\/strong><br \/>\n&#8211; Nel menu Impostazioni , selezionare opzione \u201cPreferenze\u201d<br \/>\n&#8211; Aprire la sezione Privacy<br \/>\n&#8211; Selezionare l\u2019opzione che vuoi dalla sezione \u201cBlocco cookies\u201d<\/p>\n<p><strong>Tutti gli altri browsers<\/strong><br \/>\nPer le informazioni su come gestire i cookies attraverso altri browser, consultate la vostra documentazione o i file online di aiuto.<\/p>\n<p><strong>Come disabilitare\/abilitare i cookies di terzi?<\/strong><br \/>\nI cookies di terzi non sono posizionati da noi. Vi suggeriremmo quindi di visitare il sito internet di questi terzi per le informazioni relative ai cookies che posizionano ed al modo in cui gestirli.<\/p>\n","protected":false},"excerpt":{"rendered":"<p>PRIVACY POLICY Le comunichiamo le dovute informazioni in ordine alle finalit\u00e0 e modalit\u00e0 di trattamento, nonch\u00e9 all&#8217;ambito di comunicazione e diffusione dei dati personali da Lei forniti alla Terravision(nel seguito anche solo la \u201cSociet\u00e0\u201d) per la Sua partecipazione al sito www.terravision.eu (nel seguito anche solo il \u201cSito\u201d). La finalit\u00e0 del trattamento e la sua durata [&hellip;]<\/p>\n","protected":false},"author":1,"featured_media":0,"parent":0,"menu_order":0,"comment_status":"open","ping_status":"open","template":"","meta":{"footnotes":""},"class_list":["post-399","page","type-page","status-publish","hentry"],"yoast_head":"<!-- This site is optimized with the Yoast SEO Premium plugin v24.4 (Yoast SEO v24.4) - https:\/\/yoast.com\/wordpress\/plugins\/seo\/ -->\n<title>Informativa per il trattamento dei dati personali | Terravision Italia<\/title>\n<meta name=\"robots\" content=\"index, follow, max-snippet:-1, max-image-preview:large, max-video-preview:-1\" \/>\n<link rel=\"canonical\" href=\"https:\/\/www.terravision.eu\/italiano\/privacy-policy.html\" \/>\n<meta property=\"og:locale\" content=\"it_IT\" \/>\n<meta property=\"og:type\" content=\"article\" \/>\n<meta property=\"og:title\" content=\"Informativa per il trattamento dei dati personali\" \/>\n<meta property=\"og:description\" content=\"PRIVACY POLICY Le comunichiamo le dovute informazioni in ordine alle finalit\u00e0 e modalit\u00e0 di trattamento, nonch\u00e9 all&#8217;ambito di comunicazione e diffusione dei dati personali da Lei forniti alla Terravision(nel seguito anche solo la \u201cSociet\u00e0\u201d) per la Sua partecipazione al sito www.terravision.eu (nel seguito anche solo il \u201cSito\u201d). La finalit\u00e0 del trattamento e la sua durata [&hellip;]\" \/>\n<meta property=\"og:url\" content=\"https:\/\/www.terravision.eu\/italiano\/privacy-policy.html\" \/>\n<meta property=\"og:site_name\" content=\"Terravision Italia\" \/>\n<meta property=\"article:modified_time\" content=\"2024-04-19T08:38:20+00:00\" \/>\n<meta name=\"twitter:label1\" content=\"Tempo di lettura stimato\" \/>\n\t<meta name=\"twitter:data1\" content=\"10 minutes\" \/>\n<script type=\"application\/ld+json\" class=\"yoast-schema-graph\">{\"@context\":\"https:\/\/schema.org\",\"@graph\":[{\"@type\":\"WebPage\",\"@id\":\"https:\/\/www.terravision.eu\/italiano\/privacy-policy.html\",\"url\":\"https:\/\/www.terravision.eu\/italiano\/privacy-policy.html\",\"name\":\"Informativa per il trattamento dei dati personali | Terravision Italia\",\"isPartOf\":{\"@id\":\"https:\/\/www.terravision.eu\/italiano\/#website\"},\"datePublished\":\"2012-08-28T13:58:16+00:00\",\"dateModified\":\"2024-04-19T08:38:20+00:00\",\"breadcrumb\":{\"@id\":\"https:\/\/www.terravision.eu\/italiano\/privacy-policy.html#breadcrumb\"},\"inLanguage\":\"it-IT\",\"potentialAction\":[{\"@type\":\"ReadAction\",\"target\":[\"https:\/\/www.terravision.eu\/italiano\/privacy-policy.html\"]}]},{\"@type\":\"BreadcrumbList\",\"@id\":\"https:\/\/www.terravision.eu\/italiano\/privacy-policy.html#breadcrumb\",\"itemListElement\":[{\"@type\":\"ListItem\",\"position\":1,\"name\":\"Home\",\"item\":\"https:\/\/www.terravision.eu\/italiano\/\"},{\"@type\":\"ListItem\",\"position\":2,\"name\":\"Informativa per il trattamento dei dati personali\"}]},{\"@type\":\"WebSite\",\"@id\":\"https:\/\/www.terravision.eu\/italiano\/#website\",\"url\":\"https:\/\/www.terravision.eu\/italiano\/\",\"name\":\"Terravision Italia\",\"description\":\"Collegamenti Lowcost da\/per i principali Aeroporti europei\",\"potentialAction\":[{\"@type\":\"SearchAction\",\"target\":{\"@type\":\"EntryPoint\",\"urlTemplate\":\"https:\/\/www.terravision.eu\/italiano\/?s={search_term_string}\"},\"query-input\":{\"@type\":\"PropertyValueSpecification\",\"valueRequired\":true,\"valueName\":\"search_term_string\"}}],\"inLanguage\":\"it-IT\"}]}<\/script>\n<!-- \/ Yoast SEO Premium plugin. -->","yoast_head_json":{"title":"Informativa per il trattamento dei dati personali | Terravision Italia","robots":{"index":"index","follow":"follow","max-snippet":"max-snippet:-1","max-image-preview":"max-image-preview:large","max-video-preview":"max-video-preview:-1"},"canonical":"https:\/\/www.terravision.eu\/italiano\/privacy-policy.html","og_locale":"it_IT","og_type":"article","og_title":"Informativa per il trattamento dei dati personali","og_description":"PRIVACY POLICY Le comunichiamo le dovute informazioni in ordine alle finalit\u00e0 e modalit\u00e0 di trattamento, nonch\u00e9 all&#8217;ambito di comunicazione e diffusione dei dati personali da Lei forniti alla Terravision(nel seguito anche solo la \u201cSociet\u00e0\u201d) per la Sua partecipazione al sito www.terravision.eu (nel seguito anche solo il \u201cSito\u201d). La finalit\u00e0 del trattamento e la sua durata [&hellip;]","og_url":"https:\/\/www.terravision.eu\/italiano\/privacy-policy.html","og_site_name":"Terravision Italia","article_modified_time":"2024-04-19T08:38:20+00:00","twitter_misc":{"Tempo di lettura stimato":"10 minutes"},"schema":{"@context":"https:\/\/schema.org","@graph":[{"@type":"WebPage","@id":"https:\/\/www.terravision.eu\/italiano\/privacy-policy.html","url":"https:\/\/www.terravision.eu\/italiano\/privacy-policy.html","name":"Informativa per il trattamento dei dati personali | Terravision Italia","isPartOf":{"@id":"https:\/\/www.terravision.eu\/italiano\/#website"},"datePublished":"2012-08-28T13:58:16+00:00","dateModified":"2024-04-19T08:38:20+00:00","breadcrumb":{"@id":"https:\/\/www.terravision.eu\/italiano\/privacy-policy.html#breadcrumb"},"inLanguage":"it-IT","potentialAction":[{"@type":"ReadAction","target":["https:\/\/www.terravision.eu\/italiano\/privacy-policy.html"]}]},{"@type":"BreadcrumbList","@id":"https:\/\/www.terravision.eu\/italiano\/privacy-policy.html#breadcrumb","itemListElement":[{"@type":"ListItem","position":1,"name":"Home","item":"https:\/\/www.terravision.eu\/italiano\/"},{"@type":"ListItem","position":2,"name":"Informativa per il trattamento dei dati personali"}]},{"@type":"WebSite","@id":"https:\/\/www.terravision.eu\/italiano\/#website","url":"https:\/\/www.terravision.eu\/italiano\/","name":"Terravision Italia","description":"Collegamenti Lowcost da\/per i principali Aeroporti europei","potentialAction":[{"@type":"SearchAction","target":{"@type":"EntryPoint","urlTemplate":"https:\/\/www.terravision.eu\/italiano\/?s={search_term_string}"},"query-input":{"@type":"PropertyValueSpecification","valueRequired":true,"valueName":"search_term_string"}}],"inLanguage":"it-IT"}]}},"_links":{"self":[{"href":"https:\/\/www.terravision.eu\/italiano\/wp-json\/wp\/v2\/pages\/399","targetHints":{"allow":["GET"]}}],"collection":[{"href":"https:\/\/www.terravision.eu\/italiano\/wp-json\/wp\/v2\/pages"}],"about":[{"href":"https:\/\/www.terravision.eu\/italiano\/wp-json\/wp\/v2\/types\/page"}],"author":[{"embeddable":true,"href":"https:\/\/www.terravision.eu\/italiano\/wp-json\/wp\/v2\/users\/1"}],"replies":[{"embeddable":true,"href":"https:\/\/www.terravision.eu\/italiano\/wp-json\/wp\/v2\/comments?post=399"}],"version-history":[{"count":4,"href":"https:\/\/www.terravision.eu\/italiano\/wp-json\/wp\/v2\/pages\/399\/revisions"}],"predecessor-version":[{"id":19225,"href":"https:\/\/www.terravision.eu\/italiano\/wp-json\/wp\/v2\/pages\/399\/revisions\/19225"}],"wp:attachment":[{"href":"https:\/\/www.terravision.eu\/italiano\/wp-json\/wp\/v2\/media?parent=399"}],"curies":[{"name":"wp","href":"https:\/\/api.w.org\/{rel}","templated":true}]}}