{"id":409,"date":"2012-09-11T15:07:01","date_gmt":"2012-09-11T15:07:01","guid":{"rendered":"https:\/\/www.terravision.eu\/rome-travel-cards-2"},"modified":"2012-09-11T15:07:01","modified_gmt":"2012-09-11T15:07:01","slug":"rome-travel-cards","status":"publish","type":"page","link":"https:\/\/www.terravision.eu\/italiano\/rome-travel-cards.html","title":{"rendered":"Roma Carte Turistiche"},"content":{"rendered":"<div class=\"title-right\"><span class=\"price\">90<\/span><span class=\"valuta\">\u20ac<\/span><\/div>\n<p>Scopri la Roma Antica e quella moderna!<br \/>\nPotrai salire e scendere dall\u2019Open Bus per 3 gioni consecutivi ed immergerti nella storia di Roma: visita i monumenti, le chiese, le fontane e le piazze pi\u00f9 famose della citt\u00e0. Lasciati conquistare dagli incantevoli dintorni della citt\u00e0 e gira per locali per assaporare il fascino della Dolce Vita.<\/p>\n<h4><strong>&#8211; ROMA OMNIA CARD <\/strong><\/h4>\n<p>OMNIA Vatican &amp; Rome \u00e8 la chiave per godere di un&#8217;esperienza unica a Roma, per te e per la tua famiglia.Non perdere nessuna delle principali attrazioni turistiche di Roma: prenota il pi\u00f9 completo tour di Roma con la Omnia Card All Inclusive(3 giorni). Avrai accesso ai trasporti pubblici nella citt\u00e0 di Roma, all\u2019Open Bus di Roma Cristiana ed agli itinerari a piedi con le audio-guide, ai musei ed anche all\u2019assistenza sanitaria!.<br \/>\nCon l\u2019Omnia Card, Roma non avr\u00e0 pi\u00f9 segreti per te!<\/p>\n<div class=\"collapse tour-info collapsed\">\n<h2 class=\"title\">Roma Omnia card.Tour Info:<\/h2>\n<p><strong>Disponibili<\/strong>: tutti  giorni<br \/>\n<strong>Prima partenza<\/strong>: 09:00am .<br \/>\n<strong>Punto d&#8217;incontro<\/strong>: TerraCaf\u00e9 en la estaci\u00f3n Termini, via Marsala 29, And\u00e9n 1<br \/>\n<strong>Validit\u00e0 biglietti<\/strong>:  3 giorni a partire dalla data di vidimazione<br \/>\n<strong>Lingue disponibili<\/strong>: <\/p>\n<ul class=\"flags\">\n<li class=\"gb\"><\/li>\n<li class=\"es\"><\/li>\n<li class=\"de\"><\/li>\n<li class=\"it\"><\/li>\n<li class=\"fr\"><\/li>\n<\/ul>\n<p><strong>Il tour include:<\/strong> &#8211;<br \/>\n&#8211; Open Bus di Roma Cristiana<br \/>\n&#8211; Trasporto pubblico di Roma ATAC (autobus e tram di superficie, linee A e B della metropolitana e ferrovie regionali Roma-Lido, Roma Flaminio Piazza del Popolo-Viterbo e Roma-Giardinetti) all&#8217;interno del Comune di Roma<br \/>\n&#8211; Ingresso ai Musei e ai Giardini Vaticani ed alla Cappella Sistina<br \/>\n&#8211; Visita della Basilica di San Pietro e il Tour del Carcere Mamertino<br \/>\n&#8211; Visita della Basilica e del Chiostro di San Giovanni in Laterano<br \/>\n&#8211; Ingresso al Colossei, al Foro Romano, alla colle Palatino<br \/>\n&#8211; Ingressi ridotti per altri musei e mostre<br \/>\n&#8211; Riduzioni per Guardia Medica Turistica multilingue &#8211; MET Travel HealthTourist Cultural Service<br \/>\n<a href=\"https:\/\/maps.google.com\/maps\/ms?msid=211366733211262669781.0004dbcc5db6e4caab2b0&amp;msa=0\" title=\"Roma Cristiana Open Bus (St Peter's route)\" target=\"_blank\">Consulta le principali fermate sulla mappa ( percorso San Pietro)<\/a><\/p>\n<\/div>\n<div class=\"collapse tour-info\">\n<h2 class=\"title\">Omnia card.Prezzi<\/h2>\n<p><strong>Adulti:<\/strong>  \u20ac 90<br \/>\n<strong>Bambini (6-12 anni):<\/strong> \u20ac 65<br \/>\n<strong>Bambini (0-6 anni):<\/strong> gratis<br \/>\nSelezionare \u201cbeb\u00e9\u201d quando si acquistano biglietti per bambini al di sotto dei 06 anni.<\/div>\n<div class=\"collapse tour-info\">\n<h2 class=\"title\">Come prenotare ed utilizzare i tuoi biglietti<\/h2>\n<p>1. Prenota la tua Omnia Card<br \/>\n Per favore selezionare \u201cbeb\u00e9\u201d quando si acquistano biglietti per bambini al di sotto dei 6 anni.<br \/>\n2.Stampa il voucher<br \/>\n3.Cambia il voucher per il Kit  Omnia Card in qualsiasi punto d&#8217;incontro di  ORP. <\/p>\n<ul>\n<li>O.R.P. &#8211; Piazza Pio XII, 9 \u2013 Zona Piazza S. Pietro .Aperto dal luned\u00ec alla domenica dalle 9:00 alle 18:00<\/li>\n<li> O.R.P. &#8211; Piazza di Porta San Giovanni, 6 \u2013 Zona Basilica di San Giovanni in Laterano.Aperto dal luned\u00ec al venerd\u00ec dalle 9:00 alle 13:00 e dalle 14:30 alle 18:00 .Chiuso sabato e domenica. <\/li>\n<li>O.R.P. &#8211; Via della Pigna 13\/A \u2013 Zona Largo di Torre Argentina .Aperto dal luned\u00ec al venerd\u00ec dalle 9:00 alle 13:00 e dalle 14:30 alle 18:00 . Chiuso sabato e domenica <\/li>\n<\/ul>\n<p>4. Le tessere OMNIA Vatican &amp; Rome e Roma Pass si compilano sul retro con nome, cognome e data di attivazione e si attivano congiuntamente per gli stessi tre giorni<br \/>\n5. La validit\u00e0 \u00e8 di 3 giorni dalla data di attivazione con accesso al primo sito oppure al primo viaggio su un mezzo di trasporto \u2013 si attiva nel momento in cui usufruisci del primo ingresso o dal momento in cui per la prima volta effettui la convalida per uno dei mezzi di trasporto previsti \u2013 rimane valida fino alle ore 24.00 del terzo giorno da quello della prima convalida. <\/p>\n<\/div>\n<div class=\"collapse tour-info\">\n<h2 class=\"title\">Contact Info<\/h2>\n<p><strong>In collaborazione con Opera Romana Pellegrinaggi<\/strong><br \/>\nAperto: da 09:00 am a 18:00 pm dal Luned\u00ec al Venerd\u00ec<br \/>\nTel: +39 06698961<br \/>\nEmail: info@operaromanapellegrinaggi.org<\/p>\n<p><strong>Terravision Contact Info<\/strong><br \/>\nDa Luned\u00ec a Sabato dalle  9.00 am alle 18.00 pm : +39 06.97.61.06.32<br \/>\nSeguici su <a href=\"http:\/\/www.facebook.com\/terravision.eu\" title=\"Terravision on Facebook\" target=\"_blank\">Facebook<\/a>, <a href=\"http:\/\/www.twitter.com\/terravision.eu\" title=\"Terravision on Twitter\" target=\"_blank\">Twitter<\/a>, <a href=\"https:\/\/www.google.com\/+terravision\" title=\"Terravision on Google+\" target=\"_blank\">Google+<\/a> or <a href=\"http:\/\/pinterest.com\/terravisiongp\/\" title=\"Terravision on Pinterest\" target=\"_blank\">Pinterest<\/a> per maggiore info!.<\/div>\n<\/div>\n","protected":false},"excerpt":{"rendered":"<p>90\u20ac Scopri la Roma Antica e quella moderna! Potrai salire e scendere dall\u2019Open Bus per 3 gioni consecutivi ed immergerti nella storia di Roma: visita i monumenti, le chiese, le fontane e le piazze pi\u00f9 famose della citt\u00e0. Lasciati conquistare dagli incantevoli dintorni della citt\u00e0 e gira per locali per assaporare il fascino della Dolce [&hellip;]<\/p>\n","protected":false},"author":130,"featured_media":0,"parent":0,"menu_order":0,"comment_status":"open","ping_status":"open","template":"page-citytour.php","meta":{"footnotes":""},"class_list":["post-409","page","type-page","status-publish","hentry","cities-roma"],"yoast_head":"<!-- This site is optimized with the Yoast SEO Premium plugin v24.4 (Yoast SEO v24.4) - https:\/\/yoast.com\/wordpress\/plugins\/seo\/ -->\n<title>Roma Carte Turistiche | Terravision<\/title>\n<meta name=\"description\" content=\"Roma carte turistiche - Hai accesso alle principali attrazioni e ai mezzi pubblici per 3 giorni - Prenota e risparmia!\" \/>\n<meta name=\"robots\" content=\"index, follow, max-snippet:-1, max-image-preview:large, max-video-preview:-1\" \/>\n<link rel=\"canonical\" href=\"https:\/\/www.terravision.eu\/italiano\/rome-travel-cards.html\" \/>\n<meta property=\"og:locale\" content=\"it_IT\" \/>\n<meta property=\"og:type\" content=\"article\" \/>\n<meta property=\"og:title\" content=\"Roma Carte Turistiche\" \/>\n<meta property=\"og:description\" content=\"Roma carte turistiche - Hai accesso alle principali attrazioni e ai mezzi pubblici per 3 giorni - Prenota e risparmia!\" \/>\n<meta property=\"og:url\" content=\"https:\/\/www.terravision.eu\/italiano\/rome-travel-cards.html\" \/>\n<meta property=\"og:site_name\" content=\"Terravision Italia\" \/>\n<meta name=\"twitter:label1\" content=\"Tempo di lettura stimato\" \/>\n\t<meta name=\"twitter:data1\" content=\"3 minutes\" \/>\n<script type=\"application\/ld+json\" class=\"yoast-schema-graph\">{\"@context\":\"https:\/\/schema.org\",\"@graph\":[{\"@type\":\"WebPage\",\"@id\":\"https:\/\/www.terravision.eu\/italiano\/rome-travel-cards.html\",\"url\":\"https:\/\/www.terravision.eu\/italiano\/rome-travel-cards.html\",\"name\":\"Roma Carte Turistiche | Terravision\",\"isPartOf\":{\"@id\":\"https:\/\/www.terravision.eu\/italiano\/#website\"},\"datePublished\":\"2012-09-11T15:07:01+00:00\",\"description\":\"Roma carte turistiche - Hai accesso alle principali attrazioni e ai mezzi pubblici per 3 giorni - Prenota e risparmia!\",\"breadcrumb\":{\"@id\":\"https:\/\/www.terravision.eu\/italiano\/rome-travel-cards.html#breadcrumb\"},\"inLanguage\":\"it-IT\",\"potentialAction\":[{\"@type\":\"ReadAction\",\"target\":[\"https:\/\/www.terravision.eu\/italiano\/rome-travel-cards.html\"]}]},{\"@type\":\"BreadcrumbList\",\"@id\":\"https:\/\/www.terravision.eu\/italiano\/rome-travel-cards.html#breadcrumb\",\"itemListElement\":[{\"@type\":\"ListItem\",\"position\":1,\"name\":\"Home\",\"item\":\"https:\/\/www.terravision.eu\/italiano\/\"},{\"@type\":\"ListItem\",\"position\":2,\"name\":\"Roma Carte Turistiche\"}]},{\"@type\":\"WebSite\",\"@id\":\"https:\/\/www.terravision.eu\/italiano\/#website\",\"url\":\"https:\/\/www.terravision.eu\/italiano\/\",\"name\":\"Terravision Italia\",\"description\":\"Collegamenti Lowcost da\/per i principali Aeroporti europei\",\"potentialAction\":[{\"@type\":\"SearchAction\",\"target\":{\"@type\":\"EntryPoint\",\"urlTemplate\":\"https:\/\/www.terravision.eu\/italiano\/?s={search_term_string}\"},\"query-input\":{\"@type\":\"PropertyValueSpecification\",\"valueRequired\":true,\"valueName\":\"search_term_string\"}}],\"inLanguage\":\"it-IT\"}]}<\/script>\n<!-- \/ Yoast SEO Premium plugin. -->","yoast_head_json":{"title":"Roma Carte Turistiche | Terravision","description":"Roma carte turistiche - Hai accesso alle principali attrazioni e ai mezzi pubblici per 3 giorni - Prenota e risparmia!","robots":{"index":"index","follow":"follow","max-snippet":"max-snippet:-1","max-image-preview":"max-image-preview:large","max-video-preview":"max-video-preview:-1"},"canonical":"https:\/\/www.terravision.eu\/italiano\/rome-travel-cards.html","og_locale":"it_IT","og_type":"article","og_title":"Roma Carte Turistiche","og_description":"Roma carte turistiche - Hai accesso alle principali attrazioni e ai mezzi pubblici per 3 giorni - Prenota e risparmia!","og_url":"https:\/\/www.terravision.eu\/italiano\/rome-travel-cards.html","og_site_name":"Terravision Italia","twitter_misc":{"Tempo di lettura stimato":"3 minutes"},"schema":{"@context":"https:\/\/schema.org","@graph":[{"@type":"WebPage","@id":"https:\/\/www.terravision.eu\/italiano\/rome-travel-cards.html","url":"https:\/\/www.terravision.eu\/italiano\/rome-travel-cards.html","name":"Roma Carte Turistiche | Terravision","isPartOf":{"@id":"https:\/\/www.terravision.eu\/italiano\/#website"},"datePublished":"2012-09-11T15:07:01+00:00","description":"Roma carte turistiche - Hai accesso alle principali attrazioni e ai mezzi pubblici per 3 giorni - Prenota e risparmia!","breadcrumb":{"@id":"https:\/\/www.terravision.eu\/italiano\/rome-travel-cards.html#breadcrumb"},"inLanguage":"it-IT","potentialAction":[{"@type":"ReadAction","target":["https:\/\/www.terravision.eu\/italiano\/rome-travel-cards.html"]}]},{"@type":"BreadcrumbList","@id":"https:\/\/www.terravision.eu\/italiano\/rome-travel-cards.html#breadcrumb","itemListElement":[{"@type":"ListItem","position":1,"name":"Home","item":"https:\/\/www.terravision.eu\/italiano\/"},{"@type":"ListItem","position":2,"name":"Roma Carte Turistiche"}]},{"@type":"WebSite","@id":"https:\/\/www.terravision.eu\/italiano\/#website","url":"https:\/\/www.terravision.eu\/italiano\/","name":"Terravision Italia","description":"Collegamenti Lowcost da\/per i principali Aeroporti europei","potentialAction":[{"@type":"SearchAction","target":{"@type":"EntryPoint","urlTemplate":"https:\/\/www.terravision.eu\/italiano\/?s={search_term_string}"},"query-input":{"@type":"PropertyValueSpecification","valueRequired":true,"valueName":"search_term_string"}}],"inLanguage":"it-IT"}]}},"_links":{"self":[{"href":"https:\/\/www.terravision.eu\/italiano\/wp-json\/wp\/v2\/pages\/409","targetHints":{"allow":["GET"]}}],"collection":[{"href":"https:\/\/www.terravision.eu\/italiano\/wp-json\/wp\/v2\/pages"}],"about":[{"href":"https:\/\/www.terravision.eu\/italiano\/wp-json\/wp\/v2\/types\/page"}],"author":[{"embeddable":true,"href":"https:\/\/www.terravision.eu\/italiano\/wp-json\/wp\/v2\/users\/130"}],"replies":[{"embeddable":true,"href":"https:\/\/www.terravision.eu\/italiano\/wp-json\/wp\/v2\/comments?post=409"}],"version-history":[{"count":0,"href":"https:\/\/www.terravision.eu\/italiano\/wp-json\/wp\/v2\/pages\/409\/revisions"}],"wp:attachment":[{"href":"https:\/\/www.terravision.eu\/italiano\/wp-json\/wp\/v2\/media?parent=409"}],"curies":[{"name":"wp","href":"https:\/\/api.w.org\/{rel}","templated":true}]}}