{"id":9003,"date":"2013-10-01T14:40:26","date_gmt":"2013-10-01T14:40:26","guid":{"rendered":"https:\/\/www.terravision.eu\/italiano\/?page_id=9003"},"modified":"2018-11-16T12:20:14","modified_gmt":"2018-11-16T11:20:14","slug":"city-sightseeing-verona","status":"publish","type":"page","link":"https:\/\/www.terravision.eu\/italiano\/city-sightseeing-verona.html","title":{"rendered":"City Sightseeing Verona"},"content":{"rendered":"<div class=\"title-right\"><span class=\"price\">18<\/span><span class=\"valuta\">\u20ac<\/span><\/div>\n<p><img decoding=\"async\" src=\"https:\/\/www.terravision.eu\/files\/2013\/09\/city_sightseeing_logo.png\" style=\"margin: 10px 15px;float: right\"><\/p>\n<p>Organizza una visita indimenticabile della citt\u00e0 di <strong>Verona<\/strong> con <strong>City Sightseeing<\/strong>. Sali su uno dei famosi open bus a due piani per scoprire la citt\u00e0 in tutta la sua bellezza. Verona vanta un importante patrimonio storico ed artistico, ed \u00e8 nota in tutto il mondo per essere il luogo in cui \u00e8 ambientato il celeberrimo dramma shakespiriano <strong>Romeo e Giulietta<\/strong>. Gli appassionati di letteratura potranno visitare i luoghi citati nell\u2019opera, come la Casa dei Capuleti o il famosissimo Balcone di Giulietta.<\/p>\n<p><strong>Principali luoghi d&#8217;interesse:<\/strong><\/p>\n<ul>\n<li>Castelvecchio e il Ponte Scaligero<\/li>\n<li>Il Cattedrale e il Duomo <\/li>\n<li>La Casa dei Capuleti ed il Balcone di Giulietta<\/li>\n<li>La Tomba di Giulietta, situata in un convento del XIII secolo<\/li>\n<li>L&#8217;Arena Verona<\/li>\n<li>Piazza delle Erbe<\/li>\n<li>Via Mazzini e Corso Porta Borsari, per gli amanti dello shopping<\/li>\n<\/ul>\n<div class=\"collapse tour-info collapsed\">\n<h2 class=\"title\">Tour Info:<\/h2>\n<p><strong>Date disponibili<\/strong>: tutti i giorni<br \/>\n<strong>Punto di partenza<\/strong>: Fermata 1 &#8211; Piazza Bra<br \/>\n<strong>Durata<\/strong>: 60 minuti<br \/>\n<strong>Frequenza<\/strong>: ogni 60 minuti<\/p>\n<ul>\n<li>Linea A : a partire dalle 10:00<\/li>\n<li>Linea B: a partire dalle 10:30<\/li>\n<\/ul>\n<p><strong>Periodo<\/strong>: 1 Marzo \u2013 31 Ottobre<br \/>\n<strong>Audio guida<\/strong>: inclusa<br \/>\n<strong>Lingue disponibili<\/strong>:  <\/p>\n<ul class=\"flags\">\n<li class=\"gb\"><\/li>\n<li class=\"es\"><\/li>\n<li class=\"de\"><\/li>\n<li class=\"fr\"><\/li>\n<li class=\"it\"><\/li>\n<li class=\"ru\"><\/li>\n<li class=\"jp\"><\/li>\n<\/ul>\n<p>Per maggiori informazioni:<\/p>\n<ul>\n<li><a href=\"\" target=\"_blank\">Mappa del tour <\/a><\/li>\n<li><a href=\"\" target=\"_blank\">Orari<\/a><\/li>\n<li><a href=\"\" target=\"_blank\">Depliant del tour<\/a><\/li>\n<\/ul>\n<p>NB. Il biglietto non comprende l\u2019ingresso a monumenti e musei.<\/p><\/div>\n<div class=\"collapse tour-info\">\n<h2 class=\"title\">Prezzi<\/h2>\n<p>Adulti: \u20ac 18.00<br \/>\nBambini (5-15 anni): \u20ac 9.00<br \/>\nBambini (0-4 anni): Gratis<br \/>\nSelezionare \u201cBeb\u00e9\u201d quando si acquistano biglietti per bambini al di sotto dei 4 anni.<\/p><\/div>\n<div class=\"collapse tour-info\">\n<h2 class=\"title\">Fermate Bus: Linea A<\/h2>\n<ul>\n<li>Fermata 1 &#8211; Piazza Bra<\/li>\n<li>Fermata 2 &#8211; Corso Porta Nuova Giardini Pradaval<\/li>\n<li>Fermata 3 &#8211; Stazione FS Porta Nuova<\/li>\n<li>Fermata 4 &#8211; Pizza Pozza<\/li>\n<li>Fermata 5 &#8211; Basilica S Zeno Castelvecchio<\/li>\n<li>Fermata 6 &#8211; Via Diaz Porta Borsari<\/li>\n<li>Fermata 7 &#8211; Teatro Romano<\/li>\n<li>Fermata 8 &#8211; Porta Leoni<\/li>\n<ul>\n<\/div>\n<div class=\"collapse tour-info\">\n<h2 class=\"title\">Fermate Bus: Linea B<\/h2>\n<ul>\n<li>Fermata 1 &#8211; Piazza Bra<\/li>\n<li>Fermata 2 &#8211; Via Pallone Tomba Giulietta<\/li>\n<li>Fermata 3 &#8211; Via G Giusti<\/li>\n<li>Fermata 4 &#8211; S Stefano Teatro Romano<\/li>\n<li>Fermata 5 &#8211; Castel S Pietro<\/li>\n<li>Fermata 6 &#8211; Duomo<\/li>\n<li>Fermata 7 &#8211; Piazza Erbe Casa Giulietta<\/li>\n<li>Fermata 8 &#8211; Porta Leoni<\/li>\n<\/ul>\n<\/div>\n<div class=\"collapse tour-info\">\n<h2 class=\"title\">Come prenotare ed utilizzare i tuoi biglietti<\/h2>\n<p>1-Prenota il city tour con Terravision<br \/>\n2-Stampa il voucher<br \/>\n3-Cambia il voucher su qualsiasi Bus Sightseeing di Verona<br \/>\n4-Goditi il tour!<br \/>\n<strong>NB. I tuo voucher \u00e8 valido fino a tre mesi dalla data d\u2019acquisto.<\/strong><\/p>\n<\/div>\n<div class=\"collapse tour-info\">\n<h2 class=\"title\">Contatti<\/h2>\n<p><strong>In collaborazione con City Sightseeing<\/strong><br \/>\nTel:  39 0456206842<br \/>\nEmail: info@city-sightseeing.com<\/p>\n<p><strong>Terravision Contact Info<\/strong><br \/>\nDa Luned\u00ec a Sabato dalle  9.00 alle 18.00: +39 06.97.61.06.32<br \/>\nSeguici su <a href=\"http:\/\/www.facebook.com\/terravision.eu\" title=\"Terravision on Facebook\" target=\"_blank\">Facebook<\/a>, <a href=\"https:\/\/www.google.com\/+terravision\" title=\"Terravision on Google+\" target=\"_blank\">Google+<\/a> o <a href=\"http:\/\/pinterest.com\/terravisiongp\/\" title=\"Terravision on Pinterest\" target=\"_blank\">Pinterest<\/a> per maggiori informazioni!.<\/div>\n<\/div>\n","protected":false},"excerpt":{"rendered":"<p>18\u20ac Organizza una visita indimenticabile della citt\u00e0 di Verona con City Sightseeing. Sali su uno dei famosi open bus a due piani per scoprire la citt\u00e0 in tutta la sua bellezza. Verona vanta un importante patrimonio storico ed artistico, ed \u00e8 nota in tutto il mondo per essere il luogo in cui \u00e8 ambientato il [&hellip;]<\/p>\n","protected":false},"author":130,"featured_media":0,"parent":0,"menu_order":0,"comment_status":"open","ping_status":"open","template":"","meta":{"footnotes":""},"class_list":["post-9003","page","type-page","status-publish","hentry","cities-dolomiti"],"yoast_head":"<!-- This site is optimized with the Yoast SEO Premium plugin v24.4 (Yoast SEO v24.4) - https:\/\/yoast.com\/wordpress\/plugins\/seo\/ -->\n<title>City Sightseeing Verona | Terravision<\/title>\n<meta name=\"description\" content=\"City Sightseeing Verona. Tours di Verona con bus a due piani, biglietti validi 24 ore, ferma vicino le principali attrazioni. Facile &amp; Conveniente!\" \/>\n<meta name=\"robots\" content=\"index, follow, max-snippet:-1, max-image-preview:large, max-video-preview:-1\" \/>\n<link rel=\"canonical\" href=\"https:\/\/www.terravision.eu\/italiano\/city-sightseeing-verona.html\" \/>\n<meta property=\"og:locale\" content=\"it_IT\" \/>\n<meta property=\"og:type\" content=\"article\" \/>\n<meta property=\"og:title\" content=\"City Sightseeing Verona\" \/>\n<meta property=\"og:description\" content=\"City Sightseeing Verona. Tours di Verona con bus a due piani, biglietti validi 24 ore, ferma vicino le principali attrazioni. Facile &amp; Conveniente!\" \/>\n<meta property=\"og:url\" content=\"https:\/\/www.terravision.eu\/italiano\/city-sightseeing-verona.html\" \/>\n<meta property=\"og:site_name\" content=\"Terravision Italia\" \/>\n<meta property=\"article:modified_time\" content=\"2018-11-16T11:20:14+00:00\" \/>\n<meta property=\"og:image\" content=\"https:\/\/www.terravision.eu\/files\/2013\/09\/city_sightseeing_logo.png\" \/>\n<meta name=\"twitter:label1\" content=\"Tempo di lettura stimato\" \/>\n\t<meta name=\"twitter:data1\" content=\"2 minutes\" \/>\n<script type=\"application\/ld+json\" class=\"yoast-schema-graph\">{\"@context\":\"https:\/\/schema.org\",\"@graph\":[{\"@type\":\"WebPage\",\"@id\":\"https:\/\/www.terravision.eu\/italiano\/city-sightseeing-verona.html\",\"url\":\"https:\/\/www.terravision.eu\/italiano\/city-sightseeing-verona.html\",\"name\":\"City Sightseeing Verona | Terravision\",\"isPartOf\":{\"@id\":\"https:\/\/www.terravision.eu\/italiano\/#website\"},\"primaryImageOfPage\":{\"@id\":\"https:\/\/www.terravision.eu\/italiano\/city-sightseeing-verona.html#primaryimage\"},\"image\":{\"@id\":\"https:\/\/www.terravision.eu\/italiano\/city-sightseeing-verona.html#primaryimage\"},\"thumbnailUrl\":\"https:\/\/www.terravision.eu\/files\/2013\/09\/city_sightseeing_logo.png\",\"datePublished\":\"2013-10-01T14:40:26+00:00\",\"dateModified\":\"2018-11-16T11:20:14+00:00\",\"description\":\"City Sightseeing Verona. Tours di Verona con bus a due piani, biglietti validi 24 ore, ferma vicino le principali attrazioni. Facile & Conveniente!\",\"breadcrumb\":{\"@id\":\"https:\/\/www.terravision.eu\/italiano\/city-sightseeing-verona.html#breadcrumb\"},\"inLanguage\":\"it-IT\",\"potentialAction\":[{\"@type\":\"ReadAction\",\"target\":[\"https:\/\/www.terravision.eu\/italiano\/city-sightseeing-verona.html\"]}]},{\"@type\":\"ImageObject\",\"inLanguage\":\"it-IT\",\"@id\":\"https:\/\/www.terravision.eu\/italiano\/city-sightseeing-verona.html#primaryimage\",\"url\":\"https:\/\/www.terravision.eu\/files\/2013\/09\/city_sightseeing_logo.png\",\"contentUrl\":\"https:\/\/www.terravision.eu\/files\/2013\/09\/city_sightseeing_logo.png\"},{\"@type\":\"BreadcrumbList\",\"@id\":\"https:\/\/www.terravision.eu\/italiano\/city-sightseeing-verona.html#breadcrumb\",\"itemListElement\":[{\"@type\":\"ListItem\",\"position\":1,\"name\":\"Home\",\"item\":\"https:\/\/www.terravision.eu\/italiano\/\"},{\"@type\":\"ListItem\",\"position\":2,\"name\":\"City Sightseeing Verona\"}]},{\"@type\":\"WebSite\",\"@id\":\"https:\/\/www.terravision.eu\/italiano\/#website\",\"url\":\"https:\/\/www.terravision.eu\/italiano\/\",\"name\":\"Terravision Italia\",\"description\":\"Collegamenti Lowcost da\/per i principali Aeroporti europei\",\"potentialAction\":[{\"@type\":\"SearchAction\",\"target\":{\"@type\":\"EntryPoint\",\"urlTemplate\":\"https:\/\/www.terravision.eu\/italiano\/?s={search_term_string}\"},\"query-input\":{\"@type\":\"PropertyValueSpecification\",\"valueRequired\":true,\"valueName\":\"search_term_string\"}}],\"inLanguage\":\"it-IT\"}]}<\/script>\n<!-- \/ Yoast SEO Premium plugin. -->","yoast_head_json":{"title":"City Sightseeing Verona | Terravision","description":"City Sightseeing Verona. Tours di Verona con bus a due piani, biglietti validi 24 ore, ferma vicino le principali attrazioni. Facile & Conveniente!","robots":{"index":"index","follow":"follow","max-snippet":"max-snippet:-1","max-image-preview":"max-image-preview:large","max-video-preview":"max-video-preview:-1"},"canonical":"https:\/\/www.terravision.eu\/italiano\/city-sightseeing-verona.html","og_locale":"it_IT","og_type":"article","og_title":"City Sightseeing Verona","og_description":"City Sightseeing Verona. Tours di Verona con bus a due piani, biglietti validi 24 ore, ferma vicino le principali attrazioni. Facile & Conveniente!","og_url":"https:\/\/www.terravision.eu\/italiano\/city-sightseeing-verona.html","og_site_name":"Terravision Italia","article_modified_time":"2018-11-16T11:20:14+00:00","og_image":[{"url":"https:\/\/www.terravision.eu\/files\/2013\/09\/city_sightseeing_logo.png","type":"","width":"","height":""}],"twitter_misc":{"Tempo di lettura stimato":"2 minutes"},"schema":{"@context":"https:\/\/schema.org","@graph":[{"@type":"WebPage","@id":"https:\/\/www.terravision.eu\/italiano\/city-sightseeing-verona.html","url":"https:\/\/www.terravision.eu\/italiano\/city-sightseeing-verona.html","name":"City Sightseeing Verona | Terravision","isPartOf":{"@id":"https:\/\/www.terravision.eu\/italiano\/#website"},"primaryImageOfPage":{"@id":"https:\/\/www.terravision.eu\/italiano\/city-sightseeing-verona.html#primaryimage"},"image":{"@id":"https:\/\/www.terravision.eu\/italiano\/city-sightseeing-verona.html#primaryimage"},"thumbnailUrl":"https:\/\/www.terravision.eu\/files\/2013\/09\/city_sightseeing_logo.png","datePublished":"2013-10-01T14:40:26+00:00","dateModified":"2018-11-16T11:20:14+00:00","description":"City Sightseeing Verona. Tours di Verona con bus a due piani, biglietti validi 24 ore, ferma vicino le principali attrazioni. Facile & Conveniente!","breadcrumb":{"@id":"https:\/\/www.terravision.eu\/italiano\/city-sightseeing-verona.html#breadcrumb"},"inLanguage":"it-IT","potentialAction":[{"@type":"ReadAction","target":["https:\/\/www.terravision.eu\/italiano\/city-sightseeing-verona.html"]}]},{"@type":"ImageObject","inLanguage":"it-IT","@id":"https:\/\/www.terravision.eu\/italiano\/city-sightseeing-verona.html#primaryimage","url":"https:\/\/www.terravision.eu\/files\/2013\/09\/city_sightseeing_logo.png","contentUrl":"https:\/\/www.terravision.eu\/files\/2013\/09\/city_sightseeing_logo.png"},{"@type":"BreadcrumbList","@id":"https:\/\/www.terravision.eu\/italiano\/city-sightseeing-verona.html#breadcrumb","itemListElement":[{"@type":"ListItem","position":1,"name":"Home","item":"https:\/\/www.terravision.eu\/italiano\/"},{"@type":"ListItem","position":2,"name":"City Sightseeing Verona"}]},{"@type":"WebSite","@id":"https:\/\/www.terravision.eu\/italiano\/#website","url":"https:\/\/www.terravision.eu\/italiano\/","name":"Terravision Italia","description":"Collegamenti Lowcost da\/per i principali Aeroporti europei","potentialAction":[{"@type":"SearchAction","target":{"@type":"EntryPoint","urlTemplate":"https:\/\/www.terravision.eu\/italiano\/?s={search_term_string}"},"query-input":{"@type":"PropertyValueSpecification","valueRequired":true,"valueName":"search_term_string"}}],"inLanguage":"it-IT"}]}},"_links":{"self":[{"href":"https:\/\/www.terravision.eu\/italiano\/wp-json\/wp\/v2\/pages\/9003","targetHints":{"allow":["GET"]}}],"collection":[{"href":"https:\/\/www.terravision.eu\/italiano\/wp-json\/wp\/v2\/pages"}],"about":[{"href":"https:\/\/www.terravision.eu\/italiano\/wp-json\/wp\/v2\/types\/page"}],"author":[{"embeddable":true,"href":"https:\/\/www.terravision.eu\/italiano\/wp-json\/wp\/v2\/users\/130"}],"replies":[{"embeddable":true,"href":"https:\/\/www.terravision.eu\/italiano\/wp-json\/wp\/v2\/comments?post=9003"}],"version-history":[{"count":1,"href":"https:\/\/www.terravision.eu\/italiano\/wp-json\/wp\/v2\/pages\/9003\/revisions"}],"predecessor-version":[{"id":17193,"href":"https:\/\/www.terravision.eu\/italiano\/wp-json\/wp\/v2\/pages\/9003\/revisions\/17193"}],"wp:attachment":[{"href":"https:\/\/www.terravision.eu\/italiano\/wp-json\/wp\/v2\/media?parent=9003"}],"curies":[{"name":"wp","href":"https:\/\/api.w.org\/{rel}","templated":true}]}}