{"id":9492,"date":"2013-10-15T09:38:20","date_gmt":"2013-10-15T09:38:20","guid":{"rendered":"https:\/\/www.terravision.eu\/italiano\/?page_id=9492"},"modified":"2013-10-15T09:38:20","modified_gmt":"2013-10-15T09:38:20","slug":"walking-tour-di-firenze","status":"publish","type":"page","link":"https:\/\/www.terravision.eu\/italiano\/walking-tour-di-firenze.html","title":{"rendered":"Walking Tour di Firenze"},"content":{"rendered":"<div class=\"title-right\"><span class=\"price\">47<\/span><span class=\"valuta\">\u20ac<\/span><\/div>\n<p><strong>&#8220;Florence (p.m.)&#8221; Tour &#8211; Tour pomeridiano a piedi di Firenze<\/strong><br \/>\nPrenota il tuo tour pomeridiano di Firenze, scopri le sue attrazioni e visita le gallerie d\u2019arte pi\u00f9 famose al mondo! Durante questo walking tour  potrai ammirare da vicino non solo la Cupola del Brunelleschi, il Battistero e Piazza della Repubblica, ma anche  numerose opere presenti nelle gallerie d\u2019arte della citt\u00e0. Potrai anche  ammirare un indimenticabile   panorama di Firenze dalla terrazza della Galleria degli Uffizi.<\/p>\n<p>Include: visita del centro storico di Firenze, la Galleria degli Uffizi, vista sul Ponte Vecchio dalla terrazza panoramica degli Uffizi.<\/p>\n<div class=\"collapse tour-info collapsed\">\n<h2 class=\"title\">Tour Info:<\/h2>\n<p><strong>Disponibile il<\/strong>: marted\u00ec, mercoled\u00ec, gioved\u00ec,venerd\u00ec,sabato, domenica<br \/>\nLingue: <\/p>\n<ul class=\"flags\">\n<li class=\"gb\"><\/li>\n<li class=\"es\"><\/li>\n<li class=\"de\"><\/li>\n<li class=\"fr\"><\/li>\n<\/ul>\n<p><strong>Disponibile il<\/strong>: Sabato (a parte luglio e agosto)<br \/>\nLingue: <\/p>\n<ul class=\"flags\">\n<li class=\"it\"><\/li>\n<\/ul>\n<p><strong>Disponibile il<\/strong>: marted\u00ec, gioved\u00ec, sabato<br \/>\nLingue: <\/p>\n<ul class=\"flags\">\n<li class=\"pt\"><\/li>\n<\/ul>\n<p><strong>Disponibile il<\/strong>: gioved\u00ec, domenica<br \/>\nLingue: <\/p>\n<ul class=\"flags\">\n<li class=\"ru\"><\/li>\n<\/ul>\n<p><strong>Ora di partenza:<\/strong> alle ore 13.45<br \/>\n<strong>Punto d&#8217;incontro:<\/strong>Piazza Signoria, davanti alla Fontana Nettuno<br \/>\n<strong>Durata del tour<\/strong>: 3h45<br \/>\n<strong>Guida locale<\/strong>: incluso<br \/>\n<strong>Attrazioni di Firenze incluse<\/strong>: Centro storico di Firenze, la Galleria degli Uffizi, vista sul Ponte Vecchio dalla terrazza panoramica degli Uffizi<br \/>\nGruppo di 2 persone min.<\/p>\n<p><a href=\"https:\/\/maps.google.it\/maps\/ms?msid=211366733211262669781.0004dd283b4b1313049ab&amp;msa=0&amp;ll=43.769843,11.255794&amp;spn=0.001089,0.002642\" title=\"City Tour Meeting Point\" target=\"_blank\">Vedi il punto d&#8217;incontro sulla mappa<\/a><\/div>\n<div class=\"collapse tour-info\">\n<h2 class=\"title\">Prezzi<\/h2>\n<p><strong>Adulti:<\/strong>  \u20ac 47<br \/>\n<strong>Bambini (7-12)<\/strong>: \u20ac 23.50<br \/>\n<strong>Bambini(0-6)<\/strong>: Gratis<br \/>\nSelezionare \u201cbeb\u00e9\u201d quando si acquistano biglietti per bambini al di sotto dei 6 anni.<\/div>\n<div class=\"collapse tour-info\">\n<h2 class=\"title\">Contatti<\/h2>\n<p><strong>In collaborazione con Albatravel<\/strong><br \/>\nPiazza dei Rossi, 1 \u2013 50125 Firenze<br \/>\nWeekdays : +39 055 211 528<br \/>\nWeekends &amp; vacanze, emergenze: +39 335 701 4924<\/p>\n<p><strong>Contatti Terravision<\/strong><br \/>\nLuned\u00ec &#8211; Venerd\u00ec from 9.00 am to 6.00 pm : +39 06.97.61.06.32<br \/>\nSeguici su <a href=\"http:\/\/www.facebook.com\/terravision.eu\" title=\"Terravision on Facebook\" target=\"_blank\">Facebook<\/a>, <a href=\"http:\/\/www.twitter.com\/terravision.eu\" title=\"Terravision on Twitter\" target=\"_blank\">Twitter<\/a>, <a href=\"https:\/\/www.google.com\/+terravision\" title=\"Terravision on Google+\" target=\"_blank\">Google+<\/a> or <a href=\"http:\/\/pinterest.com\/terravisiongp\/\" title=\"Terravision on Pinterest\" target=\"_blank\">Pinterest<\/a> per maggiori info!<\/div>\n","protected":false},"excerpt":{"rendered":"<p>47\u20ac &#8220;Florence (p.m.)&#8221; Tour &#8211; Tour pomeridiano a piedi di Firenze Prenota il tuo tour pomeridiano di Firenze, scopri le sue attrazioni e visita le gallerie d\u2019arte pi\u00f9 famose al mondo! Durante questo walking tour potrai ammirare da vicino non solo la Cupola del Brunelleschi, il Battistero e Piazza della Repubblica, ma anche numerose opere [&hellip;]<\/p>\n","protected":false},"author":130,"featured_media":0,"parent":0,"menu_order":0,"comment_status":"open","ping_status":"open","template":"page-citytour.php","meta":{"footnotes":""},"class_list":["post-9492","page","type-page","status-publish","hentry"],"yoast_head":"<!-- This site is optimized with the Yoast SEO Premium plugin v24.4 (Yoast SEO v24.4) - https:\/\/yoast.com\/wordpress\/plugins\/seo\/ -->\n<title>Walking Tour di Firenze | Terravision<\/title>\n<meta name=\"description\" content=\"Walking Tour di Firenze - Visita le principali attrazioni di Firenze con la guida - Prenota il tuo Tour pomeridiano di Firenze e risparmia!\" \/>\n<meta name=\"robots\" content=\"index, follow, max-snippet:-1, max-image-preview:large, max-video-preview:-1\" \/>\n<link rel=\"canonical\" href=\"https:\/\/www.terravision.eu\/italiano\/walking-tour-di-firenze.html\" \/>\n<meta property=\"og:locale\" content=\"it_IT\" \/>\n<meta property=\"og:type\" content=\"article\" \/>\n<meta property=\"og:title\" content=\"Walking Tour di Firenze\" \/>\n<meta property=\"og:description\" content=\"Walking Tour di Firenze - Visita le principali attrazioni di Firenze con la guida - Prenota il tuo Tour pomeridiano di Firenze e risparmia!\" \/>\n<meta property=\"og:url\" content=\"https:\/\/www.terravision.eu\/italiano\/walking-tour-di-firenze.html\" \/>\n<meta property=\"og:site_name\" content=\"Terravision Italia\" \/>\n<meta name=\"twitter:label1\" content=\"Tempo di lettura stimato\" \/>\n\t<meta name=\"twitter:data1\" content=\"1 minute\" \/>\n<script type=\"application\/ld+json\" class=\"yoast-schema-graph\">{\"@context\":\"https:\/\/schema.org\",\"@graph\":[{\"@type\":\"WebPage\",\"@id\":\"https:\/\/www.terravision.eu\/italiano\/walking-tour-di-firenze.html\",\"url\":\"https:\/\/www.terravision.eu\/italiano\/walking-tour-di-firenze.html\",\"name\":\"Walking Tour di Firenze | Terravision\",\"isPartOf\":{\"@id\":\"https:\/\/www.terravision.eu\/italiano\/#website\"},\"datePublished\":\"2013-10-15T09:38:20+00:00\",\"description\":\"Walking Tour di Firenze - Visita le principali attrazioni di Firenze con la guida - Prenota il tuo Tour pomeridiano di Firenze e risparmia!\",\"breadcrumb\":{\"@id\":\"https:\/\/www.terravision.eu\/italiano\/walking-tour-di-firenze.html#breadcrumb\"},\"inLanguage\":\"it-IT\",\"potentialAction\":[{\"@type\":\"ReadAction\",\"target\":[\"https:\/\/www.terravision.eu\/italiano\/walking-tour-di-firenze.html\"]}]},{\"@type\":\"BreadcrumbList\",\"@id\":\"https:\/\/www.terravision.eu\/italiano\/walking-tour-di-firenze.html#breadcrumb\",\"itemListElement\":[{\"@type\":\"ListItem\",\"position\":1,\"name\":\"Home\",\"item\":\"https:\/\/www.terravision.eu\/italiano\/\"},{\"@type\":\"ListItem\",\"position\":2,\"name\":\"Walking Tour di Firenze\"}]},{\"@type\":\"WebSite\",\"@id\":\"https:\/\/www.terravision.eu\/italiano\/#website\",\"url\":\"https:\/\/www.terravision.eu\/italiano\/\",\"name\":\"Terravision Italia\",\"description\":\"Collegamenti Lowcost da\/per i principali Aeroporti europei\",\"potentialAction\":[{\"@type\":\"SearchAction\",\"target\":{\"@type\":\"EntryPoint\",\"urlTemplate\":\"https:\/\/www.terravision.eu\/italiano\/?s={search_term_string}\"},\"query-input\":{\"@type\":\"PropertyValueSpecification\",\"valueRequired\":true,\"valueName\":\"search_term_string\"}}],\"inLanguage\":\"it-IT\"}]}<\/script>\n<!-- \/ Yoast SEO Premium plugin. -->","yoast_head_json":{"title":"Walking Tour di Firenze | Terravision","description":"Walking Tour di Firenze - Visita le principali attrazioni di Firenze con la guida - Prenota il tuo Tour pomeridiano di Firenze e risparmia!","robots":{"index":"index","follow":"follow","max-snippet":"max-snippet:-1","max-image-preview":"max-image-preview:large","max-video-preview":"max-video-preview:-1"},"canonical":"https:\/\/www.terravision.eu\/italiano\/walking-tour-di-firenze.html","og_locale":"it_IT","og_type":"article","og_title":"Walking Tour di Firenze","og_description":"Walking Tour di Firenze - Visita le principali attrazioni di Firenze con la guida - Prenota il tuo Tour pomeridiano di Firenze e risparmia!","og_url":"https:\/\/www.terravision.eu\/italiano\/walking-tour-di-firenze.html","og_site_name":"Terravision Italia","twitter_misc":{"Tempo di lettura stimato":"1 minute"},"schema":{"@context":"https:\/\/schema.org","@graph":[{"@type":"WebPage","@id":"https:\/\/www.terravision.eu\/italiano\/walking-tour-di-firenze.html","url":"https:\/\/www.terravision.eu\/italiano\/walking-tour-di-firenze.html","name":"Walking Tour di Firenze | Terravision","isPartOf":{"@id":"https:\/\/www.terravision.eu\/italiano\/#website"},"datePublished":"2013-10-15T09:38:20+00:00","description":"Walking Tour di Firenze - Visita le principali attrazioni di Firenze con la guida - Prenota il tuo Tour pomeridiano di Firenze e risparmia!","breadcrumb":{"@id":"https:\/\/www.terravision.eu\/italiano\/walking-tour-di-firenze.html#breadcrumb"},"inLanguage":"it-IT","potentialAction":[{"@type":"ReadAction","target":["https:\/\/www.terravision.eu\/italiano\/walking-tour-di-firenze.html"]}]},{"@type":"BreadcrumbList","@id":"https:\/\/www.terravision.eu\/italiano\/walking-tour-di-firenze.html#breadcrumb","itemListElement":[{"@type":"ListItem","position":1,"name":"Home","item":"https:\/\/www.terravision.eu\/italiano\/"},{"@type":"ListItem","position":2,"name":"Walking Tour di Firenze"}]},{"@type":"WebSite","@id":"https:\/\/www.terravision.eu\/italiano\/#website","url":"https:\/\/www.terravision.eu\/italiano\/","name":"Terravision Italia","description":"Collegamenti Lowcost da\/per i principali Aeroporti europei","potentialAction":[{"@type":"SearchAction","target":{"@type":"EntryPoint","urlTemplate":"https:\/\/www.terravision.eu\/italiano\/?s={search_term_string}"},"query-input":{"@type":"PropertyValueSpecification","valueRequired":true,"valueName":"search_term_string"}}],"inLanguage":"it-IT"}]}},"_links":{"self":[{"href":"https:\/\/www.terravision.eu\/italiano\/wp-json\/wp\/v2\/pages\/9492","targetHints":{"allow":["GET"]}}],"collection":[{"href":"https:\/\/www.terravision.eu\/italiano\/wp-json\/wp\/v2\/pages"}],"about":[{"href":"https:\/\/www.terravision.eu\/italiano\/wp-json\/wp\/v2\/types\/page"}],"author":[{"embeddable":true,"href":"https:\/\/www.terravision.eu\/italiano\/wp-json\/wp\/v2\/users\/130"}],"replies":[{"embeddable":true,"href":"https:\/\/www.terravision.eu\/italiano\/wp-json\/wp\/v2\/comments?post=9492"}],"version-history":[{"count":0,"href":"https:\/\/www.terravision.eu\/italiano\/wp-json\/wp\/v2\/pages\/9492\/revisions"}],"wp:attachment":[{"href":"https:\/\/www.terravision.eu\/italiano\/wp-json\/wp\/v2\/media?parent=9492"}],"curies":[{"name":"wp","href":"https:\/\/api.w.org\/{rel}","templated":true}]}}