{"id":9517,"date":"2013-10-15T10:48:59","date_gmt":"2013-10-15T10:48:59","guid":{"rendered":"https:\/\/www.terravision.eu\/italiano\/?page_id=9517"},"modified":"2013-10-15T10:48:59","modified_gmt":"2013-10-15T10:48:59","slug":"top-museums-uffizi","status":"publish","type":"page","link":"https:\/\/www.terravision.eu\/italiano\/top-museums-uffizi.html","title":{"rendered":"Musei di Firenze"},"content":{"rendered":"<div class=\"title-right\"><span class=\"price\">58<\/span><span class=\"valuta\">\u20ac<\/span><\/div>\n<h4>Galleria degli Uffizi<\/h4>\n<p>Visita guidata della Galleria degli Uffizi con le sue famose collezioni di dipinti del Rinascimento Italiano come Giotto, Botticelli, Leonardo, Michelangelo, Caravaggio, tra tanti altri. Il tour finisce nella terrazza panoramica degli Uffizi da dove potrete godere di una bellissima vista sul Ponte Vecchio e le sue tipiche botteghe orafe. <\/p>\n<div class=\"collapse tour-info collapsed\">\n<h2 class=\"title\">Tour Info<\/h2>\n<p><strong>Disponibile il<\/strong>: marted\u00ec, mercoled\u00ec, gioved\u00ec,venerd\u00ec,sabato, domenica<br \/>\nLingue: <\/p>\n<ul class=\"flags\">\n<li class=\"gb\"><\/li>\n<li class=\"es\"><\/li>\n<li class=\"de\"><\/li>\n<li class=\"fr\"><\/li>\n<\/ul>\n<p><strong>Disponibile il<\/strong>: Sabato (a parte luglio e agosto)<br \/>\nLingue: <\/p>\n<ul class=\"flags\">\n<li class=\"it\"><\/li>\n<\/ul>\n<p><strong>Disponibile il<\/strong>: marted\u00ec, gioved\u00ec, sabato<br \/>\nLingue: <\/p>\n<ul class=\"flags\">\n<li class=\"pt\"><\/li>\n<\/ul>\n<p><strong>Disponibile il<\/strong>: gioved\u00ec, domenica<br \/>\nLingue: <\/p>\n<ul class=\"flags\">\n<li class=\"ru\"><\/li>\n<\/ul>\n<p><strong>Ora di partenza:<\/strong> alle ore 15.30<br \/>\n<strong>Punto d&#8217;incontro:<\/strong>Ingresso 3 Piazza degli Uffizi<br \/>\n<strong>Durata del tour<\/strong>: 1 ora<br \/>\n<strong>Guida locale<\/strong>: incluso<br \/>\nGruppo di 2 persone min.<\/p>\n<p><a href=\"https:\/\/maps.google.it\/maps\/ms?msid=211366733211262669781.0004dd2823c22a391b1b2&amp;msa=0&amp;ll=43.769823,11.255536&amp;spn=0.008708,0.021136\" title=\"City Tour Meeting Point\" target=\"_blank\">Vedi il punto d&#8217;incontro sulla mappa<\/a><\/div>\n<div class=\"collapse tour-info\">\n<h2 class=\"title\">Prezzi<\/h2>\n<p><strong>Adulti:<\/strong>  \u20ac 58<br \/>\n<strong>Bambini (7-12 anni)<\/strong>: \u20ac 29<br \/>\n<strong>Bambini (0-6 anni)<\/strong>: Gratis<br \/>\nSelezionare \u201cbeb\u00e9\u201d quando si acquistano biglietti per bambini al di sotto dei 6 anni.<\/div>\n<div class=\"collapse tour-info\">\n<h2 class=\"title\">Contact Info<\/h2>\n<p><strong>In collaborazione con Albatravel<\/strong><br \/>\nPiazza dei Rossi, 1 \u2013 50125 Firenze<br \/>\nWeekdays : +39 055 211 528<br \/>\nWeekends &amp; vacanze, emergenze: +39 335 701 4924<\/p>\n<p><strong>Terravision Contact Info<\/strong><br \/>\nLuned\u00ec &#8211; Venerd\u00ec from 9.00 am to 6.00 pm : +39 06.97.61.06.32<br \/>\nSeguici su <a href=\"http:\/\/www.facebook.com\/terravision.eu\" title=\"Terravision on Facebook\" target=\"_blank\">Facebook<\/a>, <a href=\"http:\/\/www.twitter.com\/terravision.eu\" title=\"Terravision on Twitter\" target=\"_blank\">Twitter<\/a>, <a href=\"https:\/\/www.google.com\/+terravision\" title=\"Terravision on Google+\" target=\"_blank\">Google+<\/a> or <a href=\"http:\/\/pinterest.com\/terravisiongp\/\" title=\"Terravision on Pinterest\" target=\"_blank\">Pinterest<\/a> per maggiori info!<\/div>\n","protected":false},"excerpt":{"rendered":"<p>58\u20ac Galleria degli Uffizi Visita guidata della Galleria degli Uffizi con le sue famose collezioni di dipinti del Rinascimento Italiano come Giotto, Botticelli, Leonardo, Michelangelo, Caravaggio, tra tanti altri. Il tour finisce nella terrazza panoramica degli Uffizi da dove potrete godere di una bellissima vista sul Ponte Vecchio e le sue tipiche botteghe orafe. Tour [&hellip;]<\/p>\n","protected":false},"author":130,"featured_media":0,"parent":0,"menu_order":0,"comment_status":"open","ping_status":"open","template":"page-citytour.php","meta":{"footnotes":""},"class_list":["post-9517","page","type-page","status-publish","hentry"],"yoast_head":"<!-- This site is optimized with the Yoast SEO Premium plugin v24.4 (Yoast SEO v24.4) - https:\/\/yoast.com\/wordpress\/plugins\/seo\/ -->\n<title>Tour Guidate - Galleria degli Uffizi - Musei di Firenze | Terravision<\/title>\n<meta name=\"description\" content=\"Visita guidata della Galleria degli Uffizi con le sue famose collezioni di dipinti di Leonardo, Michelangelo, Caravaggio. Pr\u00e9nota ora!\" \/>\n<meta name=\"robots\" content=\"index, follow, max-snippet:-1, max-image-preview:large, max-video-preview:-1\" \/>\n<link rel=\"canonical\" href=\"https:\/\/www.terravision.eu\/italiano\/top-museums-uffizi.html\" \/>\n<meta property=\"og:locale\" content=\"it_IT\" \/>\n<meta property=\"og:type\" content=\"article\" \/>\n<meta property=\"og:title\" content=\"Musei di Firenze\" \/>\n<meta property=\"og:description\" content=\"Visita guidata della Galleria degli Uffizi con le sue famose collezioni di dipinti di Leonardo, Michelangelo, Caravaggio. Pr\u00e9nota ora!\" \/>\n<meta property=\"og:url\" content=\"https:\/\/www.terravision.eu\/italiano\/top-museums-uffizi.html\" \/>\n<meta property=\"og:site_name\" content=\"Terravision Italia\" \/>\n<meta name=\"twitter:label1\" content=\"Tempo di lettura stimato\" \/>\n\t<meta name=\"twitter:data1\" content=\"1 minute\" \/>\n<script type=\"application\/ld+json\" class=\"yoast-schema-graph\">{\"@context\":\"https:\/\/schema.org\",\"@graph\":[{\"@type\":\"WebPage\",\"@id\":\"https:\/\/www.terravision.eu\/italiano\/top-museums-uffizi.html\",\"url\":\"https:\/\/www.terravision.eu\/italiano\/top-museums-uffizi.html\",\"name\":\"Tour Guidate - Galleria degli Uffizi - Musei di Firenze | Terravision\",\"isPartOf\":{\"@id\":\"https:\/\/www.terravision.eu\/italiano\/#website\"},\"datePublished\":\"2013-10-15T10:48:59+00:00\",\"description\":\"Visita guidata della Galleria degli Uffizi con le sue famose collezioni di dipinti di Leonardo, Michelangelo, Caravaggio. Pr\u00e9nota ora!\",\"breadcrumb\":{\"@id\":\"https:\/\/www.terravision.eu\/italiano\/top-museums-uffizi.html#breadcrumb\"},\"inLanguage\":\"it-IT\",\"potentialAction\":[{\"@type\":\"ReadAction\",\"target\":[\"https:\/\/www.terravision.eu\/italiano\/top-museums-uffizi.html\"]}]},{\"@type\":\"BreadcrumbList\",\"@id\":\"https:\/\/www.terravision.eu\/italiano\/top-museums-uffizi.html#breadcrumb\",\"itemListElement\":[{\"@type\":\"ListItem\",\"position\":1,\"name\":\"Home\",\"item\":\"https:\/\/www.terravision.eu\/italiano\/\"},{\"@type\":\"ListItem\",\"position\":2,\"name\":\"Musei di Firenze\"}]},{\"@type\":\"WebSite\",\"@id\":\"https:\/\/www.terravision.eu\/italiano\/#website\",\"url\":\"https:\/\/www.terravision.eu\/italiano\/\",\"name\":\"Terravision Italia\",\"description\":\"Collegamenti Lowcost da\/per i principali Aeroporti europei\",\"potentialAction\":[{\"@type\":\"SearchAction\",\"target\":{\"@type\":\"EntryPoint\",\"urlTemplate\":\"https:\/\/www.terravision.eu\/italiano\/?s={search_term_string}\"},\"query-input\":{\"@type\":\"PropertyValueSpecification\",\"valueRequired\":true,\"valueName\":\"search_term_string\"}}],\"inLanguage\":\"it-IT\"}]}<\/script>\n<!-- \/ Yoast SEO Premium plugin. -->","yoast_head_json":{"title":"Tour Guidate - Galleria degli Uffizi - Musei di Firenze | Terravision","description":"Visita guidata della Galleria degli Uffizi con le sue famose collezioni di dipinti di Leonardo, Michelangelo, Caravaggio. Pr\u00e9nota ora!","robots":{"index":"index","follow":"follow","max-snippet":"max-snippet:-1","max-image-preview":"max-image-preview:large","max-video-preview":"max-video-preview:-1"},"canonical":"https:\/\/www.terravision.eu\/italiano\/top-museums-uffizi.html","og_locale":"it_IT","og_type":"article","og_title":"Musei di Firenze","og_description":"Visita guidata della Galleria degli Uffizi con le sue famose collezioni di dipinti di Leonardo, Michelangelo, Caravaggio. Pr\u00e9nota ora!","og_url":"https:\/\/www.terravision.eu\/italiano\/top-museums-uffizi.html","og_site_name":"Terravision Italia","twitter_misc":{"Tempo di lettura stimato":"1 minute"},"schema":{"@context":"https:\/\/schema.org","@graph":[{"@type":"WebPage","@id":"https:\/\/www.terravision.eu\/italiano\/top-museums-uffizi.html","url":"https:\/\/www.terravision.eu\/italiano\/top-museums-uffizi.html","name":"Tour Guidate - Galleria degli Uffizi - Musei di Firenze | Terravision","isPartOf":{"@id":"https:\/\/www.terravision.eu\/italiano\/#website"},"datePublished":"2013-10-15T10:48:59+00:00","description":"Visita guidata della Galleria degli Uffizi con le sue famose collezioni di dipinti di Leonardo, Michelangelo, Caravaggio. Pr\u00e9nota ora!","breadcrumb":{"@id":"https:\/\/www.terravision.eu\/italiano\/top-museums-uffizi.html#breadcrumb"},"inLanguage":"it-IT","potentialAction":[{"@type":"ReadAction","target":["https:\/\/www.terravision.eu\/italiano\/top-museums-uffizi.html"]}]},{"@type":"BreadcrumbList","@id":"https:\/\/www.terravision.eu\/italiano\/top-museums-uffizi.html#breadcrumb","itemListElement":[{"@type":"ListItem","position":1,"name":"Home","item":"https:\/\/www.terravision.eu\/italiano\/"},{"@type":"ListItem","position":2,"name":"Musei di Firenze"}]},{"@type":"WebSite","@id":"https:\/\/www.terravision.eu\/italiano\/#website","url":"https:\/\/www.terravision.eu\/italiano\/","name":"Terravision Italia","description":"Collegamenti Lowcost da\/per i principali Aeroporti europei","potentialAction":[{"@type":"SearchAction","target":{"@type":"EntryPoint","urlTemplate":"https:\/\/www.terravision.eu\/italiano\/?s={search_term_string}"},"query-input":{"@type":"PropertyValueSpecification","valueRequired":true,"valueName":"search_term_string"}}],"inLanguage":"it-IT"}]}},"_links":{"self":[{"href":"https:\/\/www.terravision.eu\/italiano\/wp-json\/wp\/v2\/pages\/9517","targetHints":{"allow":["GET"]}}],"collection":[{"href":"https:\/\/www.terravision.eu\/italiano\/wp-json\/wp\/v2\/pages"}],"about":[{"href":"https:\/\/www.terravision.eu\/italiano\/wp-json\/wp\/v2\/types\/page"}],"author":[{"embeddable":true,"href":"https:\/\/www.terravision.eu\/italiano\/wp-json\/wp\/v2\/users\/130"}],"replies":[{"embeddable":true,"href":"https:\/\/www.terravision.eu\/italiano\/wp-json\/wp\/v2\/comments?post=9517"}],"version-history":[{"count":0,"href":"https:\/\/www.terravision.eu\/italiano\/wp-json\/wp\/v2\/pages\/9517\/revisions"}],"wp:attachment":[{"href":"https:\/\/www.terravision.eu\/italiano\/wp-json\/wp\/v2\/media?parent=9517"}],"curies":[{"name":"wp","href":"https:\/\/api.w.org\/{rel}","templated":true}]}}