{"id":9524,"date":"2013-10-15T11:02:17","date_gmt":"2013-10-15T11:02:17","guid":{"rendered":"https:\/\/www.terravision.eu\/italiano\/?page_id=9524"},"modified":"2013-10-15T11:02:17","modified_gmt":"2013-10-15T11:02:17","slug":"uffizi-vasari-tour","status":"publish","type":"page","link":"https:\/\/www.terravision.eu\/italiano\/uffizi-vasari-tour.html","title":{"rendered":"Musei di Firenze"},"content":{"rendered":"<div class=\"title-right\"><span class=\"price\">98<\/span><span class=\"valuta\">\u20ac<\/span><\/div>\n<h4>Novita\u2019! Visita esclusiva della Galleria degli Uffizi e del Corridoio Vasariano<\/h4>\n<p>Scopri i misteri di Firenze con il Tour \u201cGalleria degli Uffizi e Corridoio Vasariano\u201d! Il Corridoio Vasariano \u00e8 un corridoio sopraelevato chiuso e che collega Palazzo Vecchio, Palazzo Pitti, la Galleria degli Uffizi e continua fino all\u2019Oltrarno. Il corridoio \u00e8 in gran parte chiuso al pubblico, ma alcune parti sono ora aperte per una visita esclusiva. La visita guidata include la Galleria degli Uffizi, con le sue famose collezioni di dipinti del Rinascimento Italiano.<\/p>\n<div class=\"collapse tour-info collapsed\">\n<h2 class=\"title\">Tour Info<\/h2>\n<p><strong>Disponibile il<\/strong>: marted\u00ec, mercoled\u00ec, gioved\u00ec,venerd\u00ec,sabato, domenica<br \/>\nLingue: <\/p>\n<ul class=\"flags\">\n<li class=\"gb\"><\/li>\n<li class=\"es\"><\/li>\n<li class=\"de\"><\/li>\n<li class=\"fr\"><\/li>\n<\/ul>\n<p><strong>Disponibile il<\/strong>: Sabato (a parte luglio e agosto)<br \/>\nLingue: <\/p>\n<ul class=\"flags\">\n<li class=\"it\"><\/li>\n<\/ul>\n<p><strong>Disponibile il<\/strong>: marted\u00ec, gioved\u00ec, sabato<br \/>\nLingue: <\/p>\n<ul class=\"flags\">\n<li class=\"pt\"><\/li>\n<\/ul>\n<p><strong>Disponibile il<\/strong>: gioved\u00ec, domenica<br \/>\nIn the following languages: <\/p>\n<ul class=\"flags\">\n<li class=\"ru\"><\/li>\n<\/ul>\n<p><strong>Ora di partenza:<\/strong> alle ore 15.15<br \/>\n<strong>Punto d&#8217;incontro:<\/strong>Via Lamberti n. 1, Firenze<br \/>\n<strong>Durata del tour<\/strong>: 3 ore<br \/>\n<strong>Guida locale<\/strong>: incluso<\/p>\n<p>Gruppo di 2 persone min.<\/p>\n<p><a href=\"http:\/\/goo.gl\/maps\/CYvLe\" title=\"City Tour Meeting Point\" target=\"_blank\">Vedi il punto d&#8217;incontro sulla mappa<\/a><\/div>\n<div class=\"collapse tour-info\">\n<h2 class=\"title\">Prezzi<\/h2>\n<p><strong>Adulti:<\/strong>  \u20ac 98<br \/>\n<strong>Bambini (7-12 anni)<\/strong>: \u20ac 49<br \/>\n<strong>Bambini (0-6 anni)<\/strong>: Gratis<br \/>\nSelezionare \u201cbeb\u00e9\u201d quando si acquistano biglietti per bambini al di sotto dei 6 anni.<\/div>\n<div class=\"collapse tour-info\">\n<h2 class=\"title\">Contact Info<\/h2>\n<p><strong>In collaborazione con Albatravel<\/strong><br \/>\nPiazza dei Rossi, 1 \u2013 50125 Firenze<br \/>\nWeekdays : +39 055 211 528<br \/>\nWeekends &amp; vacanze, emergenze: +39 335 701 4924<\/p>\n<p><strong>Terravision Contact Info<\/strong><br \/>\nLuned\u00ec &#8211; Venerd\u00ec from 9.00 am to 6.00 pm : +39 06.97.61.06.32<br \/>\nSeguici su <a href=\"http:\/\/www.facebook.com\/terravision.eu\" title=\"Terravision on Facebook\" target=\"_blank\">Facebook<\/a>, <a href=\"http:\/\/www.twitter.com\/terravision.eu\" title=\"Terravision on Twitter\" target=\"_blank\">Twitter<\/a>, <a href=\"https:\/\/www.google.com\/+terravision\" title=\"Terravision on Google+\" target=\"_blank\">Google+<\/a> or <a href=\"http:\/\/pinterest.com\/terravisiongp\/\" title=\"Terravision on Pinterest\" target=\"_blank\">Pinterest<\/a> per maggiori info!<\/div>\n","protected":false},"excerpt":{"rendered":"<p>98\u20ac Novita\u2019! Visita esclusiva della Galleria degli Uffizi e del Corridoio Vasariano Scopri i misteri di Firenze con il Tour \u201cGalleria degli Uffizi e Corridoio Vasariano\u201d! Il Corridoio Vasariano \u00e8 un corridoio sopraelevato chiuso e che collega Palazzo Vecchio, Palazzo Pitti, la Galleria degli Uffizi e continua fino all\u2019Oltrarno. Il corridoio \u00e8 in gran parte [&hellip;]<\/p>\n","protected":false},"author":130,"featured_media":0,"parent":0,"menu_order":0,"comment_status":"open","ping_status":"open","template":"page-citytour.php","meta":{"footnotes":""},"class_list":["post-9524","page","type-page","status-publish","hentry"],"yoast_head":"<!-- This site is optimized with the Yoast SEO Premium plugin v24.4 (Yoast SEO v24.4) - https:\/\/yoast.com\/wordpress\/plugins\/seo\/ -->\n<title>Visita Gli Uffizi e il Corrodoio Vasariano - Musei di Firenze | Terravision<\/title>\n<meta name=\"description\" content=\"Un tour guidato esclusivo del Corridoio Vasariano e la famosa Galleria degli Uffizi. Pr\u00e9nota la tua visita ora!\" \/>\n<meta name=\"robots\" content=\"index, follow, max-snippet:-1, max-image-preview:large, max-video-preview:-1\" \/>\n<link rel=\"canonical\" href=\"https:\/\/www.terravision.eu\/italiano\/uffizi-vasari-tour.html\" \/>\n<meta property=\"og:locale\" content=\"it_IT\" \/>\n<meta property=\"og:type\" content=\"article\" \/>\n<meta property=\"og:title\" content=\"Musei di Firenze\" \/>\n<meta property=\"og:description\" content=\"Un tour guidato esclusivo del Corridoio Vasariano e la famosa Galleria degli Uffizi. Pr\u00e9nota la tua visita ora!\" \/>\n<meta property=\"og:url\" content=\"https:\/\/www.terravision.eu\/italiano\/uffizi-vasari-tour.html\" \/>\n<meta property=\"og:site_name\" content=\"Terravision Italia\" \/>\n<meta name=\"twitter:label1\" content=\"Tempo di lettura stimato\" \/>\n\t<meta name=\"twitter:data1\" content=\"1 minute\" \/>\n<script type=\"application\/ld+json\" class=\"yoast-schema-graph\">{\"@context\":\"https:\/\/schema.org\",\"@graph\":[{\"@type\":\"WebPage\",\"@id\":\"https:\/\/www.terravision.eu\/italiano\/uffizi-vasari-tour.html\",\"url\":\"https:\/\/www.terravision.eu\/italiano\/uffizi-vasari-tour.html\",\"name\":\"Visita Gli Uffizi e il Corrodoio Vasariano - Musei di Firenze | Terravision\",\"isPartOf\":{\"@id\":\"https:\/\/www.terravision.eu\/italiano\/#website\"},\"datePublished\":\"2013-10-15T11:02:17+00:00\",\"description\":\"Un tour guidato esclusivo del Corridoio Vasariano e la famosa Galleria degli Uffizi. Pr\u00e9nota la tua visita ora!\",\"breadcrumb\":{\"@id\":\"https:\/\/www.terravision.eu\/italiano\/uffizi-vasari-tour.html#breadcrumb\"},\"inLanguage\":\"it-IT\",\"potentialAction\":[{\"@type\":\"ReadAction\",\"target\":[\"https:\/\/www.terravision.eu\/italiano\/uffizi-vasari-tour.html\"]}]},{\"@type\":\"BreadcrumbList\",\"@id\":\"https:\/\/www.terravision.eu\/italiano\/uffizi-vasari-tour.html#breadcrumb\",\"itemListElement\":[{\"@type\":\"ListItem\",\"position\":1,\"name\":\"Home\",\"item\":\"https:\/\/www.terravision.eu\/italiano\/\"},{\"@type\":\"ListItem\",\"position\":2,\"name\":\"Musei di Firenze\"}]},{\"@type\":\"WebSite\",\"@id\":\"https:\/\/www.terravision.eu\/italiano\/#website\",\"url\":\"https:\/\/www.terravision.eu\/italiano\/\",\"name\":\"Terravision Italia\",\"description\":\"Collegamenti Lowcost da\/per i principali Aeroporti europei\",\"potentialAction\":[{\"@type\":\"SearchAction\",\"target\":{\"@type\":\"EntryPoint\",\"urlTemplate\":\"https:\/\/www.terravision.eu\/italiano\/?s={search_term_string}\"},\"query-input\":{\"@type\":\"PropertyValueSpecification\",\"valueRequired\":true,\"valueName\":\"search_term_string\"}}],\"inLanguage\":\"it-IT\"}]}<\/script>\n<!-- \/ Yoast SEO Premium plugin. -->","yoast_head_json":{"title":"Visita Gli Uffizi e il Corrodoio Vasariano - Musei di Firenze | Terravision","description":"Un tour guidato esclusivo del Corridoio Vasariano e la famosa Galleria degli Uffizi. Pr\u00e9nota la tua visita ora!","robots":{"index":"index","follow":"follow","max-snippet":"max-snippet:-1","max-image-preview":"max-image-preview:large","max-video-preview":"max-video-preview:-1"},"canonical":"https:\/\/www.terravision.eu\/italiano\/uffizi-vasari-tour.html","og_locale":"it_IT","og_type":"article","og_title":"Musei di Firenze","og_description":"Un tour guidato esclusivo del Corridoio Vasariano e la famosa Galleria degli Uffizi. Pr\u00e9nota la tua visita ora!","og_url":"https:\/\/www.terravision.eu\/italiano\/uffizi-vasari-tour.html","og_site_name":"Terravision Italia","twitter_misc":{"Tempo di lettura stimato":"1 minute"},"schema":{"@context":"https:\/\/schema.org","@graph":[{"@type":"WebPage","@id":"https:\/\/www.terravision.eu\/italiano\/uffizi-vasari-tour.html","url":"https:\/\/www.terravision.eu\/italiano\/uffizi-vasari-tour.html","name":"Visita Gli Uffizi e il Corrodoio Vasariano - Musei di Firenze | Terravision","isPartOf":{"@id":"https:\/\/www.terravision.eu\/italiano\/#website"},"datePublished":"2013-10-15T11:02:17+00:00","description":"Un tour guidato esclusivo del Corridoio Vasariano e la famosa Galleria degli Uffizi. Pr\u00e9nota la tua visita ora!","breadcrumb":{"@id":"https:\/\/www.terravision.eu\/italiano\/uffizi-vasari-tour.html#breadcrumb"},"inLanguage":"it-IT","potentialAction":[{"@type":"ReadAction","target":["https:\/\/www.terravision.eu\/italiano\/uffizi-vasari-tour.html"]}]},{"@type":"BreadcrumbList","@id":"https:\/\/www.terravision.eu\/italiano\/uffizi-vasari-tour.html#breadcrumb","itemListElement":[{"@type":"ListItem","position":1,"name":"Home","item":"https:\/\/www.terravision.eu\/italiano\/"},{"@type":"ListItem","position":2,"name":"Musei di Firenze"}]},{"@type":"WebSite","@id":"https:\/\/www.terravision.eu\/italiano\/#website","url":"https:\/\/www.terravision.eu\/italiano\/","name":"Terravision Italia","description":"Collegamenti Lowcost da\/per i principali Aeroporti europei","potentialAction":[{"@type":"SearchAction","target":{"@type":"EntryPoint","urlTemplate":"https:\/\/www.terravision.eu\/italiano\/?s={search_term_string}"},"query-input":{"@type":"PropertyValueSpecification","valueRequired":true,"valueName":"search_term_string"}}],"inLanguage":"it-IT"}]}},"_links":{"self":[{"href":"https:\/\/www.terravision.eu\/italiano\/wp-json\/wp\/v2\/pages\/9524","targetHints":{"allow":["GET"]}}],"collection":[{"href":"https:\/\/www.terravision.eu\/italiano\/wp-json\/wp\/v2\/pages"}],"about":[{"href":"https:\/\/www.terravision.eu\/italiano\/wp-json\/wp\/v2\/types\/page"}],"author":[{"embeddable":true,"href":"https:\/\/www.terravision.eu\/italiano\/wp-json\/wp\/v2\/users\/130"}],"replies":[{"embeddable":true,"href":"https:\/\/www.terravision.eu\/italiano\/wp-json\/wp\/v2\/comments?post=9524"}],"version-history":[{"count":0,"href":"https:\/\/www.terravision.eu\/italiano\/wp-json\/wp\/v2\/pages\/9524\/revisions"}],"wp:attachment":[{"href":"https:\/\/www.terravision.eu\/italiano\/wp-json\/wp\/v2\/media?parent=9524"}],"curies":[{"name":"wp","href":"https:\/\/api.w.org\/{rel}","templated":true}]}}