{"id":10068,"date":"2013-08-02T12:33:31","date_gmt":"2013-08-02T12:33:31","guid":{"rendered":"https:\/\/www.terravision.eu\/?page_id=10068"},"modified":"2025-08-28T15:29:01","modified_gmt":"2025-08-28T15:29:01","slug":"terravisions-sales-desks","status":"publish","type":"page","link":"https:\/\/www.terravision.eu\/pl\/terravisions-sales-desks.html","title":{"rendered":"Punkty sprzeda\u017cy Terravision"},"content":{"rendered":"<h2 class=\"title\">Italia<\/h2>\n<p><strong>Punkty sprzeda\u017cy na lotnisku<\/strong><\/p>\n<ul>\n<li>Rzym Fiumicino<\/li>\n<p>&#10004;Punkt sprzeda\u017cy Terravision znajduje si\u0119 w Terminalu 3 (Stacja Autobusowa) <\/p>\n<p>&#10004;Biuro Podr\u00f3\u017cy \u201cPunto nel mondo srl\u201d (Hala Przylot\u00f3w, Terminal 3)<\/p>\n<li>Rzym Ciampino<\/li>\n<p>&#10004;Punkt sprzeda\u017cy Terravision znajduje si\u0119 w Hali Przylot\u00f3w <\/p>\n<p>&#10004; Biuro Podr\u00f3\u017cy \u201cPunto nel mondo srl\u201d (Hala Przylot\u00f3w) <\/p>\n<li>Mediolan Malpensa (Terminal 1, Hala Przylot\u00f3w)<\/li>\n<li>Bergamo Orio al Serio (Hala Przylot\u00f3w)<\/li>\n<\/ul>\n<p><strong>Punkty sprzeda\u017cy w centrach miast:<\/strong><\/p>\n<ul>\n<li>Rzym Dworzec Termini,  Via Giolitti 38. Mo\u017cna zakupic bilet bezpo\u015brednio u kierowcy <\/li>\n<li>Mediolan Dworzec G\u0142\u00f3wny (Milano Centrale)<\/li>\n<p>&#10004;Milano Centrale: via Giovanni Battista Sammartini (na rogu ul. IV Novembre )  &#8211; dla odjazd\u00f3w na lotnisko Malpensa<\/p>\n<p>&#10004;Milano Centrale: przy wyj\u015bciu ze stacji, Piazza Luigi di Savoia  &#8211; dla odjazd\u00f3w na lotnisko Bergamo Orio al Serio<\/p>\n<\/ul>\n<\/div>\n<div class=\"collapse tour-info collapsed\">\n<\/div>\n<div class=\"collapse tour-info collapsed\"><\/div>\n","protected":false},"excerpt":{"rendered":"<p>Italia Punkty sprzeda\u017cy na lotnisku Rzym Fiumicino &#10004;Punkt sprzeda\u017cy Terravision znajduje si\u0119 w Terminalu 3 (Stacja Autobusowa) &#10004;Biuro Podr\u00f3\u017cy \u201cPunto nel mondo srl\u201d (Hala Przylot\u00f3w, Terminal 3) Rzym Ciampino &#10004;Punkt sprzeda\u017cy Terravision znajduje si\u0119 w Hali Przylot\u00f3w &#10004; Biuro Podr\u00f3\u017cy \u201cPunto nel mondo srl\u201d (Hala Przylot\u00f3w) Mediolan Malpensa (Terminal 1, Hala Przylot\u00f3w) Bergamo Orio al [&hellip;]<\/p>\n","protected":false},"author":1,"featured_media":0,"parent":0,"menu_order":0,"comment_status":"open","ping_status":"open","template":"","meta":{"footnotes":""},"class_list":["post-10068","page","type-page","status-publish","hentry"],"yoast_head":"<!-- This site is optimized with the Yoast SEO Premium plugin v24.4 (Yoast SEO v24.4) - https:\/\/yoast.com\/wordpress\/plugins\/seo\/ -->\n<title>Punkty sprzeda\u017cy | Terravision<\/title>\n<meta name=\"robots\" content=\"index, follow, max-snippet:-1, max-image-preview:large, max-video-preview:-1\" \/>\n<link rel=\"canonical\" href=\"https:\/\/www.terravision.eu\/pl\/terravisions-sales-desks.html\" \/>\n<meta property=\"og:locale\" content=\"pl_PL\" \/>\n<meta property=\"og:type\" content=\"article\" \/>\n<meta property=\"og:title\" content=\"Punkty sprzeda\u017cy Terravision\" \/>\n<meta property=\"og:description\" content=\"Italia Punkty sprzeda\u017cy na lotnisku Rzym Fiumicino &#10004;Punkt sprzeda\u017cy Terravision znajduje si\u0119 w Terminalu 3 (Stacja Autobusowa) &#10004;Biuro Podr\u00f3\u017cy \u201cPunto nel mondo srl\u201d (Hala Przylot\u00f3w, Terminal 3) Rzym Ciampino &#10004;Punkt sprzeda\u017cy Terravision znajduje si\u0119 w Hali Przylot\u00f3w &#10004; Biuro Podr\u00f3\u017cy \u201cPunto nel mondo srl\u201d (Hala Przylot\u00f3w) Mediolan Malpensa (Terminal 1, Hala Przylot\u00f3w) Bergamo Orio al [&hellip;]\" \/>\n<meta property=\"og:url\" content=\"https:\/\/www.terravision.eu\/pl\/terravisions-sales-desks.html\" \/>\n<meta property=\"og:site_name\" content=\"Terravision Polska\" \/>\n<meta property=\"article:modified_time\" content=\"2025-08-28T15:29:01+00:00\" \/>\n<meta name=\"twitter:label1\" content=\"Szacowany czas czytania\" \/>\n\t<meta name=\"twitter:data1\" content=\"1 minute\" \/>\n<script type=\"application\/ld+json\" class=\"yoast-schema-graph\">{\"@context\":\"https:\/\/schema.org\",\"@graph\":[{\"@type\":\"WebPage\",\"@id\":\"https:\/\/www.terravision.eu\/pl\/terravisions-sales-desks.html\",\"url\":\"https:\/\/www.terravision.eu\/pl\/terravisions-sales-desks.html\",\"name\":\"Punkty sprzeda\u017cy | Terravision\",\"isPartOf\":{\"@id\":\"https:\/\/www.terravision.eu\/pl\/#website\"},\"datePublished\":\"2013-08-02T12:33:31+00:00\",\"dateModified\":\"2025-08-28T15:29:01+00:00\",\"breadcrumb\":{\"@id\":\"https:\/\/www.terravision.eu\/pl\/terravisions-sales-desks.html#breadcrumb\"},\"inLanguage\":\"pl-PL\",\"potentialAction\":[{\"@type\":\"ReadAction\",\"target\":[\"https:\/\/www.terravision.eu\/pl\/terravisions-sales-desks.html\"]}]},{\"@type\":\"BreadcrumbList\",\"@id\":\"https:\/\/www.terravision.eu\/pl\/terravisions-sales-desks.html#breadcrumb\",\"itemListElement\":[{\"@type\":\"ListItem\",\"position\":1,\"name\":\"Home\",\"item\":\"https:\/\/www.terravision.eu\/pl\/\"},{\"@type\":\"ListItem\",\"position\":2,\"name\":\"Punkty sprzeda\u017cy Terravision\"}]},{\"@type\":\"WebSite\",\"@id\":\"https:\/\/www.terravision.eu\/pl\/#website\",\"url\":\"https:\/\/www.terravision.eu\/pl\/\",\"name\":\"Terravision Polska\",\"description\":\"Tanie po\u0142\u0105czenia z\/do g\u0142\u00f3wnych lotnisk w Europie\",\"potentialAction\":[{\"@type\":\"SearchAction\",\"target\":{\"@type\":\"EntryPoint\",\"urlTemplate\":\"https:\/\/www.terravision.eu\/pl\/?s={search_term_string}\"},\"query-input\":{\"@type\":\"PropertyValueSpecification\",\"valueRequired\":true,\"valueName\":\"search_term_string\"}}],\"inLanguage\":\"pl-PL\"}]}<\/script>\n<!-- \/ Yoast SEO Premium plugin. -->","yoast_head_json":{"title":"Punkty sprzeda\u017cy | Terravision","robots":{"index":"index","follow":"follow","max-snippet":"max-snippet:-1","max-image-preview":"max-image-preview:large","max-video-preview":"max-video-preview:-1"},"canonical":"https:\/\/www.terravision.eu\/pl\/terravisions-sales-desks.html","og_locale":"pl_PL","og_type":"article","og_title":"Punkty sprzeda\u017cy Terravision","og_description":"Italia Punkty sprzeda\u017cy na lotnisku Rzym Fiumicino &#10004;Punkt sprzeda\u017cy Terravision znajduje si\u0119 w Terminalu 3 (Stacja Autobusowa) &#10004;Biuro Podr\u00f3\u017cy \u201cPunto nel mondo srl\u201d (Hala Przylot\u00f3w, Terminal 3) Rzym Ciampino &#10004;Punkt sprzeda\u017cy Terravision znajduje si\u0119 w Hali Przylot\u00f3w &#10004; Biuro Podr\u00f3\u017cy \u201cPunto nel mondo srl\u201d (Hala Przylot\u00f3w) Mediolan Malpensa (Terminal 1, Hala Przylot\u00f3w) Bergamo Orio al [&hellip;]","og_url":"https:\/\/www.terravision.eu\/pl\/terravisions-sales-desks.html","og_site_name":"Terravision Polska","article_modified_time":"2025-08-28T15:29:01+00:00","twitter_misc":{"Szacowany czas czytania":"1 minute"},"schema":{"@context":"https:\/\/schema.org","@graph":[{"@type":"WebPage","@id":"https:\/\/www.terravision.eu\/pl\/terravisions-sales-desks.html","url":"https:\/\/www.terravision.eu\/pl\/terravisions-sales-desks.html","name":"Punkty sprzeda\u017cy | Terravision","isPartOf":{"@id":"https:\/\/www.terravision.eu\/pl\/#website"},"datePublished":"2013-08-02T12:33:31+00:00","dateModified":"2025-08-28T15:29:01+00:00","breadcrumb":{"@id":"https:\/\/www.terravision.eu\/pl\/terravisions-sales-desks.html#breadcrumb"},"inLanguage":"pl-PL","potentialAction":[{"@type":"ReadAction","target":["https:\/\/www.terravision.eu\/pl\/terravisions-sales-desks.html"]}]},{"@type":"BreadcrumbList","@id":"https:\/\/www.terravision.eu\/pl\/terravisions-sales-desks.html#breadcrumb","itemListElement":[{"@type":"ListItem","position":1,"name":"Home","item":"https:\/\/www.terravision.eu\/pl\/"},{"@type":"ListItem","position":2,"name":"Punkty sprzeda\u017cy Terravision"}]},{"@type":"WebSite","@id":"https:\/\/www.terravision.eu\/pl\/#website","url":"https:\/\/www.terravision.eu\/pl\/","name":"Terravision Polska","description":"Tanie po\u0142\u0105czenia z\/do g\u0142\u00f3wnych lotnisk w Europie","potentialAction":[{"@type":"SearchAction","target":{"@type":"EntryPoint","urlTemplate":"https:\/\/www.terravision.eu\/pl\/?s={search_term_string}"},"query-input":{"@type":"PropertyValueSpecification","valueRequired":true,"valueName":"search_term_string"}}],"inLanguage":"pl-PL"}]}},"_links":{"self":[{"href":"https:\/\/www.terravision.eu\/pl\/wp-json\/wp\/v2\/pages\/10068","targetHints":{"allow":["GET"]}}],"collection":[{"href":"https:\/\/www.terravision.eu\/pl\/wp-json\/wp\/v2\/pages"}],"about":[{"href":"https:\/\/www.terravision.eu\/pl\/wp-json\/wp\/v2\/types\/page"}],"author":[{"embeddable":true,"href":"https:\/\/www.terravision.eu\/pl\/wp-json\/wp\/v2\/users\/1"}],"replies":[{"embeddable":true,"href":"https:\/\/www.terravision.eu\/pl\/wp-json\/wp\/v2\/comments?post=10068"}],"version-history":[{"count":12,"href":"https:\/\/www.terravision.eu\/pl\/wp-json\/wp\/v2\/pages\/10068\/revisions"}],"predecessor-version":[{"id":16346,"href":"https:\/\/www.terravision.eu\/pl\/wp-json\/wp\/v2\/pages\/10068\/revisions\/16346"}],"wp:attachment":[{"href":"https:\/\/www.terravision.eu\/pl\/wp-json\/wp\/v2\/media?parent=10068"}],"curies":[{"name":"wp","href":"https:\/\/api.w.org\/{rel}","templated":true}]}}